{"id":280,"date":"2016-07-05T10:50:57","date_gmt":"2016-07-05T13:50:57","guid":{"rendered":"https:\/\/wp.ufpel.edu.br\/camaradeextensaoca\/?page_id=280"},"modified":"2016-10-13T10:28:34","modified_gmt":"2016-10-13T13:28:34","slug":"ii-seminario-internacional-ensino-da-arte-culturas-e-praticas-do-cotidiano","status":"publish","type":"page","link":"https:\/\/wp.ufpel.edu.br\/camaradeextensaoca\/cursos\/artes-visuais\/ii-seminario-internacional-ensino-da-arte-culturas-e-praticas-do-cotidiano\/","title":{"rendered":"II SEMIN\u00c1RIO INTERNACIONAL ENSINO DA ARTE: culturas e pr\u00e1ticas do cotidiano"},"content":{"rendered":"<p>Nome do projeto: \u201cII SEMIN\u00c1RIO INTERNACIONAL ENSINO DA ARTE: culturas e pr\u00e1ticas do cotidiano.<\/p>\n<p>C\u00f3digo: 51546065<\/p>\n<p>Resumo do projeto: Refletir e ampliar a discuss\u00e3o da arte e da cultura no \u00e2mbito educacional, atrav\u00e9s de di\u00e1logos entre universidade, escola, comunidade e gestores da educa\u00e7\u00e3o; &#8211; Compartilhar e problematizar investiga\u00e7\u00f5es que d\u00e3o visibilidade aos conhecimentos produzidos nos atuais estudos da cultura visual, do ensino de arte e deste na forma\u00e7\u00e3o docente; &#8211; Contribuir para os processos de forma\u00e7\u00e3o continuada de professores e para a qualifica\u00e7\u00e3o das licenciaturas; &#8211; Realizar interc\u00e2mbios com inst\u00e2ncias formadoras de professores, pesquisadores, alunos, comunidade; &#8211; Socializar trabalhos de investiga\u00e7\u00e3o e diferentes perspectivas de pesquisa sobre arte, educa\u00e7\u00e3o est\u00e9tica e forma\u00e7\u00e3o de professores; &#8211; Dar visibilidade a estes processos por meio da apresenta\u00e7\u00e3o de estudos dos grupos de pesquisa da UFPel e de outras universidades, bem como atrav\u00e9s da publica\u00e7\u00e3o dos Anais do evento e de livro com as palestras do mesmo.<\/p>\n<p>Professor respons\u00e1vel: N\u00e1dia da Cruz Senna<\/p>\n<p>&nbsp;<\/p>\n","protected":false},"excerpt":{"rendered":"<p>Nome do projeto: \u201cII SEMIN\u00c1RIO INTERNACIONAL ENSINO DA ARTE: culturas e pr\u00e1ticas do cotidiano. C\u00f3digo: 51546065 Resumo do projeto: Refletir e ampliar a discuss\u00e3o da arte e da cultura no \u00e2mbito educacional, atrav\u00e9s de di\u00e1logos entre universidade, escola, comunidade e gestores da educa\u00e7\u00e3o; &#8211; Compartilhar e problematizar investiga\u00e7\u00f5es que d\u00e3o visibilidade aos conhecimentos produzidos nos&#8230; <\/p>\n<div class=\"link-more\"><a href=\"https:\/\/wp.ufpel.edu.br\/camaradeextensaoca\/cursos\/artes-visuais\/ii-seminario-internacional-ensino-da-arte-culturas-e-praticas-do-cotidiano\/\">Leia mais<\/a><\/div>\n","protected":false},"author":647,"featured_media":0,"parent":113,"menu_order":0,"comment_status":"closed","ping_status":"closed","template":"","meta":{"jetpack_post_was_ever_published":false,"footnotes":""},"class_list":["post-280","page","type-page","status-publish","hentry"],"jetpack_sharing_enabled":true,"jetpack_shortlink":"https:\/\/wp.me\/P8nTsJ-4w","_links":{"self":[{"href":"https:\/\/wp.ufpel.edu.br\/camaradeextensaoca\/wp-json\/wp\/v2\/pages\/280","targetHints":{"allow":["GET"]}}],"collection":[{"href":"https:\/\/wp.ufpel.edu.br\/camaradeextensaoca\/wp-json\/wp\/v2\/pages"}],"about":[{"href":"https:\/\/wp.ufpel.edu.br\/camaradeextensaoca\/wp-json\/wp\/v2\/types\/page"}],"author":[{"embeddable":true,"href":"https:\/\/wp.ufpel.edu.br\/camaradeextensaoca\/wp-json\/wp\/v2\/users\/647"}],"replies":[{"embeddable":true,"href":"https:\/\/wp.ufpel.edu.br\/camaradeextensaoca\/wp-json\/wp\/v2\/comments?post=280"}],"version-history":[{"count":2,"href":"https:\/\/wp.ufpel.edu.br\/camaradeextensaoca\/wp-json\/wp\/v2\/pages\/280\/revisions"}],"predecessor-version":[{"id":746,"href":"https:\/\/wp.ufpel.edu.br\/camaradeextensaoca\/wp-json\/wp\/v2\/pages\/280\/revisions\/746"}],"up":[{"embeddable":true,"href":"https:\/\/wp.ufpel.edu.br\/camaradeextensaoca\/wp-json\/wp\/v2\/pages\/113"}],"wp:attachment":[{"href":"https:\/\/wp.ufpel.edu.br\/camaradeextensaoca\/wp-json\/wp\/v2\/media?parent=280"}],"curies":[{"name":"wp","href":"https:\/\/api.w.org\/{rel}","templated":true}]}}