{"id":271,"date":"2016-07-05T10:38:13","date_gmt":"2016-07-05T13:38:13","guid":{"rendered":"https:\/\/wp.ufpel.edu.br\/camaradeextensaoca\/?page_id=271"},"modified":"2016-10-13T10:43:01","modified_gmt":"2016-10-13T13:43:01","slug":"retratos-fotograficos-no-asilo-de-mendigos","status":"publish","type":"page","link":"https:\/\/wp.ufpel.edu.br\/camaradeextensaoca\/cursos\/artes-visuais\/retratos-fotograficos-no-asilo-de-mendigos\/","title":{"rendered":"Retratos Fotogr\u00e1ficos no Asilo de Mendigos"},"content":{"rendered":"<p>Nome do projeto:\u00a0 \u201cRetratos Fotogr\u00e1ficos no Asilo de Mendigos\u201d<\/p>\n<p>C\u00f3digo: 51901082<\/p>\n<p>Resumo do projeto: \u00a0Valoriza\u00e7\u00e3o e resgate da autoestima dos 90 idosos internos no Asilo de Mendigos de Pelotas. Espec\u00edficos &#8211; Realiza\u00e7\u00e3o da &#8220;Manh\u00e3 de Beleza&#8221; por profissionais voulnt\u00e1rios da \u00e1rea de Beleza do mun\u00edcipio; &#8211; Obten\u00e7\u00e3o de retratos fotogr\u00e1ficos do internos por alunos do Centro de Artes; &#8211; Tratamento das imagens obtidas em programas de edi\u00e7\u00e3o de imagens por alunos do Centro de Artes; &#8211; Entrega dos retratos aos interno do Asilo<\/p>\n<p>Professor respons\u00e1vel: Juliana Correa Hermes Angeli<\/p>\n<p>&nbsp;<\/p>\n","protected":false},"excerpt":{"rendered":"<p>Nome do projeto:\u00a0 \u201cRetratos Fotogr\u00e1ficos no Asilo de Mendigos\u201d C\u00f3digo: 51901082 Resumo do projeto: \u00a0Valoriza\u00e7\u00e3o e resgate da autoestima dos 90 idosos internos no Asilo de Mendigos de Pelotas. Espec\u00edficos &#8211; Realiza\u00e7\u00e3o da &#8220;Manh\u00e3 de Beleza&#8221; por profissionais voulnt\u00e1rios da \u00e1rea de Beleza do mun\u00edcipio; &#8211; Obten\u00e7\u00e3o de retratos fotogr\u00e1ficos do internos por alunos do&#8230; <\/p>\n<div class=\"link-more\"><a href=\"https:\/\/wp.ufpel.edu.br\/camaradeextensaoca\/cursos\/artes-visuais\/retratos-fotograficos-no-asilo-de-mendigos\/\">Leia mais<\/a><\/div>\n","protected":false},"author":647,"featured_media":0,"parent":113,"menu_order":0,"comment_status":"closed","ping_status":"closed","template":"","meta":{"jetpack_post_was_ever_published":false,"footnotes":""},"class_list":["post-271","page","type-page","status-publish","hentry"],"jetpack_sharing_enabled":true,"jetpack_shortlink":"https:\/\/wp.me\/P8nTsJ-4n","_links":{"self":[{"href":"https:\/\/wp.ufpel.edu.br\/camaradeextensaoca\/wp-json\/wp\/v2\/pages\/271","targetHints":{"allow":["GET"]}}],"collection":[{"href":"https:\/\/wp.ufpel.edu.br\/camaradeextensaoca\/wp-json\/wp\/v2\/pages"}],"about":[{"href":"https:\/\/wp.ufpel.edu.br\/camaradeextensaoca\/wp-json\/wp\/v2\/types\/page"}],"author":[{"embeddable":true,"href":"https:\/\/wp.ufpel.edu.br\/camaradeextensaoca\/wp-json\/wp\/v2\/users\/647"}],"replies":[{"embeddable":true,"href":"https:\/\/wp.ufpel.edu.br\/camaradeextensaoca\/wp-json\/wp\/v2\/comments?post=271"}],"version-history":[{"count":2,"href":"https:\/\/wp.ufpel.edu.br\/camaradeextensaoca\/wp-json\/wp\/v2\/pages\/271\/revisions"}],"predecessor-version":[{"id":764,"href":"https:\/\/wp.ufpel.edu.br\/camaradeextensaoca\/wp-json\/wp\/v2\/pages\/271\/revisions\/764"}],"up":[{"embeddable":true,"href":"https:\/\/wp.ufpel.edu.br\/camaradeextensaoca\/wp-json\/wp\/v2\/pages\/113"}],"wp:attachment":[{"href":"https:\/\/wp.ufpel.edu.br\/camaradeextensaoca\/wp-json\/wp\/v2\/media?parent=271"}],"curies":[{"name":"wp","href":"https:\/\/api.w.org\/{rel}","templated":true}]}}