{"id":268,"date":"2016-07-05T10:37:20","date_gmt":"2016-07-05T13:37:20","guid":{"rendered":"https:\/\/wp.ufpel.edu.br\/camaradeextensaoca\/?page_id=268"},"modified":"2016-10-13T10:34:42","modified_gmt":"2016-10-13T13:34:42","slug":"exposicoes-no-museu-de-arte-leopoldo-gotuzzo","status":"publish","type":"page","link":"https:\/\/wp.ufpel.edu.br\/camaradeextensaoca\/cursos\/artes-visuais\/exposicoes-no-museu-de-arte-leopoldo-gotuzzo\/","title":{"rendered":"Exposi\u00e7\u00f5es no Museu de Arte Leopoldo Gotuzzo"},"content":{"rendered":"<p>Nome do projeto: \u201cExposi\u00e7\u00f5es no Museu de Arte Leopoldo Gotuzzo\u201d<\/p>\n<p>C\u00f3digo: 51651024<\/p>\n<p>Resumo do projeto: Realizar exposi\u00e7\u00f5es e mostras no Museu de Arte Leopoldo Gotuzzo; Objetivos espec\u00edficos: &#8211; Definir as mostras e programa\u00e7\u00e3o anual do Museu junto ao N\u00facleo de Programa\u00e7\u00e3o e Curadoria; &#8211; realizar as curadorias de exposi\u00e7\u00f5es do acervo; &#8211; realizar as curadorias das exposi\u00e7\u00f5es tempor\u00e1rias de artistas convidados, selecionados ou atrav\u00e9s da parceria com outras institui\u00e7\u00f5es; &#8211; definir a programa\u00e7\u00e3o complementar \u00e0s exposi\u00e7\u00f5es; &#8211; elaborar o projeto expogr\u00e1fico para cada exposi\u00e7\u00e3o realizada no Museu;<\/p>\n<p>Professor respons\u00e1vel: Lauer Alves Nunes dos Santos<\/p>\n<p>&nbsp;<\/p>\n","protected":false},"excerpt":{"rendered":"<p>Nome do projeto: \u201cExposi\u00e7\u00f5es no Museu de Arte Leopoldo Gotuzzo\u201d C\u00f3digo: 51651024 Resumo do projeto: Realizar exposi\u00e7\u00f5es e mostras no Museu de Arte Leopoldo Gotuzzo; Objetivos espec\u00edficos: &#8211; Definir as mostras e programa\u00e7\u00e3o anual do Museu junto ao N\u00facleo de Programa\u00e7\u00e3o e Curadoria; &#8211; realizar as curadorias de exposi\u00e7\u00f5es do acervo; &#8211; realizar as curadorias&#8230; <\/p>\n<div class=\"link-more\"><a href=\"https:\/\/wp.ufpel.edu.br\/camaradeextensaoca\/cursos\/artes-visuais\/exposicoes-no-museu-de-arte-leopoldo-gotuzzo\/\">Leia mais<\/a><\/div>\n","protected":false},"author":647,"featured_media":0,"parent":113,"menu_order":0,"comment_status":"closed","ping_status":"closed","template":"","meta":{"jetpack_post_was_ever_published":false,"footnotes":""},"class_list":["post-268","page","type-page","status-publish","hentry"],"jetpack_sharing_enabled":true,"jetpack_shortlink":"https:\/\/wp.me\/P8nTsJ-4k","_links":{"self":[{"href":"https:\/\/wp.ufpel.edu.br\/camaradeextensaoca\/wp-json\/wp\/v2\/pages\/268","targetHints":{"allow":["GET"]}}],"collection":[{"href":"https:\/\/wp.ufpel.edu.br\/camaradeextensaoca\/wp-json\/wp\/v2\/pages"}],"about":[{"href":"https:\/\/wp.ufpel.edu.br\/camaradeextensaoca\/wp-json\/wp\/v2\/types\/page"}],"author":[{"embeddable":true,"href":"https:\/\/wp.ufpel.edu.br\/camaradeextensaoca\/wp-json\/wp\/v2\/users\/647"}],"replies":[{"embeddable":true,"href":"https:\/\/wp.ufpel.edu.br\/camaradeextensaoca\/wp-json\/wp\/v2\/comments?post=268"}],"version-history":[{"count":2,"href":"https:\/\/wp.ufpel.edu.br\/camaradeextensaoca\/wp-json\/wp\/v2\/pages\/268\/revisions"}],"predecessor-version":[{"id":754,"href":"https:\/\/wp.ufpel.edu.br\/camaradeextensaoca\/wp-json\/wp\/v2\/pages\/268\/revisions\/754"}],"up":[{"embeddable":true,"href":"https:\/\/wp.ufpel.edu.br\/camaradeextensaoca\/wp-json\/wp\/v2\/pages\/113"}],"wp:attachment":[{"href":"https:\/\/wp.ufpel.edu.br\/camaradeextensaoca\/wp-json\/wp\/v2\/media?parent=268"}],"curies":[{"name":"wp","href":"https:\/\/api.w.org\/{rel}","templated":true}]}}