{"id":250,"date":"2016-07-04T11:44:04","date_gmt":"2016-07-04T14:44:04","guid":{"rendered":"https:\/\/wp.ufpel.edu.br\/camaradeextensaoca\/?page_id=250"},"modified":"2016-10-13T11:28:09","modified_gmt":"2016-10-13T14:28:09","slug":"festival-internacional-de-folclore-e-artes-populares-de-pelotas","status":"publish","type":"page","link":"https:\/\/wp.ufpel.edu.br\/camaradeextensaoca\/cursos\/danca\/festival-internacional-de-folclore-e-artes-populares-de-pelotas\/","title":{"rendered":"Festival Internacional de Folclore e Artes Populares de Pelotas"},"content":{"rendered":"<p>Nome do projeto: \u201cFestival Internacional de Folclore e Artes Populares de Pelotas\u201d<\/p>\n<p>C\u00f3digo: 51907053<\/p>\n<p>Resumo do projeto: \u00a0Promover o interc\u00e2mbio entre diferentes culturas, atrav\u00e9s de oficinas, espet\u00e1culos de dan\u00e7a folcl\u00f3rica e artes populares Espec\u00edficos: Estimular o interesse ao conhecimento de diferentes culturas Promover o interc\u00e2mbio entre as diferentes dan\u00e7as do mundo Apresentar espet\u00e1culo de dan\u00e7as para aprecia\u00e7\u00e3o do p\u00fablico Implantar eventos da natureza de folclore internacional em Pelotas<\/p>\n<p>Professor respons\u00e1vel: Carmen Anita Hoffmann<\/p>\n","protected":false},"excerpt":{"rendered":"<p>Nome do projeto: \u201cFestival Internacional de Folclore e Artes Populares de Pelotas\u201d C\u00f3digo: 51907053 Resumo do projeto: \u00a0Promover o interc\u00e2mbio entre diferentes culturas, atrav\u00e9s de oficinas, espet\u00e1culos de dan\u00e7a folcl\u00f3rica e artes populares Espec\u00edficos: Estimular o interesse ao conhecimento de diferentes culturas Promover o interc\u00e2mbio entre as diferentes dan\u00e7as do mundo Apresentar espet\u00e1culo de dan\u00e7as&#8230; <\/p>\n<div class=\"link-more\"><a href=\"https:\/\/wp.ufpel.edu.br\/camaradeextensaoca\/cursos\/danca\/festival-internacional-de-folclore-e-artes-populares-de-pelotas\/\">Leia mais<\/a><\/div>\n","protected":false},"author":647,"featured_media":0,"parent":12,"menu_order":0,"comment_status":"closed","ping_status":"closed","template":"","meta":{"jetpack_post_was_ever_published":false,"footnotes":""},"class_list":["post-250","page","type-page","status-publish","hentry"],"jetpack_sharing_enabled":true,"jetpack_shortlink":"https:\/\/wp.me\/P8nTsJ-42","_links":{"self":[{"href":"https:\/\/wp.ufpel.edu.br\/camaradeextensaoca\/wp-json\/wp\/v2\/pages\/250","targetHints":{"allow":["GET"]}}],"collection":[{"href":"https:\/\/wp.ufpel.edu.br\/camaradeextensaoca\/wp-json\/wp\/v2\/pages"}],"about":[{"href":"https:\/\/wp.ufpel.edu.br\/camaradeextensaoca\/wp-json\/wp\/v2\/types\/page"}],"author":[{"embeddable":true,"href":"https:\/\/wp.ufpel.edu.br\/camaradeextensaoca\/wp-json\/wp\/v2\/users\/647"}],"replies":[{"embeddable":true,"href":"https:\/\/wp.ufpel.edu.br\/camaradeextensaoca\/wp-json\/wp\/v2\/comments?post=250"}],"version-history":[{"count":2,"href":"https:\/\/wp.ufpel.edu.br\/camaradeextensaoca\/wp-json\/wp\/v2\/pages\/250\/revisions"}],"predecessor-version":[{"id":812,"href":"https:\/\/wp.ufpel.edu.br\/camaradeextensaoca\/wp-json\/wp\/v2\/pages\/250\/revisions\/812"}],"up":[{"embeddable":true,"href":"https:\/\/wp.ufpel.edu.br\/camaradeextensaoca\/wp-json\/wp\/v2\/pages\/12"}],"wp:attachment":[{"href":"https:\/\/wp.ufpel.edu.br\/camaradeextensaoca\/wp-json\/wp\/v2\/media?parent=250"}],"curies":[{"name":"wp","href":"https:\/\/api.w.org\/{rel}","templated":true}]}}