{"id":244,"date":"2016-07-04T11:42:46","date_gmt":"2016-07-04T14:42:46","guid":{"rendered":"https:\/\/wp.ufpel.edu.br\/camaradeextensaoca\/?page_id=244"},"modified":"2016-10-13T11:28:32","modified_gmt":"2016-10-13T14:28:32","slug":"sala-de-figurinos","status":"publish","type":"page","link":"https:\/\/wp.ufpel.edu.br\/camaradeextensaoca\/cursos\/danca\/sala-de-figurinos\/","title":{"rendered":"Sala de Figurinos"},"content":{"rendered":"<p>Nome do projeto:\u00a0 \u201cSala de Figurinos\u201d (dan\u00e7a e teatro)<\/p>\n<p>C\u00f3digo: 51906023<\/p>\n<p>Resumo do projeto: Pesquisar, criar e confeccionar figurinos que ficar\u00e3o na Sala de Figurinos do N\u00facleo de Artes C\u00eanicas\/UFPel. Durante cada semestre ser\u00e3o elaboradas oficinas e eventos que possam aprimorar o conhecimento e o processo criativo dos alunos e comunidade e consequentemente colaborar e compor a Sala de Figurinos.<\/p>\n<p>Professor respons\u00e1vel: Larissa Tavares Martins<\/p>\n","protected":false},"excerpt":{"rendered":"<p>Nome do projeto:\u00a0 \u201cSala de Figurinos\u201d (dan\u00e7a e teatro) C\u00f3digo: 51906023 Resumo do projeto: Pesquisar, criar e confeccionar figurinos que ficar\u00e3o na Sala de Figurinos do N\u00facleo de Artes C\u00eanicas\/UFPel. Durante cada semestre ser\u00e3o elaboradas oficinas e eventos que possam aprimorar o conhecimento e o processo criativo dos alunos e comunidade e consequentemente colaborar e&#8230; <\/p>\n<div class=\"link-more\"><a href=\"https:\/\/wp.ufpel.edu.br\/camaradeextensaoca\/cursos\/danca\/sala-de-figurinos\/\">Leia mais<\/a><\/div>\n","protected":false},"author":647,"featured_media":0,"parent":12,"menu_order":0,"comment_status":"closed","ping_status":"closed","template":"","meta":{"jetpack_post_was_ever_published":false,"footnotes":""},"class_list":["post-244","page","type-page","status-publish","hentry"],"jetpack_sharing_enabled":true,"jetpack_shortlink":"https:\/\/wp.me\/P8nTsJ-3W","_links":{"self":[{"href":"https:\/\/wp.ufpel.edu.br\/camaradeextensaoca\/wp-json\/wp\/v2\/pages\/244","targetHints":{"allow":["GET"]}}],"collection":[{"href":"https:\/\/wp.ufpel.edu.br\/camaradeextensaoca\/wp-json\/wp\/v2\/pages"}],"about":[{"href":"https:\/\/wp.ufpel.edu.br\/camaradeextensaoca\/wp-json\/wp\/v2\/types\/page"}],"author":[{"embeddable":true,"href":"https:\/\/wp.ufpel.edu.br\/camaradeextensaoca\/wp-json\/wp\/v2\/users\/647"}],"replies":[{"embeddable":true,"href":"https:\/\/wp.ufpel.edu.br\/camaradeextensaoca\/wp-json\/wp\/v2\/comments?post=244"}],"version-history":[{"count":2,"href":"https:\/\/wp.ufpel.edu.br\/camaradeextensaoca\/wp-json\/wp\/v2\/pages\/244\/revisions"}],"predecessor-version":[{"id":815,"href":"https:\/\/wp.ufpel.edu.br\/camaradeextensaoca\/wp-json\/wp\/v2\/pages\/244\/revisions\/815"}],"up":[{"embeddable":true,"href":"https:\/\/wp.ufpel.edu.br\/camaradeextensaoca\/wp-json\/wp\/v2\/pages\/12"}],"wp:attachment":[{"href":"https:\/\/wp.ufpel.edu.br\/camaradeextensaoca\/wp-json\/wp\/v2\/media?parent=244"}],"curies":[{"name":"wp","href":"https:\/\/api.w.org\/{rel}","templated":true}]}}