{"id":238,"date":"2016-07-04T11:40:29","date_gmt":"2016-07-04T14:40:29","guid":{"rendered":"https:\/\/wp.ufpel.edu.br\/camaradeextensaoca\/?page_id=238"},"modified":"2016-10-13T11:24:58","modified_gmt":"2016-10-13T14:24:58","slug":"cine-clube-cassiopeia","status":"publish","type":"page","link":"https:\/\/wp.ufpel.edu.br\/camaradeextensaoca\/cursos\/cinema\/cine-clube-cassiopeia\/","title":{"rendered":"Cine Clube Cassiopeia"},"content":{"rendered":"<p>Nome do projeto: \u201cCine Clube Cassiopeia\u201d<\/p>\n<p>C\u00f3digo: 51553016<\/p>\n<p>Resumo do projeto:\u00a0realizar a proje\u00e7\u00e3o de filmes de anima\u00e7\u00e3o que n\u00e3o chegam nas salas de cinema comercial :: propiciar o acesso do p\u00fablico em geral a filmes de anima\u00e7\u00e3o mediante sess\u00f5es com entrada gratuita :: exercitar a forma\u00e7\u00e3o de p\u00fablicos para filmes de cinema de anima\u00e7\u00e3o :: promover debates e textos reflexivos sobre aspectos s\u00f3cio-culturais, pol\u00edticos e t\u00e9cnicos a partir dos filmes assistido :: possibilitar a proje\u00e7\u00e3o de filmes de anima\u00e7\u00e3o, em curta-metragem, pertencentes a filmografia brasileira<\/p>\n<p>Professor Reposons\u00e1vel: Carla Schneider<\/p>\n","protected":false},"excerpt":{"rendered":"<p>Nome do projeto: \u201cCine Clube Cassiopeia\u201d C\u00f3digo: 51553016 Resumo do projeto:\u00a0realizar a proje\u00e7\u00e3o de filmes de anima\u00e7\u00e3o que n\u00e3o chegam nas salas de cinema comercial :: propiciar o acesso do p\u00fablico em geral a filmes de anima\u00e7\u00e3o mediante sess\u00f5es com entrada gratuita :: exercitar a forma\u00e7\u00e3o de p\u00fablicos para filmes de cinema de anima\u00e7\u00e3o ::&#8230; <\/p>\n<div class=\"link-more\"><a href=\"https:\/\/wp.ufpel.edu.br\/camaradeextensaoca\/cursos\/cinema\/cine-clube-cassiopeia\/\">Leia mais<\/a><\/div>\n","protected":false},"author":647,"featured_media":0,"parent":9,"menu_order":0,"comment_status":"closed","ping_status":"closed","template":"","meta":{"jetpack_post_was_ever_published":false,"footnotes":""},"class_list":["post-238","page","type-page","status-publish","hentry"],"jetpack_sharing_enabled":true,"jetpack_shortlink":"https:\/\/wp.me\/P8nTsJ-3Q","_links":{"self":[{"href":"https:\/\/wp.ufpel.edu.br\/camaradeextensaoca\/wp-json\/wp\/v2\/pages\/238","targetHints":{"allow":["GET"]}}],"collection":[{"href":"https:\/\/wp.ufpel.edu.br\/camaradeextensaoca\/wp-json\/wp\/v2\/pages"}],"about":[{"href":"https:\/\/wp.ufpel.edu.br\/camaradeextensaoca\/wp-json\/wp\/v2\/types\/page"}],"author":[{"embeddable":true,"href":"https:\/\/wp.ufpel.edu.br\/camaradeextensaoca\/wp-json\/wp\/v2\/users\/647"}],"replies":[{"embeddable":true,"href":"https:\/\/wp.ufpel.edu.br\/camaradeextensaoca\/wp-json\/wp\/v2\/comments?post=238"}],"version-history":[{"count":2,"href":"https:\/\/wp.ufpel.edu.br\/camaradeextensaoca\/wp-json\/wp\/v2\/pages\/238\/revisions"}],"predecessor-version":[{"id":799,"href":"https:\/\/wp.ufpel.edu.br\/camaradeextensaoca\/wp-json\/wp\/v2\/pages\/238\/revisions\/799"}],"up":[{"embeddable":true,"href":"https:\/\/wp.ufpel.edu.br\/camaradeextensaoca\/wp-json\/wp\/v2\/pages\/9"}],"wp:attachment":[{"href":"https:\/\/wp.ufpel.edu.br\/camaradeextensaoca\/wp-json\/wp\/v2\/media?parent=238"}],"curies":[{"name":"wp","href":"https:\/\/api.w.org\/{rel}","templated":true}]}}