{"id":235,"date":"2016-07-04T11:38:59","date_gmt":"2016-07-04T14:38:59","guid":{"rendered":"https:\/\/wp.ufpel.edu.br\/camaradeextensaoca\/?page_id=235"},"modified":"2016-10-13T11:26:02","modified_gmt":"2016-10-13T14:26:02","slug":"festival-de-video-estudantil","status":"publish","type":"page","link":"https:\/\/wp.ufpel.edu.br\/camaradeextensaoca\/cursos\/cinema\/festival-de-video-estudantil\/","title":{"rendered":"Festival de V\u00eddeo Estudantil"},"content":{"rendered":"<p>Nome do projeto: \u201cFestival de V\u00eddeo Estudantil\u201d<\/p>\n<p>C\u00f3digo: 51904012<\/p>\n<p>Resumo do projeto: \u00a0Incentivar a produ\u00e7\u00e3o de v\u00eddeo estudantil Objetivos Espec\u00edficos : &#8211; Descrever\u00a0como \u00e9 realizado a produ\u00e7\u00e3o de v\u00eddeo por alunos com ajuda de professores; &#8211; Detectar as dificuldades da produ\u00e7\u00e3o de v\u00eddeo nas escolas; &#8211; Produzir v\u00eddeo no \u00e2mbito educacional; &#8211; Identificar as principais teorias da educa\u00e7\u00e3o para validar este processo tecnico.<\/p>\n<p>Professor respons\u00e1vel: Josias Pereira da Silva<\/p>\n","protected":false},"excerpt":{"rendered":"<p>Nome do projeto: \u201cFestival de V\u00eddeo Estudantil\u201d C\u00f3digo: 51904012 Resumo do projeto: \u00a0Incentivar a produ\u00e7\u00e3o de v\u00eddeo estudantil Objetivos Espec\u00edficos : &#8211; Descrever\u00a0como \u00e9 realizado a produ\u00e7\u00e3o de v\u00eddeo por alunos com ajuda de professores; &#8211; Detectar as dificuldades da produ\u00e7\u00e3o de v\u00eddeo nas escolas; &#8211; Produzir v\u00eddeo no \u00e2mbito educacional; &#8211; Identificar as principais&#8230; <\/p>\n<div class=\"link-more\"><a href=\"https:\/\/wp.ufpel.edu.br\/camaradeextensaoca\/cursos\/cinema\/festival-de-video-estudantil\/\">Leia mais<\/a><\/div>\n","protected":false},"author":647,"featured_media":0,"parent":9,"menu_order":0,"comment_status":"closed","ping_status":"closed","template":"","meta":{"jetpack_post_was_ever_published":false,"footnotes":""},"class_list":["post-235","page","type-page","status-publish","hentry"],"jetpack_sharing_enabled":true,"jetpack_shortlink":"https:\/\/wp.me\/P8nTsJ-3N","_links":{"self":[{"href":"https:\/\/wp.ufpel.edu.br\/camaradeextensaoca\/wp-json\/wp\/v2\/pages\/235","targetHints":{"allow":["GET"]}}],"collection":[{"href":"https:\/\/wp.ufpel.edu.br\/camaradeextensaoca\/wp-json\/wp\/v2\/pages"}],"about":[{"href":"https:\/\/wp.ufpel.edu.br\/camaradeextensaoca\/wp-json\/wp\/v2\/types\/page"}],"author":[{"embeddable":true,"href":"https:\/\/wp.ufpel.edu.br\/camaradeextensaoca\/wp-json\/wp\/v2\/users\/647"}],"replies":[{"embeddable":true,"href":"https:\/\/wp.ufpel.edu.br\/camaradeextensaoca\/wp-json\/wp\/v2\/comments?post=235"}],"version-history":[{"count":2,"href":"https:\/\/wp.ufpel.edu.br\/camaradeextensaoca\/wp-json\/wp\/v2\/pages\/235\/revisions"}],"predecessor-version":[{"id":804,"href":"https:\/\/wp.ufpel.edu.br\/camaradeextensaoca\/wp-json\/wp\/v2\/pages\/235\/revisions\/804"}],"up":[{"embeddable":true,"href":"https:\/\/wp.ufpel.edu.br\/camaradeextensaoca\/wp-json\/wp\/v2\/pages\/9"}],"wp:attachment":[{"href":"https:\/\/wp.ufpel.edu.br\/camaradeextensaoca\/wp-json\/wp\/v2\/media?parent=235"}],"curies":[{"name":"wp","href":"https:\/\/api.w.org\/{rel}","templated":true}]}}