{"id":232,"date":"2016-07-04T11:35:48","date_gmt":"2016-07-04T14:35:48","guid":{"rendered":"https:\/\/wp.ufpel.edu.br\/camaradeextensaoca\/?page_id=232"},"modified":"2016-10-13T11:26:13","modified_gmt":"2016-10-13T14:26:13","slug":"zero-4-cineclube","status":"publish","type":"page","link":"https:\/\/wp.ufpel.edu.br\/camaradeextensaoca\/cursos\/cinema\/zero-4-cineclube\/","title":{"rendered":"Zero 4 Cineclube"},"content":{"rendered":"<p>Nome do projeto: Zero 4 Cineclube<\/p>\n<p>C\u00f3digo: 53264050<\/p>\n<p>Resumo do projeto: Realizar curadoria de filmes Exibir filmes Formar novas plat\u00e9ias para o audiovisual Debater filmes Promover o repert\u00f3rio cinematogr\u00e1fico do p\u00fablico algo a atingir<\/p>\n<p>Professor respons\u00e1vel: Ivonete Medianeira Pinto<\/p>\n<p>&nbsp;<\/p>\n","protected":false},"excerpt":{"rendered":"<p>Nome do projeto: Zero 4 Cineclube C\u00f3digo: 53264050 Resumo do projeto: Realizar curadoria de filmes Exibir filmes Formar novas plat\u00e9ias para o audiovisual Debater filmes Promover o repert\u00f3rio cinematogr\u00e1fico do p\u00fablico algo a atingir Professor respons\u00e1vel: Ivonete Medianeira Pinto &nbsp;<\/p>\n","protected":false},"author":647,"featured_media":0,"parent":9,"menu_order":0,"comment_status":"closed","ping_status":"closed","template":"","meta":{"jetpack_post_was_ever_published":false,"footnotes":""},"class_list":["post-232","page","type-page","status-publish","hentry"],"jetpack_sharing_enabled":true,"jetpack_shortlink":"https:\/\/wp.me\/P8nTsJ-3K","_links":{"self":[{"href":"https:\/\/wp.ufpel.edu.br\/camaradeextensaoca\/wp-json\/wp\/v2\/pages\/232","targetHints":{"allow":["GET"]}}],"collection":[{"href":"https:\/\/wp.ufpel.edu.br\/camaradeextensaoca\/wp-json\/wp\/v2\/pages"}],"about":[{"href":"https:\/\/wp.ufpel.edu.br\/camaradeextensaoca\/wp-json\/wp\/v2\/types\/page"}],"author":[{"embeddable":true,"href":"https:\/\/wp.ufpel.edu.br\/camaradeextensaoca\/wp-json\/wp\/v2\/users\/647"}],"replies":[{"embeddable":true,"href":"https:\/\/wp.ufpel.edu.br\/camaradeextensaoca\/wp-json\/wp\/v2\/comments?post=232"}],"version-history":[{"count":2,"href":"https:\/\/wp.ufpel.edu.br\/camaradeextensaoca\/wp-json\/wp\/v2\/pages\/232\/revisions"}],"predecessor-version":[{"id":805,"href":"https:\/\/wp.ufpel.edu.br\/camaradeextensaoca\/wp-json\/wp\/v2\/pages\/232\/revisions\/805"}],"up":[{"embeddable":true,"href":"https:\/\/wp.ufpel.edu.br\/camaradeextensaoca\/wp-json\/wp\/v2\/pages\/9"}],"wp:attachment":[{"href":"https:\/\/wp.ufpel.edu.br\/camaradeextensaoca\/wp-json\/wp\/v2\/media?parent=232"}],"curies":[{"name":"wp","href":"https:\/\/api.w.org\/{rel}","templated":true}]}}