{"id":229,"date":"2016-07-04T11:34:54","date_gmt":"2016-07-04T14:34:54","guid":{"rendered":"https:\/\/wp.ufpel.edu.br\/camaradeextensaoca\/?page_id=229"},"modified":"2016-10-13T10:30:12","modified_gmt":"2016-10-13T13:30:12","slug":"cine-pibid-transversalizando-saberes-nas-artes-visuais","status":"publish","type":"page","link":"https:\/\/wp.ufpel.edu.br\/camaradeextensaoca\/cursos\/artes-visuais\/cine-pibid-transversalizando-saberes-nas-artes-visuais\/","title":{"rendered":"CINE PIBID: Transversalizando Saberes nas Artes Visuais"},"content":{"rendered":"<p>Nome do projeto: \u201cCINE PIBID: Transversalizando Saberes nas Artes Visuais\u201d<\/p>\n<p>C\u00f3digo: 51546055<\/p>\n<p>Resumo do projeto: \u00a0Propiciar discuss\u00f5es em grupo a partir de filmes selecionados a partir do estudo dos Temas Transversais dos Par\u00e2metros Curriculares Nacionais, aproximando acad\u00eamicos da Licenciatura em Artes Visuais, professores das escolas e educandos, no \u00e2mbito da forma\u00e7\u00e3o docente propiciada pelo PIBID (Programa Institucional de Bolsa de Inicia\u00e7\u00e3o \u00e0 Doc\u00eancia) da UFPel. Objetivos Espec\u00edficos: Conhecer filmes que sejam apropriados para discuss\u00e3o e estudo dos Temas Transversais; Desenvolver atividades de forma\u00e7\u00e3o continuada para professores dos anos finais do Ensino Fundamental a partir da linguagem cinematogr\u00e1fica; Estudar o cinema e sua utiliza\u00e7\u00e3o como metodologia de ensino para as Artes Visuais<\/p>\n<p>Professor respons\u00e1vel:Maristane Polidori Zamparetti<\/p>\n<p>&nbsp;<\/p>\n","protected":false},"excerpt":{"rendered":"<p>Nome do projeto: \u201cCINE PIBID: Transversalizando Saberes nas Artes Visuais\u201d C\u00f3digo: 51546055 Resumo do projeto: \u00a0Propiciar discuss\u00f5es em grupo a partir de filmes selecionados a partir do estudo dos Temas Transversais dos Par\u00e2metros Curriculares Nacionais, aproximando acad\u00eamicos da Licenciatura em Artes Visuais, professores das escolas e educandos, no \u00e2mbito da forma\u00e7\u00e3o docente propiciada pelo PIBID&#8230; <\/p>\n<div class=\"link-more\"><a href=\"https:\/\/wp.ufpel.edu.br\/camaradeextensaoca\/cursos\/artes-visuais\/cine-pibid-transversalizando-saberes-nas-artes-visuais\/\">Leia mais<\/a><\/div>\n","protected":false},"author":647,"featured_media":0,"parent":113,"menu_order":0,"comment_status":"closed","ping_status":"closed","template":"","meta":{"jetpack_post_was_ever_published":false,"footnotes":""},"class_list":["post-229","page","type-page","status-publish","hentry"],"jetpack_sharing_enabled":true,"jetpack_shortlink":"https:\/\/wp.me\/P8nTsJ-3H","_links":{"self":[{"href":"https:\/\/wp.ufpel.edu.br\/camaradeextensaoca\/wp-json\/wp\/v2\/pages\/229","targetHints":{"allow":["GET"]}}],"collection":[{"href":"https:\/\/wp.ufpel.edu.br\/camaradeextensaoca\/wp-json\/wp\/v2\/pages"}],"about":[{"href":"https:\/\/wp.ufpel.edu.br\/camaradeextensaoca\/wp-json\/wp\/v2\/types\/page"}],"author":[{"embeddable":true,"href":"https:\/\/wp.ufpel.edu.br\/camaradeextensaoca\/wp-json\/wp\/v2\/users\/647"}],"replies":[{"embeddable":true,"href":"https:\/\/wp.ufpel.edu.br\/camaradeextensaoca\/wp-json\/wp\/v2\/comments?post=229"}],"version-history":[{"count":2,"href":"https:\/\/wp.ufpel.edu.br\/camaradeextensaoca\/wp-json\/wp\/v2\/pages\/229\/revisions"}],"predecessor-version":[{"id":749,"href":"https:\/\/wp.ufpel.edu.br\/camaradeextensaoca\/wp-json\/wp\/v2\/pages\/229\/revisions\/749"}],"up":[{"embeddable":true,"href":"https:\/\/wp.ufpel.edu.br\/camaradeextensaoca\/wp-json\/wp\/v2\/pages\/113"}],"wp:attachment":[{"href":"https:\/\/wp.ufpel.edu.br\/camaradeextensaoca\/wp-json\/wp\/v2\/media?parent=229"}],"curies":[{"name":"wp","href":"https:\/\/api.w.org\/{rel}","templated":true}]}}