{"id":226,"date":"2016-07-04T11:34:12","date_gmt":"2016-07-04T14:34:12","guid":{"rendered":"https:\/\/wp.ufpel.edu.br\/camaradeextensaoca\/?page_id=226"},"modified":"2016-10-13T11:24:27","modified_gmt":"2016-10-13T14:24:27","slug":"galeria-revista-portifolio","status":"publish","type":"page","link":"https:\/\/wp.ufpel.edu.br\/camaradeextensaoca\/cursos\/artes-visuais-licenciatura\/galeria-revista-portifolio\/","title":{"rendered":"Galeria Revista Portif\u00f3lio"},"content":{"rendered":"<p>Nome do projeto: \u201cGaleria Revista Portif\u00f3lio\u201d<\/p>\n<p>C\u00f3digo: 51546045<\/p>\n<p>Resumo do projeto: O Projeto de Extens\u00e3o &#8220;Galeria Revista Portf\u00f3lio&#8221; tem como objetivo criar uma revista\/portf\u00f3lio digital unificado de todos os cursos do Centro de Artes, articulando todas as \u00e1reas de saber e divulgado para toda a comunidade. A revista digital ter\u00e1 um perfil editorial para suportes digitais, com web navegador. A primeira edi\u00e7\u00e3o da revista pretende trazer um guia de professores e laborat\u00f3rios, com uma entrevista com os professores sobre a import\u00e2ncia de integrar os cursos do Centro de Artes da UFPel, considerando que este Centro conta com 17 cursos na \u00e1rea e o espa\u00e7o f\u00edsico tanto quanto os curr\u00edculos permitem uma articula\u00e7\u00e3o entre os mesmos, para se formar ? como profissional ? combinando compet\u00eancia, informa\u00e7\u00f5es e desenvolvimento de portf\u00f3lio e sua import\u00e2ncia para reconhecimento profissional. A primeira edi\u00e7\u00e3o ter\u00e1 uma caracter\u00edstica atemporal, diferente das seguintes que ter\u00e3o um car\u00e1ter tempor\u00e1rio, a primeira Galeria ser\u00e1 para que se conhe\u00e7am os cursos, os professores, os projetos, as oficinas e todos os modos de divulga\u00e7\u00e3o dos eventos. Os professores poder\u00e3o, tamb\u00e9m, mostrar trabalhos pr\u00f3prios, dos alunos e afins. Com este formato, a revista poder\u00e1 ser apresentada durante os semestres seguintes para novos ingressantes dos cursos, para que estes conhe\u00e7am o universo acad\u00eamico do qual fazem parte. A partir da segunda edi\u00e7\u00e3o, a ideia \u00e9 criar um grupo de Facebook, em que os alunos exponham suas produ\u00e7\u00f5es, seus portf\u00f3lios e processos que est\u00e3o em andamento ou finalizados. Isso ser\u00e1 convertido em uma revista digital mensal\/bimestral (dependendo da demanda). Por enquanto a revista engloba os cursos de Artes Visuais (LIC. e BACH.), Cinema (Audiov. e Anima\u00e7\u00e3o) e Design (Gr\u00e1fico e Digital), pretendendo estender-se aos cursos de teatro e dan\u00e7a, para o desenvolvimento e exposi\u00e7\u00e3o de seus trabalhos.<\/p>\n<p>Professor respons\u00e1vel: \u00darsula Rosa da Silva<\/p>\n","protected":false},"excerpt":{"rendered":"<p>Nome do projeto: \u201cGaleria Revista Portif\u00f3lio\u201d C\u00f3digo: 51546045 Resumo do projeto: O Projeto de Extens\u00e3o &#8220;Galeria Revista Portf\u00f3lio&#8221; tem como objetivo criar uma revista\/portf\u00f3lio digital unificado de todos os cursos do Centro de Artes, articulando todas as \u00e1reas de saber e divulgado para toda a comunidade. A revista digital ter\u00e1 um perfil editorial para suportes&#8230; <\/p>\n<div class=\"link-more\"><a href=\"https:\/\/wp.ufpel.edu.br\/camaradeextensaoca\/cursos\/artes-visuais-licenciatura\/galeria-revista-portifolio\/\">Leia mais<\/a><\/div>\n","protected":false},"author":647,"featured_media":0,"parent":208,"menu_order":0,"comment_status":"closed","ping_status":"closed","template":"","meta":{"jetpack_post_was_ever_published":false,"footnotes":""},"class_list":["post-226","page","type-page","status-publish","hentry"],"jetpack_sharing_enabled":true,"jetpack_shortlink":"https:\/\/wp.me\/P8nTsJ-3E","_links":{"self":[{"href":"https:\/\/wp.ufpel.edu.br\/camaradeextensaoca\/wp-json\/wp\/v2\/pages\/226","targetHints":{"allow":["GET"]}}],"collection":[{"href":"https:\/\/wp.ufpel.edu.br\/camaradeextensaoca\/wp-json\/wp\/v2\/pages"}],"about":[{"href":"https:\/\/wp.ufpel.edu.br\/camaradeextensaoca\/wp-json\/wp\/v2\/types\/page"}],"author":[{"embeddable":true,"href":"https:\/\/wp.ufpel.edu.br\/camaradeextensaoca\/wp-json\/wp\/v2\/users\/647"}],"replies":[{"embeddable":true,"href":"https:\/\/wp.ufpel.edu.br\/camaradeextensaoca\/wp-json\/wp\/v2\/comments?post=226"}],"version-history":[{"count":2,"href":"https:\/\/wp.ufpel.edu.br\/camaradeextensaoca\/wp-json\/wp\/v2\/pages\/226\/revisions"}],"predecessor-version":[{"id":795,"href":"https:\/\/wp.ufpel.edu.br\/camaradeextensaoca\/wp-json\/wp\/v2\/pages\/226\/revisions\/795"}],"up":[{"embeddable":true,"href":"https:\/\/wp.ufpel.edu.br\/camaradeextensaoca\/wp-json\/wp\/v2\/pages\/208"}],"wp:attachment":[{"href":"https:\/\/wp.ufpel.edu.br\/camaradeextensaoca\/wp-json\/wp\/v2\/media?parent=226"}],"curies":[{"name":"wp","href":"https:\/\/api.w.org\/{rel}","templated":true}]}}