{"id":222,"date":"2016-07-04T11:33:33","date_gmt":"2016-07-04T14:33:33","guid":{"rendered":"https:\/\/wp.ufpel.edu.br\/camaradeextensaoca\/?page_id=222"},"modified":"2016-10-13T11:24:33","modified_gmt":"2016-10-13T14:24:33","slug":"grupo-d-e-a-construindo-conhecimento-e-fazendo-arte","status":"publish","type":"page","link":"https:\/\/wp.ufpel.edu.br\/camaradeextensaoca\/cursos\/artes-visuais-licenciatura\/grupo-d-e-a-construindo-conhecimento-e-fazendo-arte\/","title":{"rendered":"Grupo D.E.A. \u2013 Construindo Conhecimento e Fazendo Arte"},"content":{"rendered":"<p>Nome do projeto: \u00a0Grupo D.E.A. \u2013 Construindo Conhecimento e Fazendo Arte<\/p>\n<p>C\u00f3digo: 53108039<\/p>\n<p>Resumo do projeto: O objetivo geral do projeto \u00e9: Auxiliar as escolas p\u00fablicas no cumprimento da lei 11.645\/2008, atrav\u00e9s de atividades l\u00fadicas fundamentadas no conhecimento constru\u00eddo durante a gradua\u00e7\u00e3o dos extensionistas e refer\u00eancias bibliogr\u00e1ficas relacionadas ao tema. E tem como objetivos espec\u00edficos: A) Articular o ensino e a pesquisa viabilizando a rela\u00e7\u00e3o transformadora entre a Universidade e a Comunidade escolar. B) Resignificar o conhecimento constru\u00eddo nos cursos de gradua\u00e7\u00e3o aos quais pertencem os colaboradores discentes deste Programa pertencentes \u00e0s universidades UFPEL, UCPEL e FURG; C) Proporcionar a aplica\u00e7\u00e3o do conhecimento constru\u00eddo nas disciplinas de Geometria Descritiva, Constru\u00e7\u00f5es Geom\u00e9tricas, Representa\u00e7\u00e3o Gr\u00e1fica e Digital e demais disciplinas relacionadas ao processo de cria\u00e7\u00e3o; D) Ampliar os conhecimentos \u00e0 cerca da contribui\u00e7\u00e3o africana e ind\u00edgena, a cultura brasileira, a partir de abordagens hist\u00f3ricas, geogr\u00e1ficas, art\u00edsticas e filos\u00f3ficas. E) Valorizar as habilidades dos alunos no \u00e2mbito da arte e da express\u00e3o oral, desenvolvendo a autoconfian\u00e7a. F) Atrav\u00e9s da proposi\u00e7\u00e3o de atividades coletivas, salientar e comprovar a import\u00e2ncia da exist\u00eancia de valores morais, tais como: fraternidade, solidariedade e valoriza\u00e7\u00e3o social para concretiza\u00e7\u00e3o dos objetivos.<\/p>\n<p>Professor respons\u00e1vel: Rosemar Gomes Lemos<\/p>\n","protected":false},"excerpt":{"rendered":"<p>Nome do projeto: \u00a0Grupo D.E.A. \u2013 Construindo Conhecimento e Fazendo Arte C\u00f3digo: 53108039 Resumo do projeto: O objetivo geral do projeto \u00e9: Auxiliar as escolas p\u00fablicas no cumprimento da lei 11.645\/2008, atrav\u00e9s de atividades l\u00fadicas fundamentadas no conhecimento constru\u00eddo durante a gradua\u00e7\u00e3o dos extensionistas e refer\u00eancias bibliogr\u00e1ficas relacionadas ao tema. E tem como objetivos espec\u00edficos:&#8230; <\/p>\n<div class=\"link-more\"><a href=\"https:\/\/wp.ufpel.edu.br\/camaradeextensaoca\/cursos\/artes-visuais-licenciatura\/grupo-d-e-a-construindo-conhecimento-e-fazendo-arte\/\">Leia mais<\/a><\/div>\n","protected":false},"author":647,"featured_media":0,"parent":208,"menu_order":0,"comment_status":"closed","ping_status":"closed","template":"","meta":{"jetpack_post_was_ever_published":false,"footnotes":""},"class_list":["post-222","page","type-page","status-publish","hentry"],"jetpack_sharing_enabled":true,"jetpack_shortlink":"https:\/\/wp.me\/P8nTsJ-3A","_links":{"self":[{"href":"https:\/\/wp.ufpel.edu.br\/camaradeextensaoca\/wp-json\/wp\/v2\/pages\/222","targetHints":{"allow":["GET"]}}],"collection":[{"href":"https:\/\/wp.ufpel.edu.br\/camaradeextensaoca\/wp-json\/wp\/v2\/pages"}],"about":[{"href":"https:\/\/wp.ufpel.edu.br\/camaradeextensaoca\/wp-json\/wp\/v2\/types\/page"}],"author":[{"embeddable":true,"href":"https:\/\/wp.ufpel.edu.br\/camaradeextensaoca\/wp-json\/wp\/v2\/users\/647"}],"replies":[{"embeddable":true,"href":"https:\/\/wp.ufpel.edu.br\/camaradeextensaoca\/wp-json\/wp\/v2\/comments?post=222"}],"version-history":[{"count":2,"href":"https:\/\/wp.ufpel.edu.br\/camaradeextensaoca\/wp-json\/wp\/v2\/pages\/222\/revisions"}],"predecessor-version":[{"id":796,"href":"https:\/\/wp.ufpel.edu.br\/camaradeextensaoca\/wp-json\/wp\/v2\/pages\/222\/revisions\/796"}],"up":[{"embeddable":true,"href":"https:\/\/wp.ufpel.edu.br\/camaradeextensaoca\/wp-json\/wp\/v2\/pages\/208"}],"wp:attachment":[{"href":"https:\/\/wp.ufpel.edu.br\/camaradeextensaoca\/wp-json\/wp\/v2\/media?parent=222"}],"curies":[{"name":"wp","href":"https:\/\/api.w.org\/{rel}","templated":true}]}}