{"id":220,"date":"2016-07-04T11:32:54","date_gmt":"2016-07-04T14:32:54","guid":{"rendered":"https:\/\/wp.ufpel.edu.br\/camaradeextensaoca\/?page_id=220"},"modified":"2016-10-13T11:24:41","modified_gmt":"2016-10-13T14:24:41","slug":"pipoca-classica","status":"publish","type":"page","link":"https:\/\/wp.ufpel.edu.br\/camaradeextensaoca\/cursos\/artes-visuais-licenciatura\/pipoca-classica\/","title":{"rendered":"Pipoca Cl\u00e1ssica"},"content":{"rendered":"<p>Nome do projeto: \u201cPipoca Cl\u00e1ssica\u201d<\/p>\n<p>C\u00f3digo: 51546035<\/p>\n<p>Resumo do projeto: Estabelecer di\u00e1logos entre diferentes \u00e1reas do conhecimento e produzir resenhas de car\u00e1ter cient\u00edfico que re\u00fanam as reflex\u00f5es levantadas nos debates resultantes das sess\u00f5es de cinema; estabelecer di\u00e1logos com a comunidade, por meio das palestras e sess\u00f5es p\u00fablicas, e por meio de proje\u00e7\u00f5es feitas em escolas da rede p\u00fablica e privada. Objetivos espec\u00edficos: Produzir estudos sistem\u00e1ticos de car\u00e1ter multidisciplinar sobre produ\u00e7\u00f5es cinematogr\u00e1ficas inspiradas em temas da Antiguidade Cl\u00e1ssica; &#8211; Discutir quest\u00f5es relativas \u00e0 recep\u00e7\u00e3o da Antiguidade e ao uso da historiografia antiga e moderna nas produ\u00e7\u00f5es; &#8211; Discutir aspectos t\u00e9cnicos e escolhas cinematogr\u00e1ficas para a composi\u00e7\u00e3o das obras; &#8211; Estabelecer di\u00e1logos entre diferentes \u00e1reas do conhecimento e produzir resenhas de car\u00e1ter cient\u00edfico que re\u00fanam as reflex\u00f5es levantadas nos debates;<\/p>\n<p>Professor respons\u00e1vel: Larissa Patron<\/p>\n","protected":false},"excerpt":{"rendered":"<p>Nome do projeto: \u201cPipoca Cl\u00e1ssica\u201d C\u00f3digo: 51546035 Resumo do projeto: Estabelecer di\u00e1logos entre diferentes \u00e1reas do conhecimento e produzir resenhas de car\u00e1ter cient\u00edfico que re\u00fanam as reflex\u00f5es levantadas nos debates resultantes das sess\u00f5es de cinema; estabelecer di\u00e1logos com a comunidade, por meio das palestras e sess\u00f5es p\u00fablicas, e por meio de proje\u00e7\u00f5es feitas em escolas&#8230; <\/p>\n<div class=\"link-more\"><a href=\"https:\/\/wp.ufpel.edu.br\/camaradeextensaoca\/cursos\/artes-visuais-licenciatura\/pipoca-classica\/\">Leia mais<\/a><\/div>\n","protected":false},"author":647,"featured_media":0,"parent":208,"menu_order":0,"comment_status":"closed","ping_status":"closed","template":"","meta":{"jetpack_post_was_ever_published":false,"footnotes":""},"class_list":["post-220","page","type-page","status-publish","hentry"],"jetpack_sharing_enabled":true,"jetpack_shortlink":"https:\/\/wp.me\/P8nTsJ-3y","_links":{"self":[{"href":"https:\/\/wp.ufpel.edu.br\/camaradeextensaoca\/wp-json\/wp\/v2\/pages\/220","targetHints":{"allow":["GET"]}}],"collection":[{"href":"https:\/\/wp.ufpel.edu.br\/camaradeextensaoca\/wp-json\/wp\/v2\/pages"}],"about":[{"href":"https:\/\/wp.ufpel.edu.br\/camaradeextensaoca\/wp-json\/wp\/v2\/types\/page"}],"author":[{"embeddable":true,"href":"https:\/\/wp.ufpel.edu.br\/camaradeextensaoca\/wp-json\/wp\/v2\/users\/647"}],"replies":[{"embeddable":true,"href":"https:\/\/wp.ufpel.edu.br\/camaradeextensaoca\/wp-json\/wp\/v2\/comments?post=220"}],"version-history":[{"count":2,"href":"https:\/\/wp.ufpel.edu.br\/camaradeextensaoca\/wp-json\/wp\/v2\/pages\/220\/revisions"}],"predecessor-version":[{"id":797,"href":"https:\/\/wp.ufpel.edu.br\/camaradeextensaoca\/wp-json\/wp\/v2\/pages\/220\/revisions\/797"}],"up":[{"embeddable":true,"href":"https:\/\/wp.ufpel.edu.br\/camaradeextensaoca\/wp-json\/wp\/v2\/pages\/208"}],"wp:attachment":[{"href":"https:\/\/wp.ufpel.edu.br\/camaradeextensaoca\/wp-json\/wp\/v2\/media?parent=220"}],"curies":[{"name":"wp","href":"https:\/\/api.w.org\/{rel}","templated":true}]}}