{"id":218,"date":"2016-07-04T11:32:02","date_gmt":"2016-07-04T14:32:02","guid":{"rendered":"https:\/\/wp.ufpel.edu.br\/camaradeextensaoca\/?page_id=218"},"modified":"2016-10-13T11:24:15","modified_gmt":"2016-10-13T14:24:15","slug":"acao-educativa-malg-museu-escola-comunidade","status":"publish","type":"page","link":"https:\/\/wp.ufpel.edu.br\/camaradeextensaoca\/cursos\/artes-visuais-licenciatura\/acao-educativa-malg-museu-escola-comunidade\/","title":{"rendered":"A\u00e7\u00e3o Educativa MALG \u2013 Museu, Escola, Comunidade"},"content":{"rendered":"<p>Nome do projeto: \u00a0A\u00e7\u00e3o Educativa MALG \u2013 Museu, Escola, Comunidade<\/p>\n<p>C\u00f3digo: 51651044<\/p>\n<p>Resumo do projeto: Possibilitar a integra\u00e7\u00e3o entre a comunidade escolar de ensino fundamental e m\u00e9dio da cidade de Pelotas com o Museu de Arte Leopoldo Gotuzzo, enfatizando o compromisso do espa\u00e7o com o processo educativo em suas dimens\u00f5es de explora\u00e7\u00e3o, desenvolvimento do pensamento cr\u00edtico, di\u00e1logo e contempla\u00e7\u00e3o. Objetivos espec\u00edficos Propor cursos e oficinas que apresentem o museu para professores e alunos como espa\u00e7o de di\u00e1logo, pleno de possibilidades relacionadas ao estudo da arte e da preserva\u00e7\u00e3o da mem\u00f3ria e da identidade da cidade de Pelotas; Oferecer suporte te\u00f3rico e pr\u00e1tico que possibilite a forma\u00e7\u00e3o continuada de professores de arte e de \u00e1reas afins; Elaborar, em conjunto com os professores, propostas pedag\u00f3gicas que possam ser desenvolvidas em parceria entre o museu e as escolas; Atuar na forma\u00e7\u00e3o de p\u00fablico frequentador de espa\u00e7os expositivos atrav\u00e9s da apresenta\u00e7\u00e3o do museu como lugar din\u00e2mico e prazeroso; Elaborar um programa de media\u00e7\u00e3o voltado para atender a comunidade escolar.<\/p>\n<p>Professor respons\u00e1vel: Caroline Leal Bonilha<\/p>\n<p>&nbsp;<\/p>\n","protected":false},"excerpt":{"rendered":"<p>Nome do projeto: \u00a0A\u00e7\u00e3o Educativa MALG \u2013 Museu, Escola, Comunidade C\u00f3digo: 51651044 Resumo do projeto: Possibilitar a integra\u00e7\u00e3o entre a comunidade escolar de ensino fundamental e m\u00e9dio da cidade de Pelotas com o Museu de Arte Leopoldo Gotuzzo, enfatizando o compromisso do espa\u00e7o com o processo educativo em suas dimens\u00f5es de explora\u00e7\u00e3o, desenvolvimento do pensamento&#8230; <\/p>\n<div class=\"link-more\"><a href=\"https:\/\/wp.ufpel.edu.br\/camaradeextensaoca\/cursos\/artes-visuais-licenciatura\/acao-educativa-malg-museu-escola-comunidade\/\">Leia mais<\/a><\/div>\n","protected":false},"author":647,"featured_media":0,"parent":208,"menu_order":0,"comment_status":"closed","ping_status":"closed","template":"","meta":{"jetpack_post_was_ever_published":false,"footnotes":""},"class_list":["post-218","page","type-page","status-publish","hentry"],"jetpack_sharing_enabled":true,"jetpack_shortlink":"https:\/\/wp.me\/P8nTsJ-3w","_links":{"self":[{"href":"https:\/\/wp.ufpel.edu.br\/camaradeextensaoca\/wp-json\/wp\/v2\/pages\/218","targetHints":{"allow":["GET"]}}],"collection":[{"href":"https:\/\/wp.ufpel.edu.br\/camaradeextensaoca\/wp-json\/wp\/v2\/pages"}],"about":[{"href":"https:\/\/wp.ufpel.edu.br\/camaradeextensaoca\/wp-json\/wp\/v2\/types\/page"}],"author":[{"embeddable":true,"href":"https:\/\/wp.ufpel.edu.br\/camaradeextensaoca\/wp-json\/wp\/v2\/users\/647"}],"replies":[{"embeddable":true,"href":"https:\/\/wp.ufpel.edu.br\/camaradeextensaoca\/wp-json\/wp\/v2\/comments?post=218"}],"version-history":[{"count":2,"href":"https:\/\/wp.ufpel.edu.br\/camaradeextensaoca\/wp-json\/wp\/v2\/pages\/218\/revisions"}],"predecessor-version":[{"id":793,"href":"https:\/\/wp.ufpel.edu.br\/camaradeextensaoca\/wp-json\/wp\/v2\/pages\/218\/revisions\/793"}],"up":[{"embeddable":true,"href":"https:\/\/wp.ufpel.edu.br\/camaradeextensaoca\/wp-json\/wp\/v2\/pages\/208"}],"wp:attachment":[{"href":"https:\/\/wp.ufpel.edu.br\/camaradeextensaoca\/wp-json\/wp\/v2\/media?parent=218"}],"curies":[{"name":"wp","href":"https:\/\/api.w.org\/{rel}","templated":true}]}}