{"id":214,"date":"2016-07-04T11:30:59","date_gmt":"2016-07-04T14:30:59","guid":{"rendered":"https:\/\/wp.ufpel.edu.br\/camaradeextensaoca\/?page_id=214"},"modified":"2017-05-19T11:05:23","modified_gmt":"2017-05-19T14:05:23","slug":"curso-artes-visuais-licenciatura","status":"publish","type":"page","link":"https:\/\/wp.ufpel.edu.br\/camaradeextensaoca\/curso-artes-visuais-licenciatura\/","title":{"rendered":"Artes Visuais Licenciatura"},"content":{"rendered":"<p><a href=\"https:\/\/wp.ufpel.edu.br\/camaradeextensaoca\/curso-artes-visuais-licenciatura\/acoes-culturais-junto-ao-shopping-pelotas\/\">A\u00e7\u00f5es culturais junto ao Shopping Pelotas<\/a><\/p>\n<p><a href=\"https:\/\/wp.ufpel.edu.br\/camaradeextensaoca\/cursos\/artes-visuais-licenciatura\/acao-educativa-malg-museu-escola-comunidade\/\">A\u00e7\u00e3o Educativa MALG \u2013 Museu, Escola, Comunidade<\/a><\/p>\n<p><a href=\"https:\/\/wp.ufpel.edu.br\/camaradeextensaoca\/cursos\/artes-visuais-licenciatura\/acoes-de-revitalizacao-do-museu-de-arte-leopoldo-gotuzzo\/\">A\u00e7\u00f5es de Revitaliza\u00e7\u00e3o do Museu de Arte Leopoldo Gotuzzo<\/a><\/p>\n<p><a href=\"https:\/\/wp.ufpel.edu.br\/camaradeextensaoca\/curso-artes-visuais-licenciatura\/arte-na-rural\/\">Arte na Rural<\/a><\/p>\n<p><a href=\"https:\/\/wp.ufpel.edu.br\/camaradeextensaoca\/contextos-de-atuacao-do-artista\/\">Contextos de atua\u00e7\u00e3o do artista<\/a><\/p>\n<p><a href=\"https:\/\/wp.ufpel.edu.br\/camaradeextensaoca\/curso-artes-visuais-licenciatura\/dilemas-e-expectativas-acerca-do-ser-professor-formacao-ou-formatura\/\">Dilemas e expectativas acerca do ser professor: Forma\u00e7\u00e3o ou Formatura?<\/a><\/p>\n<p><a href=\"https:\/\/wp.ufpel.edu.br\/camaradeextensaoca\/curso-artes-visuais-licenciatura\/ecletipofaces\/\">ecletipoFACES<\/a><\/p>\n<p><a href=\"https:\/\/wp.ufpel.edu.br\/camaradeextensaoca\/curso-artes-visuais-licenciatura\/v-sigam-simposio-internacional-genero-arte-e-memoria\/\">V SIGAM (Simp\u00f3sio Internacional G\u00eanero Arte e Mem\u00f3ria)<\/a><\/p>\n<p><a href=\"https:\/\/wp.ufpel.edu.br\/camaradeextensaoca\/curso-artes-visuais-licenciatura\/v-seminario-de-pesquisa-do-mestrado-em-artes-visuais-circuitos-e-tangencias-na-arte-contemporanea\/\">V SEMIN\u00c1RIO DE PESQUISA DO MESTRADO EM ARTES VISUAIS: circuitos e tangencias na arte contempor\u00e2nea<\/a><a href=\"https:\/\/wp.ufpel.edu.br\/camaradeextensaoca\/cursos\/artes-visuais-licenciatura\/acao-educativa-malg-museu-escola-comunidade\/\"><br \/>\nA\u00e7\u00e3o Educativa MALG \u2013 Museu, Escola, Comunidade<\/a><\/p>\n<p><a href=\"https:\/\/wp.ufpel.edu.br\/camaradeextensaoca\/cursos\/artes-visuais-licenciatura\/pipoca-classica\/\">Pipoca Cl\u00e1ssica<\/a><\/p>\n<p><a href=\"https:\/\/wp.ufpel.edu.br\/camaradeextensaoca\/cursos\/artes-visuais-licenciatura\/grupo-d-e-a-construindo-conhecimento-e-fazendo-arte\/\">Grupo D.E.A. \u2013 Construindo Conhecimento e Fazendo Arte<\/a><\/p>\n<p><a href=\"https:\/\/wp.ufpel.edu.br\/camaradeextensaoca\/cursos\/artes-visuais-licenciatura\/galeria-revista-portifolio\/\">Galeria Revista Portif\u00f3lio<\/a><\/p>\n<p><a href=\"https:\/\/wp.ufpel.edu.br\/camaradeextensaoca\/cursos\/artes-visuais-licenciatura\/cine-pibid-transversalizando-saberes-nas-artes-visuais\/\">CINE PIBID: Transversalizando Saberes nas Artes Visuais<\/a><\/p>\n<p><a href=\"https:\/\/wp.ufpel.edu.br\/camaradeextensaoca\/cursos\/danca\/sala-de-figurinos\/\">Sala de Figurinos<\/a><\/p>\n<p><a href=\"https:\/\/wp.ufpel.edu.br\/camaradeextensaoca\/cursos\/danca\/seminario-de-estudos-do-movimento-na-maturidade\/\">Semin\u00e1rio de Estudos do Movimento na Maturidade<\/a><\/p>\n<p><a href=\"https:\/\/wp.ufpel.edu.br\/camaradeextensaoca\/cursos\/danca\/festival-internacional-de-folclore-e-artes-populares-de-pelotas\/\">Festival Internacional de Folclore e Artes Populares de Pelotas<\/a><\/p>\n<p><a href=\"https:\/\/wp.ufpel.edu.br\/camaradeextensaoca\/cursos\/danca\/laboratorio-de-preparacao-corporal\/\">Laborat\u00f3rio de Prepara\u00e7\u00e3o Corporal<\/a><\/p>\n<p><a href=\"https:\/\/wp.ufpel.edu.br\/camaradeextensaoca\/cursos\/danca\/oficina-de-cultura-popular\/\">Oficina de cultura popuar<\/a><\/p>\n<p><a href=\"https:\/\/wp.ufpel.edu.br\/camaradeextensaoca\/malg-30-anos\/\">MALG 30 anos<\/a><\/p>\n<p><a href=\"https:\/\/wp.ufpel.edu.br\/camaradeextensaoca\/curso-artes-visuais-licenciatura\/transitar\">TRANSITAR<\/a><\/p>\n<p>&nbsp;<\/p>\n<p>&nbsp;<\/p>\n","protected":false},"excerpt":{"rendered":"<p>A\u00e7\u00f5es culturais junto ao Shopping Pelotas A\u00e7\u00e3o Educativa MALG \u2013 Museu, Escola, Comunidade A\u00e7\u00f5es de Revitaliza\u00e7\u00e3o do Museu de Arte Leopoldo Gotuzzo Arte na Rural Contextos de atua\u00e7\u00e3o do artista Dilemas e expectativas acerca do ser professor: Forma\u00e7\u00e3o ou Formatura? ecletipoFACES V SIGAM (Simp\u00f3sio Internacional G\u00eanero Arte e Mem\u00f3ria) V SEMIN\u00c1RIO DE PESQUISA DO MESTRADO&#8230; <\/p>\n<div class=\"link-more\"><a href=\"https:\/\/wp.ufpel.edu.br\/camaradeextensaoca\/curso-artes-visuais-licenciatura\/\">Leia mais<\/a><\/div>\n","protected":false},"author":647,"featured_media":0,"parent":0,"menu_order":0,"comment_status":"closed","ping_status":"closed","template":"","meta":{"jetpack_post_was_ever_published":false,"footnotes":""},"class_list":["post-214","page","type-page","status-publish","hentry"],"jetpack_sharing_enabled":true,"jetpack_shortlink":"https:\/\/wp.me\/P8nTsJ-3s","_links":{"self":[{"href":"https:\/\/wp.ufpel.edu.br\/camaradeextensaoca\/wp-json\/wp\/v2\/pages\/214","targetHints":{"allow":["GET"]}}],"collection":[{"href":"https:\/\/wp.ufpel.edu.br\/camaradeextensaoca\/wp-json\/wp\/v2\/pages"}],"about":[{"href":"https:\/\/wp.ufpel.edu.br\/camaradeextensaoca\/wp-json\/wp\/v2\/types\/page"}],"author":[{"embeddable":true,"href":"https:\/\/wp.ufpel.edu.br\/camaradeextensaoca\/wp-json\/wp\/v2\/users\/647"}],"replies":[{"embeddable":true,"href":"https:\/\/wp.ufpel.edu.br\/camaradeextensaoca\/wp-json\/wp\/v2\/comments?post=214"}],"version-history":[{"count":17,"href":"https:\/\/wp.ufpel.edu.br\/camaradeextensaoca\/wp-json\/wp\/v2\/pages\/214\/revisions"}],"predecessor-version":[{"id":1050,"href":"https:\/\/wp.ufpel.edu.br\/camaradeextensaoca\/wp-json\/wp\/v2\/pages\/214\/revisions\/1050"}],"wp:attachment":[{"href":"https:\/\/wp.ufpel.edu.br\/camaradeextensaoca\/wp-json\/wp\/v2\/media?parent=214"}],"curies":[{"name":"wp","href":"https:\/\/api.w.org\/{rel}","templated":true}]}}