{"id":18,"date":"2016-06-27T09:52:43","date_gmt":"2016-06-27T12:52:43","guid":{"rendered":"https:\/\/wp.ufpel.edu.br\/camaradeextensaoca\/?page_id=18"},"modified":"2017-05-19T11:03:19","modified_gmt":"2017-05-19T14:03:19","slug":"musica","status":"publish","type":"page","link":"https:\/\/wp.ufpel.edu.br\/camaradeextensaoca\/cursos\/musica\/","title":{"rendered":"M\u00fasica Bacharelado"},"content":{"rendered":"<p><a href=\"https:\/\/wp.ufpel.edu.br\/camaradeextensaoca\/cursos\/musica\/encontros-de-musica-popular\/\">Encontros de M\u00fasica Popular<\/a><\/p>\n<p><a href=\"https:\/\/wp.ufpel.edu.br\/camaradeextensaoca\/cursos\/musica\/o-saxofone-na-musica-popular-brasileira\/\">O Saxofone na M\u00fasica Popular Brasileira<\/a><\/p>\n<p><a href=\"https:\/\/wp.ufpel.edu.br\/camaradeextensaoca\/cursos\/musica\/curso-intensivo-de-violao\/\">Curso Intensivo de Viol\u00e3o<\/a><\/p>\n<p><a href=\"https:\/\/wp.ufpel.edu.br\/camaradeextensaoca\/cursos\/musica\/curso-de-extensao-em-musica\/\">Curso de Extens\u00e3o em M\u00fasica<\/a><\/p>\n<p><a href=\"https:\/\/wp.ufpel.edu.br\/camaradeextensaoca\/cursos\/musica\/agenda-numc\/\">Agenda NuMC<br \/>\n<\/a><\/p>\n<p><a href=\"https:\/\/wp.ufpel.edu.br\/camaradeextensaoca\/cursos\/musica\/doce-flauta-de-pelotas-musicalizacao-de-jovens-e-adultos\/\">Doce flauta de Pelotas &#8211; Musicaliza\u00e7\u00e3o de Jovens e Adultos<\/a><\/p>\n<p><a href=\"https:\/\/wp.ufpel.edu.br\/camaradeextensaoca\/cursos\/musica\/musica-educacao-ambientaluma-parceria-que-da-o-que-cantar\/\">M\u00fasica &amp; Educa\u00e7\u00e3o Ambiental: uma parceria que d\u00e1 o que cantar!<\/a><\/p>\n<p><a href=\"https:\/\/wp.ufpel.edu.br\/camaradeextensaoca\/cursos\/musica\/opera-na-escola\/\">\u00d3pera na Escola<\/a><\/p>\n<p><a href=\"https:\/\/wp.ufpel.edu.br\/camaradeextensaoca\/cursos\/musica\/pratique-yoga\/\">PRATIQUE YOGA<\/a><\/p>\n<p><a href=\"https:\/\/wp.ufpel.edu.br\/camaradeextensaoca\/cursos\/musica\/proformus-oficina-em-performance-musical\/\">PROFORMUS &#8211; Oficina em Performance Musical<\/a><\/p>\n<p><a href=\"https:\/\/wp.ufpel.edu.br\/camaradeextensaoca\/cursos\/musica\/pife-na-escola\/\">Pife na Escola<\/a><\/p>\n<p><a href=\"https:\/\/wp.ufpel.edu.br\/camaradeextensaoca\/cursos\/musica\/serie-artistas-convidados\/\">S\u00e9rie Artistas Convidados<\/a><\/p>\n<p><a href=\"https:\/\/wp.ufpel.edu.br\/camaradeextensaoca\/cursos\/musica\/musica-as-20-pras-10\/\">M\u00fasica \u00e0s 20 pr\u00e1s 10<\/a><\/p>\n<p><a href=\"https:\/\/wp.ufpel.edu.br\/camaradeextensaoca\/cursos\/musica\/grupo-vocal-saude-mental\">Grupo Vocal Sa\u00fade Mental<\/a><\/p>\n<p><a href=\"https:\/\/wp.ufpel.edu.br\/camaradeextensaoca\/cursos\/musica\/oficina-de-piano-do-centro-de-artes\/\">Oficina de Piano do Centro de Artes<\/a><\/p>\n<p><a href=\"https:\/\/wp.ufpel.edu.br\/camaradeextensaoca\/poeticas-da-diferenca-na-ufpel\/\">Po\u00e9ticas da Diferen\u00e7a na UFPel<\/a><\/p>\n<p>&nbsp;<\/p>\n","protected":false},"excerpt":{"rendered":"<p>Encontros de M\u00fasica Popular O Saxofone na M\u00fasica Popular Brasileira Curso Intensivo de Viol\u00e3o Curso de Extens\u00e3o em M\u00fasica Agenda NuMC Doce flauta de Pelotas &#8211; Musicaliza\u00e7\u00e3o de Jovens e Adultos M\u00fasica &amp; Educa\u00e7\u00e3o Ambiental: uma parceria que d\u00e1 o que cantar! \u00d3pera na Escola PRATIQUE YOGA PROFORMUS &#8211; Oficina em Performance Musical Pife na&#8230; <\/p>\n<div class=\"link-more\"><a href=\"https:\/\/wp.ufpel.edu.br\/camaradeextensaoca\/cursos\/musica\/\">Leia mais<\/a><\/div>\n","protected":false},"author":647,"featured_media":0,"parent":6,"menu_order":0,"comment_status":"closed","ping_status":"closed","template":"","meta":{"jetpack_post_was_ever_published":false,"footnotes":""},"class_list":["post-18","page","type-page","status-publish","hentry"],"jetpack_sharing_enabled":true,"jetpack_shortlink":"https:\/\/wp.me\/P8nTsJ-i","_links":{"self":[{"href":"https:\/\/wp.ufpel.edu.br\/camaradeextensaoca\/wp-json\/wp\/v2\/pages\/18","targetHints":{"allow":["GET"]}}],"collection":[{"href":"https:\/\/wp.ufpel.edu.br\/camaradeextensaoca\/wp-json\/wp\/v2\/pages"}],"about":[{"href":"https:\/\/wp.ufpel.edu.br\/camaradeextensaoca\/wp-json\/wp\/v2\/types\/page"}],"author":[{"embeddable":true,"href":"https:\/\/wp.ufpel.edu.br\/camaradeextensaoca\/wp-json\/wp\/v2\/users\/647"}],"replies":[{"embeddable":true,"href":"https:\/\/wp.ufpel.edu.br\/camaradeextensaoca\/wp-json\/wp\/v2\/comments?post=18"}],"version-history":[{"count":16,"href":"https:\/\/wp.ufpel.edu.br\/camaradeextensaoca\/wp-json\/wp\/v2\/pages\/18\/revisions"}],"predecessor-version":[{"id":1049,"href":"https:\/\/wp.ufpel.edu.br\/camaradeextensaoca\/wp-json\/wp\/v2\/pages\/18\/revisions\/1049"}],"up":[{"embeddable":true,"href":"https:\/\/wp.ufpel.edu.br\/camaradeextensaoca\/wp-json\/wp\/v2\/pages\/6"}],"wp:attachment":[{"href":"https:\/\/wp.ufpel.edu.br\/camaradeextensaoca\/wp-json\/wp\/v2\/media?parent=18"}],"curies":[{"name":"wp","href":"https:\/\/api.w.org\/{rel}","templated":true}]}}