{"id":161,"date":"2016-06-30T11:32:20","date_gmt":"2016-06-30T14:32:20","guid":{"rendered":"https:\/\/wp.ufpel.edu.br\/camaradeextensaoca\/?page_id=161"},"modified":"2016-10-13T10:33:32","modified_gmt":"2016-10-13T13:33:32","slug":"corredor-gravura","status":"publish","type":"page","link":"https:\/\/wp.ufpel.edu.br\/camaradeextensaoca\/cursos\/artes-visuais\/corredor-gravura\/","title":{"rendered":"Corredor Gravura"},"content":{"rendered":"<p>Nome do projeto: \u201cCorredor Gravura\u201d<\/p>\n<p>C\u00f3digo: 51546015<\/p>\n<p>Resumo do projeto: O objetivo do projeto \u00e9 mostrar a produ\u00e7\u00e3o realizada no Atelier de Gravura durante o decorrer dos semestres do ano letivo. Incentivar a produ\u00e7\u00e3o dos alunos e estimular a cultura dentro da comunidade universit\u00e1ria fazem parte dos objetivos. O projeto tamb\u00e9m envolver\u00e1 os alunos na produ\u00e7\u00e3o de gravuras, com a produ\u00e7\u00e3o individual, estimulando o desenvolvimento de uma po\u00e9tica visual e ao profissionalismo na \u00e1rea das artes visuais. Outro objetivo \u00e9 o envolvimento dos alunos em atividades relacionadas a produ\u00e7\u00e3o de exposi\u00e7\u00f5es como curadoria, expografia e divulga\u00e7\u00e3o, estimulando a\u00e7\u00f5es extracurriculares, agregando conhecimento e proporcionando atividades culturais para as comunidades geral e acad\u00eamica.<\/p>\n<p>Professor respons\u00e1vel: Kelly Wendt<\/p>\n<p>&nbsp;<\/p>\n","protected":false},"excerpt":{"rendered":"<p>Nome do projeto: \u201cCorredor Gravura\u201d C\u00f3digo: 51546015 Resumo do projeto: O objetivo do projeto \u00e9 mostrar a produ\u00e7\u00e3o realizada no Atelier de Gravura durante o decorrer dos semestres do ano letivo. Incentivar a produ\u00e7\u00e3o dos alunos e estimular a cultura dentro da comunidade universit\u00e1ria fazem parte dos objetivos. O projeto tamb\u00e9m envolver\u00e1 os alunos na&#8230; <\/p>\n<div class=\"link-more\"><a href=\"https:\/\/wp.ufpel.edu.br\/camaradeextensaoca\/cursos\/artes-visuais\/corredor-gravura\/\">Leia mais<\/a><\/div>\n","protected":false},"author":647,"featured_media":0,"parent":113,"menu_order":0,"comment_status":"closed","ping_status":"closed","template":"","meta":{"jetpack_post_was_ever_published":false,"footnotes":""},"class_list":["post-161","page","type-page","status-publish","hentry"],"jetpack_sharing_enabled":true,"jetpack_shortlink":"https:\/\/wp.me\/P8nTsJ-2B","_links":{"self":[{"href":"https:\/\/wp.ufpel.edu.br\/camaradeextensaoca\/wp-json\/wp\/v2\/pages\/161","targetHints":{"allow":["GET"]}}],"collection":[{"href":"https:\/\/wp.ufpel.edu.br\/camaradeextensaoca\/wp-json\/wp\/v2\/pages"}],"about":[{"href":"https:\/\/wp.ufpel.edu.br\/camaradeextensaoca\/wp-json\/wp\/v2\/types\/page"}],"author":[{"embeddable":true,"href":"https:\/\/wp.ufpel.edu.br\/camaradeextensaoca\/wp-json\/wp\/v2\/users\/647"}],"replies":[{"embeddable":true,"href":"https:\/\/wp.ufpel.edu.br\/camaradeextensaoca\/wp-json\/wp\/v2\/comments?post=161"}],"version-history":[{"count":2,"href":"https:\/\/wp.ufpel.edu.br\/camaradeextensaoca\/wp-json\/wp\/v2\/pages\/161\/revisions"}],"predecessor-version":[{"id":751,"href":"https:\/\/wp.ufpel.edu.br\/camaradeextensaoca\/wp-json\/wp\/v2\/pages\/161\/revisions\/751"}],"up":[{"embeddable":true,"href":"https:\/\/wp.ufpel.edu.br\/camaradeextensaoca\/wp-json\/wp\/v2\/pages\/113"}],"wp:attachment":[{"href":"https:\/\/wp.ufpel.edu.br\/camaradeextensaoca\/wp-json\/wp\/v2\/media?parent=161"}],"curies":[{"name":"wp","href":"https:\/\/api.w.org\/{rel}","templated":true}]}}