{"id":15,"date":"2016-06-27T09:49:40","date_gmt":"2016-06-27T12:49:40","guid":{"rendered":"https:\/\/wp.ufpel.edu.br\/camaradeextensaoca\/?page_id=15"},"modified":"2016-10-11T11:46:47","modified_gmt":"2016-10-11T14:46:47","slug":"design","status":"publish","type":"page","link":"https:\/\/wp.ufpel.edu.br\/camaradeextensaoca\/cursos\/design\/","title":{"rendered":"Design"},"content":{"rendered":"<p><a href=\"https:\/\/wp.ufpel.edu.br\/camaradeextensaoca\/cursos\/design\/ciclo-de-debates-ii-seminario-design-tradicao-e-sociedade\/\">Ciclo de Debates: II Semin\u00e1rio Design, Tradi\u00e7\u00e3o e Sociedade<\/a><\/p>\n<p><a href=\"https:\/\/wp.ufpel.edu.br\/camaradeextensaoca\/cursos\/design\/designeria-empresa-de-design\/\">Cozinha do desenho: realiza\u00e7\u00e3o e experimenta\u00e7\u00e3o de materiais alternativos<\/a><\/p>\n<p><a href=\"https:\/\/wp.ufpel.edu.br\/camaradeextensaoca\/cursos\/design\/curso-de-fotografia-com-camara-obscura\/\">Curso de Fotografia com C\u00e2mara Obscura<\/a><\/p>\n<p><a href=\"https:\/\/wp.ufpel.edu.br\/camaradeextensaoca\/cursos\/design\/desenho-de-figura-humana-mostra-didatica\/\">Desenho de Figura Humana: mostra did\u00e1tica<\/a><\/p>\n<p><a href=\"https:\/\/wp.ufpel.edu.br\/camaradeextensaoca\/cursos\/design\/desenho-de-observacao-materiais-e-tecnicas\/\">Desenho de observa\u00e7\u00e3o: materiais e t\u00e9cnicas<\/a><\/p>\n<p><a href=\"https:\/\/wp.ufpel.edu.br\/camaradeextensaoca\/cursos\/design\/desenho-de-observacao-materiais-e-tecnicas\/\">Desenho de Modelo Vivo<\/a><\/p>\n<p><a href=\"https:\/\/wp.ufpel.edu.br\/camaradeextensaoca\/cursos\/design\/experienciando-o-desenho\/\">Experienciando o Desenho<\/a><\/p>\n<p><a href=\"https:\/\/wp.ufpel.edu.br\/camaradeextensaoca\/cursos\/design\/designeria-empresa-de-design\/\">Designeria- empresa de design<\/a><\/p>\n<p><a href=\"https:\/\/wp.ufpel.edu.br\/camaradeextensaoca\/cursos\/design\/designeria-empresa-junior-de-design\/\">Designeria &#8211; empresa j\u00fanior de design<\/a><\/p>\n<p><a href=\"https:\/\/wp.ufpel.edu.br\/camaradeextensaoca\/cursos\/design\/designeria-empresa-junior-de-design\/\">Design, Escola e Arte no VIII SECONEP &#8211; Aplicando a Lei 10.639\/2003<\/a><\/p>\n<p><a href=\"https:\/\/wp.ufpel.edu.br\/camaradeextensaoca\/cursos\/design\/inclusao-digital-com-arte-e-carinho\/\">Inclus\u00e3o digital com arte e carinho<\/a><\/p>\n<p><a href=\"https:\/\/wp.ufpel.edu.br\/camaradeextensaoca\/cursos\/design\/seminarios-fotograficos-historicos\/\">Semin\u00e1rios Fotogr\u00e1ficos Hist\u00f3ricos<\/a><\/p>\n<p><a href=\"https:\/\/wp.ufpel.edu.br\/camaradeextensaoca\/cursos\/design\/orson-revista-academica-dos-cursos-de-cinema-da-ufpel\/\">ORSON &#8211; revista acad\u00eamica dos cursos de cinema da UFPel<\/a><\/p>\n<p><a href=\"https:\/\/wp.ufpel.edu.br\/camaradeextensaoca\/cursos\/design\/oficinas-experimentais-pet-artes-visuais\/\">Oficinas Experimentais PET Artes Visuais<\/a><\/p>\n<p><a href=\"https:\/\/wp.ufpel.edu.br\/camaradeextensaoca\/cursos\/design\/pro-bichos-pelotas\/\">Pr\u00f3 Bichos Pelotas<\/a><\/p>\n<p><a href=\"https:\/\/wp.ufpel.edu.br\/camaradeextensaoca\/cursos\/design\/seminario-de-historia-da-arte\/\">Semin\u00e1rio de Hist\u00f3ria da Arte<\/a><\/p>\n<p><a href=\"https:\/\/wp.ufpel.edu.br\/camaradeextensaoca\/cursos\/design\/seminarios-fotograficos-historicos\/\">Semin\u00e1rios Fotogr\u00e1ficos Hist\u00f3ricos<\/a><\/p>\n<p><a href=\"https:\/\/wp.ufpel.edu.br\/camaradeextensaoca\/cursos\/design\/suldesign-estudio-projetos\/\">Suldesign Est\u00fadio: Projetos<\/a><\/p>\n<p><a href=\"https:\/\/wp.ufpel.edu.br\/camaradeextensaoca\/suldesign-encontro-sul-americano\/\">Suldesign &#8211; Encontro Sul-Americano<\/a><\/p>\n","protected":false},"excerpt":{"rendered":"<p>Ciclo de Debates: II Semin\u00e1rio Design, Tradi\u00e7\u00e3o e Sociedade Cozinha do desenho: realiza\u00e7\u00e3o e experimenta\u00e7\u00e3o de materiais alternativos Curso de Fotografia com C\u00e2mara Obscura Desenho de Figura Humana: mostra did\u00e1tica Desenho de observa\u00e7\u00e3o: materiais e t\u00e9cnicas Desenho de Modelo Vivo Experienciando o Desenho Designeria- empresa de design Designeria &#8211; empresa j\u00fanior de design Design, Escola&#8230; <\/p>\n<div class=\"link-more\"><a href=\"https:\/\/wp.ufpel.edu.br\/camaradeextensaoca\/cursos\/design\/\">Leia mais<\/a><\/div>\n","protected":false},"author":647,"featured_media":0,"parent":6,"menu_order":0,"comment_status":"closed","ping_status":"closed","template":"","meta":{"jetpack_post_was_ever_published":false,"footnotes":""},"class_list":["post-15","page","type-page","status-publish","hentry"],"jetpack_sharing_enabled":true,"jetpack_shortlink":"https:\/\/wp.me\/P8nTsJ-f","_links":{"self":[{"href":"https:\/\/wp.ufpel.edu.br\/camaradeextensaoca\/wp-json\/wp\/v2\/pages\/15","targetHints":{"allow":["GET"]}}],"collection":[{"href":"https:\/\/wp.ufpel.edu.br\/camaradeextensaoca\/wp-json\/wp\/v2\/pages"}],"about":[{"href":"https:\/\/wp.ufpel.edu.br\/camaradeextensaoca\/wp-json\/wp\/v2\/types\/page"}],"author":[{"embeddable":true,"href":"https:\/\/wp.ufpel.edu.br\/camaradeextensaoca\/wp-json\/wp\/v2\/users\/647"}],"replies":[{"embeddable":true,"href":"https:\/\/wp.ufpel.edu.br\/camaradeextensaoca\/wp-json\/wp\/v2\/comments?post=15"}],"version-history":[{"count":18,"href":"https:\/\/wp.ufpel.edu.br\/camaradeextensaoca\/wp-json\/wp\/v2\/pages\/15\/revisions"}],"predecessor-version":[{"id":733,"href":"https:\/\/wp.ufpel.edu.br\/camaradeextensaoca\/wp-json\/wp\/v2\/pages\/15\/revisions\/733"}],"up":[{"embeddable":true,"href":"https:\/\/wp.ufpel.edu.br\/camaradeextensaoca\/wp-json\/wp\/v2\/pages\/6"}],"wp:attachment":[{"href":"https:\/\/wp.ufpel.edu.br\/camaradeextensaoca\/wp-json\/wp\/v2\/media?parent=15"}],"curies":[{"name":"wp","href":"https:\/\/api.w.org\/{rel}","templated":true}]}}