{"id":149,"date":"2016-06-30T11:28:34","date_gmt":"2016-06-30T14:28:34","guid":{"rendered":"https:\/\/wp.ufpel.edu.br\/camaradeextensaoca\/?page_id=149"},"modified":"2016-10-13T10:35:07","modified_gmt":"2016-10-13T13:35:07","slug":"feiras-com-arte","status":"publish","type":"page","link":"https:\/\/wp.ufpel.edu.br\/camaradeextensaoca\/cursos\/artes-visuais\/feiras-com-arte\/","title":{"rendered":"Feiras com Arte"},"content":{"rendered":"<p>Nome do projeto:\u00a0 \u201cFeiras com Arte.\u201d<\/p>\n<p>C\u00f3digo: 51902012 i<\/p>\n<p>Resumo do projeto: Oferecer cursos em fotografia durante o per\u00edodo de f\u00e9rias letivas. Objetivos: &#8211; Oferecer cursos em fotografia que englobem desde \u00e0 introdu\u00e7\u00e3o \u00e0 t\u00e9cnica at\u00e9 a confec\u00e7\u00e3o de c\u00e2mara artesanais e a fotografia digital; &#8211; Oferecer a possibilidade de reflex\u00e3o a partir da produ\u00e7\u00e3o pr\u00e1tica em fotografia; &#8211; Oportunizar o debate e a possibilidade de troca de experi\u00eancias entre ministrantes e alunos; &#8211; Oferecer \u00e0 comunidade universit\u00e1ria e \u00e0 comunidade em geral a possibilidade de aproxima\u00e7\u00e3o com as pr\u00e1ticas realizadas no Centro de Artes da Universidade.<\/p>\n<p>Professor respons\u00e1vel: Juliana Correa Hermes Angeli<\/p>\n<p>&nbsp;<\/p>\n","protected":false},"excerpt":{"rendered":"<p>Nome do projeto:\u00a0 \u201cFeiras com Arte.\u201d C\u00f3digo: 51902012 i Resumo do projeto: Oferecer cursos em fotografia durante o per\u00edodo de f\u00e9rias letivas. Objetivos: &#8211; Oferecer cursos em fotografia que englobem desde \u00e0 introdu\u00e7\u00e3o \u00e0 t\u00e9cnica at\u00e9 a confec\u00e7\u00e3o de c\u00e2mara artesanais e a fotografia digital; &#8211; Oferecer a possibilidade de reflex\u00e3o a partir da produ\u00e7\u00e3o&#8230; <\/p>\n<div class=\"link-more\"><a href=\"https:\/\/wp.ufpel.edu.br\/camaradeextensaoca\/cursos\/artes-visuais\/feiras-com-arte\/\">Leia mais<\/a><\/div>\n","protected":false},"author":647,"featured_media":0,"parent":113,"menu_order":0,"comment_status":"closed","ping_status":"closed","template":"","meta":{"jetpack_post_was_ever_published":false,"footnotes":""},"class_list":["post-149","page","type-page","status-publish","hentry"],"jetpack_sharing_enabled":true,"jetpack_shortlink":"https:\/\/wp.me\/P8nTsJ-2p","_links":{"self":[{"href":"https:\/\/wp.ufpel.edu.br\/camaradeextensaoca\/wp-json\/wp\/v2\/pages\/149","targetHints":{"allow":["GET"]}}],"collection":[{"href":"https:\/\/wp.ufpel.edu.br\/camaradeextensaoca\/wp-json\/wp\/v2\/pages"}],"about":[{"href":"https:\/\/wp.ufpel.edu.br\/camaradeextensaoca\/wp-json\/wp\/v2\/types\/page"}],"author":[{"embeddable":true,"href":"https:\/\/wp.ufpel.edu.br\/camaradeextensaoca\/wp-json\/wp\/v2\/users\/647"}],"replies":[{"embeddable":true,"href":"https:\/\/wp.ufpel.edu.br\/camaradeextensaoca\/wp-json\/wp\/v2\/comments?post=149"}],"version-history":[{"count":2,"href":"https:\/\/wp.ufpel.edu.br\/camaradeextensaoca\/wp-json\/wp\/v2\/pages\/149\/revisions"}],"predecessor-version":[{"id":755,"href":"https:\/\/wp.ufpel.edu.br\/camaradeextensaoca\/wp-json\/wp\/v2\/pages\/149\/revisions\/755"}],"up":[{"embeddable":true,"href":"https:\/\/wp.ufpel.edu.br\/camaradeextensaoca\/wp-json\/wp\/v2\/pages\/113"}],"wp:attachment":[{"href":"https:\/\/wp.ufpel.edu.br\/camaradeextensaoca\/wp-json\/wp\/v2\/media?parent=149"}],"curies":[{"name":"wp","href":"https:\/\/api.w.org\/{rel}","templated":true}]}}