{"id":146,"date":"2016-06-30T11:27:57","date_gmt":"2016-06-30T14:27:57","guid":{"rendered":"https:\/\/wp.ufpel.edu.br\/camaradeextensaoca\/?page_id=146"},"modified":"2016-10-13T10:29:12","modified_gmt":"2016-10-13T13:29:12","slug":"arte-inclusao-e-cidadania-consolidacao-e-novas-acoes","status":"publish","type":"page","link":"https:\/\/wp.ufpel.edu.br\/camaradeextensaoca\/cursos\/artes-visuais\/arte-inclusao-e-cidadania-consolidacao-e-novas-acoes\/","title":{"rendered":"Arte Inclus\u00e3o e Cidadania: Consolida\u00e7\u00e3o e novas a\u00e7\u00f5es"},"content":{"rendered":"<p>Nome do projeto: \u201cArte Inclus\u00e3o e Cidadania: Consolida\u00e7\u00e3o e novas a\u00e7\u00f5es<\/p>\n<p>C\u00f3digo: 51902042<\/p>\n<p>Resumo do projeto: Disponibilizar as instala\u00e7\u00f5es do Centro de Artes como espa\u00e7o pedag\u00f3gico para a comunidade Geo-Educacional da UFPel,propiciando um extenso programa de extens\u00e3o -Propiciar condi\u00e7\u00f5es favor\u00e1veis ao fazer art\u00edstico como exerc\u00edcio para a cidadania de grupos especiais e comunidade em geral, &#8211; Promover a dignifica\u00e7\u00e3o pessoal, a intera\u00e7\u00e3o social e inser\u00e7\u00e3o comunit\u00e1ria atrav\u00e9s da forma\u00e7\u00e3o e da a\u00e7\u00e3o extensionista dos estudantes da universidade; -Oportunizar o acesso aos conhecimentos e saberes para mudan\u00e7a de comportamento e qualifica\u00e7\u00e3o de todos os envolvidos no processo; -Oportunizar aos acad\u00eamicos do CA, um espa\u00e7o espec\u00edfico para atuarem nas atividades extensionistas conforme previsto nos projetos pedag\u00f3gicos dos cursos. -Reafirmar o papel social da Universidade. -Promover a continuidade das a\u00e7\u00f5es propostas pelo Programa, em diversas comunidades e institui\u00e7\u00f5es atrav\u00e9s do aprimoramento de gestores pela atua\u00e7\u00e3o com l\u00edderes comunit\u00e1rios, professores de arte, educadores das Casas Lares, Profissionais das Prefeituras. -Possibilitar, aos participantes, o crescimento da autoexpress\u00e3o, autoestima e autoconfian\u00e7a, por meio de diversificadas viv\u00eancias do fazer art\u00edstico. -Proporcionar a retroalimenta\u00e7\u00e3o do ensino, a pesquisa-a\u00e7\u00e3o, a qualifica\u00e7\u00e3o profissional com atividades extensionistas cont\u00ednuas, que visam a educa\u00e7\u00e3o, o desenvolvimento social, a melhor qualidade de vida, o contato direto com as linguagens art\u00edsticas. &#8211; Qualificar a comunidade em atividades artesanais que venham, possibilitar melhoria na renda familiar e\/ou inclus\u00e3o no mercado de trabalho.<\/p>\n<p>Professor respons\u00e1vel: N\u00e1dia da Cruz Sena<\/p>\n<p>&nbsp;<\/p>\n","protected":false},"excerpt":{"rendered":"<p>Nome do projeto: \u201cArte Inclus\u00e3o e Cidadania: Consolida\u00e7\u00e3o e novas a\u00e7\u00f5es C\u00f3digo: 51902042 Resumo do projeto: Disponibilizar as instala\u00e7\u00f5es do Centro de Artes como espa\u00e7o pedag\u00f3gico para a comunidade Geo-Educacional da UFPel,propiciando um extenso programa de extens\u00e3o -Propiciar condi\u00e7\u00f5es favor\u00e1veis ao fazer art\u00edstico como exerc\u00edcio para a cidadania de grupos especiais e comunidade em geral,&#8230; <\/p>\n<div class=\"link-more\"><a href=\"https:\/\/wp.ufpel.edu.br\/camaradeextensaoca\/cursos\/artes-visuais\/arte-inclusao-e-cidadania-consolidacao-e-novas-acoes\/\">Leia mais<\/a><\/div>\n","protected":false},"author":647,"featured_media":0,"parent":113,"menu_order":0,"comment_status":"closed","ping_status":"closed","template":"","meta":{"jetpack_post_was_ever_published":false,"footnotes":""},"class_list":["post-146","page","type-page","status-publish","hentry"],"jetpack_sharing_enabled":true,"jetpack_shortlink":"https:\/\/wp.me\/P8nTsJ-2m","_links":{"self":[{"href":"https:\/\/wp.ufpel.edu.br\/camaradeextensaoca\/wp-json\/wp\/v2\/pages\/146","targetHints":{"allow":["GET"]}}],"collection":[{"href":"https:\/\/wp.ufpel.edu.br\/camaradeextensaoca\/wp-json\/wp\/v2\/pages"}],"about":[{"href":"https:\/\/wp.ufpel.edu.br\/camaradeextensaoca\/wp-json\/wp\/v2\/types\/page"}],"author":[{"embeddable":true,"href":"https:\/\/wp.ufpel.edu.br\/camaradeextensaoca\/wp-json\/wp\/v2\/users\/647"}],"replies":[{"embeddable":true,"href":"https:\/\/wp.ufpel.edu.br\/camaradeextensaoca\/wp-json\/wp\/v2\/comments?post=146"}],"version-history":[{"count":2,"href":"https:\/\/wp.ufpel.edu.br\/camaradeextensaoca\/wp-json\/wp\/v2\/pages\/146\/revisions"}],"predecessor-version":[{"id":747,"href":"https:\/\/wp.ufpel.edu.br\/camaradeextensaoca\/wp-json\/wp\/v2\/pages\/146\/revisions\/747"}],"up":[{"embeddable":true,"href":"https:\/\/wp.ufpel.edu.br\/camaradeextensaoca\/wp-json\/wp\/v2\/pages\/113"}],"wp:attachment":[{"href":"https:\/\/wp.ufpel.edu.br\/camaradeextensaoca\/wp-json\/wp\/v2\/media?parent=146"}],"curies":[{"name":"wp","href":"https:\/\/api.w.org\/{rel}","templated":true}]}}