{"id":143,"date":"2016-06-30T11:26:55","date_gmt":"2016-06-30T14:26:55","guid":{"rendered":"https:\/\/wp.ufpel.edu.br\/camaradeextensaoca\/?page_id=143"},"modified":"2016-10-13T10:42:11","modified_gmt":"2016-10-13T13:42:11","slug":"pro-bichos-pelotas","status":"publish","type":"page","link":"https:\/\/wp.ufpel.edu.br\/camaradeextensaoca\/cursos\/design\/pro-bichos-pelotas\/","title":{"rendered":"Pr\u00f3 Bichos Pelotas"},"content":{"rendered":"<p>Nome do projeto: \u201cPr\u00f3 Bichos Pelotas\u201d<\/p>\n<p>C\u00f3digo: 51901042<\/p>\n<p>Resumo do projeto: Aux\u00edlio para a ONG SOS Pelotas atrav\u00e9s da obten\u00e7\u00e3o de imagens fotogr\u00e1ficas de animais adultos para ado\u00e7\u00e3o com c\u00e2maras profissionais e m\u00e3o de obra qualificada; Espec\u00edficos &#8211; Obter imagens fotogr\u00e1ficas com qualidade dos animais adultos que se encontram para ado\u00e7\u00e3o; &#8211; Oferecer experi\u00eancia profissional aos alunos que cursaram a disciplina de Introdu\u00e7\u00e3o \u00e0 Fotografia; &#8211; Oferecer qualifica\u00e7\u00e3o profissional aos alunos na obten\u00e7\u00e3o e no tratamento de imagens; &#8211; Diminui\u00e7\u00e3o da popula\u00e7\u00e3o de animais nas ruas da cidade;<\/p>\n<p>Professor respons\u00e1vel: Juliana Correa Hermes Angeli<\/p>\n<p>&nbsp;<\/p>\n","protected":false},"excerpt":{"rendered":"<p>Nome do projeto: \u201cPr\u00f3 Bichos Pelotas\u201d C\u00f3digo: 51901042 Resumo do projeto: Aux\u00edlio para a ONG SOS Pelotas atrav\u00e9s da obten\u00e7\u00e3o de imagens fotogr\u00e1ficas de animais adultos para ado\u00e7\u00e3o com c\u00e2maras profissionais e m\u00e3o de obra qualificada; Espec\u00edficos &#8211; Obter imagens fotogr\u00e1ficas com qualidade dos animais adultos que se encontram para ado\u00e7\u00e3o; &#8211; Oferecer experi\u00eancia profissional&#8230; <\/p>\n<div class=\"link-more\"><a href=\"https:\/\/wp.ufpel.edu.br\/camaradeextensaoca\/cursos\/design\/pro-bichos-pelotas\/\">Leia mais<\/a><\/div>\n","protected":false},"author":647,"featured_media":0,"parent":15,"menu_order":0,"comment_status":"closed","ping_status":"closed","template":"","meta":{"jetpack_post_was_ever_published":false,"footnotes":""},"class_list":["post-143","page","type-page","status-publish","hentry"],"jetpack_sharing_enabled":true,"jetpack_shortlink":"https:\/\/wp.me\/P8nTsJ-2j","_links":{"self":[{"href":"https:\/\/wp.ufpel.edu.br\/camaradeextensaoca\/wp-json\/wp\/v2\/pages\/143","targetHints":{"allow":["GET"]}}],"collection":[{"href":"https:\/\/wp.ufpel.edu.br\/camaradeextensaoca\/wp-json\/wp\/v2\/pages"}],"about":[{"href":"https:\/\/wp.ufpel.edu.br\/camaradeextensaoca\/wp-json\/wp\/v2\/types\/page"}],"author":[{"embeddable":true,"href":"https:\/\/wp.ufpel.edu.br\/camaradeextensaoca\/wp-json\/wp\/v2\/users\/647"}],"replies":[{"embeddable":true,"href":"https:\/\/wp.ufpel.edu.br\/camaradeextensaoca\/wp-json\/wp\/v2\/comments?post=143"}],"version-history":[{"count":2,"href":"https:\/\/wp.ufpel.edu.br\/camaradeextensaoca\/wp-json\/wp\/v2\/pages\/143\/revisions"}],"predecessor-version":[{"id":762,"href":"https:\/\/wp.ufpel.edu.br\/camaradeextensaoca\/wp-json\/wp\/v2\/pages\/143\/revisions\/762"}],"up":[{"embeddable":true,"href":"https:\/\/wp.ufpel.edu.br\/camaradeextensaoca\/wp-json\/wp\/v2\/pages\/15"}],"wp:attachment":[{"href":"https:\/\/wp.ufpel.edu.br\/camaradeextensaoca\/wp-json\/wp\/v2\/media?parent=143"}],"curies":[{"name":"wp","href":"https:\/\/api.w.org\/{rel}","templated":true}]}}