{"id":134,"date":"2016-06-30T11:16:52","date_gmt":"2016-06-30T14:16:52","guid":{"rendered":"https:\/\/wp.ufpel.edu.br\/camaradeextensaoca\/?page_id=134"},"modified":"2016-10-13T10:39:13","modified_gmt":"2016-10-13T13:39:13","slug":"mostra-anual-de-desenho-de-humor-da-ufpel","status":"publish","type":"page","link":"https:\/\/wp.ufpel.edu.br\/camaradeextensaoca\/cursos\/artes-visuais\/mostra-anual-de-desenho-de-humor-da-ufpel\/","title":{"rendered":"Mostra anual de desenho de humor da UFPel"},"content":{"rendered":"<p>Nome do projeto: \u00a0Mostra anual de desenho de humor da UFPel<\/p>\n<p>C\u00f3digo: 51902163<\/p>\n<p>Resumo do projeto: Realizar uma mostra de desenhos de humor, nas v\u00e1rias categorias, que revele a produ\u00e7\u00e3o universit\u00e1ria de discentes, docentes, t\u00e9cnicos-administrativos, dos ex-alunos da UFPel, das universidades vizinhas, produtores aut\u00f4nomos de HQ e ilustra\u00e7\u00e3o, do IFSUL Pelotas, Bag\u00e9 e Rio Grande. Reconhecer a produ\u00e7\u00e3o de desenho de humor e de ilustra\u00e7\u00e3o existente na regi\u00e3o. Divulgar a produ\u00e7\u00e3o do p\u00fablico dos diversos cursos das universidades da regi\u00e3o e da comunidade para acesso do p\u00fablico; para troca de experi\u00eancias e forma\u00e7\u00e3o de p\u00fablico. Promover a integra\u00e7\u00e3o e o interc\u00e2mbio entre os produtores de desenho de humor da regi\u00e3o sul. Incentivar a frui\u00e7\u00e3o de bens culturais. Homenagear e reconhecer o trabalho de artistas com carreira consolidada e aproxim\u00e1-los dos jovens criadores. Promover oficinas com alunos de escolas e com p\u00fablico e geral.<\/p>\n<p>Professor respons\u00e1vel: Jos\u00e9 Luiz de Pellegrin<\/p>\n<p>&nbsp;<\/p>\n","protected":false},"excerpt":{"rendered":"<p>Nome do projeto: \u00a0Mostra anual de desenho de humor da UFPel C\u00f3digo: 51902163 Resumo do projeto: Realizar uma mostra de desenhos de humor, nas v\u00e1rias categorias, que revele a produ\u00e7\u00e3o universit\u00e1ria de discentes, docentes, t\u00e9cnicos-administrativos, dos ex-alunos da UFPel, das universidades vizinhas, produtores aut\u00f4nomos de HQ e ilustra\u00e7\u00e3o, do IFSUL Pelotas, Bag\u00e9 e Rio Grande&#8230;. <\/p>\n<div class=\"link-more\"><a href=\"https:\/\/wp.ufpel.edu.br\/camaradeextensaoca\/cursos\/artes-visuais\/mostra-anual-de-desenho-de-humor-da-ufpel\/\">Leia mais<\/a><\/div>\n","protected":false},"author":647,"featured_media":0,"parent":113,"menu_order":0,"comment_status":"closed","ping_status":"closed","template":"","meta":{"jetpack_post_was_ever_published":false,"footnotes":""},"class_list":["post-134","page","type-page","status-publish","hentry"],"jetpack_sharing_enabled":true,"jetpack_shortlink":"https:\/\/wp.me\/P8nTsJ-2a","_links":{"self":[{"href":"https:\/\/wp.ufpel.edu.br\/camaradeextensaoca\/wp-json\/wp\/v2\/pages\/134","targetHints":{"allow":["GET"]}}],"collection":[{"href":"https:\/\/wp.ufpel.edu.br\/camaradeextensaoca\/wp-json\/wp\/v2\/pages"}],"about":[{"href":"https:\/\/wp.ufpel.edu.br\/camaradeextensaoca\/wp-json\/wp\/v2\/types\/page"}],"author":[{"embeddable":true,"href":"https:\/\/wp.ufpel.edu.br\/camaradeextensaoca\/wp-json\/wp\/v2\/users\/647"}],"replies":[{"embeddable":true,"href":"https:\/\/wp.ufpel.edu.br\/camaradeextensaoca\/wp-json\/wp\/v2\/comments?post=134"}],"version-history":[{"count":2,"href":"https:\/\/wp.ufpel.edu.br\/camaradeextensaoca\/wp-json\/wp\/v2\/pages\/134\/revisions"}],"predecessor-version":[{"id":758,"href":"https:\/\/wp.ufpel.edu.br\/camaradeextensaoca\/wp-json\/wp\/v2\/pages\/134\/revisions\/758"}],"up":[{"embeddable":true,"href":"https:\/\/wp.ufpel.edu.br\/camaradeextensaoca\/wp-json\/wp\/v2\/pages\/113"}],"wp:attachment":[{"href":"https:\/\/wp.ufpel.edu.br\/camaradeextensaoca\/wp-json\/wp\/v2\/media?parent=134"}],"curies":[{"name":"wp","href":"https:\/\/api.w.org\/{rel}","templated":true}]}}