{"id":56,"date":"2023-02-23T17:32:01","date_gmt":"2023-02-23T20:32:01","guid":{"rendered":"https:\/\/wp.ufpel.edu.br\/calendarios\/?page_id=56"},"modified":"2024-02-07T10:13:23","modified_gmt":"2024-02-07T13:13:23","slug":"agenda-de-compras-pra","status":"publish","type":"page","link":"https:\/\/wp.ufpel.edu.br\/calendarios\/agenda-de-compras-pra\/","title":{"rendered":"Agenda de Compras\/PRA"},"content":{"rendered":"<p><div id=\"cobalto-calendario\" class=\"dados-cobalto cobalto-calendario\"><\/div>\n<script>\n\tconst agendaQueryURL = 'https:\/\/api.ufpel.edu.br\/publico\/calendario\/71\/ano\/2024\/impressao',\n\t\t  mostraLegenda  = '1';\n<\/script>\n<script src=\"https:\/\/wp.ufpel.edu.br\/calendarios\/wp-content\/plugins\/dados-cobalto\/lib\/..\/js\/fullcalendar-5.11.0\/lib\/main.min.js\"><\/script>\n<script src=\"https:\/\/wp.ufpel.edu.br\/calendarios\/wp-content\/plugins\/dados-cobalto\/lib\/..\/js\/fullcalendar-5.11.0\/lib\/locales\/pt-br.js\"><\/script>\n<script src=\"https:\/\/wp.ufpel.edu.br\/calendarios\/wp-content\/plugins\/dados-cobalto\/lib\/..\/js\/tooltip\/popper.min.js\"><\/script>\n<script src=\"https:\/\/wp.ufpel.edu.br\/calendarios\/wp-content\/plugins\/dados-cobalto\/lib\/..\/js\/tooltip\/tooltip.min.js\"><\/script>\n<script src=\"https:\/\/wp.ufpel.edu.br\/calendarios\/wp-content\/plugins\/dados-cobalto\/lib\/..\/js\/agenda-fc.js\"><\/script><br \/>\n<div class=\"dados-cobalto cobalto-calendario\"><div class=\"cobalto-calendario-legenda\"><div class=\"cobalto-calendario-legenda-item\"><span class=\"cobalto-calendario-tipo\" style=\"background:#4986E7\"><\/span> Agenda de Compras\/PRA<\/div><\/div><div class=\"cobalto-calendario-mes\"><strong>Fevereiro \/ 2024<\/strong><\/div><div class=\"cobalto-calendario-linha cobalto-calendario-linha-impar\"><span class=\"cobalto-calendario-tipo\" style=\"background:#4986E7\" title=\"Agenda de Compras\/PRA\"><\/span><span class=\"cobalto-calendario-dia\"><strong>05 Segunda<\/strong><\/span><span class=\"cobalto-calendario-descricao\"><a href=\"https:\/\/wp.ufpel.edu.br\/numat\/agenda-de-compras \"><span class=\"cobalto-evento-item-hora\"><\/span>IN\u00cdCIO: Per\u00edodo para solicita\u00e7\u00f5es de aquisi\u00e7\u00f5es\/contrata\u00e7\u00f5es por Preg\u00f5es - Sistemas de Registros de Pre\u00e7os (SRP), conforme Agenda de Compras<\/a><\/span><\/div><div class=\"cobalto-calendario-linha cobalto-calendario-linha-impar\"><span class=\"cobalto-calendario-tipo\" style=\"background:#4986E7\" title=\"Agenda de Compras\/PRA\"><\/span><span class=\"cobalto-calendario-dia\"><strong><\/strong><\/span><span class=\"cobalto-calendario-descricao\"><a href=\"https:\/\/wp.ufpel.edu.br\/numat\/agenda-de-compras\/ \"><span class=\"cobalto-evento-item-hora\"><\/span>IN\u00cdCIO: Per\u00edodo para solicita\u00e7\u00f5es de novas aquisi\u00e7\u00f5es\/contrata\u00e7\u00f5es, conforme Agenda de Compras<\/a><\/span><\/div><div class=\"cobalto-calendario-linha cobalto-calendario-linha-par\"><span class=\"cobalto-calendario-tipo\" style=\"background:#4986E7\" title=\"Agenda de Compras\/PRA\"><\/span><span class=\"cobalto-calendario-dia\"><strong>09 Sexta<\/strong><\/span><span class=\"cobalto-calendario-descricao\"><a href=\"https:\/\/wp.ufpel.edu.br\/numat\/agenda-de-compras\/ \"><span class=\"cobalto-evento-item-hora\"><\/span>FIM: Per\u00edodo para solicita\u00e7\u00f5es de novas aquisi\u00e7\u00f5es\/contrata\u00e7\u00f5es, conforme Agenda de Compras<\/a><\/span><\/div><div class=\"cobalto-calendario-linha cobalto-calendario-linha-par\"><span class=\"cobalto-calendario-tipo\" style=\"background:#4986E7\" title=\"Agenda de Compras\/PRA\"><\/span><span class=\"cobalto-calendario-dia\"><strong><\/strong><\/span><span class=\"cobalto-calendario-descricao\"><a href=\"https:\/\/wp.ufpel.edu.br\/numat\/agenda-de-compras \"><span class=\"cobalto-evento-item-hora\"><\/span>FIM: Per\u00edodo para solicita\u00e7\u00f5es de aquisi\u00e7\u00f5es\/contrata\u00e7\u00f5es por Preg\u00f5es - Sistemas de Registros de Pre\u00e7os (SRP), conforme Agenda de Compras<\/a><\/span><\/div><div class=\"cobalto-calendario-mes\"><strong>Mar\u00e7o \/ 2024<\/strong><\/div><div class=\"cobalto-calendario-linha cobalto-calendario-linha-impar\"><span class=\"cobalto-calendario-tipo\" style=\"background:#4986E7\" title=\"Agenda de Compras\/PRA\"><\/span><span class=\"cobalto-calendario-dia\"><strong>04 Segunda<\/strong><\/span><span class=\"cobalto-calendario-descricao\"><a href=\"https:\/\/wp.ufpel.edu.br\/numat\/agenda-de-compras \"><span class=\"cobalto-evento-item-hora\"><\/span>IN\u00cdCIO: Per\u00edodo para solicita\u00e7\u00f5es de novas aquisi\u00e7\u00f5es\/contrata\u00e7\u00f5es, conforme Agenda de Compras<\/a><\/span><\/div><div class=\"cobalto-calendario-linha cobalto-calendario-linha-impar\"><span class=\"cobalto-calendario-tipo\" style=\"background:#4986E7\" title=\"Agenda de Compras\/PRA\"><\/span><span class=\"cobalto-calendario-dia\"><strong><\/strong><\/span><span class=\"cobalto-calendario-descricao\"><a href=\"https:\/\/wp.ufpel.edu.br\/numat\/agenda-de-compras \"><span class=\"cobalto-evento-item-hora\"><\/span>IN\u00cdCIO: Per\u00edodo para solicita\u00e7\u00f5es de aquisi\u00e7\u00f5es\/contrata\u00e7\u00f5es por Preg\u00f5es - Sistemas de Registros de Pre\u00e7os (SRP), conforme Agenda de Compras<\/a><\/span><\/div><div class=\"cobalto-calendario-linha cobalto-calendario-linha-par\"><span class=\"cobalto-calendario-tipo\" style=\"background:#4986E7\" title=\"Agenda de Compras\/PRA\"><\/span><span class=\"cobalto-calendario-dia\"><strong>08 Sexta<\/strong><\/span><span class=\"cobalto-calendario-descricao\"><a href=\"https:\/\/wp.ufpel.edu.br\/numat\/agenda-de-compras \"><span class=\"cobalto-evento-item-hora\"><\/span>FIM: Per\u00edodo para solicita\u00e7\u00f5es de novas aquisi\u00e7\u00f5es\/contrata\u00e7\u00f5es, conforme Agenda de Compras<\/a><\/span><\/div><div class=\"cobalto-calendario-linha cobalto-calendario-linha-par\"><span class=\"cobalto-calendario-tipo\" style=\"background:#4986E7\" title=\"Agenda de Compras\/PRA\"><\/span><span class=\"cobalto-calendario-dia\"><strong><\/strong><\/span><span class=\"cobalto-calendario-descricao\"><a href=\"https:\/\/wp.ufpel.edu.br\/numat\/agenda-de-compras \"><span class=\"cobalto-evento-item-hora\"><\/span>FIM: Per\u00edodo para solicita\u00e7\u00f5es de aquisi\u00e7\u00f5es\/contrata\u00e7\u00f5es por Preg\u00f5es - Sistemas de Registros de Pre\u00e7os (SRP), conforme Agenda de Compras<\/a><\/span><\/div><div class=\"cobalto-calendario-mes\"><strong>Abril \/ 2024<\/strong><\/div><div class=\"cobalto-calendario-linha cobalto-calendario-linha-impar\"><span class=\"cobalto-calendario-tipo\" style=\"background:#4986E7\" title=\"Agenda de Compras\/PRA\"><\/span><span class=\"cobalto-calendario-dia\"><strong>01 Segunda<\/strong><\/span><span class=\"cobalto-calendario-descricao\"><a href=\"https:\/\/wp.ufpel.edu.br\/numat\/agenda-de-compras \"><span class=\"cobalto-evento-item-hora\"><\/span>IN\u00cdCIO: Per\u00edodo para solicita\u00e7\u00f5es de novas aquisi\u00e7\u00f5es\/contrata\u00e7\u00f5es, conforme Agenda de Compras<\/a><\/span><\/div><div class=\"cobalto-calendario-linha cobalto-calendario-linha-impar\"><span class=\"cobalto-calendario-tipo\" style=\"background:#4986E7\" title=\"Agenda de Compras\/PRA\"><\/span><span class=\"cobalto-calendario-dia\"><strong><\/strong><\/span><span class=\"cobalto-calendario-descricao\"><a href=\"https:\/\/wp.ufpel.edu.br\/numat\/agenda-de-compras \"><span class=\"cobalto-evento-item-hora\"><\/span>IN\u00cdCIO: Per\u00edodo para solicita\u00e7\u00f5es de aquisi\u00e7\u00f5es\/contrata\u00e7\u00f5es por Preg\u00f5es - Sistemas de Registros de Pre\u00e7os (SRP), conforme Agenda de Compras<\/a><\/span><\/div><div class=\"cobalto-calendario-linha cobalto-calendario-linha-par\"><span class=\"cobalto-calendario-tipo\" style=\"background:#4986E7\" title=\"Agenda de Compras\/PRA\"><\/span><span class=\"cobalto-calendario-dia\"><strong>05 Sexta<\/strong><\/span><span class=\"cobalto-calendario-descricao\"><a href=\"https:\/\/wp.ufpel.edu.br\/numat\/agenda-de-compras \"><span class=\"cobalto-evento-item-hora\"><\/span>FIM: Per\u00edodo para solicita\u00e7\u00f5es de aquisi\u00e7\u00f5es\/contrata\u00e7\u00f5es por Preg\u00f5es - Sistemas de Registros de Pre\u00e7os (SRP), conforme Agenda de Compras<\/a><\/span><\/div><div class=\"cobalto-calendario-linha cobalto-calendario-linha-par\"><span class=\"cobalto-calendario-tipo\" style=\"background:#4986E7\" title=\"Agenda de Compras\/PRA\"><\/span><span class=\"cobalto-calendario-dia\"><strong><\/strong><\/span><span class=\"cobalto-calendario-descricao\"><a href=\"https:\/\/wp.ufpel.edu.br\/numat\/agenda-de-compras \"><span class=\"cobalto-evento-item-hora\"><\/span>FIM: Per\u00edodo para solicita\u00e7\u00f5es de novas aquisi\u00e7\u00f5es\/contrata\u00e7\u00f5es, conforme Agenda de Compras<\/a><\/span><\/div><div class=\"cobalto-calendario-mes\"><strong>Maio \/ 2024<\/strong><\/div><div class=\"cobalto-calendario-linha cobalto-calendario-linha-impar\"><span class=\"cobalto-calendario-tipo\" style=\"background:#4986E7\" title=\"Agenda de Compras\/PRA\"><\/span><span class=\"cobalto-calendario-dia\"><strong>06 Segunda<\/strong><\/span><span class=\"cobalto-calendario-descricao\"><a href=\"https:\/\/wp.ufpel.edu.br\/numat\/agenda-de-compras \"><span class=\"cobalto-evento-item-hora\"><\/span>IN\u00cdCIO: Per\u00edodo para solicita\u00e7\u00f5es de novas aquisi\u00e7\u00f5es\/contrata\u00e7\u00f5es, conforme Agenda de Compras<\/a><\/span><\/div><div class=\"cobalto-calendario-linha cobalto-calendario-linha-par\"><span class=\"cobalto-calendario-tipo\" style=\"background:#4986E7\" title=\"Agenda de Compras\/PRA\"><\/span><span class=\"cobalto-calendario-dia\"><strong>10 Sexta<\/strong><\/span><span class=\"cobalto-calendario-descricao\"><a href=\"https:\/\/wp.ufpel.edu.br\/numat\/agenda-de-compras \"><span class=\"cobalto-evento-item-hora\"><\/span>FIM: Per\u00edodo para solicita\u00e7\u00f5es de novas aquisi\u00e7\u00f5es\/contrata\u00e7\u00f5es, conforme Agenda de Compras<\/a><\/span><\/div><div class=\"cobalto-calendario-mes\"><strong>Junho \/ 2024<\/strong><\/div><div class=\"cobalto-calendario-linha cobalto-calendario-linha-impar\"><span class=\"cobalto-calendario-tipo\" style=\"background:#4986E7\" title=\"Agenda de Compras\/PRA\"><\/span><span class=\"cobalto-calendario-dia\"><strong>03 Segunda<\/strong><\/span><span class=\"cobalto-calendario-descricao\"><a href=\"https:\/\/wp.ufpel.edu.br\/numat\/agenda-de-compras \"><span class=\"cobalto-evento-item-hora\"><\/span>IN\u00cdCIO: Per\u00edodo para solicita\u00e7\u00f5es de aquisi\u00e7\u00f5es\/contrata\u00e7\u00f5es por Preg\u00f5es - Sistemas de Registros de Pre\u00e7os (SRP), conforme Agenda de Compras<\/a><\/span><\/div><div class=\"cobalto-calendario-linha cobalto-calendario-linha-impar\"><span class=\"cobalto-calendario-tipo\" style=\"background:#4986E7\" title=\"Agenda de Compras\/PRA\"><\/span><span class=\"cobalto-calendario-dia\"><strong><\/strong><\/span><span class=\"cobalto-calendario-descricao\"><a href=\"https:\/\/wp.ufpel.edu.br\/numat\/agenda-de-compras \"><span class=\"cobalto-evento-item-hora\"><\/span>IN\u00cdCIO: Per\u00edodo para solicita\u00e7\u00f5es de novas aquisi\u00e7\u00f5es\/contrata\u00e7\u00f5es, conforme Agenda de Compras<\/a><\/span><\/div><div class=\"cobalto-calendario-linha cobalto-calendario-linha-par\"><span class=\"cobalto-calendario-tipo\" style=\"background:#4986E7\" title=\"Agenda de Compras\/PRA\"><\/span><span class=\"cobalto-calendario-dia\"><strong>07 Sexta<\/strong><\/span><span class=\"cobalto-calendario-descricao\"><a href=\"https:\/\/wp.ufpel.edu.br\/numat\/agenda-de-compras \"><span class=\"cobalto-evento-item-hora\"><\/span>FIM: Per\u00edodo para solicita\u00e7\u00f5es de aquisi\u00e7\u00f5es\/contrata\u00e7\u00f5es por Preg\u00f5es - Sistemas de Registros de Pre\u00e7os (SRP), conforme Agenda de Compras<\/a><\/span><\/div><div class=\"cobalto-calendario-linha cobalto-calendario-linha-par\"><span class=\"cobalto-calendario-tipo\" style=\"background:#4986E7\" title=\"Agenda de Compras\/PRA\"><\/span><span class=\"cobalto-calendario-dia\"><strong><\/strong><\/span><span class=\"cobalto-calendario-descricao\"><a href=\"https:\/\/wp.ufpel.edu.br\/numat\/agenda-de-compras \"><span class=\"cobalto-evento-item-hora\"><\/span>FIM: Per\u00edodo para solicita\u00e7\u00f5es de novas aquisi\u00e7\u00f5es\/contrata\u00e7\u00f5es, conforme Agenda de Compras<\/a><\/span><\/div><div class=\"cobalto-calendario-mes\"><strong>Julho \/ 2024<\/strong><\/div><div class=\"cobalto-calendario-linha cobalto-calendario-linha-impar\"><span class=\"cobalto-calendario-tipo\" style=\"background:#4986E7\" title=\"Agenda de Compras\/PRA\"><\/span><span class=\"cobalto-calendario-dia\"><strong>01 Segunda<\/strong><\/span><span class=\"cobalto-calendario-descricao\"><a href=\"https:\/\/wp.ufpel.edu.br\/numat\/agenda-de-compras \"><span class=\"cobalto-evento-item-hora\"><\/span>IN\u00cdCIO: Per\u00edodo para solicita\u00e7\u00f5es de novas aquisi\u00e7\u00f5es\/contrata\u00e7\u00f5es, conforme Agenda de Compras<\/a><\/span><\/div><div class=\"cobalto-calendario-linha cobalto-calendario-linha-par\"><span class=\"cobalto-calendario-tipo\" style=\"background:#4986E7\" title=\"Agenda de Compras\/PRA\"><\/span><span class=\"cobalto-calendario-dia\"><strong>05 Sexta<\/strong><\/span><span class=\"cobalto-calendario-descricao\"><a href=\"https:\/\/wp.ufpel.edu.br\/numat\/agenda-de-compras \"><span class=\"cobalto-evento-item-hora\"><\/span>FIM: Per\u00edodo para solicita\u00e7\u00f5es de novas aquisi\u00e7\u00f5es\/contrata\u00e7\u00f5es, conforme Agenda de Compras<\/a><\/span><\/div><div class=\"cobalto-calendario-mes\"><strong>Agosto \/ 2024<\/strong><\/div><div class=\"cobalto-calendario-linha cobalto-calendario-linha-impar\"><span class=\"cobalto-calendario-tipo\" style=\"background:#4986E7\" title=\"Agenda de Compras\/PRA\"><\/span><span class=\"cobalto-calendario-dia\"><strong>05 Segunda<\/strong><\/span><span class=\"cobalto-calendario-descricao\"><a href=\"https:\/\/wp.ufpel.edu.br\/numat\/agenda-de-compras \"><span class=\"cobalto-evento-item-hora\"><\/span>IN\u00cdCIO: Per\u00edodo para solicita\u00e7\u00f5es de aquisi\u00e7\u00f5es\/contrata\u00e7\u00f5es por Preg\u00f5es - Sistemas de Registros de Pre\u00e7os (SRP), conforme Agenda de Compras<\/a><\/span><\/div><div class=\"cobalto-calendario-linha cobalto-calendario-linha-impar\"><span class=\"cobalto-calendario-tipo\" style=\"background:#4986E7\" title=\"Agenda de Compras\/PRA\"><\/span><span class=\"cobalto-calendario-dia\"><strong><\/strong><\/span><span class=\"cobalto-calendario-descricao\"><a href=\"https:\/\/wp.ufpel.edu.br\/numat\/agenda-de-compras \"><span class=\"cobalto-evento-item-hora\"><\/span>IN\u00cdCIO: Per\u00edodo para solicita\u00e7\u00f5es de novas aquisi\u00e7\u00f5es\/contrata\u00e7\u00f5es, conforme Agenda de Compras<\/a><\/span><\/div><div class=\"cobalto-calendario-linha cobalto-calendario-linha-par\"><span class=\"cobalto-calendario-tipo\" style=\"background:#4986E7\" title=\"Agenda de Compras\/PRA\"><\/span><span class=\"cobalto-calendario-dia\"><strong>09 Sexta<\/strong><\/span><span class=\"cobalto-calendario-descricao\"><a href=\"https:\/\/wp.ufpel.edu.br\/numat\/agenda-de-compras \"><span class=\"cobalto-evento-item-hora\"><\/span>FIM: Per\u00edodo para solicita\u00e7\u00f5es de novas aquisi\u00e7\u00f5es\/contrata\u00e7\u00f5es, conforme Agenda de Compras<\/a><\/span><\/div><div class=\"cobalto-calendario-linha cobalto-calendario-linha-par\"><span class=\"cobalto-calendario-tipo\" style=\"background:#4986E7\" title=\"Agenda de Compras\/PRA\"><\/span><span class=\"cobalto-calendario-dia\"><strong><\/strong><\/span><span class=\"cobalto-calendario-descricao\"><a href=\"https:\/\/wp.ufpel.edu.br\/numat\/agenda-de-compras \"><span class=\"cobalto-evento-item-hora\"><\/span>FIM: Per\u00edodo para solicita\u00e7\u00f5es de aquisi\u00e7\u00f5es\/contrata\u00e7\u00f5es por Preg\u00f5es - Sistemas de Registros de Pre\u00e7os (SRP), conforme Agenda de Compras<\/a><\/span><\/div><div class=\"cobalto-calendario-mes\"><strong>Outubro \/ 2024<\/strong><\/div><div class=\"cobalto-calendario-linha cobalto-calendario-linha-impar\"><span class=\"cobalto-calendario-tipo\" style=\"background:#4986E7\" title=\"Agenda de Compras\/PRA\"><\/span><span class=\"cobalto-calendario-dia\"><strong>02 Quarta<\/strong><\/span><span class=\"cobalto-calendario-descricao\"><a href=\"https:\/\/wp.ufpel.edu.br\/numat\/agenda-de-compras \"><span class=\"cobalto-evento-item-hora\"><\/span>IN\u00cdCIO: Per\u00edodo para solicita\u00e7\u00f5es de aquisi\u00e7\u00f5es\/contrata\u00e7\u00f5es por Preg\u00f5es - Sistemas de Registros de Pre\u00e7os (SRP), conforme Agenda de Compras<\/a><\/span><\/div><div class=\"cobalto-calendario-linha cobalto-calendario-linha-par\"><span class=\"cobalto-calendario-tipo\" style=\"background:#4986E7\" title=\"Agenda de Compras\/PRA\"><\/span><span class=\"cobalto-calendario-dia\"><strong>07 Segunda<\/strong><\/span><span class=\"cobalto-calendario-descricao\"><a href=\"https:\/\/wp.ufpel.edu.br\/numat\/agenda-de-compras \"><span class=\"cobalto-evento-item-hora\"><\/span>IN\u00cdCIO: Per\u00edodo para solicita\u00e7\u00f5es de novas aquisi\u00e7\u00f5es\/contrata\u00e7\u00f5es, conforme Agenda de Compras<\/a><\/span><\/div><div class=\"cobalto-calendario-linha cobalto-calendario-linha-impar\"><span class=\"cobalto-calendario-tipo\" style=\"background:#4986E7\" title=\"Agenda de Compras\/PRA\"><\/span><span class=\"cobalto-calendario-dia\"><strong>11 Sexta<\/strong><\/span><span class=\"cobalto-calendario-descricao\"><a href=\"https:\/\/wp.ufpel.edu.br\/numat\/agenda-de-compras \"><span class=\"cobalto-evento-item-hora\"><\/span>FIM: Per\u00edodo para solicita\u00e7\u00f5es de novas aquisi\u00e7\u00f5es\/contrata\u00e7\u00f5es, conforme Agenda de Compras<\/a><\/span><\/div><div class=\"cobalto-calendario-linha cobalto-calendario-linha-par\"><span class=\"cobalto-calendario-tipo\" style=\"background:#4986E7\" title=\"Agenda de Compras\/PRA\"><\/span><span class=\"cobalto-calendario-dia\"><strong>13 Domingo<\/strong><\/span><span class=\"cobalto-calendario-descricao\"><a href=\"https:\/\/wp.ufpel.edu.br\/numat\/agenda-de-compras \"><span class=\"cobalto-evento-item-hora\"><\/span>FIM: Per\u00edodo para solicita\u00e7\u00f5es de aquisi\u00e7\u00f5es\/contrata\u00e7\u00f5es por Preg\u00f5es - Sistemas de Registros de Pre\u00e7os (SRP), conforme Agenda de Compras<\/a><\/span><\/div><div class=\"cobalto-calendario-mes\"><strong>Novembro \/ 2024<\/strong><\/div><div class=\"cobalto-calendario-linha cobalto-calendario-linha-impar\"><span class=\"cobalto-calendario-tipo\" style=\"background:#4986E7\" title=\"Agenda de Compras\/PRA\"><\/span><span class=\"cobalto-calendario-dia\"><strong>01 Sexta<\/strong><\/span><span class=\"cobalto-calendario-descricao\"><a href=\"https:\/\/wp.ufpel.edu.br\/numat\/agenda-de-compras \"><span class=\"cobalto-evento-item-hora\"><\/span>IN\u00cdCIO: Per\u00edodo para solicita\u00e7\u00f5es de novas aquisi\u00e7\u00f5es\/contrata\u00e7\u00f5es, conforme Agenda de Compras<\/a><\/span><\/div><div class=\"cobalto-calendario-linha cobalto-calendario-linha-par\"><span class=\"cobalto-calendario-tipo\" style=\"background:#4986E7\" title=\"Agenda de Compras\/PRA\"><\/span><span class=\"cobalto-calendario-dia\"><strong>07 Quinta<\/strong><\/span><span class=\"cobalto-calendario-descricao\"><a href=\"https:\/\/wp.ufpel.edu.br\/numat\/agenda-de-compras \"><span class=\"cobalto-evento-item-hora\"><\/span>FIM: Per\u00edodo para solicita\u00e7\u00f5es de novas aquisi\u00e7\u00f5es\/contrata\u00e7\u00f5es, conforme Agenda de Compras<\/a><\/span><\/div><div class=\"cobalto-calendario-mes\"><strong>Dezembro \/ 2024<\/strong><\/div><div class=\"cobalto-calendario-linha cobalto-calendario-linha-impar\"><span class=\"cobalto-calendario-tipo\" style=\"background:#4986E7\" title=\"Agenda de Compras\/PRA\"><\/span><span class=\"cobalto-calendario-dia\"><strong>02 Segunda<\/strong><\/span><span class=\"cobalto-calendario-descricao\"><a href=\"https:\/\/wp.ufpel.edu.br\/numat\/agenda-de-compras \"><span class=\"cobalto-evento-item-hora\"><\/span>IN\u00cdCIO: Per\u00edodo para solicita\u00e7\u00f5es de novas aquisi\u00e7\u00f5es\/contrata\u00e7\u00f5es, conforme Agenda de Compras<\/a><\/span><\/div><div class=\"cobalto-calendario-linha cobalto-calendario-linha-par\"><span class=\"cobalto-calendario-tipo\" style=\"background:#4986E7\" title=\"Agenda de Compras\/PRA\"><\/span><span class=\"cobalto-calendario-dia\"><strong>06 Sexta<\/strong><\/span><span class=\"cobalto-calendario-descricao\"><a href=\"https:\/\/wp.ufpel.edu.br\/numat\/agenda-de-compras \"><span class=\"cobalto-evento-item-hora\"><\/span>FIM: Per\u00edodo para solicita\u00e7\u00f5es de novas aquisi\u00e7\u00f5es\/contrata\u00e7\u00f5es, conforme Agenda de Compras<\/a><\/span><\/div><div class=\"cobalto-calendario-legenda\"><div class=\"cobalto-calendario-legenda-item\"><span class=\"cobalto-calendario-tipo\" style=\"background:#4986E7\"><\/span> Agenda de Compras\/PRA<\/div><\/div><\/div> <!-- .dados-cobalto --><\/p>\n","protected":false},"excerpt":{"rendered":"","protected":false},"author":667,"featured_media":0,"parent":0,"menu_order":0,"comment_status":"closed","ping_status":"closed","template":"","meta":{"footnotes":""},"class_list":["post-56","page","type-page","status-publish","hentry"],"_links":{"self":[{"href":"https:\/\/wp.ufpel.edu.br\/calendarios\/wp-json\/wp\/v2\/pages\/56","targetHints":{"allow":["GET"]}}],"collection":[{"href":"https:\/\/wp.ufpel.edu.br\/calendarios\/wp-json\/wp\/v2\/pages"}],"about":[{"href":"https:\/\/wp.ufpel.edu.br\/calendarios\/wp-json\/wp\/v2\/types\/page"}],"author":[{"embeddable":true,"href":"https:\/\/wp.ufpel.edu.br\/calendarios\/wp-json\/wp\/v2\/users\/667"}],"replies":[{"embeddable":true,"href":"https:\/\/wp.ufpel.edu.br\/calendarios\/wp-json\/wp\/v2\/comments?post=56"}],"version-history":[{"count":2,"href":"https:\/\/wp.ufpel.edu.br\/calendarios\/wp-json\/wp\/v2\/pages\/56\/revisions"}],"predecessor-version":[{"id":78,"href":"https:\/\/wp.ufpel.edu.br\/calendarios\/wp-json\/wp\/v2\/pages\/56\/revisions\/78"}],"wp:attachment":[{"href":"https:\/\/wp.ufpel.edu.br\/calendarios\/wp-json\/wp\/v2\/media?parent=56"}],"curies":[{"name":"wp","href":"https:\/\/api.w.org\/{rel}","templated":true}]}}