{"id":50,"date":"2023-02-23T17:31:22","date_gmt":"2023-02-23T20:31:22","guid":{"rendered":"https:\/\/wp.ufpel.edu.br\/calendarios\/?page_id=50"},"modified":"2024-02-07T10:14:33","modified_gmt":"2024-02-07T13:14:33","slug":"pro-reitoria-de-planejamento-e-desenvolvimento-proplan","status":"publish","type":"page","link":"https:\/\/wp.ufpel.edu.br\/calendarios\/pro-reitoria-de-planejamento-e-desenvolvimento-proplan\/","title":{"rendered":"Pr\u00f3-Reitoria de Planejamento e Desenvolvimento\/PROPLAN"},"content":{"rendered":"<p><div id=\"cobalto-calendario\" class=\"dados-cobalto cobalto-calendario\"><\/div>\n<script>\n\tconst agendaQueryURL = 'https:\/\/api.ufpel.edu.br\/publico\/calendario\/66\/ano\/2024\/impressao',\n\t\t  mostraLegenda  = '1';\n<\/script>\n<script src=\"https:\/\/wp.ufpel.edu.br\/calendarios\/wp-content\/plugins\/dados-cobalto\/lib\/..\/js\/fullcalendar-5.11.0\/lib\/main.min.js\"><\/script>\n<script src=\"https:\/\/wp.ufpel.edu.br\/calendarios\/wp-content\/plugins\/dados-cobalto\/lib\/..\/js\/fullcalendar-5.11.0\/lib\/locales\/pt-br.js\"><\/script>\n<script src=\"https:\/\/wp.ufpel.edu.br\/calendarios\/wp-content\/plugins\/dados-cobalto\/lib\/..\/js\/tooltip\/popper.min.js\"><\/script>\n<script src=\"https:\/\/wp.ufpel.edu.br\/calendarios\/wp-content\/plugins\/dados-cobalto\/lib\/..\/js\/tooltip\/tooltip.min.js\"><\/script>\n<script src=\"https:\/\/wp.ufpel.edu.br\/calendarios\/wp-content\/plugins\/dados-cobalto\/lib\/..\/js\/agenda-fc.js\"><\/script><br \/>\n<div class=\"dados-cobalto cobalto-calendario\"><div class=\"cobalto-calendario-legenda\"><div class=\"cobalto-calendario-legenda-item\"><span class=\"cobalto-calendario-tipo\" style=\"background:#F83A22\"><\/span> Pr\u00f3-Reitoria de Planejamento e Desenvolvimento\/PROPLAN<\/div><\/div><div class=\"cobalto-calendario-mes\"><strong>Janeiro \/ 2024<\/strong><\/div><div class=\"cobalto-calendario-linha cobalto-calendario-linha-impar\"><span class=\"cobalto-calendario-tipo\" style=\"background:#F83A22\" title=\"Pr\u00f3-Reitoria de Planejamento e Desenvolvimento\/PROPLAN\"><\/span><span class=\"cobalto-calendario-dia\"><strong>01 Segunda<\/strong><\/span><span class=\"cobalto-calendario-descricao\"><span class=\"cobalto-evento-item-hora\"><\/span>IN\u00cdCIO: Per\u00edodo para envio do planejamento de obras e projetos a  serem licitadas no pr\u00f3ximo exerc\u00edcio.<\/span><\/div><div class=\"cobalto-calendario-mes\"><strong>Fevereiro \/ 2024<\/strong><\/div><div class=\"cobalto-calendario-linha cobalto-calendario-linha-par\"><span class=\"cobalto-calendario-tipo\" style=\"background:#F83A22\" title=\"Pr\u00f3-Reitoria de Planejamento e Desenvolvimento\/PROPLAN\"><\/span><span class=\"cobalto-calendario-dia\"><strong>09 Sexta<\/strong><\/span><span class=\"cobalto-calendario-descricao\"><span class=\"cobalto-evento-item-hora\"><\/span>Prazo final para o envio das informa\u00e7\u00f5es para elabora\u00e7\u00e3o do Relat\u00f3rio de Gest\u00e3o 2023 (Unidades Administrativas - Gabinetes e Pr\u00f3-Reitorias)<\/span><\/div><div class=\"cobalto-calendario-mes\"><strong>Mar\u00e7o \/ 2024<\/strong><\/div><div class=\"cobalto-calendario-linha cobalto-calendario-linha-impar\"><span class=\"cobalto-calendario-tipo\" style=\"background:#F83A22\" title=\"Pr\u00f3-Reitoria de Planejamento e Desenvolvimento\/PROPLAN\"><\/span><span class=\"cobalto-calendario-dia\"><strong>05 Ter\u00e7a<\/strong><\/span><span class=\"cobalto-calendario-descricao\"><span class=\"cobalto-evento-item-hora\"><\/span>Data limite para solicita\u00e7\u00e3o de salas \u00e0 SACE<\/span><\/div><div class=\"cobalto-calendario-linha cobalto-calendario-linha-par\"><span class=\"cobalto-calendario-tipo\" style=\"background:#F83A22\" title=\"Pr\u00f3-Reitoria de Planejamento e Desenvolvimento\/PROPLAN\"><\/span><span class=\"cobalto-calendario-dia\"><strong>11 Segunda<\/strong><\/span><span class=\"cobalto-calendario-descricao\"><span class=\"cobalto-evento-item-hora\"><\/span>IN\u00cdCIO: Coleta de res\u00edduos qu\u00edmicos nos pontos de coleta<\/span><\/div><div class=\"cobalto-calendario-linha cobalto-calendario-linha-impar\"><span class=\"cobalto-calendario-tipo\" style=\"background:#F83A22\" title=\"Pr\u00f3-Reitoria de Planejamento e Desenvolvimento\/PROPLAN\"><\/span><span class=\"cobalto-calendario-dia\"><strong>15 Sexta<\/strong><\/span><span class=\"cobalto-calendario-descricao\"><span class=\"cobalto-evento-item-hora\"><\/span>FIM: Coleta de res\u00edduos qu\u00edmicos nos pontos de coleta<\/span><\/div><div class=\"cobalto-calendario-linha cobalto-calendario-linha-par\"><span class=\"cobalto-calendario-tipo\" style=\"background:#F83A22\" title=\"Pr\u00f3-Reitoria de Planejamento e Desenvolvimento\/PROPLAN\"><\/span><span class=\"cobalto-calendario-dia\"><strong>26 Ter\u00e7a<\/strong><\/span><span class=\"cobalto-calendario-descricao\"><span class=\"cobalto-evento-item-hora\"><\/span>Data limite para confirma\u00e7\u00e3o de salas pela SACE<\/span><\/div><div class=\"cobalto-calendario-linha cobalto-calendario-linha-impar\"><span class=\"cobalto-calendario-tipo\" style=\"background:#F83A22\" title=\"Pr\u00f3-Reitoria de Planejamento e Desenvolvimento\/PROPLAN\"><\/span><span class=\"cobalto-calendario-dia\"><strong>27 Quarta<\/strong><\/span><span class=\"cobalto-calendario-descricao\"><span class=\"cobalto-evento-item-hora\"><\/span>IN\u00cdCIO: Per\u00edodo para solicita\u00e7\u00e3o de rean\u00e1lise de distribui\u00e7\u00e3o de salas \u00e0 SACE<\/span><\/div><div class=\"cobalto-calendario-linha cobalto-calendario-linha-par\"><span class=\"cobalto-calendario-tipo\" style=\"background:#F83A22\" title=\"Pr\u00f3-Reitoria de Planejamento e Desenvolvimento\/PROPLAN\"><\/span><span class=\"cobalto-calendario-dia\"><strong>29 Sexta<\/strong><\/span><span class=\"cobalto-calendario-descricao\"><span class=\"cobalto-evento-item-hora\"><\/span>FIM: Per\u00edodo para solicita\u00e7\u00e3o de rean\u00e1lise de distribui\u00e7\u00e3o de salas \u00e0 SACE<\/span><\/div><div class=\"cobalto-calendario-mes\"><strong>Maio \/ 2024<\/strong><\/div><div class=\"cobalto-calendario-linha cobalto-calendario-linha-impar\"><span class=\"cobalto-calendario-tipo\" style=\"background:#F83A22\" title=\"Pr\u00f3-Reitoria de Planejamento e Desenvolvimento\/PROPLAN\"><\/span><span class=\"cobalto-calendario-dia\"><strong>06 Segunda<\/strong><\/span><span class=\"cobalto-calendario-descricao\"><span class=\"cobalto-evento-item-hora\"><\/span>IN\u00cdCIO: Coleta de res\u00edduos qu\u00edmicos nos pontos de coleta<\/span><\/div><div class=\"cobalto-calendario-linha cobalto-calendario-linha-par\"><span class=\"cobalto-calendario-tipo\" style=\"background:#F83A22\" title=\"Pr\u00f3-Reitoria de Planejamento e Desenvolvimento\/PROPLAN\"><\/span><span class=\"cobalto-calendario-dia\"><strong>10 Sexta<\/strong><\/span><span class=\"cobalto-calendario-descricao\"><span class=\"cobalto-evento-item-hora\"><\/span>FIM: Coleta de res\u00edduos qu\u00edmicos nos pontos de coleta<\/span><\/div><div class=\"cobalto-calendario-linha cobalto-calendario-linha-impar\"><span class=\"cobalto-calendario-tipo\" style=\"background:#F83A22\" title=\"Pr\u00f3-Reitoria de Planejamento e Desenvolvimento\/PROPLAN\"><\/span><span class=\"cobalto-calendario-dia\"><strong>28 Ter\u00e7a<\/strong><\/span><span class=\"cobalto-calendario-descricao\"><a href=\"https:\/\/wp.ufpel.edu.br\/votacao\/\"><span class=\"cobalto-evento-item-hora\"><\/span>Forma\u00e7\u00e3o Sistema Helios voting para Chefes de N\u00facleos Administrativos<\/a><\/span><\/div><div class=\"cobalto-calendario-mes\"><strong>Junho \/ 2024<\/strong><\/div><div class=\"cobalto-calendario-linha cobalto-calendario-linha-par\"><span class=\"cobalto-calendario-tipo\" style=\"background:#F83A22\" title=\"Pr\u00f3-Reitoria de Planejamento e Desenvolvimento\/PROPLAN\"><\/span><span class=\"cobalto-calendario-dia\"><strong>07 Sexta<\/strong><\/span><span class=\"cobalto-calendario-descricao\"><span class=\"cobalto-evento-item-hora\"><\/span>Prazo final para o 1\u00ba preenchimento anual do \u201cAcompanhaPDI\u201d (Unidades Administrativas - Gabinetes e Pr\u00f3-Reitorias)<\/span><\/div><div class=\"cobalto-calendario-linha cobalto-calendario-linha-impar\"><span class=\"cobalto-calendario-tipo\" style=\"background:#F83A22\" title=\"Pr\u00f3-Reitoria de Planejamento e Desenvolvimento\/PROPLAN\"><\/span><span class=\"cobalto-calendario-dia\"><strong>30 Domingo<\/strong><\/span><span class=\"cobalto-calendario-descricao\"><span class=\"cobalto-evento-item-hora\"><\/span>FIM: Per\u00edodo para envio do planejamento de obras e projetos a  serem licitadas no pr\u00f3ximo exerc\u00edcio.<\/span><\/div><div class=\"cobalto-calendario-mes\"><strong>Julho \/ 2024<\/strong><\/div><div class=\"cobalto-calendario-linha cobalto-calendario-linha-par\"><span class=\"cobalto-calendario-tipo\" style=\"background:#F83A22\" title=\"Pr\u00f3-Reitoria de Planejamento e Desenvolvimento\/PROPLAN\"><\/span><span class=\"cobalto-calendario-dia\"><strong>15 Segunda<\/strong><\/span><span class=\"cobalto-calendario-descricao\"><span class=\"cobalto-evento-item-hora\"><\/span>IN\u00cdCIO: Coleta de res\u00edduos qu\u00edmicos nos pontos de coleta<\/span><\/div><div class=\"cobalto-calendario-linha cobalto-calendario-linha-impar\"><span class=\"cobalto-calendario-tipo\" style=\"background:#F83A22\" title=\"Pr\u00f3-Reitoria de Planejamento e Desenvolvimento\/PROPLAN\"><\/span><span class=\"cobalto-calendario-dia\"><strong>17 Quarta<\/strong><\/span><span class=\"cobalto-calendario-descricao\"><span class=\"cobalto-evento-item-hora\"><\/span>Data limite para solicita\u00e7\u00e3o de salas \u00e0 SACE<\/span><\/div><div class=\"cobalto-calendario-linha cobalto-calendario-linha-par\"><span class=\"cobalto-calendario-tipo\" style=\"background:#F83A22\" title=\"Pr\u00f3-Reitoria de Planejamento e Desenvolvimento\/PROPLAN\"><\/span><span class=\"cobalto-calendario-dia\"><strong>19 Sexta<\/strong><\/span><span class=\"cobalto-calendario-descricao\"><span class=\"cobalto-evento-item-hora\"><\/span>FIM: Coleta de res\u00edduos qu\u00edmicos nos pontos de coleta<\/span><\/div><div class=\"cobalto-calendario-linha cobalto-calendario-linha-impar\"><span class=\"cobalto-calendario-tipo\" style=\"background:#F83A22\" title=\"Pr\u00f3-Reitoria de Planejamento e Desenvolvimento\/PROPLAN\"><\/span><span class=\"cobalto-calendario-dia\"><strong>24 Quarta<\/strong><\/span><span class=\"cobalto-calendario-descricao\"><a href=\"https:\/\/wp.ufpel.edu.br\/planejamentoufpel\/pdus-2o-ciclo\/\"><span class=\"cobalto-evento-item-hora\"><\/span>Prazo para a entrega dos Planos de Desenvolvimento das Unidades - PDUs T\u00e1ticos 2023\/2024 (Unidades Administrativas)<\/a><\/span><\/div><div class=\"cobalto-calendario-mes\"><strong>Agosto \/ 2024<\/strong><\/div><div class=\"cobalto-calendario-linha cobalto-calendario-linha-par\"><span class=\"cobalto-calendario-tipo\" style=\"background:#F83A22\" title=\"Pr\u00f3-Reitoria de Planejamento e Desenvolvimento\/PROPLAN\"><\/span><span class=\"cobalto-calendario-dia\"><strong>07 Quarta<\/strong><\/span><span class=\"cobalto-calendario-descricao\"><span class=\"cobalto-evento-item-hora\"><\/span>Data limite para confirma\u00e7\u00e3o de salas pela SACE<\/span><\/div><div class=\"cobalto-calendario-linha cobalto-calendario-linha-impar\"><span class=\"cobalto-calendario-tipo\" style=\"background:#F83A22\" title=\"Pr\u00f3-Reitoria de Planejamento e Desenvolvimento\/PROPLAN\"><\/span><span class=\"cobalto-calendario-dia\"><strong>08 Quinta<\/strong><\/span><span class=\"cobalto-calendario-descricao\"><span class=\"cobalto-evento-item-hora\"><\/span>IN\u00cdCIO: Per\u00edodo para solicita\u00e7\u00e3o de rean\u00e1lise de distribui\u00e7\u00e3o de salas \u00e0 SACE<\/span><\/div><div class=\"cobalto-calendario-linha cobalto-calendario-linha-par\"><span class=\"cobalto-calendario-tipo\" style=\"background:#F83A22\" title=\"Pr\u00f3-Reitoria de Planejamento e Desenvolvimento\/PROPLAN\"><\/span><span class=\"cobalto-calendario-dia\"><strong>12 Segunda<\/strong><\/span><span class=\"cobalto-calendario-descricao\"><span class=\"cobalto-evento-item-hora\"><\/span>FIM: Per\u00edodo para solicita\u00e7\u00e3o de rean\u00e1lise de distribui\u00e7\u00e3o de salas \u00e0 SACE<\/span><\/div><div class=\"cobalto-calendario-linha cobalto-calendario-linha-impar\"><span class=\"cobalto-calendario-tipo\" style=\"background:#F83A22\" title=\"Pr\u00f3-Reitoria de Planejamento e Desenvolvimento\/PROPLAN\"><\/span><span class=\"cobalto-calendario-dia\"><strong>21 Quarta<\/strong><\/span><span class=\"cobalto-calendario-descricao\"><span class=\"cobalto-evento-item-hora\"><\/span>Data limite para a SACE responder ao pedido de rean\u00e1lise de distribui\u00e7\u00e3o de salas<\/span><\/div><div class=\"cobalto-calendario-mes\"><strong>Setembro \/ 2024<\/strong><\/div><div class=\"cobalto-calendario-linha cobalto-calendario-linha-par\"><span class=\"cobalto-calendario-tipo\" style=\"background:#F83A22\" title=\"Pr\u00f3-Reitoria de Planejamento e Desenvolvimento\/PROPLAN\"><\/span><span class=\"cobalto-calendario-dia\"><strong>25 Quarta<\/strong><\/span><span class=\"cobalto-calendario-descricao\"><span class=\"cobalto-evento-item-hora\"><\/span>Evento sobre Planejamento Universit\u00e1rio<\/span><\/div><div class=\"cobalto-calendario-mes\"><strong>Outubro \/ 2024<\/strong><\/div><div class=\"cobalto-calendario-linha cobalto-calendario-linha-impar\"><span class=\"cobalto-calendario-tipo\" style=\"background:#F83A22\" title=\"Pr\u00f3-Reitoria de Planejamento e Desenvolvimento\/PROPLAN\"><\/span><span class=\"cobalto-calendario-dia\"><strong>07 Segunda<\/strong><\/span><span class=\"cobalto-calendario-descricao\"><span class=\"cobalto-evento-item-hora\"><\/span>IN\u00cdCIO: Coleta de res\u00edduos qu\u00edmicos nos pontos de coleta<\/span><\/div><div class=\"cobalto-calendario-linha cobalto-calendario-linha-par\"><span class=\"cobalto-calendario-tipo\" style=\"background:#F83A22\" title=\"Pr\u00f3-Reitoria de Planejamento e Desenvolvimento\/PROPLAN\"><\/span><span class=\"cobalto-calendario-dia\"><strong>11 Sexta<\/strong><\/span><span class=\"cobalto-calendario-descricao\"><span class=\"cobalto-evento-item-hora\"><\/span>FIM: Coleta de res\u00edduos qu\u00edmicos nos pontos de coleta<\/span><\/div><div class=\"cobalto-calendario-linha cobalto-calendario-linha-impar\"><span class=\"cobalto-calendario-tipo\" style=\"background:#F83A22\" title=\"Pr\u00f3-Reitoria de Planejamento e Desenvolvimento\/PROPLAN\"><\/span><span class=\"cobalto-calendario-dia\"><strong>28 Segunda<\/strong><\/span><span class=\"cobalto-calendario-descricao\"><a href=\"https:\/\/wp.ufpel.edu.br\/proplan\/superintendencia-de-orcamento-e-gestao-de-recursos\/nucleos-sor\/execucao-orcamentaria\/\"><span class=\"cobalto-evento-item-hora\"><\/span>Data estimada de encerramento or\u00e7ament\u00e1rio do exerc\u00edcio de 2024 - \u00faltimo dia para pedidos de concess\u00e3o de di\u00e1rias e passagens, solicita\u00e7\u00f5es de remanejos e transfer\u00eancias via Cobalto.<\/a><\/span><\/div><div class=\"cobalto-calendario-mes\"><strong>Dezembro \/ 2024<\/strong><\/div><div class=\"cobalto-calendario-linha cobalto-calendario-linha-par\"><span class=\"cobalto-calendario-tipo\" style=\"background:#F83A22\" title=\"Pr\u00f3-Reitoria de Planejamento e Desenvolvimento\/PROPLAN\"><\/span><span class=\"cobalto-calendario-dia\"><strong>02 Segunda<\/strong><\/span><span class=\"cobalto-calendario-descricao\"><span class=\"cobalto-evento-item-hora\"><\/span>In\u00edcio dos tr\u00e2mites para a elabora\u00e7\u00e3o do Relat\u00f3rio de Gest\u00e3o 2024<\/span><\/div><div class=\"cobalto-calendario-linha cobalto-calendario-linha-impar\"><span class=\"cobalto-calendario-tipo\" style=\"background:#F83A22\" title=\"Pr\u00f3-Reitoria de Planejamento e Desenvolvimento\/PROPLAN\"><\/span><span class=\"cobalto-calendario-dia\"><strong>09 Segunda<\/strong><\/span><span class=\"cobalto-calendario-descricao\"><span class=\"cobalto-evento-item-hora\"><\/span>IN\u00cdCIO: Coleta de res\u00edduos qu\u00edmicos nos pontos de coleta<\/span><\/div><div class=\"cobalto-calendario-linha cobalto-calendario-linha-par\"><span class=\"cobalto-calendario-tipo\" style=\"background:#F83A22\" title=\"Pr\u00f3-Reitoria de Planejamento e Desenvolvimento\/PROPLAN\"><\/span><span class=\"cobalto-calendario-dia\"><strong>13 Sexta<\/strong><\/span><span class=\"cobalto-calendario-descricao\"><span class=\"cobalto-evento-item-hora\"><\/span>FIM: Coleta de res\u00edduos qu\u00edmicos nos pontos de coleta<\/span><\/div><div class=\"cobalto-calendario-linha cobalto-calendario-linha-impar\"><span class=\"cobalto-calendario-tipo\" style=\"background:#F83A22\" title=\"Pr\u00f3-Reitoria de Planejamento e Desenvolvimento\/PROPLAN\"><\/span><span class=\"cobalto-calendario-dia\"><strong>16 Segunda<\/strong><\/span><span class=\"cobalto-calendario-descricao\"><span class=\"cobalto-evento-item-hora\"><\/span>Prazo final para o 2\u00ba preenchimento anual do \u201cAcompanhaPDI\u201d (Unidades Administrativas - Gabinetes e Pr\u00f3-Reitorias)<\/span><\/div><div class=\"cobalto-calendario-linha cobalto-calendario-linha-par\"><span class=\"cobalto-calendario-tipo\" style=\"background:#F83A22\" title=\"Pr\u00f3-Reitoria de Planejamento e Desenvolvimento\/PROPLAN\"><\/span><span class=\"cobalto-calendario-dia\"><strong>20 Sexta<\/strong><\/span><span class=\"cobalto-calendario-descricao\"><span class=\"cobalto-evento-item-hora\"><\/span>Reuni\u00e3o com os setores envolvidos no Relat\u00f3rio de Gest\u00e3o 2024<\/span><\/div><div class=\"cobalto-calendario-legenda\"><div class=\"cobalto-calendario-legenda-item\"><span class=\"cobalto-calendario-tipo\" style=\"background:#F83A22\"><\/span> Pr\u00f3-Reitoria de Planejamento e Desenvolvimento\/PROPLAN<\/div><\/div><\/div> <!-- .dados-cobalto --><\/p>\n","protected":false},"excerpt":{"rendered":"","protected":false},"author":667,"featured_media":0,"parent":0,"menu_order":0,"comment_status":"closed","ping_status":"closed","template":"","meta":{"footnotes":""},"class_list":["post-50","page","type-page","status-publish","hentry"],"_links":{"self":[{"href":"https:\/\/wp.ufpel.edu.br\/calendarios\/wp-json\/wp\/v2\/pages\/50","targetHints":{"allow":["GET"]}}],"collection":[{"href":"https:\/\/wp.ufpel.edu.br\/calendarios\/wp-json\/wp\/v2\/pages"}],"about":[{"href":"https:\/\/wp.ufpel.edu.br\/calendarios\/wp-json\/wp\/v2\/types\/page"}],"author":[{"embeddable":true,"href":"https:\/\/wp.ufpel.edu.br\/calendarios\/wp-json\/wp\/v2\/users\/667"}],"replies":[{"embeddable":true,"href":"https:\/\/wp.ufpel.edu.br\/calendarios\/wp-json\/wp\/v2\/comments?post=50"}],"version-history":[{"count":2,"href":"https:\/\/wp.ufpel.edu.br\/calendarios\/wp-json\/wp\/v2\/pages\/50\/revisions"}],"predecessor-version":[{"id":84,"href":"https:\/\/wp.ufpel.edu.br\/calendarios\/wp-json\/wp\/v2\/pages\/50\/revisions\/84"}],"wp:attachment":[{"href":"https:\/\/wp.ufpel.edu.br\/calendarios\/wp-json\/wp\/v2\/media?parent=50"}],"curies":[{"name":"wp","href":"https:\/\/api.w.org\/{rel}","templated":true}]}}