{"id":9,"date":"2025-06-08T17:25:38","date_gmt":"2025-06-08T20:25:38","guid":{"rendered":"https:\/\/wp.ufpel.edu.br\/calculuspluslatex\/?page_id=9"},"modified":"2025-11-12T00:25:47","modified_gmt":"2025-11-12T03:25:47","slug":"topicos-de-calculo-a-varias-variaveis","status":"publish","type":"page","link":"https:\/\/wp.ufpel.edu.br\/calculuspluslatex\/topicos-de-calculo-a-varias-variaveis\/","title":{"rendered":"T\u00f3picos de c\u00e1lculo a v\u00e1rias vari\u00e1veis"},"content":{"rendered":"<p>Material pdf:<\/p>\n<p><a href=\"https:\/\/wp.ufpel.edu.br\/calculuspluslatex\/files\/2025\/08\/Integrais-duplas-em-coordenadas-polares.pdf\">Integrais duplas em coordenadas polares<\/a><\/p>\n<p><a href=\"https:\/\/wp.ufpel.edu.br\/calculuspluslatex\/files\/2025\/09\/Diferenciabilidade.pdf\">Diferenciabilidade no \u211d<sup>m<\/sup><\/a><\/p>\n<p><a href=\"https:\/\/wp.ufpel.edu.br\/calculuspluslatex\/files\/2025\/11\/Limite.pdf\">Limites de fun\u00e7\u00f5es de v\u00e1rias vari\u00e1veis reais <\/a><\/p>\n<p>V\u00eddeos:<\/p>\n","protected":false},"excerpt":{"rendered":"<p>Material pdf: Integrais duplas em coordenadas polares Diferenciabilidade no \u211dm Limites de fun\u00e7\u00f5es de v\u00e1rias vari\u00e1veis reais V\u00eddeos:<\/p>\n","protected":false},"author":605,"featured_media":0,"parent":0,"menu_order":2,"comment_status":"closed","ping_status":"closed","template":"","meta":{"footnotes":""},"class_list":["post-9","page","type-page","status-publish","hentry"],"_links":{"self":[{"href":"https:\/\/wp.ufpel.edu.br\/calculuspluslatex\/wp-json\/wp\/v2\/pages\/9","targetHints":{"allow":["GET"]}}],"collection":[{"href":"https:\/\/wp.ufpel.edu.br\/calculuspluslatex\/wp-json\/wp\/v2\/pages"}],"about":[{"href":"https:\/\/wp.ufpel.edu.br\/calculuspluslatex\/wp-json\/wp\/v2\/types\/page"}],"author":[{"embeddable":true,"href":"https:\/\/wp.ufpel.edu.br\/calculuspluslatex\/wp-json\/wp\/v2\/users\/605"}],"replies":[{"embeddable":true,"href":"https:\/\/wp.ufpel.edu.br\/calculuspluslatex\/wp-json\/wp\/v2\/comments?post=9"}],"version-history":[{"count":3,"href":"https:\/\/wp.ufpel.edu.br\/calculuspluslatex\/wp-json\/wp\/v2\/pages\/9\/revisions"}],"predecessor-version":[{"id":52,"href":"https:\/\/wp.ufpel.edu.br\/calculuspluslatex\/wp-json\/wp\/v2\/pages\/9\/revisions\/52"}],"wp:attachment":[{"href":"https:\/\/wp.ufpel.edu.br\/calculuspluslatex\/wp-json\/wp\/v2\/media?parent=9"}],"curies":[{"name":"wp","href":"https:\/\/api.w.org\/{rel}","templated":true}]}}