{"id":22,"date":"2025-06-08T17:45:12","date_gmt":"2025-06-08T20:45:12","guid":{"rendered":"https:\/\/wp.ufpel.edu.br\/calculuspluslatex\/?page_id=22"},"modified":"2025-11-23T15:44:18","modified_gmt":"2025-11-23T18:44:18","slug":"dicas-de-latex","status":"publish","type":"page","link":"https:\/\/wp.ufpel.edu.br\/calculuspluslatex\/dicas-de-latex\/","title":{"rendered":"Dicas de LaTex"},"content":{"rendered":"<p>Material did\u00e1tico:<\/p>\n<p><a href=\"https:\/\/wp.ufpel.edu.br\/zahn\/files\/2017\/09\/simbolos_latex.pdf\">S\u00edmbolos em LaTeX<\/a><\/p>\n<p>&nbsp;<\/p>\n<p>V\u00eddeos:<\/p>\n","protected":false},"excerpt":{"rendered":"<p>Material did\u00e1tico: S\u00edmbolos em LaTeX &nbsp; V\u00eddeos:<\/p>\n","protected":false},"author":605,"featured_media":0,"parent":0,"menu_order":3,"comment_status":"closed","ping_status":"closed","template":"","meta":{"footnotes":""},"class_list":["post-22","page","type-page","status-publish","hentry"],"_links":{"self":[{"href":"https:\/\/wp.ufpel.edu.br\/calculuspluslatex\/wp-json\/wp\/v2\/pages\/22","targetHints":{"allow":["GET"]}}],"collection":[{"href":"https:\/\/wp.ufpel.edu.br\/calculuspluslatex\/wp-json\/wp\/v2\/pages"}],"about":[{"href":"https:\/\/wp.ufpel.edu.br\/calculuspluslatex\/wp-json\/wp\/v2\/types\/page"}],"author":[{"embeddable":true,"href":"https:\/\/wp.ufpel.edu.br\/calculuspluslatex\/wp-json\/wp\/v2\/users\/605"}],"replies":[{"embeddable":true,"href":"https:\/\/wp.ufpel.edu.br\/calculuspluslatex\/wp-json\/wp\/v2\/comments?post=22"}],"version-history":[{"count":2,"href":"https:\/\/wp.ufpel.edu.br\/calculuspluslatex\/wp-json\/wp\/v2\/pages\/22\/revisions"}],"predecessor-version":[{"id":56,"href":"https:\/\/wp.ufpel.edu.br\/calculuspluslatex\/wp-json\/wp\/v2\/pages\/22\/revisions\/56"}],"wp:attachment":[{"href":"https:\/\/wp.ufpel.edu.br\/calculuspluslatex\/wp-json\/wp\/v2\/media?parent=22"}],"curies":[{"name":"wp","href":"https:\/\/api.w.org\/{rel}","templated":true}]}}