{"id":2,"date":"2025-05-20T01:58:58","date_gmt":"2025-05-20T04:58:58","guid":{"rendered":"https:\/\/wp.ufpel.edu.br\/calculuspluslatex\/?page_id=2"},"modified":"2025-06-09T20:33:46","modified_gmt":"2025-06-09T23:33:46","slug":"pagina-exemplo","status":"publish","type":"page","link":"https:\/\/wp.ufpel.edu.br\/calculuspluslatex\/","title":{"rendered":"In\u00edcio"},"content":{"rendered":"\r\n<p>Equipe:\u00a0<\/p>\r\n<p>Prof. Dra. Lisiane Ramires Meneses;<\/p>\r\n<p>Prof. Dr. Maur\u00edcio Zahn;<\/p>\r\n<p>Acad. Bruno de Oliveira Bentos.<\/p>\r\n<p>O objetivo desta p\u00e1gina \u00e9 produzir e divulgar materiais did\u00e1ticos sobre o tema de c\u00e1lculo a v\u00e1rias vari\u00e1veis e edi\u00e7\u00e3o de documentos via c\u00f3digo LaTeX.<\/p>\r\n<p data-start=\"782\" data-end=\"855\">Aqui, voc\u00ea encontrar\u00e1 materiais voltados para o estudo de t\u00f3picos como derivadas parciais e direcionais, gradiente, divergente e rotacional, integrais duplas e triplas, mudan\u00e7as de coordenadas cil\u00edndricas e esf\u00e9ricas, campos vetoriais, os grandes teoremas integrais (Green, Stokes e Gauss), dentre outros.<\/p>\r\n<p data-start=\"782\" data-end=\"855\">Al\u00e9m disso, tamb\u00e9m disponibilizaremos dicas pr\u00e1ticas de LaTeX para inserir e formatar imagens de forma adequada em documentos t\u00e9cnicos, bem como tutoriais de cria\u00e7\u00e3o e exporta\u00e7\u00e3o de imagens atrav\u00e9s do software Geogebra.<\/p>\r\n","protected":false},"excerpt":{"rendered":"<p>Equipe:\u00a0 Prof. Dra. Lisiane Ramires Meneses; Prof. Dr. Maur\u00edcio Zahn; Acad. Bruno de Oliveira Bentos. O objetivo desta p\u00e1gina \u00e9 produzir e divulgar materiais did\u00e1ticos sobre o tema de c\u00e1lculo a v\u00e1rias vari\u00e1veis e edi\u00e7\u00e3o de documentos via c\u00f3digo LaTeX. Aqui, voc\u00ea encontrar\u00e1 materiais voltados para o estudo de t\u00f3picos como derivadas parciais e direcionais,<a class=\"more-link\" href=\"https:\/\/wp.ufpel.edu.br\/calculuspluslatex\/\">Continue reading <span class=\"screen-reader-text\">&#8220;In\u00edcio&#8221;<\/span><\/a><\/p>\n","protected":false},"author":605,"featured_media":0,"parent":0,"menu_order":1,"comment_status":"closed","ping_status":"closed","template":"","meta":{"footnotes":""},"class_list":["post-2","page","type-page","status-publish","hentry"],"_links":{"self":[{"href":"https:\/\/wp.ufpel.edu.br\/calculuspluslatex\/wp-json\/wp\/v2\/pages\/2","targetHints":{"allow":["GET"]}}],"collection":[{"href":"https:\/\/wp.ufpel.edu.br\/calculuspluslatex\/wp-json\/wp\/v2\/pages"}],"about":[{"href":"https:\/\/wp.ufpel.edu.br\/calculuspluslatex\/wp-json\/wp\/v2\/types\/page"}],"author":[{"embeddable":true,"href":"https:\/\/wp.ufpel.edu.br\/calculuspluslatex\/wp-json\/wp\/v2\/users\/605"}],"replies":[{"embeddable":true,"href":"https:\/\/wp.ufpel.edu.br\/calculuspluslatex\/wp-json\/wp\/v2\/comments?post=2"}],"version-history":[{"count":7,"href":"https:\/\/wp.ufpel.edu.br\/calculuspluslatex\/wp-json\/wp\/v2\/pages\/2\/revisions"}],"predecessor-version":[{"id":37,"href":"https:\/\/wp.ufpel.edu.br\/calculuspluslatex\/wp-json\/wp\/v2\/pages\/2\/revisions\/37"}],"wp:attachment":[{"href":"https:\/\/wp.ufpel.edu.br\/calculuspluslatex\/wp-json\/wp\/v2\/media?parent=2"}],"curies":[{"name":"wp","href":"https:\/\/api.w.org\/{rel}","templated":true}]}}