{"id":932,"date":"2022-02-11T15:17:54","date_gmt":"2022-02-11T18:17:54","guid":{"rendered":"https:\/\/wp.ufpel.edu.br\/cafv\/?page_id=932"},"modified":"2022-02-20T21:50:04","modified_gmt":"2022-02-21T00:50:04","slug":"54semac","status":"publish","type":"page","link":"https:\/\/wp.ufpel.edu.br\/cafv\/54semac\/","title":{"rendered":"54\u00aa SEMAC \u2013 Semana Acad\u00eamica de Estudos Jur\u00eddicos e Sociais"},"content":{"rendered":"<div id=\"pl-932\"  class=\"panel-layout\" ><div id=\"pg-932-0\"  class=\"panel-grid panel-no-style\" ><div id=\"pgc-932-0-0\"  class=\"panel-grid-cell\" ><div id=\"panel-932-0-0-0\" class=\"so-panel widget widget_media_image panel-first-child\" data-index=\"0\" ><img loading=\"lazy\" decoding=\"async\" width=\"1100\" height=\"440\" src=\"https:\/\/wp.ufpel.edu.br\/cafv\/files\/2022\/02\/54SEMAC_even3_1100x440.png\" class=\"image wp-image-935  attachment-full size-full\" alt=\"\" style=\"max-width: 100%; height: auto;\" srcset=\"https:\/\/wp.ufpel.edu.br\/cafv\/files\/2022\/02\/54SEMAC_even3_1100x440.png 1100w, https:\/\/wp.ufpel.edu.br\/cafv\/files\/2022\/02\/54SEMAC_even3_1100x440-400x160.png 400w, https:\/\/wp.ufpel.edu.br\/cafv\/files\/2022\/02\/54SEMAC_even3_1100x440-1024x410.png 1024w, https:\/\/wp.ufpel.edu.br\/cafv\/files\/2022\/02\/54SEMAC_even3_1100x440-768x307.png 768w\" sizes=\"auto, (max-width: 1100px) 100vw, 1100px\" \/><\/div><div id=\"panel-932-0-0-1\" class=\"so-panel widget widget_text panel-last-child\" data-index=\"1\" >\t\t\t<div class=\"textwidget\"><p>O Centro Acad\u00eamico Ferreira Vianna \u2013 Gest\u00e3o \u201cNossa Voz\u201d \u2013 vem, junto aos coletivos Luiz Gama, Corpos Livres e Nosotras, anunciar a 54\u00aa SEMAC \u2013 Semana Acad\u00eamica de Estudos Jur\u00eddicos e Sociais, com o tema: &#8220;<em><strong>Futuro do Direito na era Digital: uma perspectiva sobre a sociedade e as redes sociais<\/strong><\/em>&#8220;, que realizar-se-\u00e1 entre os <strong>dias 21 e 25 de Fevereiro de 2022<\/strong>.<\/p>\n<p>Ser\u00e1 a um evento totalmente online que contar\u00e1 com diversos pain\u00e9is e apresenta\u00e7\u00e3o de trabalhos.<\/p>\n<\/div>\n\t\t<\/div><\/div><\/div><div id=\"pg-932-1\"  class=\"panel-grid panel-no-style\" ><div id=\"pgc-932-1-0\"  class=\"panel-grid-cell\" ><div id=\"panel-932-1-0-0\" class=\"so-panel widget widget_headline-widget panel-first-child\" data-index=\"2\" >\t\t<h1>Site do evento<\/h1>\n\t\t<div class=\"decoration\"><div class=\"decoration-inside\"><\/div><\/div>\n\t\t<h3><\/h3>\n\t\t<\/div><div id=\"panel-932-1-0-1\" class=\"so-panel widget widget_sow-button panel-last-child\" data-index=\"3\" ><div\n\t\t\t\n\t\t\tclass=\"so-widget-sow-button so-widget-sow-button-atom-2d860b4ee11d-932\"\n\t\t\t\n\t\t><div class=\"ow-button-base ow-button-align-center\"\n>\n\t\t\t<a\n\t\t\t\t\thref=\"https:\/\/www.even3.com.br\/54semac\"\n\t\t\t\t\tclass=\"sowb-button ow-icon-placement-left ow-button-hover\" \t>\n\t\t<span>\n\t\t\t\n\t\t\tEven3\t\t<\/span>\n\t\t\t<\/a>\n\t<\/div>\n<\/div><\/div><\/div><div id=\"pgc-932-1-1\"  class=\"panel-grid-cell\" ><div id=\"panel-932-1-1-0\" class=\"so-panel widget widget_headline-widget panel-first-child\" data-index=\"4\" >\t\t<h1>Regulamento<\/h1>\n\t\t<div class=\"decoration\"><div class=\"decoration-inside\"><\/div><\/div>\n\t\t<h3><\/h3>\n\t\t<\/div><div id=\"panel-932-1-1-1\" class=\"so-panel widget widget_sow-button panel-last-child\" data-index=\"5\" ><div\n\t\t\t\n\t\t\tclass=\"so-widget-sow-button so-widget-sow-button-atom-7f75794c4cbb-932\"\n\t\t\t\n\t\t><div class=\"ow-button-base ow-button-align-center\"\n>\n\t\t\t<a\n\t\t\t\t\thref=\"https:\/\/wp.ufpel.edu.br\/cafv\/files\/2022\/02\/Regulamento_54SEMAC.pdf\"\n\t\t\t\t\tclass=\"sowb-button ow-icon-placement-left ow-button-hover\" \t>\n\t\t<span>\n\t\t\t\n\t\t\tVisualizar\t\t<\/span>\n\t\t\t<\/a>\n\t<\/div>\n<\/div><\/div><\/div><div id=\"pgc-932-1-2\"  class=\"panel-grid-cell\" ><div id=\"panel-932-1-2-0\" class=\"so-panel widget widget_headline-widget panel-first-child\" data-index=\"6\" >\t\t<h1>Edital<\/h1>\n\t\t<div class=\"decoration\"><div class=\"decoration-inside\"><\/div><\/div>\n\t\t<h3><\/h3>\n\t\t<\/div><div id=\"panel-932-1-2-1\" class=\"so-panel widget widget_sow-button panel-last-child\" data-index=\"7\" ><div\n\t\t\t\n\t\t\tclass=\"so-widget-sow-button so-widget-sow-button-atom-7f75794c4cbb-932\"\n\t\t\t\n\t\t><div class=\"ow-button-base ow-button-align-center\"\n>\n\t\t\t<a\n\t\t\t\t\thref=\"https:\/\/wp.ufpel.edu.br\/cafv\/files\/2022\/02\/Edital_54SEMAC.pdf\"\n\t\t\t\t\tclass=\"sowb-button ow-icon-placement-left ow-button-hover\" \t>\n\t\t<span>\n\t\t\t\n\t\t\tVisualizar\t\t<\/span>\n\t\t\t<\/a>\n\t<\/div>\n<\/div><\/div><\/div><div id=\"pgc-932-1-3\"  class=\"panel-grid-cell\" ><div id=\"panel-932-1-3-0\" class=\"so-panel widget widget_headline-widget panel-first-child\" data-index=\"8\" >\t\t<h1>Modelo Resumo<\/h1>\n\t\t<div class=\"decoration\"><div class=\"decoration-inside\"><\/div><\/div>\n\t\t<h3><\/h3>\n\t\t<\/div><div id=\"panel-932-1-3-1\" class=\"so-panel widget widget_sow-button panel-last-child\" data-index=\"9\" ><div\n\t\t\t\n\t\t\tclass=\"so-widget-sow-button so-widget-sow-button-atom-8750c9a3e23b-932\"\n\t\t\t\n\t\t><div class=\"ow-button-base ow-button-align-center\"\n>\n\t\t\t<a\n\t\t\t\t\thref=\"https:\/\/wp.ufpel.edu.br\/cafv\/files\/2022\/02\/Modelo_Resumo_54SEMAC.docx\"\n\t\t\t\t\tclass=\"sowb-button ow-icon-placement-left ow-button-hover\" download=\"\" \t>\n\t\t<span>\n\t\t\t\n\t\t\tBaixar\t\t<\/span>\n\t\t\t<\/a>\n\t<\/div>\n<\/div><\/div><\/div><\/div><div id=\"pg-932-2\"  class=\"panel-grid panel-no-style\" ><div id=\"pgc-932-2-0\"  class=\"panel-grid-cell\" ><div id=\"panel-932-2-0-0\" class=\"so-panel widget widget_headline-widget panel-first-child\" data-index=\"10\" >\t\t<h1>Edital de Retifica\u00e7\u00e3o<\/h1>\n\t\t<div class=\"decoration\"><div class=\"decoration-inside\"><\/div><\/div>\n\t\t<h3>Prorroga\u00e7\u00e3o do prazo de inscri\u00e7\u00e3o para apresentador e submiss\u00e3o de trabalhos at\u00e9 dia 22\/02.<\/h3>\n\t\t<\/div><div id=\"panel-932-2-0-1\" class=\"so-panel widget widget_sow-button panel-last-child\" data-index=\"11\" ><div\n\t\t\t\n\t\t\tclass=\"so-widget-sow-button so-widget-sow-button-atom-7f75794c4cbb-932\"\n\t\t\t\n\t\t><div class=\"ow-button-base ow-button-align-center\"\n>\n\t\t\t<a\n\t\t\t\t\thref=\"https:\/\/wp.ufpel.edu.br\/cafv\/files\/2022\/02\/Edital-Retificac\u0327a\u0303o_54SEMAC.pdf\"\n\t\t\t\t\tclass=\"sowb-button ow-icon-placement-left ow-button-hover\" \t>\n\t\t<span>\n\t\t\t\n\t\t\tVisualizar\t\t<\/span>\n\t\t\t<\/a>\n\t<\/div>\n<\/div><\/div><\/div><\/div><div id=\"pg-932-3\"  class=\"panel-grid panel-no-style\" ><div id=\"pgc-932-3-0\"  class=\"panel-grid-cell\" ><div id=\"panel-932-3-0-0\" class=\"so-panel widget widget_sow-editor panel-first-child\" data-index=\"12\" ><div\n\t\t\t\n\t\t\tclass=\"so-widget-sow-editor so-widget-sow-editor-base\"\n\t\t\t\n\t\t>\n<div class=\"siteorigin-widget-tinymce textwidget\">\n\t<h1 style=\"text-align: center\">Inscri\u00e7\u00f5es<\/h1>\n<\/div>\n<\/div><\/div><div id=\"panel-932-3-0-1\" class=\"so-panel widget widget_sow-editor panel-last-child\" data-index=\"13\" ><div\n\t\t\t\n\t\t\tclass=\"so-widget-sow-editor so-widget-sow-editor-base\"\n\t\t\t\n\t\t>\n<div class=\"siteorigin-widget-tinymce textwidget\">\n\t\n<!-- iframe plugin v.6.0 wordpress.org\/plugins\/iframe\/ -->\n<iframe loading=\"lazy\" src=\"https:\/\/www.even3.com.br\/widget\/index?evento=54semac&#038;type=ticket&#038;lang=pt\" id=\"symplaw\" frameborder=\"0\" vspace=\"0\" hspace=\"0\" marginheight=\"0\" marginwidth=\"5\" style=\"width: 100%; height: 450px;\" width=\"100%\" height=\"500\" scrolling=\"yes\" class=\"iframe-class\"><\/iframe>\n\n<\/div>\n<\/div><\/div><\/div><\/div><\/div>","protected":false},"excerpt":{"rendered":"<p>O Centro Acad\u00eamico Ferreira Vianna \u2013 Gest\u00e3o \u201cNossa Voz\u201d \u2013 vem, junto aos coletivos Luiz Gama, Corpos Livres e Nosotras, [&hellip;]<\/p>\n","protected":false},"author":883,"featured_media":935,"parent":0,"menu_order":0,"comment_status":"closed","ping_status":"closed","template":"","meta":{"footnotes":""},"class_list":["post-932","page","type-page","status-publish","has-post-thumbnail","hentry","post","post-with-thumbnail","post-with-thumbnail-large"],"yoast_head":"<!-- This site is optimized with the Yoast SEO plugin v26.7 - https:\/\/yoast.com\/wordpress\/plugins\/seo\/ -->\n<title>54\u00aa SEMAC \u2013 Semana Acad\u00eamica de Estudos Jur\u00eddicos e Sociais - Centro Acad\u00eamico Ferreira Vianna<\/title>\n<meta name=\"robots\" content=\"index, follow, max-snippet:-1, max-image-preview:large, max-video-preview:-1\" \/>\n<link rel=\"canonical\" href=\"https:\/\/wp.ufpel.edu.br\/cafv\/54semac\/\" \/>\n<meta property=\"og:locale\" content=\"pt_BR\" \/>\n<meta property=\"og:type\" content=\"article\" \/>\n<meta property=\"og:title\" content=\"54\u00aa SEMAC \u2013 Semana Acad\u00eamica de Estudos Jur\u00eddicos e Sociais - Centro Acad\u00eamico Ferreira Vianna\" \/>\n<meta property=\"og:description\" content=\"O Centro Acad\u00eamico Ferreira Vianna \u2013 Gest\u00e3o \u201cNossa Voz\u201d \u2013 vem, junto aos coletivos Luiz Gama, Corpos Livres e Nosotras, [&hellip;]\" \/>\n<meta property=\"og:url\" content=\"https:\/\/wp.ufpel.edu.br\/cafv\/54semac\/\" \/>\n<meta property=\"og:site_name\" content=\"Centro Acad\u00eamico Ferreira Vianna\" \/>\n<meta property=\"article:modified_time\" content=\"2022-02-21T00:50:04+00:00\" \/>\n<meta property=\"og:image\" content=\"https:\/\/wp.ufpel.edu.br\/cafv\/files\/2022\/02\/54SEMAC_even3_1100x440.png\" \/>\n\t<meta property=\"og:image:width\" content=\"1100\" \/>\n\t<meta property=\"og:image:height\" content=\"440\" \/>\n\t<meta property=\"og:image:type\" content=\"image\/png\" \/>\n<meta name=\"twitter:card\" content=\"summary_large_image\" \/>\n<meta name=\"twitter:label1\" content=\"Est. tempo de leitura\" \/>\n\t<meta name=\"twitter:data1\" content=\"1 minuto\" \/>\n<script type=\"application\/ld+json\" class=\"yoast-schema-graph\">{\"@context\":\"https:\/\/schema.org\",\"@graph\":[{\"@type\":\"WebPage\",\"@id\":\"https:\/\/wp.ufpel.edu.br\/cafv\/54semac\/\",\"url\":\"https:\/\/wp.ufpel.edu.br\/cafv\/54semac\/\",\"name\":\"54\u00aa SEMAC \u2013 Semana Acad\u00eamica de Estudos Jur\u00eddicos e Sociais - Centro Acad\u00eamico Ferreira Vianna\",\"isPartOf\":{\"@id\":\"https:\/\/wp.ufpel.edu.br\/cafv\/#website\"},\"primaryImageOfPage\":{\"@id\":\"https:\/\/wp.ufpel.edu.br\/cafv\/54semac\/#primaryimage\"},\"image\":{\"@id\":\"https:\/\/wp.ufpel.edu.br\/cafv\/54semac\/#primaryimage\"},\"thumbnailUrl\":\"https:\/\/wp.ufpel.edu.br\/cafv\/files\/2022\/02\/54SEMAC_even3_1100x440.png\",\"datePublished\":\"2022-02-11T18:17:54+00:00\",\"dateModified\":\"2022-02-21T00:50:04+00:00\",\"breadcrumb\":{\"@id\":\"https:\/\/wp.ufpel.edu.br\/cafv\/54semac\/#breadcrumb\"},\"inLanguage\":\"pt-BR\",\"potentialAction\":[{\"@type\":\"ReadAction\",\"target\":[\"https:\/\/wp.ufpel.edu.br\/cafv\/54semac\/\"]}]},{\"@type\":\"ImageObject\",\"inLanguage\":\"pt-BR\",\"@id\":\"https:\/\/wp.ufpel.edu.br\/cafv\/54semac\/#primaryimage\",\"url\":\"https:\/\/wp.ufpel.edu.br\/cafv\/files\/2022\/02\/54SEMAC_even3_1100x440.png\",\"contentUrl\":\"https:\/\/wp.ufpel.edu.br\/cafv\/files\/2022\/02\/54SEMAC_even3_1100x440.png\",\"width\":1100,\"height\":440},{\"@type\":\"BreadcrumbList\",\"@id\":\"https:\/\/wp.ufpel.edu.br\/cafv\/54semac\/#breadcrumb\",\"itemListElement\":[{\"@type\":\"ListItem\",\"position\":1,\"name\":\"In\u00edcio\",\"item\":\"https:\/\/wp.ufpel.edu.br\/cafv\/\"},{\"@type\":\"ListItem\",\"position\":2,\"name\":\"54\u00aa SEMAC \u2013 Semana Acad\u00eamica de Estudos Jur\u00eddicos e Sociais\"}]},{\"@type\":\"WebSite\",\"@id\":\"https:\/\/wp.ufpel.edu.br\/cafv\/#website\",\"url\":\"https:\/\/wp.ufpel.edu.br\/cafv\/\",\"name\":\"Centro Acad\u00eamico Ferreira Vianna\",\"description\":\"\",\"publisher\":{\"@id\":\"https:\/\/wp.ufpel.edu.br\/cafv\/#organization\"},\"potentialAction\":[{\"@type\":\"SearchAction\",\"target\":{\"@type\":\"EntryPoint\",\"urlTemplate\":\"https:\/\/wp.ufpel.edu.br\/cafv\/?s={search_term_string}\"},\"query-input\":{\"@type\":\"PropertyValueSpecification\",\"valueRequired\":true,\"valueName\":\"search_term_string\"}}],\"inLanguage\":\"pt-BR\"},{\"@type\":\"Organization\",\"@id\":\"https:\/\/wp.ufpel.edu.br\/cafv\/#organization\",\"name\":\"Centro Acad\u00eamico Ferreira Vianna\",\"url\":\"https:\/\/wp.ufpel.edu.br\/cafv\/\",\"logo\":{\"@type\":\"ImageObject\",\"inLanguage\":\"pt-BR\",\"@id\":\"https:\/\/wp.ufpel.edu.br\/cafv\/#\/schema\/logo\/image\/\",\"url\":\"https:\/\/wp.ufpel.edu.br\/cafv\/files\/2018\/10\/cropped-Logo-CAFV-e1539522538285.png\",\"contentUrl\":\"https:\/\/wp.ufpel.edu.br\/cafv\/files\/2018\/10\/cropped-Logo-CAFV-e1539522538285.png\",\"width\":100,\"height\":100,\"caption\":\"Centro Acad\u00eamico Ferreira Vianna\"},\"image\":{\"@id\":\"https:\/\/wp.ufpel.edu.br\/cafv\/#\/schema\/logo\/image\/\"}}]}<\/script>\n<!-- \/ Yoast SEO plugin. -->","yoast_head_json":{"title":"54\u00aa SEMAC \u2013 Semana Acad\u00eamica de Estudos Jur\u00eddicos e Sociais - Centro Acad\u00eamico Ferreira Vianna","robots":{"index":"index","follow":"follow","max-snippet":"max-snippet:-1","max-image-preview":"max-image-preview:large","max-video-preview":"max-video-preview:-1"},"canonical":"https:\/\/wp.ufpel.edu.br\/cafv\/54semac\/","og_locale":"pt_BR","og_type":"article","og_title":"54\u00aa SEMAC \u2013 Semana Acad\u00eamica de Estudos Jur\u00eddicos e Sociais - Centro Acad\u00eamico Ferreira Vianna","og_description":"O Centro Acad\u00eamico Ferreira Vianna \u2013 Gest\u00e3o \u201cNossa Voz\u201d \u2013 vem, junto aos coletivos Luiz Gama, Corpos Livres e Nosotras, [&hellip;]","og_url":"https:\/\/wp.ufpel.edu.br\/cafv\/54semac\/","og_site_name":"Centro Acad\u00eamico Ferreira Vianna","article_modified_time":"2022-02-21T00:50:04+00:00","og_image":[{"width":1100,"height":440,"url":"https:\/\/wp.ufpel.edu.br\/cafv\/files\/2022\/02\/54SEMAC_even3_1100x440.png","type":"image\/png"}],"twitter_card":"summary_large_image","twitter_misc":{"Est. tempo de leitura":"1 minuto"},"schema":{"@context":"https:\/\/schema.org","@graph":[{"@type":"WebPage","@id":"https:\/\/wp.ufpel.edu.br\/cafv\/54semac\/","url":"https:\/\/wp.ufpel.edu.br\/cafv\/54semac\/","name":"54\u00aa SEMAC \u2013 Semana Acad\u00eamica de Estudos Jur\u00eddicos e Sociais - Centro Acad\u00eamico Ferreira Vianna","isPartOf":{"@id":"https:\/\/wp.ufpel.edu.br\/cafv\/#website"},"primaryImageOfPage":{"@id":"https:\/\/wp.ufpel.edu.br\/cafv\/54semac\/#primaryimage"},"image":{"@id":"https:\/\/wp.ufpel.edu.br\/cafv\/54semac\/#primaryimage"},"thumbnailUrl":"https:\/\/wp.ufpel.edu.br\/cafv\/files\/2022\/02\/54SEMAC_even3_1100x440.png","datePublished":"2022-02-11T18:17:54+00:00","dateModified":"2022-02-21T00:50:04+00:00","breadcrumb":{"@id":"https:\/\/wp.ufpel.edu.br\/cafv\/54semac\/#breadcrumb"},"inLanguage":"pt-BR","potentialAction":[{"@type":"ReadAction","target":["https:\/\/wp.ufpel.edu.br\/cafv\/54semac\/"]}]},{"@type":"ImageObject","inLanguage":"pt-BR","@id":"https:\/\/wp.ufpel.edu.br\/cafv\/54semac\/#primaryimage","url":"https:\/\/wp.ufpel.edu.br\/cafv\/files\/2022\/02\/54SEMAC_even3_1100x440.png","contentUrl":"https:\/\/wp.ufpel.edu.br\/cafv\/files\/2022\/02\/54SEMAC_even3_1100x440.png","width":1100,"height":440},{"@type":"BreadcrumbList","@id":"https:\/\/wp.ufpel.edu.br\/cafv\/54semac\/#breadcrumb","itemListElement":[{"@type":"ListItem","position":1,"name":"In\u00edcio","item":"https:\/\/wp.ufpel.edu.br\/cafv\/"},{"@type":"ListItem","position":2,"name":"54\u00aa SEMAC \u2013 Semana Acad\u00eamica de Estudos Jur\u00eddicos e Sociais"}]},{"@type":"WebSite","@id":"https:\/\/wp.ufpel.edu.br\/cafv\/#website","url":"https:\/\/wp.ufpel.edu.br\/cafv\/","name":"Centro Acad\u00eamico Ferreira Vianna","description":"","publisher":{"@id":"https:\/\/wp.ufpel.edu.br\/cafv\/#organization"},"potentialAction":[{"@type":"SearchAction","target":{"@type":"EntryPoint","urlTemplate":"https:\/\/wp.ufpel.edu.br\/cafv\/?s={search_term_string}"},"query-input":{"@type":"PropertyValueSpecification","valueRequired":true,"valueName":"search_term_string"}}],"inLanguage":"pt-BR"},{"@type":"Organization","@id":"https:\/\/wp.ufpel.edu.br\/cafv\/#organization","name":"Centro Acad\u00eamico Ferreira Vianna","url":"https:\/\/wp.ufpel.edu.br\/cafv\/","logo":{"@type":"ImageObject","inLanguage":"pt-BR","@id":"https:\/\/wp.ufpel.edu.br\/cafv\/#\/schema\/logo\/image\/","url":"https:\/\/wp.ufpel.edu.br\/cafv\/files\/2018\/10\/cropped-Logo-CAFV-e1539522538285.png","contentUrl":"https:\/\/wp.ufpel.edu.br\/cafv\/files\/2018\/10\/cropped-Logo-CAFV-e1539522538285.png","width":100,"height":100,"caption":"Centro Acad\u00eamico Ferreira Vianna"},"image":{"@id":"https:\/\/wp.ufpel.edu.br\/cafv\/#\/schema\/logo\/image\/"}}]}},"jetpack_sharing_enabled":true,"_links":{"self":[{"href":"https:\/\/wp.ufpel.edu.br\/cafv\/wp-json\/wp\/v2\/pages\/932","targetHints":{"allow":["GET"]}}],"collection":[{"href":"https:\/\/wp.ufpel.edu.br\/cafv\/wp-json\/wp\/v2\/pages"}],"about":[{"href":"https:\/\/wp.ufpel.edu.br\/cafv\/wp-json\/wp\/v2\/types\/page"}],"author":[{"embeddable":true,"href":"https:\/\/wp.ufpel.edu.br\/cafv\/wp-json\/wp\/v2\/users\/883"}],"replies":[{"embeddable":true,"href":"https:\/\/wp.ufpel.edu.br\/cafv\/wp-json\/wp\/v2\/comments?post=932"}],"version-history":[{"count":5,"href":"https:\/\/wp.ufpel.edu.br\/cafv\/wp-json\/wp\/v2\/pages\/932\/revisions"}],"predecessor-version":[{"id":946,"href":"https:\/\/wp.ufpel.edu.br\/cafv\/wp-json\/wp\/v2\/pages\/932\/revisions\/946"}],"wp:featuredmedia":[{"embeddable":true,"href":"https:\/\/wp.ufpel.edu.br\/cafv\/wp-json\/wp\/v2\/media\/935"}],"wp:attachment":[{"href":"https:\/\/wp.ufpel.edu.br\/cafv\/wp-json\/wp\/v2\/media?parent=932"}],"curies":[{"name":"wp","href":"https:\/\/api.w.org\/{rel}","templated":true}]}}