{"id":1067,"date":"2025-01-08T17:36:33","date_gmt":"2025-01-08T20:36:33","guid":{"rendered":"https:\/\/wp.ufpel.edu.br\/cafv\/?page_id=1067"},"modified":"2025-01-08T17:54:07","modified_gmt":"2025-01-08T20:54:07","slug":"gestao-2024","status":"publish","type":"page","link":"https:\/\/wp.ufpel.edu.br\/cafv\/gestao2023\/gestao-2024\/","title":{"rendered":"Gest\u00e3o 2024"},"content":{"rendered":"<p><span style=\"font-size: 18pt; color: #000000;\"><em><strong>Gest\u00e3o &#8220;Esperan\u00e7a Garcia&#8221; &#8211; CAFV 2024<\/strong><\/em><\/span><\/p>\n<p><span style=\"color: #000000;\"><strong>Coordenadoria Geral:<\/strong><\/span><\/p>\n<p><span style=\"color: #000000;\">&#8211; Helena Batistella Caldas<\/span><br \/>\n<span style=\"color: #000000;\">&#8211; Nathascha Pereira Vieira<\/span><br \/>\n<span style=\"color: #000000;\">&#8211; Vit\u00f3ria Medeiros de Almeida<\/span><\/p>\n<p><span style=\"color: #000000;\"><strong>Coordenadoria Acad\u00eamica:<\/strong><\/span><\/p>\n<p><span style=\"color: #000000;\">&#8211; Aghate Cecilia Jahn dos Santos\u00a0<\/span><br \/>\n<span style=\"color: #000000;\">&#8211; \u00c1lvaro Wandeveld Cunha\u00a0<\/span><br \/>\n<span style=\"color: #000000;\">&#8211; Carlos Henrique Rodrigues Roque<\/span><br \/>\n<span style=\"color: #000000;\">&#8211; Fernanda Gouveia Lima<\/span><br \/>\n<span style=\"color: #000000;\">&#8211; Gabriela<\/span><br \/>\n<span style=\"color: #000000;\">&#8211; Hudson Brito Viana<\/span><br \/>\n<span style=\"color: #000000;\">&#8211; Janine Veigas Farias<\/span><br \/>\n<span style=\"color: #000000;\">&#8211; Talyne Figueiredo de Oliveira<\/span><br \/>\n<span style=\"color: #000000;\">&#8211; Tauane Gomes Garcia<\/span><\/p>\n<p><span style=\"color: #000000;\"><strong>Coordenadoria de Finan\u00e7as e Patrim\u00f4nio:<\/strong><\/span><\/p>\n<p><span style=\"color: #000000;\">&#8211; Ana Clara Binello<\/span><br \/>\n<span style=\"color: #000000;\">&#8211; Cineas Rangel Peres<\/span><\/p>\n<p><span style=\"color: #000000;\"><strong>Coordenadoria de Movimento Estudantil:<\/strong><\/span><\/p>\n<p><span style=\"color: #000000;\">&#8211; Jo\u00e3o Henrique Tissot Nachtigall<\/span><br \/>\n<span style=\"color: #000000;\">&#8211; Lici\u00ea Scolari<\/span><br \/>\n<span style=\"color: #000000;\">&#8211; Stephane da Silva Bilhalva<\/span><\/p>\n<p><span style=\"color: #000000;\"><strong>Coordenadoria de Comunica\u00e7\u00e3o, Cultura e Eventos:<\/strong><\/span><\/p>\n<p><span style=\"color: #000000;\">&#8211; Beatriz Dalcin<\/span><br \/>\n<span style=\"color: #000000;\">&#8211; Carlos Augusto Brun de Martini<\/span><br \/>\n<span style=\"color: #000000;\">&#8211; Josiel Borges<\/span><br \/>\n<span style=\"color: #000000;\">&#8211; Katryelen Britto da Silva Domingues<\/span><br \/>\n<span style=\"color: #000000;\">&#8211; Maria Eduarda<\/span><\/p>\n<p><span style=\"color: #000000;\"><strong>Apoiadores:<\/strong><\/span><\/p>\n<p><span style=\"color: #000000;\">&#8211; Carolina Rosa de Oliveira Silva<\/span><br \/>\n<span style=\"color: #000000;\">&#8211; Mariana Reischak Pereira<\/span><br \/>\n<span style=\"color: #000000;\">&#8211; Rai Pagotto<\/span><br \/>\n<span style=\"color: #000000;\">&#8211; Taila Probst<\/span><\/p>\n<p>&nbsp;<\/p>\n","protected":false},"excerpt":{"rendered":"<p>Gest\u00e3o &#8220;Esperan\u00e7a Garcia&#8221; &#8211; CAFV 2024 Coordenadoria Geral: &#8211; Helena Batistella Caldas &#8211; Nathascha Pereira Vieira &#8211; Vit\u00f3ria Medeiros de [&hellip;]<\/p>\n","protected":false},"author":883,"featured_media":0,"parent":1016,"menu_order":0,"comment_status":"closed","ping_status":"closed","template":"","meta":{"footnotes":""},"class_list":["post-1067","page","type-page","status-publish","hentry","post"],"yoast_head":"<!-- This site is optimized with the Yoast SEO plugin v26.7 - https:\/\/yoast.com\/wordpress\/plugins\/seo\/ -->\n<title>Gest\u00e3o 2024 - Centro Acad\u00eamico Ferreira Vianna<\/title>\n<meta name=\"robots\" content=\"index, follow, max-snippet:-1, max-image-preview:large, max-video-preview:-1\" \/>\n<link rel=\"canonical\" href=\"https:\/\/wp.ufpel.edu.br\/cafv\/gestao2023\/gestao-2024\/\" \/>\n<meta property=\"og:locale\" content=\"pt_BR\" \/>\n<meta property=\"og:type\" content=\"article\" \/>\n<meta property=\"og:title\" content=\"Gest\u00e3o 2024 - Centro Acad\u00eamico Ferreira Vianna\" \/>\n<meta property=\"og:description\" content=\"Gest\u00e3o &#8220;Esperan\u00e7a Garcia&#8221; &#8211; CAFV 2024 Coordenadoria Geral: &#8211; Helena Batistella Caldas &#8211; Nathascha Pereira Vieira &#8211; Vit\u00f3ria Medeiros de [&hellip;]\" \/>\n<meta property=\"og:url\" content=\"https:\/\/wp.ufpel.edu.br\/cafv\/gestao2023\/gestao-2024\/\" \/>\n<meta property=\"og:site_name\" content=\"Centro Acad\u00eamico Ferreira Vianna\" \/>\n<meta property=\"article:modified_time\" content=\"2025-01-08T20:54:07+00:00\" \/>\n<meta name=\"twitter:card\" content=\"summary_large_image\" \/>\n<meta name=\"twitter:label1\" content=\"Est. tempo de leitura\" \/>\n\t<meta name=\"twitter:data1\" content=\"1 minuto\" \/>\n<script type=\"application\/ld+json\" class=\"yoast-schema-graph\">{\"@context\":\"https:\/\/schema.org\",\"@graph\":[{\"@type\":\"WebPage\",\"@id\":\"https:\/\/wp.ufpel.edu.br\/cafv\/gestao2023\/gestao-2024\/\",\"url\":\"https:\/\/wp.ufpel.edu.br\/cafv\/gestao2023\/gestao-2024\/\",\"name\":\"Gest\u00e3o 2024 - Centro Acad\u00eamico Ferreira Vianna\",\"isPartOf\":{\"@id\":\"https:\/\/wp.ufpel.edu.br\/cafv\/#website\"},\"datePublished\":\"2025-01-08T20:36:33+00:00\",\"dateModified\":\"2025-01-08T20:54:07+00:00\",\"breadcrumb\":{\"@id\":\"https:\/\/wp.ufpel.edu.br\/cafv\/gestao2023\/gestao-2024\/#breadcrumb\"},\"inLanguage\":\"pt-BR\",\"potentialAction\":[{\"@type\":\"ReadAction\",\"target\":[\"https:\/\/wp.ufpel.edu.br\/cafv\/gestao2023\/gestao-2024\/\"]}]},{\"@type\":\"BreadcrumbList\",\"@id\":\"https:\/\/wp.ufpel.edu.br\/cafv\/gestao2023\/gestao-2024\/#breadcrumb\",\"itemListElement\":[{\"@type\":\"ListItem\",\"position\":1,\"name\":\"In\u00edcio\",\"item\":\"https:\/\/wp.ufpel.edu.br\/cafv\/\"},{\"@type\":\"ListItem\",\"position\":2,\"name\":\"Gest\u00e3o 2023\",\"item\":\"https:\/\/wp.ufpel.edu.br\/cafv\/gestao2023\/\"},{\"@type\":\"ListItem\",\"position\":3,\"name\":\"Gest\u00e3o 2024\"}]},{\"@type\":\"WebSite\",\"@id\":\"https:\/\/wp.ufpel.edu.br\/cafv\/#website\",\"url\":\"https:\/\/wp.ufpel.edu.br\/cafv\/\",\"name\":\"Centro Acad\u00eamico Ferreira Vianna\",\"description\":\"\",\"publisher\":{\"@id\":\"https:\/\/wp.ufpel.edu.br\/cafv\/#organization\"},\"potentialAction\":[{\"@type\":\"SearchAction\",\"target\":{\"@type\":\"EntryPoint\",\"urlTemplate\":\"https:\/\/wp.ufpel.edu.br\/cafv\/?s={search_term_string}\"},\"query-input\":{\"@type\":\"PropertyValueSpecification\",\"valueRequired\":true,\"valueName\":\"search_term_string\"}}],\"inLanguage\":\"pt-BR\"},{\"@type\":\"Organization\",\"@id\":\"https:\/\/wp.ufpel.edu.br\/cafv\/#organization\",\"name\":\"Centro Acad\u00eamico Ferreira Vianna\",\"url\":\"https:\/\/wp.ufpel.edu.br\/cafv\/\",\"logo\":{\"@type\":\"ImageObject\",\"inLanguage\":\"pt-BR\",\"@id\":\"https:\/\/wp.ufpel.edu.br\/cafv\/#\/schema\/logo\/image\/\",\"url\":\"https:\/\/wp.ufpel.edu.br\/cafv\/files\/2018\/10\/cropped-Logo-CAFV-e1539522538285.png\",\"contentUrl\":\"https:\/\/wp.ufpel.edu.br\/cafv\/files\/2018\/10\/cropped-Logo-CAFV-e1539522538285.png\",\"width\":100,\"height\":100,\"caption\":\"Centro Acad\u00eamico Ferreira Vianna\"},\"image\":{\"@id\":\"https:\/\/wp.ufpel.edu.br\/cafv\/#\/schema\/logo\/image\/\"}}]}<\/script>\n<!-- \/ Yoast SEO plugin. -->","yoast_head_json":{"title":"Gest\u00e3o 2024 - Centro Acad\u00eamico Ferreira Vianna","robots":{"index":"index","follow":"follow","max-snippet":"max-snippet:-1","max-image-preview":"max-image-preview:large","max-video-preview":"max-video-preview:-1"},"canonical":"https:\/\/wp.ufpel.edu.br\/cafv\/gestao2023\/gestao-2024\/","og_locale":"pt_BR","og_type":"article","og_title":"Gest\u00e3o 2024 - Centro Acad\u00eamico Ferreira Vianna","og_description":"Gest\u00e3o &#8220;Esperan\u00e7a Garcia&#8221; &#8211; CAFV 2024 Coordenadoria Geral: &#8211; Helena Batistella Caldas &#8211; Nathascha Pereira Vieira &#8211; Vit\u00f3ria Medeiros de [&hellip;]","og_url":"https:\/\/wp.ufpel.edu.br\/cafv\/gestao2023\/gestao-2024\/","og_site_name":"Centro Acad\u00eamico Ferreira Vianna","article_modified_time":"2025-01-08T20:54:07+00:00","twitter_card":"summary_large_image","twitter_misc":{"Est. tempo de leitura":"1 minuto"},"schema":{"@context":"https:\/\/schema.org","@graph":[{"@type":"WebPage","@id":"https:\/\/wp.ufpel.edu.br\/cafv\/gestao2023\/gestao-2024\/","url":"https:\/\/wp.ufpel.edu.br\/cafv\/gestao2023\/gestao-2024\/","name":"Gest\u00e3o 2024 - Centro Acad\u00eamico Ferreira Vianna","isPartOf":{"@id":"https:\/\/wp.ufpel.edu.br\/cafv\/#website"},"datePublished":"2025-01-08T20:36:33+00:00","dateModified":"2025-01-08T20:54:07+00:00","breadcrumb":{"@id":"https:\/\/wp.ufpel.edu.br\/cafv\/gestao2023\/gestao-2024\/#breadcrumb"},"inLanguage":"pt-BR","potentialAction":[{"@type":"ReadAction","target":["https:\/\/wp.ufpel.edu.br\/cafv\/gestao2023\/gestao-2024\/"]}]},{"@type":"BreadcrumbList","@id":"https:\/\/wp.ufpel.edu.br\/cafv\/gestao2023\/gestao-2024\/#breadcrumb","itemListElement":[{"@type":"ListItem","position":1,"name":"In\u00edcio","item":"https:\/\/wp.ufpel.edu.br\/cafv\/"},{"@type":"ListItem","position":2,"name":"Gest\u00e3o 2023","item":"https:\/\/wp.ufpel.edu.br\/cafv\/gestao2023\/"},{"@type":"ListItem","position":3,"name":"Gest\u00e3o 2024"}]},{"@type":"WebSite","@id":"https:\/\/wp.ufpel.edu.br\/cafv\/#website","url":"https:\/\/wp.ufpel.edu.br\/cafv\/","name":"Centro Acad\u00eamico Ferreira Vianna","description":"","publisher":{"@id":"https:\/\/wp.ufpel.edu.br\/cafv\/#organization"},"potentialAction":[{"@type":"SearchAction","target":{"@type":"EntryPoint","urlTemplate":"https:\/\/wp.ufpel.edu.br\/cafv\/?s={search_term_string}"},"query-input":{"@type":"PropertyValueSpecification","valueRequired":true,"valueName":"search_term_string"}}],"inLanguage":"pt-BR"},{"@type":"Organization","@id":"https:\/\/wp.ufpel.edu.br\/cafv\/#organization","name":"Centro Acad\u00eamico Ferreira Vianna","url":"https:\/\/wp.ufpel.edu.br\/cafv\/","logo":{"@type":"ImageObject","inLanguage":"pt-BR","@id":"https:\/\/wp.ufpel.edu.br\/cafv\/#\/schema\/logo\/image\/","url":"https:\/\/wp.ufpel.edu.br\/cafv\/files\/2018\/10\/cropped-Logo-CAFV-e1539522538285.png","contentUrl":"https:\/\/wp.ufpel.edu.br\/cafv\/files\/2018\/10\/cropped-Logo-CAFV-e1539522538285.png","width":100,"height":100,"caption":"Centro Acad\u00eamico Ferreira Vianna"},"image":{"@id":"https:\/\/wp.ufpel.edu.br\/cafv\/#\/schema\/logo\/image\/"}}]}},"jetpack_sharing_enabled":true,"_links":{"self":[{"href":"https:\/\/wp.ufpel.edu.br\/cafv\/wp-json\/wp\/v2\/pages\/1067","targetHints":{"allow":["GET"]}}],"collection":[{"href":"https:\/\/wp.ufpel.edu.br\/cafv\/wp-json\/wp\/v2\/pages"}],"about":[{"href":"https:\/\/wp.ufpel.edu.br\/cafv\/wp-json\/wp\/v2\/types\/page"}],"author":[{"embeddable":true,"href":"https:\/\/wp.ufpel.edu.br\/cafv\/wp-json\/wp\/v2\/users\/883"}],"replies":[{"embeddable":true,"href":"https:\/\/wp.ufpel.edu.br\/cafv\/wp-json\/wp\/v2\/comments?post=1067"}],"version-history":[{"count":5,"href":"https:\/\/wp.ufpel.edu.br\/cafv\/wp-json\/wp\/v2\/pages\/1067\/revisions"}],"predecessor-version":[{"id":1075,"href":"https:\/\/wp.ufpel.edu.br\/cafv\/wp-json\/wp\/v2\/pages\/1067\/revisions\/1075"}],"up":[{"embeddable":true,"href":"https:\/\/wp.ufpel.edu.br\/cafv\/wp-json\/wp\/v2\/pages\/1016"}],"wp:attachment":[{"href":"https:\/\/wp.ufpel.edu.br\/cafv\/wp-json\/wp\/v2\/media?parent=1067"}],"curies":[{"name":"wp","href":"https:\/\/api.w.org\/{rel}","templated":true}]}}