{"id":1046,"date":"2024-04-12T00:22:25","date_gmt":"2024-04-12T03:22:25","guid":{"rendered":"https:\/\/wp.ufpel.edu.br\/cafv\/?page_id=1046"},"modified":"2024-04-12T00:22:25","modified_gmt":"2024-04-12T03:22:25","slug":"representantes2024","status":"publish","type":"page","link":"https:\/\/wp.ufpel.edu.br\/cafv\/representantes2024\/","title":{"rendered":"Representantes discentes \u2013 2024"},"content":{"rendered":"<p style=\"text-align: center;\"><em><strong>RELA\u00c7\u00c3O DE REPRESENTANTES DISCENTES DE 2024<\/strong><\/em><\/p>\n<p><strong>CONSELHO DEPARTAMENTAL<\/strong><\/p>\n<ul>\n<li>TITULARES:\n<ul>\n<li><b>Hudson Brito Viana<\/b><\/li>\n<li><b>Vit\u00f3ria Medeiros de Almeida<\/b><\/li>\n<\/ul>\n<\/li>\n<li>SUPLENTES:\n<ul>\n<li><b>Ana Clara Binello Vargas<\/b><\/li>\n<li><b>Fernanda Gouveia Lima<\/b><\/li>\n<\/ul>\n<\/li>\n<\/ul>\n<p><strong>COLEGIADO DE CURSO<\/strong><\/p>\n<ul>\n<li>TITULARES:\n<ul>\n<li><b>Gabriel Arbes Silveira<\/b><\/li>\n<li><b>Felipe Marques Couto<\/b><\/li>\n<\/ul>\n<\/li>\n<li>SUPLENTES:\n<ul>\n<li><b>Helena Batistella Caldas<\/b><\/li>\n<li><b>Ellen Regina Amaral de Lima<\/b><\/li>\n<\/ul>\n<\/li>\n<\/ul>\n<p><strong>PRIMEIRO DEPARTAMENTO<\/strong><\/p>\n<ul>\n<li>TITULARES:\n<ul>\n<li><b>\u00c1lvaro Wandeveld Cunha<\/b><\/li>\n<li><b>Fernanda Gouveia Lima<\/b><\/li>\n<\/ul>\n<\/li>\n<li>SUPLENTES:\n<ul>\n<li><b>Luiz Henrique Flores Gon\u00e7alves<\/b><\/li>\n<li><b>Ana Clara Binello Vargas<\/b><\/li>\n<\/ul>\n<\/li>\n<\/ul>\n<p><strong>SEGUNDO DEPARTAMENTO<\/strong><\/p>\n<ul>\n<li>TITULARES:\n<ul>\n<li><b>Luana Borges Machado<\/b><\/li>\n<li><b>Ana Clara Binello Vargas<\/b><\/li>\n<\/ul>\n<\/li>\n<li>SUPLENTES:\n<ul>\n<li><b>Felipe Kern Corr\u00eaa<\/b><\/li>\n<li><b>Luiz Henrique Flores Gon\u00e7alves<\/b><\/li>\n<\/ul>\n<\/li>\n<\/ul>\n<p><strong>TERCEIRO DEPARTAMENTO<\/strong><\/p>\n<ul>\n<li>TITULARES:\n<ul>\n<li><b>Helena Batistella Caldas<\/b><\/li>\n<li><b>Ana Carolina Nascimento Dam\u00e9<\/b><\/li>\n<\/ul>\n<\/li>\n<li>SUPLENTES:\n<ul>\n<li><b>Maria Eduarda Brahm Gouvea<\/b><\/li>\n<li><b>Hudson Brito Viana<\/b><\/li>\n<\/ul>\n<\/li>\n<\/ul>\n","protected":false},"excerpt":{"rendered":"<p>RELA\u00c7\u00c3O DE REPRESENTANTES DISCENTES DE 2024 CONSELHO DEPARTAMENTAL TITULARES: Hudson Brito Viana Vit\u00f3ria Medeiros de Almeida SUPLENTES: Ana Clara Binello [&hellip;]<\/p>\n","protected":false},"author":883,"featured_media":0,"parent":0,"menu_order":0,"comment_status":"closed","ping_status":"closed","template":"","meta":{"footnotes":""},"class_list":["post-1046","page","type-page","status-publish","hentry","post"],"yoast_head":"<!-- This site is optimized with the Yoast SEO plugin v26.7 - https:\/\/yoast.com\/wordpress\/plugins\/seo\/ -->\n<title>Representantes discentes \u2013 2024 - Centro Acad\u00eamico Ferreira Vianna<\/title>\n<meta name=\"robots\" content=\"index, follow, max-snippet:-1, max-image-preview:large, max-video-preview:-1\" \/>\n<link rel=\"canonical\" href=\"https:\/\/wp.ufpel.edu.br\/cafv\/representantes2024\/\" \/>\n<meta property=\"og:locale\" content=\"pt_BR\" \/>\n<meta property=\"og:type\" content=\"article\" \/>\n<meta property=\"og:title\" content=\"Representantes discentes \u2013 2024 - Centro Acad\u00eamico Ferreira Vianna\" \/>\n<meta property=\"og:description\" content=\"RELA\u00c7\u00c3O DE REPRESENTANTES DISCENTES DE 2024 CONSELHO DEPARTAMENTAL TITULARES: Hudson Brito Viana Vit\u00f3ria Medeiros de Almeida SUPLENTES: Ana Clara Binello [&hellip;]\" \/>\n<meta property=\"og:url\" content=\"https:\/\/wp.ufpel.edu.br\/cafv\/representantes2024\/\" \/>\n<meta property=\"og:site_name\" content=\"Centro Acad\u00eamico Ferreira Vianna\" \/>\n<meta name=\"twitter:card\" content=\"summary_large_image\" \/>\n<meta name=\"twitter:label1\" content=\"Est. tempo de leitura\" \/>\n\t<meta name=\"twitter:data1\" content=\"1 minuto\" \/>\n<script type=\"application\/ld+json\" class=\"yoast-schema-graph\">{\"@context\":\"https:\/\/schema.org\",\"@graph\":[{\"@type\":\"WebPage\",\"@id\":\"https:\/\/wp.ufpel.edu.br\/cafv\/representantes2024\/\",\"url\":\"https:\/\/wp.ufpel.edu.br\/cafv\/representantes2024\/\",\"name\":\"Representantes discentes \u2013 2024 - Centro Acad\u00eamico Ferreira Vianna\",\"isPartOf\":{\"@id\":\"https:\/\/wp.ufpel.edu.br\/cafv\/#website\"},\"datePublished\":\"2024-04-12T03:22:25+00:00\",\"breadcrumb\":{\"@id\":\"https:\/\/wp.ufpel.edu.br\/cafv\/representantes2024\/#breadcrumb\"},\"inLanguage\":\"pt-BR\",\"potentialAction\":[{\"@type\":\"ReadAction\",\"target\":[\"https:\/\/wp.ufpel.edu.br\/cafv\/representantes2024\/\"]}]},{\"@type\":\"BreadcrumbList\",\"@id\":\"https:\/\/wp.ufpel.edu.br\/cafv\/representantes2024\/#breadcrumb\",\"itemListElement\":[{\"@type\":\"ListItem\",\"position\":1,\"name\":\"In\u00edcio\",\"item\":\"https:\/\/wp.ufpel.edu.br\/cafv\/\"},{\"@type\":\"ListItem\",\"position\":2,\"name\":\"Representantes discentes \u2013 2024\"}]},{\"@type\":\"WebSite\",\"@id\":\"https:\/\/wp.ufpel.edu.br\/cafv\/#website\",\"url\":\"https:\/\/wp.ufpel.edu.br\/cafv\/\",\"name\":\"Centro Acad\u00eamico Ferreira Vianna\",\"description\":\"\",\"publisher\":{\"@id\":\"https:\/\/wp.ufpel.edu.br\/cafv\/#organization\"},\"potentialAction\":[{\"@type\":\"SearchAction\",\"target\":{\"@type\":\"EntryPoint\",\"urlTemplate\":\"https:\/\/wp.ufpel.edu.br\/cafv\/?s={search_term_string}\"},\"query-input\":{\"@type\":\"PropertyValueSpecification\",\"valueRequired\":true,\"valueName\":\"search_term_string\"}}],\"inLanguage\":\"pt-BR\"},{\"@type\":\"Organization\",\"@id\":\"https:\/\/wp.ufpel.edu.br\/cafv\/#organization\",\"name\":\"Centro Acad\u00eamico Ferreira Vianna\",\"url\":\"https:\/\/wp.ufpel.edu.br\/cafv\/\",\"logo\":{\"@type\":\"ImageObject\",\"inLanguage\":\"pt-BR\",\"@id\":\"https:\/\/wp.ufpel.edu.br\/cafv\/#\/schema\/logo\/image\/\",\"url\":\"https:\/\/wp.ufpel.edu.br\/cafv\/files\/2018\/10\/cropped-Logo-CAFV-e1539522538285.png\",\"contentUrl\":\"https:\/\/wp.ufpel.edu.br\/cafv\/files\/2018\/10\/cropped-Logo-CAFV-e1539522538285.png\",\"width\":100,\"height\":100,\"caption\":\"Centro Acad\u00eamico Ferreira Vianna\"},\"image\":{\"@id\":\"https:\/\/wp.ufpel.edu.br\/cafv\/#\/schema\/logo\/image\/\"}}]}<\/script>\n<!-- \/ Yoast SEO plugin. -->","yoast_head_json":{"title":"Representantes discentes \u2013 2024 - Centro Acad\u00eamico Ferreira Vianna","robots":{"index":"index","follow":"follow","max-snippet":"max-snippet:-1","max-image-preview":"max-image-preview:large","max-video-preview":"max-video-preview:-1"},"canonical":"https:\/\/wp.ufpel.edu.br\/cafv\/representantes2024\/","og_locale":"pt_BR","og_type":"article","og_title":"Representantes discentes \u2013 2024 - Centro Acad\u00eamico Ferreira Vianna","og_description":"RELA\u00c7\u00c3O DE REPRESENTANTES DISCENTES DE 2024 CONSELHO DEPARTAMENTAL TITULARES: Hudson Brito Viana Vit\u00f3ria Medeiros de Almeida SUPLENTES: Ana Clara Binello [&hellip;]","og_url":"https:\/\/wp.ufpel.edu.br\/cafv\/representantes2024\/","og_site_name":"Centro Acad\u00eamico Ferreira Vianna","twitter_card":"summary_large_image","twitter_misc":{"Est. tempo de leitura":"1 minuto"},"schema":{"@context":"https:\/\/schema.org","@graph":[{"@type":"WebPage","@id":"https:\/\/wp.ufpel.edu.br\/cafv\/representantes2024\/","url":"https:\/\/wp.ufpel.edu.br\/cafv\/representantes2024\/","name":"Representantes discentes \u2013 2024 - Centro Acad\u00eamico Ferreira Vianna","isPartOf":{"@id":"https:\/\/wp.ufpel.edu.br\/cafv\/#website"},"datePublished":"2024-04-12T03:22:25+00:00","breadcrumb":{"@id":"https:\/\/wp.ufpel.edu.br\/cafv\/representantes2024\/#breadcrumb"},"inLanguage":"pt-BR","potentialAction":[{"@type":"ReadAction","target":["https:\/\/wp.ufpel.edu.br\/cafv\/representantes2024\/"]}]},{"@type":"BreadcrumbList","@id":"https:\/\/wp.ufpel.edu.br\/cafv\/representantes2024\/#breadcrumb","itemListElement":[{"@type":"ListItem","position":1,"name":"In\u00edcio","item":"https:\/\/wp.ufpel.edu.br\/cafv\/"},{"@type":"ListItem","position":2,"name":"Representantes discentes \u2013 2024"}]},{"@type":"WebSite","@id":"https:\/\/wp.ufpel.edu.br\/cafv\/#website","url":"https:\/\/wp.ufpel.edu.br\/cafv\/","name":"Centro Acad\u00eamico Ferreira Vianna","description":"","publisher":{"@id":"https:\/\/wp.ufpel.edu.br\/cafv\/#organization"},"potentialAction":[{"@type":"SearchAction","target":{"@type":"EntryPoint","urlTemplate":"https:\/\/wp.ufpel.edu.br\/cafv\/?s={search_term_string}"},"query-input":{"@type":"PropertyValueSpecification","valueRequired":true,"valueName":"search_term_string"}}],"inLanguage":"pt-BR"},{"@type":"Organization","@id":"https:\/\/wp.ufpel.edu.br\/cafv\/#organization","name":"Centro Acad\u00eamico Ferreira Vianna","url":"https:\/\/wp.ufpel.edu.br\/cafv\/","logo":{"@type":"ImageObject","inLanguage":"pt-BR","@id":"https:\/\/wp.ufpel.edu.br\/cafv\/#\/schema\/logo\/image\/","url":"https:\/\/wp.ufpel.edu.br\/cafv\/files\/2018\/10\/cropped-Logo-CAFV-e1539522538285.png","contentUrl":"https:\/\/wp.ufpel.edu.br\/cafv\/files\/2018\/10\/cropped-Logo-CAFV-e1539522538285.png","width":100,"height":100,"caption":"Centro Acad\u00eamico Ferreira Vianna"},"image":{"@id":"https:\/\/wp.ufpel.edu.br\/cafv\/#\/schema\/logo\/image\/"}}]}},"jetpack_sharing_enabled":true,"_links":{"self":[{"href":"https:\/\/wp.ufpel.edu.br\/cafv\/wp-json\/wp\/v2\/pages\/1046","targetHints":{"allow":["GET"]}}],"collection":[{"href":"https:\/\/wp.ufpel.edu.br\/cafv\/wp-json\/wp\/v2\/pages"}],"about":[{"href":"https:\/\/wp.ufpel.edu.br\/cafv\/wp-json\/wp\/v2\/types\/page"}],"author":[{"embeddable":true,"href":"https:\/\/wp.ufpel.edu.br\/cafv\/wp-json\/wp\/v2\/users\/883"}],"replies":[{"embeddable":true,"href":"https:\/\/wp.ufpel.edu.br\/cafv\/wp-json\/wp\/v2\/comments?post=1046"}],"version-history":[{"count":1,"href":"https:\/\/wp.ufpel.edu.br\/cafv\/wp-json\/wp\/v2\/pages\/1046\/revisions"}],"predecessor-version":[{"id":1049,"href":"https:\/\/wp.ufpel.edu.br\/cafv\/wp-json\/wp\/v2\/pages\/1046\/revisions\/1049"}],"wp:attachment":[{"href":"https:\/\/wp.ufpel.edu.br\/cafv\/wp-json\/wp\/v2\/media?parent=1046"}],"curies":[{"name":"wp","href":"https:\/\/api.w.org\/{rel}","templated":true}]}}