{"id":22,"date":"2024-08-31T18:57:37","date_gmt":"2024-08-31T21:57:37","guid":{"rendered":"https:\/\/wp.ufpel.edu.br\/caff\/?page_id=22"},"modified":"2025-05-21T09:29:44","modified_gmt":"2025-05-21T12:29:44","slug":"gestao-atual","status":"publish","type":"page","link":"https:\/\/wp.ufpel.edu.br\/caff\/gestao-atual\/","title":{"rendered":"Gest\u00e3o"},"content":{"rendered":"<p><a href=\"https:\/\/wp.ufpel.edu.br\/caff\/gestoes-anteriores\/\">Gest\u00f5es anteriores<\/a><\/p>\n<p>Gest\u00e3o atual:<\/p>\n<p>Estrutura do CAFF &#8211; Gest\u00e3o Constru\u00e7\u00e3o Coletiva<\/p>\n<p><strong>CARGOS OBRIGAT\u00d3RIOS<\/strong> (segundo o estatuto vigente):<br \/>\n<em>Presidente:<\/em> Marielle Sacharuk<br \/>\n<em>Tesoureiro: <\/em>Bruno Cabral<\/p>\n<p><strong>COMISS\u00d5ES DE TRABALHO:<\/strong><\/p>\n<p><em>COMISS\u00c3O DE COMUNICA\u00c7\u00c3O:<\/em><br \/>\nRespons\u00e1vel pelo di\u00e1logo com os estudantes, \u00e9 atividade da Comiss\u00e3o de Comunica\u00e7\u00e3o manter as redes sociais do Centro Acad\u00eamico atualizadas, responder aos e-mails de contato dos alunos, fazer a manuten\u00e7\u00e3o e publica\u00e7\u00f5es no site, manter o mural das Ci\u00eancias Sociais e do CAFF atualizados, etc.<br \/>\nMembros: ; Bruno Cabral; Laura Machado; Kauany Maske e Milena Drawanz.<\/p>\n<p><em>COMISS\u00c3O DE PROJETOS:<\/em><br \/>\nA comiss\u00e3o de projetos \u00e9 respons\u00e1vel pela cria\u00e7\u00e3o e desenvolvimento de projetos de ensino e extens\u00e3o, promovendo integra\u00e7\u00e3o entre os estudantes do IFISP e externos a ele, visando a qualifica\u00e7\u00e3o curricular dos alunos do curso e a participa\u00e7\u00e3o discente nas diferentes esferas da Universidade.<br \/>\nMembros: Kauany Maske; Marielle Sacharuk e Hellena Vieira.<\/p>\n<p><em>COMISS\u00c3O CULTURAL:<\/em><br \/>\n\u00c9 responsabilidade da comiss\u00e3o cultural criar eventos e espa\u00e7os que promovam a integra\u00e7\u00e3o e conv\u00edvio dos alunos incentivando a express\u00e3o cultural, art\u00edstica e cr\u00edtica dos discentes de maneira a agregar a forma\u00e7\u00e3o pessoal e profissional, al\u00e9m de incentivar a perman\u00eancia na Universidade.<br \/>\nMembros: Herison Silva; Atau\u00e3 Martins; Kauany Maske e Diego Robson dos Santos.<\/p>\n<p><em>COMISS\u00c3O DE ACOLHIMENTO ESTUDANTIL:<\/em><br \/>\nA comiss\u00e3o de acolhimento estudantil se prop\u00f5e a criar um espa\u00e7o de escuta confi\u00e1vel e acolhedora incentivando o di\u00e1logo com os estudantes e direcionando-os para os \u00f3rg\u00e3os competentes de acordo com a demanda pessoal deles.<br \/>\nMembros: Marielle Sacharuk; Herison Silva; Atau\u00e3 Martins e Renata Rodrigues Pintos.<\/p>\n<p><em>COMISS\u00c3O POL\u00cdTICA:<\/em><br \/>\n\u00c9 de responsabilidade da comiss\u00e3o pol\u00edtica a articula\u00e7\u00e3o e posicionamento pol\u00edtico da chapa sobre os assuntos que tangem o estudante. Ela tamb\u00e9m se prop\u00f5e a fomentar o pensamento cr\u00edtico e a participa\u00e7\u00e3o pol\u00edtica dos alunos diante da conjuntura atual.<br \/>\nMembros: Hellena Vieira; Renata Rodrigues; Kauany Maske e Laura Machado.<\/p>\n","protected":false},"excerpt":{"rendered":"<p>Gest\u00f5es anteriores Gest\u00e3o atual: Estrutura do CAFF &#8211; Gest\u00e3o Constru\u00e7\u00e3o Coletiva CARGOS OBRIGAT\u00d3RIOS (segundo o estatuto vigente): Presidente: Marielle Sacharuk Tesoureiro: Bruno Cabral COMISS\u00d5ES DE TRABALHO: COMISS\u00c3O DE COMUNICA\u00c7\u00c3O: Respons\u00e1vel pelo di\u00e1logo com os estudantes, \u00e9 atividade da Comiss\u00e3o de Comunica\u00e7\u00e3o manter as redes sociais do Centro Acad\u00eamico atualizadas, responder aos e-mails de contato dos [&hellip;]<\/p>\n","protected":false},"author":1399,"featured_media":0,"parent":0,"menu_order":0,"comment_status":"closed","ping_status":"closed","template":"","meta":{"footnotes":""},"class_list":["post-22","page","type-page","status-publish","hentry"],"_links":{"self":[{"href":"https:\/\/wp.ufpel.edu.br\/caff\/wp-json\/wp\/v2\/pages\/22","targetHints":{"allow":["GET"]}}],"collection":[{"href":"https:\/\/wp.ufpel.edu.br\/caff\/wp-json\/wp\/v2\/pages"}],"about":[{"href":"https:\/\/wp.ufpel.edu.br\/caff\/wp-json\/wp\/v2\/types\/page"}],"author":[{"embeddable":true,"href":"https:\/\/wp.ufpel.edu.br\/caff\/wp-json\/wp\/v2\/users\/1399"}],"replies":[{"embeddable":true,"href":"https:\/\/wp.ufpel.edu.br\/caff\/wp-json\/wp\/v2\/comments?post=22"}],"version-history":[{"count":8,"href":"https:\/\/wp.ufpel.edu.br\/caff\/wp-json\/wp\/v2\/pages\/22\/revisions"}],"predecessor-version":[{"id":102,"href":"https:\/\/wp.ufpel.edu.br\/caff\/wp-json\/wp\/v2\/pages\/22\/revisions\/102"}],"wp:attachment":[{"href":"https:\/\/wp.ufpel.edu.br\/caff\/wp-json\/wp\/v2\/media?parent=22"}],"curies":[{"name":"wp","href":"https:\/\/api.w.org\/{rel}","templated":true}]}}