{"id":18,"date":"2017-06-03T19:27:59","date_gmt":"2017-06-03T22:27:59","guid":{"rendered":"https:\/\/wp.ufpel.edu.br\/cafegeopolitico\/?page_id=18"},"modified":"2026-03-25T19:25:43","modified_gmt":"2026-03-25T22:25:43","slug":"equipe","status":"publish","type":"page","link":"https:\/\/wp.ufpel.edu.br\/cafegeopolitico\/equipe\/","title":{"rendered":"Equipe"},"content":{"rendered":"<p>Coordenadores:<\/p>\n<p>Prof. Dr. Charles Pennaforte<\/p>\n<p>Prof\u00aa. Dr\u00aa. Silvana Schimasnki<\/p>\n<p>&nbsp;<\/p>\n<p>Discentes:<\/p>\n<p>Eduardo Grecco Corr\u00eaa<br \/>\nMaria Eduarda Motta<br \/>\nLisa Marie Batista Bastos<br \/>\nJun Lacerda<br \/>\nJordana da Rocha Bonow<br \/>\nJo\u00e3o Leonardo Silva Campos<\/p>\n<p>Associa\u00e7\u00e3o dos Servidores da Universidade Federal de Pelotas (ASUPEL)<\/p>\n<p>Daniel de Alvarenga Berbare<br \/>\nSolange Machado Tonietto<br \/>\nAntonio Augusto da Silva Azambuja<\/p>\n","protected":false},"excerpt":{"rendered":"<p>Coordenadores: Prof. Dr. Charles Pennaforte Prof\u00aa. Dr\u00aa. Silvana Schimasnki &nbsp; Discentes: Eduardo Grecco Corr\u00eaa Maria Eduarda Motta Lisa Marie Batista Bastos Jun Lacerda Jordana da Rocha Bonow Jo\u00e3o Leonardo Silva Campos Associa\u00e7\u00e3o dos Servidores da Universidade Federal de Pelotas (ASUPEL) Daniel de Alvarenga Berbare Solange Machado Tonietto Antonio Augusto da Silva Azambuja<\/p>\n","protected":false},"author":636,"featured_media":0,"parent":0,"menu_order":1,"comment_status":"closed","ping_status":"closed","template":"","meta":{"footnotes":""},"class_list":["post-18","page","type-page","status-publish","hentry"],"_links":{"self":[{"href":"https:\/\/wp.ufpel.edu.br\/cafegeopolitico\/wp-json\/wp\/v2\/pages\/18","targetHints":{"allow":["GET"]}}],"collection":[{"href":"https:\/\/wp.ufpel.edu.br\/cafegeopolitico\/wp-json\/wp\/v2\/pages"}],"about":[{"href":"https:\/\/wp.ufpel.edu.br\/cafegeopolitico\/wp-json\/wp\/v2\/types\/page"}],"author":[{"embeddable":true,"href":"https:\/\/wp.ufpel.edu.br\/cafegeopolitico\/wp-json\/wp\/v2\/users\/636"}],"replies":[{"embeddable":true,"href":"https:\/\/wp.ufpel.edu.br\/cafegeopolitico\/wp-json\/wp\/v2\/comments?post=18"}],"version-history":[{"count":4,"href":"https:\/\/wp.ufpel.edu.br\/cafegeopolitico\/wp-json\/wp\/v2\/pages\/18\/revisions"}],"predecessor-version":[{"id":243,"href":"https:\/\/wp.ufpel.edu.br\/cafegeopolitico\/wp-json\/wp\/v2\/pages\/18\/revisions\/243"}],"wp:attachment":[{"href":"https:\/\/wp.ufpel.edu.br\/cafegeopolitico\/wp-json\/wp\/v2\/media?parent=18"}],"curies":[{"name":"wp","href":"https:\/\/api.w.org\/{rel}","templated":true}]}}