{"id":15,"date":"2017-06-03T19:27:40","date_gmt":"2017-06-03T22:27:40","guid":{"rendered":"https:\/\/wp.ufpel.edu.br\/cafegeopolitico\/?page_id=15"},"modified":"2026-03-25T19:28:52","modified_gmt":"2026-03-25T22:28:52","slug":"projeto","status":"publish","type":"page","link":"https:\/\/wp.ufpel.edu.br\/cafegeopolitico\/projeto\/","title":{"rendered":"Projeto"},"content":{"rendered":"<p>O Projeto de Extens\u00e3o <strong>Caf\u00e9 Geopol\u00edtico &#8211; Vozes Cr\u00edtica<\/strong>s\u00a0visa proporcionar ao seu p\u00fablico-alvo &#8211; sociedade em geral &#8211; embasamento te\u00f3rico-anal\u00edtico cr\u00edtico dos grandes temas da atualidade que envolvem as Ci\u00eancias Humanas e Sociais.<\/p>\n<p>Ao mesmo tempo que estabelece a inser\u00e7\u00e3o obrigat\u00f3ria das atividades de extens\u00e3o na forma\u00e7\u00e3o dos estudantes nos cursos de gradua\u00e7\u00e3o, proporciona que alunos e pesquisadores atuem como membros da equipe no papel de agentes ativos da experi\u00eancia extensionista.<\/p>\n<p>Em abril de 2026, o projeto passou a contar com o apoio da Associa\u00e7\u00e3o dos Servidores da Universidade Federal de Pelotas (ASUPEL) com objetivo de aumentar a sua capilaridade social. Uma iniciativa \u00edmpar no objetivo de trazer os grandes temas contempor\u00e2neos para a discuss\u00e3o com\u00a0 a sociedade em seus v\u00e1rios segmentos.<\/p>\n<p>&nbsp;<\/p>\n\n\t\t<style type=\"text\/css\">\n\t\t\t#gallery-1 {\n\t\t\t\tmargin: auto;\n\t\t\t}\n\t\t\t#gallery-1 .gallery-item {\n\t\t\t\tfloat: left;\n\t\t\t\tmargin-top: 10px;\n\t\t\t\ttext-align: center;\n\t\t\t\twidth: 20%;\n\t\t\t}\n\t\t\t#gallery-1 img {\n\t\t\t\tborder: 2px solid #cfcfcf;\n\t\t\t}\n\t\t\t#gallery-1 .gallery-caption {\n\t\t\t\tmargin-left: 0;\n\t\t\t}\n\t\t\t\/* see gallery_shortcode() in wp-includes\/media.php *\/\n\t\t<\/style>\n\t\t<div id='gallery-1' class='gallery galleryid-15 gallery-columns-5 gallery-size-thumbnail'><dl class='gallery-item'>\n\t\t\t<dt class='gallery-icon landscape'>\n\t\t\t\t<a href='https:\/\/wp.ufpel.edu.br\/cafegeopolitico\/?attachment_id=59#main'><img loading=\"lazy\" decoding=\"async\" width=\"200\" height=\"200\" src=\"https:\/\/wp.ufpel.edu.br\/cafegeopolitico\/files\/2018\/05\/32169913_10216173065788649_6838351893949841408_n-200x200.jpg\" class=\"attachment-thumbnail size-thumbnail\" alt=\"\" srcset=\"https:\/\/wp.ufpel.edu.br\/cafegeopolitico\/files\/2018\/05\/32169913_10216173065788649_6838351893949841408_n-200x200.jpg 200w, https:\/\/wp.ufpel.edu.br\/cafegeopolitico\/files\/2018\/05\/32169913_10216173065788649_6838351893949841408_n-280x280.jpg 280w, https:\/\/wp.ufpel.edu.br\/cafegeopolitico\/files\/2018\/05\/32169913_10216173065788649_6838351893949841408_n-100x100.jpg 100w\" sizes=\"auto, (max-width: 200px) 100vw, 200px\" \/><\/a>\n\t\t\t<\/dt><\/dl><dl class='gallery-item'>\n\t\t\t<dt class='gallery-icon landscape'>\n\t\t\t\t<a href='https:\/\/wp.ufpel.edu.br\/cafegeopolitico\/?attachment_id=57#main'><img loading=\"lazy\" decoding=\"async\" width=\"200\" height=\"200\" src=\"https:\/\/wp.ufpel.edu.br\/cafegeopolitico\/files\/2018\/05\/32116954_10216172596336913_4984147781359763456_n-200x200.jpg\" class=\"attachment-thumbnail size-thumbnail\" alt=\"\" srcset=\"https:\/\/wp.ufpel.edu.br\/cafegeopolitico\/files\/2018\/05\/32116954_10216172596336913_4984147781359763456_n-200x200.jpg 200w, https:\/\/wp.ufpel.edu.br\/cafegeopolitico\/files\/2018\/05\/32116954_10216172596336913_4984147781359763456_n-400x400.jpg 400w, https:\/\/wp.ufpel.edu.br\/cafegeopolitico\/files\/2018\/05\/32116954_10216172596336913_4984147781359763456_n-768x768.jpg 768w, https:\/\/wp.ufpel.edu.br\/cafegeopolitico\/files\/2018\/05\/32116954_10216172596336913_4984147781359763456_n-280x280.jpg 280w, https:\/\/wp.ufpel.edu.br\/cafegeopolitico\/files\/2018\/05\/32116954_10216172596336913_4984147781359763456_n-100x100.jpg 100w, https:\/\/wp.ufpel.edu.br\/cafegeopolitico\/files\/2018\/05\/32116954_10216172596336913_4984147781359763456_n.jpg 960w\" sizes=\"auto, (max-width: 200px) 100vw, 200px\" \/><\/a>\n\t\t\t<\/dt><\/dl><dl class='gallery-item'>\n\t\t\t<dt class='gallery-icon landscape'>\n\t\t\t\t<a href='https:\/\/wp.ufpel.edu.br\/cafegeopolitico\/img_6059\/'><img loading=\"lazy\" decoding=\"async\" width=\"200\" height=\"200\" src=\"https:\/\/wp.ufpel.edu.br\/cafegeopolitico\/files\/2017\/05\/IMG_6059-200x200.jpg\" class=\"attachment-thumbnail size-thumbnail\" alt=\"\" srcset=\"https:\/\/wp.ufpel.edu.br\/cafegeopolitico\/files\/2017\/05\/IMG_6059-200x200.jpg 200w, https:\/\/wp.ufpel.edu.br\/cafegeopolitico\/files\/2017\/05\/IMG_6059-280x280.jpg 280w, https:\/\/wp.ufpel.edu.br\/cafegeopolitico\/files\/2017\/05\/IMG_6059-100x100.jpg 100w\" sizes=\"auto, (max-width: 200px) 100vw, 200px\" \/><\/a>\n\t\t\t<\/dt><\/dl><dl class='gallery-item'>\n\t\t\t<dt class='gallery-icon landscape'>\n\t\t\t\t<a href='https:\/\/wp.ufpel.edu.br\/cafegeopolitico\/img_3888\/'><img loading=\"lazy\" decoding=\"async\" width=\"200\" height=\"200\" src=\"https:\/\/wp.ufpel.edu.br\/cafegeopolitico\/files\/2017\/05\/IMG_3888-200x200.jpg\" class=\"attachment-thumbnail size-thumbnail\" alt=\"\" srcset=\"https:\/\/wp.ufpel.edu.br\/cafegeopolitico\/files\/2017\/05\/IMG_3888-200x200.jpg 200w, https:\/\/wp.ufpel.edu.br\/cafegeopolitico\/files\/2017\/05\/IMG_3888-280x280.jpg 280w, https:\/\/wp.ufpel.edu.br\/cafegeopolitico\/files\/2017\/05\/IMG_3888-100x100.jpg 100w\" sizes=\"auto, (max-width: 200px) 100vw, 200px\" \/><\/a>\n\t\t\t<\/dt><\/dl><dl class='gallery-item'>\n\t\t\t<dt class='gallery-icon landscape'>\n\t\t\t\t<a href='https:\/\/wp.ufpel.edu.br\/cafegeopolitico\/img_6151\/'><img loading=\"lazy\" decoding=\"async\" width=\"200\" height=\"200\" src=\"https:\/\/wp.ufpel.edu.br\/cafegeopolitico\/files\/2017\/05\/IMG_6151-200x200.jpg\" class=\"attachment-thumbnail size-thumbnail\" alt=\"\" srcset=\"https:\/\/wp.ufpel.edu.br\/cafegeopolitico\/files\/2017\/05\/IMG_6151-200x200.jpg 200w, https:\/\/wp.ufpel.edu.br\/cafegeopolitico\/files\/2017\/05\/IMG_6151-280x280.jpg 280w, https:\/\/wp.ufpel.edu.br\/cafegeopolitico\/files\/2017\/05\/IMG_6151-100x100.jpg 100w\" sizes=\"auto, (max-width: 200px) 100vw, 200px\" \/><\/a>\n\t\t\t<\/dt><\/dl><br style=\"clear: both\" \/>\n\t\t<\/div>\n\n","protected":false},"excerpt":{"rendered":"<p>O Projeto de Extens\u00e3o Caf\u00e9 Geopol\u00edtico &#8211; Vozes Cr\u00edticas\u00a0visa proporcionar ao seu p\u00fablico-alvo &#8211; sociedade em geral &#8211; embasamento te\u00f3rico-anal\u00edtico cr\u00edtico dos grandes temas da atualidade que envolvem as Ci\u00eancias Humanas e Sociais. Ao mesmo tempo que estabelece a inser\u00e7\u00e3o obrigat\u00f3ria das atividades de extens\u00e3o na forma\u00e7\u00e3o dos estudantes nos cursos de gradua\u00e7\u00e3o, proporciona que [&hellip;]<\/p>\n","protected":false},"author":636,"featured_media":0,"parent":0,"menu_order":0,"comment_status":"closed","ping_status":"closed","template":"","meta":{"footnotes":""},"class_list":["post-15","page","type-page","status-publish","hentry"],"_links":{"self":[{"href":"https:\/\/wp.ufpel.edu.br\/cafegeopolitico\/wp-json\/wp\/v2\/pages\/15","targetHints":{"allow":["GET"]}}],"collection":[{"href":"https:\/\/wp.ufpel.edu.br\/cafegeopolitico\/wp-json\/wp\/v2\/pages"}],"about":[{"href":"https:\/\/wp.ufpel.edu.br\/cafegeopolitico\/wp-json\/wp\/v2\/types\/page"}],"author":[{"embeddable":true,"href":"https:\/\/wp.ufpel.edu.br\/cafegeopolitico\/wp-json\/wp\/v2\/users\/636"}],"replies":[{"embeddable":true,"href":"https:\/\/wp.ufpel.edu.br\/cafegeopolitico\/wp-json\/wp\/v2\/comments?post=15"}],"version-history":[{"count":3,"href":"https:\/\/wp.ufpel.edu.br\/cafegeopolitico\/wp-json\/wp\/v2\/pages\/15\/revisions"}],"predecessor-version":[{"id":244,"href":"https:\/\/wp.ufpel.edu.br\/cafegeopolitico\/wp-json\/wp\/v2\/pages\/15\/revisions\/244"}],"wp:attachment":[{"href":"https:\/\/wp.ufpel.edu.br\/cafegeopolitico\/wp-json\/wp\/v2\/media?parent=15"}],"curies":[{"name":"wp","href":"https:\/\/api.w.org\/{rel}","templated":true}]}}