{"id":176,"date":"2024-10-30T20:08:08","date_gmt":"2024-10-30T23:08:08","guid":{"rendered":"https:\/\/wp.ufpel.edu.br\/caea\/?page_id=176"},"modified":"2024-11-04T15:26:40","modified_gmt":"2024-11-04T18:26:40","slug":"locais","status":"publish","type":"page","link":"https:\/\/wp.ufpel.edu.br\/caea\/locais\/","title":{"rendered":""},"content":{"rendered":"<h1 style=\"text-align: center;\"><a href=\"https:\/\/wp.ufpel.edu.br\/caea\/\"><img loading=\"lazy\" decoding=\"async\" class=\"size-full wp-image-181 alignnone\" src=\"https:\/\/wp.ufpel.edu.br\/caea\/files\/2024\/10\/Tom-pegar-daqui-a-arte-do-site-6-e1730329781894.png\" alt=\"\" width=\"1000\" height=\"240\" srcset=\"https:\/\/wp.ufpel.edu.br\/caea\/files\/2024\/10\/Tom-pegar-daqui-a-arte-do-site-6-e1730329781894.png 1000w, https:\/\/wp.ufpel.edu.br\/caea\/files\/2024\/10\/Tom-pegar-daqui-a-arte-do-site-6-e1730329781894-400x96.png 400w, https:\/\/wp.ufpel.edu.br\/caea\/files\/2024\/10\/Tom-pegar-daqui-a-arte-do-site-6-e1730329781894-768x184.png 768w\" sizes=\"auto, (max-width: 1000px) 100vw, 1000px\" \/><\/a><\/h1>\n<p><img loading=\"lazy\" decoding=\"async\" class=\"aligncenter wp-image-343 size-full\" src=\"https:\/\/wp.ufpel.edu.br\/caea\/files\/2024\/11\/images.jpg\" alt=\"\" width=\"276\" height=\"183\" \/><\/p>\n<p>Campus Anglo \u2013 Reitoria<br \/>\nEndere\u00e7o: Rua Gomes Carneiro, 1 \u2013 Centro \u2013 CEP 96010-610 \u2013 Pelotas, RS \u2013 Brasil<\/p>\n<p><img loading=\"lazy\" decoding=\"async\" class=\"aligncenter wp-image-348 size-full\" src=\"https:\/\/wp.ufpel.edu.br\/caea\/files\/2024\/11\/fachada-11.jpg\" alt=\"\" width=\"1272\" height=\"697\" srcset=\"https:\/\/wp.ufpel.edu.br\/caea\/files\/2024\/11\/fachada-11.jpg 1272w, https:\/\/wp.ufpel.edu.br\/caea\/files\/2024\/11\/fachada-11-400x219.jpg 400w, https:\/\/wp.ufpel.edu.br\/caea\/files\/2024\/11\/fachada-11-1024x561.jpg 1024w, https:\/\/wp.ufpel.edu.br\/caea\/files\/2024\/11\/fachada-11-768x421.jpg 768w\" sizes=\"auto, (max-width: 1272px) 100vw, 1272px\" \/>Campus II UFPEL<br \/>\nEndere\u00e7o: R. Alm. Barroso, 1202 &#8211; Centro, Pelotas &#8211; RS, 96010-280<\/p>\n<p><img loading=\"lazy\" decoding=\"async\" class=\"aligncenter wp-image-349 size-full\" src=\"https:\/\/wp.ufpel.edu.br\/caea\/files\/2024\/11\/2-1-scaled-1.jpg\" alt=\"\" width=\"2560\" height=\"1152\" srcset=\"https:\/\/wp.ufpel.edu.br\/caea\/files\/2024\/11\/2-1-scaled-1.jpg 2560w, https:\/\/wp.ufpel.edu.br\/caea\/files\/2024\/11\/2-1-scaled-1-400x180.jpg 400w, https:\/\/wp.ufpel.edu.br\/caea\/files\/2024\/11\/2-1-scaled-1-1024x461.jpg 1024w, https:\/\/wp.ufpel.edu.br\/caea\/files\/2024\/11\/2-1-scaled-1-768x346.jpg 768w, https:\/\/wp.ufpel.edu.br\/caea\/files\/2024\/11\/2-1-scaled-1-1536x691.jpg 1536w, https:\/\/wp.ufpel.edu.br\/caea\/files\/2024\/11\/2-1-scaled-1-2048x922.jpg 2048w\" sizes=\"auto, (max-width: 2560px) 100vw, 2560px\" \/>Espa\u00e7o Arte Popular: encontro de saberes<br \/>\nEndere\u00e7o: R. Benjamin Constant, 1071 &#8211; Centro, Pelotas &#8211; RS, 96010-020<\/p>\n<p><img loading=\"lazy\" decoding=\"async\" class=\"aligncenter size-thumbnail wp-image-350\" src=\"https:\/\/wp.ufpel.edu.br\/caea\/files\/2024\/11\/images2-1-200x171.jpeg\" alt=\"\" width=\"200\" height=\"171\" \/>Instituto Estadual de Educa\u00e7\u00e3o Assis Brasil<br \/>\nEndere\u00e7o: R. Ant\u00f4nio dos Anjos, 296 &#8211; Centro, Pelotas &#8211; RS, 96020-700<\/p>\n<p><img loading=\"lazy\" decoding=\"async\" class=\"aligncenter size-thumbnail wp-image-352\" src=\"https:\/\/wp.ufpel.edu.br\/caea\/files\/2024\/11\/49239773_NUdLQUFkkIN1y_clglUtOFqNM-5PesRjJxiywd1m93Q-1-200x200.jpg\" alt=\"\" width=\"200\" height=\"200\" srcset=\"https:\/\/wp.ufpel.edu.br\/caea\/files\/2024\/11\/49239773_NUdLQUFkkIN1y_clglUtOFqNM-5PesRjJxiywd1m93Q-1-200x200.jpg 200w, https:\/\/wp.ufpel.edu.br\/caea\/files\/2024\/11\/49239773_NUdLQUFkkIN1y_clglUtOFqNM-5PesRjJxiywd1m93Q-1-400x400.jpg 400w, https:\/\/wp.ufpel.edu.br\/caea\/files\/2024\/11\/49239773_NUdLQUFkkIN1y_clglUtOFqNM-5PesRjJxiywd1m93Q-1.jpg 600w\" sizes=\"auto, (max-width: 200px) 100vw, 200px\" \/>Audit\u00f3rio &#8211; Dom Ant\u00f4nio Zattera &#8211; Jandir\u00e3o<br \/>\nEndere\u00e7o: R. Gon\u00e7alves Chaves, 373 &#8211; Centro, Pelotas &#8211; RS, 96015-560<\/p>\n<p><img loading=\"lazy\" decoding=\"async\" class=\"aligncenter size-thumbnail wp-image-351\" src=\"https:\/\/wp.ufpel.edu.br\/caea\/files\/2024\/11\/2023-05-24-1-200x200.jpg\" alt=\"\" width=\"200\" height=\"200\" \/>Museu do Doce &#8211; Casar\u00e3o 8<br \/>\nEndere\u00e7o: Pr. Cel. Pedro Os\u00f3rio, 8 &#8211; Centro, Pelotas &#8211; RS, 96010-150<\/p>\n<p><img loading=\"lazy\" decoding=\"async\" class=\"aligncenter size-thumbnail wp-image-359\" src=\"https:\/\/wp.ufpel.edu.br\/caea\/files\/2024\/11\/2023-05-09-200x200.jpg\" alt=\"\" width=\"200\" height=\"200\" \/><br \/>\nAg\u00eancia da Lagoa Mirim<br \/>\nEndere\u00e7o: R. L\u00f4bo da Costa, 447 &#8211; Centro, Pelotas &#8211; RS, 96010-150<\/p>\n","protected":false},"excerpt":{"rendered":"<p>Campus Anglo \u2013 Reitoria Endere\u00e7o: Rua Gomes Carneiro, 1 \u2013 Centro \u2013 CEP 96010-610 \u2013 Pelotas, RS \u2013 Brasil Campus II UFPEL Endere\u00e7o: R. Alm. Barroso, 1202 &#8211; Centro, Pelotas &#8211; RS, 96010-280 Espa\u00e7o Arte Popular: encontro de saberes Endere\u00e7o: R. Benjamin Constant, 1071 &#8211; Centro, Pelotas &#8211; RS, 96010-020 Instituto Estadual de Educa\u00e7\u00e3o Assis &hellip; <a href=\"https:\/\/wp.ufpel.edu.br\/caea\/locais\/\" class=\"more-link\">Continuar lendo <span class=\"screen-reader-text\"><\/span><\/a><\/p>\n","protected":false},"author":1406,"featured_media":0,"parent":0,"menu_order":0,"comment_status":"closed","ping_status":"closed","template":"","meta":{"footnotes":""},"class_list":["post-176","page","type-page","status-publish","hentry"],"jetpack_sharing_enabled":true,"_links":{"self":[{"href":"https:\/\/wp.ufpel.edu.br\/caea\/wp-json\/wp\/v2\/pages\/176","targetHints":{"allow":["GET"]}}],"collection":[{"href":"https:\/\/wp.ufpel.edu.br\/caea\/wp-json\/wp\/v2\/pages"}],"about":[{"href":"https:\/\/wp.ufpel.edu.br\/caea\/wp-json\/wp\/v2\/types\/page"}],"author":[{"embeddable":true,"href":"https:\/\/wp.ufpel.edu.br\/caea\/wp-json\/wp\/v2\/users\/1406"}],"replies":[{"embeddable":true,"href":"https:\/\/wp.ufpel.edu.br\/caea\/wp-json\/wp\/v2\/comments?post=176"}],"version-history":[{"count":14,"href":"https:\/\/wp.ufpel.edu.br\/caea\/wp-json\/wp\/v2\/pages\/176\/revisions"}],"predecessor-version":[{"id":361,"href":"https:\/\/wp.ufpel.edu.br\/caea\/wp-json\/wp\/v2\/pages\/176\/revisions\/361"}],"wp:attachment":[{"href":"https:\/\/wp.ufpel.edu.br\/caea\/wp-json\/wp\/v2\/media?parent=176"}],"curies":[{"name":"wp","href":"https:\/\/api.w.org\/{rel}","templated":true}]}}