{"id":143,"date":"2014-02-17T16:41:51","date_gmt":"2014-02-17T19:41:51","guid":{"rendered":"https:\/\/wp.ufpel.edu.br\/cadernodeletras\/?page_id=143"},"modified":"2014-07-30T13:37:12","modified_gmt":"2014-07-30T16:37:12","slug":"eine-vorstellung","status":"publish","type":"page","link":"https:\/\/wp.ufpel.edu.br\/cadernodeletras\/eine-vorstellung\/","title":{"rendered":"EINE VORSTELLUNG"},"content":{"rendered":"<p style=\"text-align: center\"><strong>CADERNO DE LETRAS [Notizen der Literatur] \u2013 EINE VORSTELLUNG<\/strong><\/p>\n<p style=\"text-align: left\">Die Zeitschrift Caderno de Letras, auf Deutsch \u201cNotizen der Literatur\u201d, erschien erstmals 1982 als Resultat der Anstrengung der Professoren und Forscher, die auch die Abteilung f\u00fcr Literaturwissenschaften in das Institut f\u00fcr Literatur und K\u00fcnste der Bundesuniversit\u00e4t von Pelotas integriert hatten \u2013 noch vor der Gr\u00fcndung des Kurses \u201eLiteraturwissenschaften\u201c, welche im Jahr 1984 war.<br \/>\nDie Wichtigkeit einer solchen Ver\u00f6ffentlichung, die Raum f\u00fcr den akademischen Austausch und Debatte zwischen den Forschern der Bundesuniversit\u00e4t von Pelotas und nationalen wie internationalen Institutionen erschaffen w\u00fcrde, f\u00fchrte zu der Herausgabe von Caderno de Letras und konsolidierte f\u00fcr lange Jahre die Zeitschrift als wichtige Referenz.<br \/>\nDamit die Publikation sich \u00fcber diese gesamte Zeit halten konnte, waren die verlangten Anstrengungen der Beteiligten \u2013Redaktion, Kommissionen, Gutachter, Autoren, Revisoren, Grafiker und Editoren \u2013 immens. Dies gilt besonders im Zusammenhang mit dem Bem\u00fchen nach st\u00e4ndiger Aktualisierung innerhalb der Kriterien der g\u00fcltigen Bewertungskriterien f\u00fcr jede Ausgabe.<br \/>\nIn diese Richtung geht auch ein Bild, das sich aus dem Titelblatt der Ausgaben besteht und sich auf die Offenheit der Debatte und Erneuerung bezieht: ein Bild Paul Klees, \u201eoffenes Buch\u201c von 1930. Diese Sichtweise griff stets den versprochenen Dialog durch die Zeitschrift vor, deren Verlagspolitik aus dem Mittel der Vielf\u00e4ltigkeit der Forschung und Diskussionen auf den Gebieten der Sprach und Literaturwissenschaften bestand.<br \/>\nEs sei angemerkt, dass ein j\u00e4hrliches Erscheinen von Caderno de Letras etablierte, welches sich im Jahr 2012 auf halbj\u00e4hrlich verk\u00fcrzte. In dem ersten Halbjahr widmet sich die Ausgabe dem linguistischen Part, im zweiten dann dem literarischen. F\u00fcr jede Ausgabe wird eine eigene Ank\u00fcndigung erstellt und auf der Homepage (cadernodeletras.ufpel.edu.br) der Zeitschrift verbreitet, ebenso in den sozialen Netzwerken, auf den Seiten anderer Institutionen und auf Seiten die auf die entsprechenden Themen bezogen sind. Ab 2014 wird die Zeitschrift auch eine elektronische Version haben und alle bisher erschienenen Ausgaben werden zum nachschlagen verf\u00fcgbar sein.<br \/>\nTrotz der Ank\u00fcndigung spezieller Themen besitzt die Zeitschrift einen kontinuierlichen Zufluss an Texten, die in zuk\u00fcnftigen Ausgaben oder Spezialausgaben eingebettet werden k\u00f6nnen, sowie Kommunikationskan\u00e4le, um Zweifel zu zerstreuen und um Kontakt mit den Mitarbeitern und Teilhabern zu halten.<br \/>\nAktuell ist Caderno de Letras eine Ver\u00f6ffentlichung des Zentrum der Literatur und Kommunikation der Bundesuniversi\u00e4t von Pelotas.<\/p>\n<p style=\"text-align: left\">\u00a0\u00a0\u00a0\u00a0\u00a0\u00a0\u00a0\u00a0\u00a0\u00a0\u00a0\u00a0\u00a0\u00a0\u00a0\u00a0\u00a0\u00a0\u00a0\u00a0\u00a0\u00a0\u00a0\u00a0\u00a0\u00a0\u00a0\u00a0\u00a0\u00a0\u00a0\u00a0\u00a0\u00a0\u00a0\u00a0\u00a0\u00a0\u00a0\u00a0\u00a0\u00a0\u00a0\u00a0\u00a0\u00a0\u00a0\u00a0\u00a0\u00a0\u00a0\u00a0\u00a0\u00a0\u00a0\u00a0\u00a0\u00a0\u00a0\u00a0\u00a0\u00a0\u00a0\u00a0\u00a0\u00a0\u00a0\u00a0\u00a0\u00a0\u00a0\u00a0\u00a0\u00a0\u00a0\u00a0\u00a0\u00a0\u00a0\u00a0\u00a0\u00a0\u00a0\u00a0\u00a0\u00a0\u00a0\u00a0\u00a0\u00a0\u00a0\u00a0\u00a0\u00a0\u00a0\u00a0\u00a0\u00a0\u00a0\u00a0\u00a0\u00a0\u00a0\u00a0\u00a0\u00a0\u00a0\u00a0\u00a0\u00a0\u00a0\u00a0\u00a0\u00a0\u00a0\u00a0\u00a0\u00a0\u00a0\u00a0\u00a0\u00a0\u00a0\u00a0\u00a0\u00a0\u00a0\u00a0\u00a0\u00a0\u00a0\u00a0\u00a0\u00a0\u00a0\u00a0\u00a0\u00a0\u00a0\u00a0\u00a0\u00a0\u00a0 Jo\u00e3o Luis Pereira Ourique \u2013 Herausgeber<\/p>\n<p>\u00dcbersetzung: Helano Jader Cavalcante Ribeiro<\/p>\n","protected":false},"excerpt":{"rendered":"<p>CADERNO DE LETRAS [Notizen der Literatur] \u2013 EINE VORSTELLUNG Die Zeitschrift Caderno de Letras, auf Deutsch \u201cNotizen der Literatur\u201d, erschien erstmals 1982 als Resultat der Anstrengung der Professoren und Forscher, die auch die Abteilung f\u00fcr Literaturwissenschaften in das Institut f\u00fcr Literatur und K\u00fcnste der Bundesuniversit\u00e4t von Pelotas integriert hatten \u2013 noch vor der Gr\u00fcndung des &hellip; <\/p>\n<p><a class=\"more-link btn\" href=\"https:\/\/wp.ufpel.edu.br\/cadernodeletras\/eine-vorstellung\/\">Continue lendo<\/a><\/p>\n","protected":false},"author":310,"featured_media":0,"parent":0,"menu_order":0,"comment_status":"closed","ping_status":"closed","template":"","meta":{"footnotes":""},"class_list":["post-143","page","type-page","status-publish","hentry","nodate","item-wrap"],"_links":{"self":[{"href":"https:\/\/wp.ufpel.edu.br\/cadernodeletras\/wp-json\/wp\/v2\/pages\/143","targetHints":{"allow":["GET"]}}],"collection":[{"href":"https:\/\/wp.ufpel.edu.br\/cadernodeletras\/wp-json\/wp\/v2\/pages"}],"about":[{"href":"https:\/\/wp.ufpel.edu.br\/cadernodeletras\/wp-json\/wp\/v2\/types\/page"}],"author":[{"embeddable":true,"href":"https:\/\/wp.ufpel.edu.br\/cadernodeletras\/wp-json\/wp\/v2\/users\/310"}],"replies":[{"embeddable":true,"href":"https:\/\/wp.ufpel.edu.br\/cadernodeletras\/wp-json\/wp\/v2\/comments?post=143"}],"version-history":[{"count":4,"href":"https:\/\/wp.ufpel.edu.br\/cadernodeletras\/wp-json\/wp\/v2\/pages\/143\/revisions"}],"predecessor-version":[{"id":321,"href":"https:\/\/wp.ufpel.edu.br\/cadernodeletras\/wp-json\/wp\/v2\/pages\/143\/revisions\/321"}],"wp:attachment":[{"href":"https:\/\/wp.ufpel.edu.br\/cadernodeletras\/wp-json\/wp\/v2\/media?parent=143"}],"curies":[{"name":"wp","href":"https:\/\/api.w.org\/{rel}","templated":true}]}}