{"id":80,"date":"2023-04-09T22:06:08","date_gmt":"2023-04-10T01:06:08","guid":{"rendered":"https:\/\/wp.ufpel.edu.br\/cachoeirasdepelotas\/?page_id=80"},"modified":"2023-05-08T19:55:40","modified_gmt":"2023-05-08T22:55:40","slug":"cachoeira-do-arco-iris","status":"publish","type":"page","link":"https:\/\/wp.ufpel.edu.br\/cachoeirasdepelotas\/cachoeira-do-arco-iris\/","title":{"rendered":"Cachoeira do Arco-\u00cdris"},"content":{"rendered":"<p>&nbsp;<\/p>\n<p><span style=\"font-weight: 400;\">O local conta com cachoeira, piscina natural com tobog\u00e3 instalado, espa\u00e7o com churrasqueira coberta e banheiros com chuveiro de \u00e1gua fria. A entrada de animais \u00e9 permitida, por\u00e9m \u00e9 proibido sua entrada na \u00e1gua. Lanches s\u00e3o servidos no local.\u00a0<\/span><\/p>\n<p><b>Localiza\u00e7\u00e3o: <\/b><span style=\"font-weight: 400;\">Rodovia BR 392, km 102, Rinc\u00e3o da Cruz &#8211; Pelotas\/RS<\/span><\/p>\n<p><b>Dist\u00e2ncia de Pelotas: <\/b><span style=\"font-weight: 400;\">51,5 km<\/span><\/p>\n<p><b>Funcionamento: <\/b>d<span style=\"font-weight: 400;\">e mar\u00e7o a novembro, aos s\u00e1bados, domingos e feriados, das 09h \u00e0s 19h.\u00a0<\/span><span style=\"font-weight: 400;\">De dezembro a fevereiro: diariamente das 9h \u00e0s 19h, exceto \u00e0s quarta feiras.\u00a0<\/span><\/p>\n<p><b>Valores: <\/b><span style=\"font-weight: 400;\">para passar o dia R$ 10,00<\/span><\/p>\n<p><b>Telefone para contato: <\/b><span style=\"font-weight: 400;\">(53) 984257879\u00a0<\/span><\/p>\n<p><b>Trajeto de carro: <\/b><a href=\"https:\/\/www.google.com\/maps\/dir\/Rodovi%C3%A1ria+de+Pelotas+-+Eterpel+-+COHAB+Guabiroba,+Pelotas+-+RS\/Cachoeira+do+Arco+-+Iris+-+Triunfo,+Pelotas+-+RS\/@-31.5829875,-52.7578461,10z\/data=!3m1!4b1!4m14!4m13!1m5!1m1!1s0x9511b57da14fdc8d:0xee734f67067fcbc1!2m2!1d-52.3598441!2d-31.7559582!1m5!1m1!1s0x95101768e46b0ae7:0x876cae5cb0e03bea!2m2!1d-52.5180005!2d-31.411762!3e0\">clique aqui<\/a><\/p>\n<p><b>Trajeto de \u00f4nibus: <\/b><span style=\"font-weight: 400;\">pegue o \u00f4nibus da linha na Rua General Neto, a passagem<\/span> <span style=\"font-weight: 400;\">custa 5 reais e deve ser pago para o motorista dentro do \u00f4nibus. Pedir para o motorista para descer em frente \u00e0 cachoeira.\u00a0<\/span><\/p>\n<p><b>Hor\u00e1rio de \u00f4nibus: <\/b><a href=\"https:\/\/www.empresasantacruz.com.br\/maciel\/\"><span style=\"font-weight: 400;\">https:\/\/www.empresasantacruz.com.br\/maciel\/<\/span><\/a><span style=\"font-weight: 400;\">\u00a0<\/span><\/p>\n<p><b>Redes sociais: <\/b><a href=\"https:\/\/www.facebook.com\/CachoeiraDoArcoIris\/?locale=pt_BR\"><span style=\"font-weight: 400;\">https:\/\/www.facebook.com\/CachoeiraDoArcoIris\/?locale=pt_BR<\/span><\/a><span style=\"font-weight: 400;\">\u00a0<\/span><\/p>\n<p><a href=\"https:\/\/www.instagram.com\/cachoeiraarcoiiris\/?igshid=YmMyMTA2M2Y%3D\"><span style=\"font-weight: 400;\">https:\/\/www.instagram.com\/cachoeiraarcoiiris\/?igshid=YmMyMTA2M2Y%3D<\/span><\/a><\/p>\n<p>Foto: Redes Sociais da Cachoeira<\/p>\n","protected":false},"excerpt":{"rendered":"<p>&nbsp; O local conta com cachoeira, piscina natural com tobog\u00e3 instalado, espa\u00e7o com churrasqueira coberta e banheiros com chuveiro de \u00e1gua fria. A entrada de animais \u00e9 permitida, por\u00e9m \u00e9 proibido sua entrada na \u00e1gua. Lanches s\u00e3o servidos no local.\u00a0 Localiza\u00e7\u00e3o: Rodovia BR 392, km 102, Rinc\u00e3o da Cruz &#8211; Pelotas\/RS Dist\u00e2ncia de Pelotas: 51,5&#8230; <\/p>\n<div class=\"link-more\"><a href=\"https:\/\/wp.ufpel.edu.br\/cachoeirasdepelotas\/cachoeira-do-arco-iris\/\">Leia mais<\/a><\/div>\n","protected":false},"author":1289,"featured_media":47,"parent":0,"menu_order":0,"comment_status":"closed","ping_status":"closed","template":"","meta":{"footnotes":""},"class_list":["post-80","page","type-page","status-publish","has-post-thumbnail","hentry"],"_links":{"self":[{"href":"https:\/\/wp.ufpel.edu.br\/cachoeirasdepelotas\/wp-json\/wp\/v2\/pages\/80","targetHints":{"allow":["GET"]}}],"collection":[{"href":"https:\/\/wp.ufpel.edu.br\/cachoeirasdepelotas\/wp-json\/wp\/v2\/pages"}],"about":[{"href":"https:\/\/wp.ufpel.edu.br\/cachoeirasdepelotas\/wp-json\/wp\/v2\/types\/page"}],"author":[{"embeddable":true,"href":"https:\/\/wp.ufpel.edu.br\/cachoeirasdepelotas\/wp-json\/wp\/v2\/users\/1289"}],"replies":[{"embeddable":true,"href":"https:\/\/wp.ufpel.edu.br\/cachoeirasdepelotas\/wp-json\/wp\/v2\/comments?post=80"}],"version-history":[{"count":4,"href":"https:\/\/wp.ufpel.edu.br\/cachoeirasdepelotas\/wp-json\/wp\/v2\/pages\/80\/revisions"}],"predecessor-version":[{"id":182,"href":"https:\/\/wp.ufpel.edu.br\/cachoeirasdepelotas\/wp-json\/wp\/v2\/pages\/80\/revisions\/182"}],"wp:featuredmedia":[{"embeddable":true,"href":"https:\/\/wp.ufpel.edu.br\/cachoeirasdepelotas\/wp-json\/wp\/v2\/media\/47"}],"wp:attachment":[{"href":"https:\/\/wp.ufpel.edu.br\/cachoeirasdepelotas\/wp-json\/wp\/v2\/media?parent=80"}],"curies":[{"name":"wp","href":"https:\/\/api.w.org\/{rel}","templated":true}]}}