{"id":74,"date":"2023-04-09T22:03:50","date_gmt":"2023-04-10T01:03:50","guid":{"rendered":"https:\/\/wp.ufpel.edu.br\/cachoeirasdepelotas\/?page_id=74"},"modified":"2023-05-08T19:56:59","modified_gmt":"2023-05-08T22:56:59","slug":"cachoeira-do-paraiso","status":"publish","type":"page","link":"https:\/\/wp.ufpel.edu.br\/cachoeirasdepelotas\/cachoeira-do-paraiso\/","title":{"rendered":"Cachoeira do Para\u00edso"},"content":{"rendered":"<p><span style=\"font-weight: 400;\">O local conta com cabanas para hospedagem, trilha, cachoeira, \u00e1rea de camping e com\u00e9rcio de produtos locais, como bebidas, p\u00e3es e cucas.<\/span><\/p>\n<p><b>Localiza\u00e7\u00e3o: <\/b><span style=\"font-weight: 400;\">Col\u00f4nia Santo Ant\u00f4nio, SN\u00b0, 7\u00b0 distrito &#8211; Pelotas\/RS<\/span><\/p>\n<p><b>Dist\u00e2ncia de Pelotas: <\/b><span style=\"font-weight: 400;\">41,5 km<\/span><\/p>\n<p><b>Funcionamento: <\/b><span style=\"font-weight: 400;\">de segunda \u00e0 domingo das 07h \u00e0s 20h<\/span><\/p>\n<p><b>Valores: <\/b><span style=\"font-weight: 400;\">visita\u00e7\u00e3o R$ 10,00<\/span><\/p>\n<p><span style=\"font-weight: 400;\">Para passar o dia R$ 15,00<\/span><\/p>\n<p><span style=\"font-weight: 400;\">Acampamento R$ 30,00<\/span><\/p>\n<p><span style=\"font-weight: 400;\">Aluguel de churrasqueira R$ 20,00<\/span><\/p>\n<p><span style=\"font-weight: 400;\">PROIBIDO ENTRADA COM ALIMENTOS E BEBIDAS<\/span><\/p>\n<p><b>Telefone para contato: <\/b><span style=\"font-weight: 400;\">53 981388033<\/span><\/p>\n<p><b>Trajeto de carro:\u00a0 <\/b><a href=\"https:\/\/www.google.com\/maps\/dir\/Pelotas+-+COHAB+Guabiroba,+Pelotas+-+RS\/Cachoeira+Para%C3%ADso,+Sn+Col%C3%B4nia+Santo+Ant%C3%B4nio%2F7%C2%B0+distrito,+Pelotas+-+RS,+96145-000\/@-31.6341041,-52.5793672,11z\/data=!4m13!4m12!1m5!1m1!1s0x9511b57da14fdc8d:0xee734f67067fcbc1!2m2!1d-52.3598441!2d-31.7559582!1m5!1m1!1s0x95103c11748a956f:0xb78d7be2c4045c4f!2m2!1d-52.4622685!2d-31.5129513\">clique aqui<\/a><\/p>\n<p><b>Trajeto de \u00f4nibus: <\/b><span style=\"font-weight: 400;\">pegue o \u00f4nibus da linha na Rua General Neto, a passagem<\/span> <span style=\"font-weight: 400;\">custa 5 reais e deve ser pago para o motorista dentro do \u00f4nibus. Pedir para o motorista para descer em frente \u00e0 cachoeira.<\/span><\/p>\n<p><b>Hor\u00e1rio de \u00f4nibus: <\/b><a href=\"https:\/\/www.empresasantacruz.com.br\/bachini\/\"><span style=\"font-weight: 400;\">https:\/\/www.empresasantacruz.com.br\/bachini\/<\/span><\/a><span style=\"font-weight: 400;\">\u00a0<\/span><\/p>\n<p><b>Redes sociais: <\/b><a href=\"https:\/\/www.facebook.com\/CachoeiraParaiso\/?locale=pt_BR\"><span style=\"font-weight: 400;\">https:\/\/www.facebook.com\/CachoeiraParaiso\/?locale=pt_BR<\/span><\/a><span style=\"font-weight: 400;\">\u00a0<\/span><\/p>\n<p><a href=\"https:\/\/www.instagram.com\/paraiso_cachoeira\"><span style=\"font-weight: 400;\">https:\/\/www.instagram.com\/paraiso_cachoeira<\/span><\/a><span style=\"font-weight: 400;\">\u00a0<\/span><\/p>\n<p>Foto: Redes Sociais da cachoeira<\/p>\n","protected":false},"excerpt":{"rendered":"<p>O local conta com cabanas para hospedagem, trilha, cachoeira, \u00e1rea de camping e com\u00e9rcio de produtos locais, como bebidas, p\u00e3es e cucas. Localiza\u00e7\u00e3o: Col\u00f4nia Santo Ant\u00f4nio, SN\u00b0, 7\u00b0 distrito &#8211; Pelotas\/RS Dist\u00e2ncia de Pelotas: 41,5 km Funcionamento: de segunda \u00e0 domingo das 07h \u00e0s 20h Valores: visita\u00e7\u00e3o R$ 10,00 Para passar o dia R$ 15,00&#8230; <\/p>\n<div class=\"link-more\"><a href=\"https:\/\/wp.ufpel.edu.br\/cachoeirasdepelotas\/cachoeira-do-paraiso\/\">Leia mais<\/a><\/div>\n","protected":false},"author":1289,"featured_media":46,"parent":0,"menu_order":0,"comment_status":"closed","ping_status":"closed","template":"","meta":{"_crdt_document":"","footnotes":""},"class_list":["post-74","page","type-page","status-publish","has-post-thumbnail","hentry"],"_links":{"self":[{"href":"https:\/\/wp.ufpel.edu.br\/cachoeirasdepelotas\/wp-json\/wp\/v2\/pages\/74","targetHints":{"allow":["GET"]}}],"collection":[{"href":"https:\/\/wp.ufpel.edu.br\/cachoeirasdepelotas\/wp-json\/wp\/v2\/pages"}],"about":[{"href":"https:\/\/wp.ufpel.edu.br\/cachoeirasdepelotas\/wp-json\/wp\/v2\/types\/page"}],"author":[{"embeddable":true,"href":"https:\/\/wp.ufpel.edu.br\/cachoeirasdepelotas\/wp-json\/wp\/v2\/users\/1289"}],"replies":[{"embeddable":true,"href":"https:\/\/wp.ufpel.edu.br\/cachoeirasdepelotas\/wp-json\/wp\/v2\/comments?post=74"}],"version-history":[{"count":4,"href":"https:\/\/wp.ufpel.edu.br\/cachoeirasdepelotas\/wp-json\/wp\/v2\/pages\/74\/revisions"}],"predecessor-version":[{"id":183,"href":"https:\/\/wp.ufpel.edu.br\/cachoeirasdepelotas\/wp-json\/wp\/v2\/pages\/74\/revisions\/183"}],"wp:featuredmedia":[{"embeddable":true,"href":"https:\/\/wp.ufpel.edu.br\/cachoeirasdepelotas\/wp-json\/wp\/v2\/media\/46"}],"wp:attachment":[{"href":"https:\/\/wp.ufpel.edu.br\/cachoeirasdepelotas\/wp-json\/wp\/v2\/media?parent=74"}],"curies":[{"name":"wp","href":"https:\/\/api.w.org\/{rel}","templated":true}]}}