{"id":67,"date":"2023-04-09T21:34:09","date_gmt":"2023-04-10T00:34:09","guid":{"rendered":"https:\/\/wp.ufpel.edu.br\/cachoeirasdepelotas\/?page_id=67"},"modified":"2023-05-08T20:03:38","modified_gmt":"2023-05-08T23:03:38","slug":"cachoeira-do-imigrante-2","status":"publish","type":"page","link":"https:\/\/wp.ufpel.edu.br\/cachoeirasdepelotas\/cachoeira-do-imigrante-2\/","title":{"rendered":"Cachoeira do Imigrante"},"content":{"rendered":"<p><span style=\"font-weight: 400;\">O local conta com trilha, cachoeira, \u00e1rea de camping e com\u00e9rcio de produtos locais como bebidas, p\u00e3es e cucas.<\/span><\/p>\n<p><b>Localiza\u00e7\u00e3o: <\/b><span style=\"font-weight: 400;\">Col\u00f4nia Maciel, Cachoeira do Imigrante &#8211; Pelotas\/RS<\/span><\/p>\n<p><b>Dist\u00e2ncia de Pelotas: <\/b><span style=\"font-weight: 400;\">41,3 km<\/span><\/p>\n<p><b>Funcionamento: <\/b><span style=\"font-weight: 400;\">de segunda \u00e0 domingo das 08h \u00e0s 20h durante todo ano.<\/span><\/p>\n<p><b>Valores: <\/b><span style=\"font-weight: 400;\">para passar o dia R$ 10,00<\/span><\/p>\n<p><span style=\"font-weight: 400;\">Acampamento R$ 20,00<\/span><\/p>\n<p><b>Telefone para contato: <\/b><span style=\"font-weight: 400;\">53 98137-2313<\/span><\/p>\n<p><b>Trajeto de carro:\u00a0 <\/b><a href=\"https:\/\/www.google.com\/maps\/dir\/Rodovi%C3%A1ria+de+Pelotas+-+Eterpel+-+COHAB+Guabiroba,+Pelotas+-+RS\/Cachoeira+do+Imigrante+-+Estrada+Col%C3%B4nia+Maciel+-+Rinc%C3%A3o+da+Cruz,+Pelotas+-+RS\/@-31.6268905,-52.6177361,11z\/data=!3m1!4b1!4m14!4m13!1m5!1m1!1s0x9511b57da14fdc8d:0xee734f67067fcbc1!2m2!1d-52.3598441!2d-31.7559582!1m5!1m1!1s0x951022647da4bfbb:0x29e2ece128d418d2!2m2!1d-52.5825946!2d-31.4985738!3e0\">clique aqui<\/a><\/p>\n<p><b>Trajeto de \u00f4nibus: <\/b><span style=\"font-weight: 400;\">pegue o \u00f4nibus da linha na Rua General Neto, a passagem<\/span> <span style=\"font-weight: 400;\">custa 5 reais (em esp\u00e9cie) e deve ser pago para o motorista dentro do \u00f4nibus. Pedir para o motorista para descer em frente \u00e0 cachoeira.\u00a0<\/span><\/p>\n<p><b>Hor\u00e1rio de \u00f4nibus: <\/b><a href=\"https:\/\/www.empresasantacruz.com.br\/maciel\/\"><span style=\"font-weight: 400;\">https:\/\/www.empresasantacruz.com.br\/maciel\/<\/span><\/a><span style=\"font-weight: 400;\">\u00a0<\/span><\/p>\n<p><b>Redes sociais: <\/b><a href=\"https:\/\/www.facebook.com\/cachoeiradoimigrante?locale=pt_BR\"><span style=\"font-weight: 400;\">https:\/\/www.facebook.com\/cachoeiradoimigrante?locale=pt_BR<\/span><\/a><span style=\"font-weight: 400;\">\u00a0<\/span><\/p>\n<p><a href=\"https:\/\/www.instagram.com\/cachoeira_do_imigrante\/\"><span style=\"font-weight: 400;\">https:\/\/www.instagram.com\/cachoeira_do_imigrante\/<\/span><\/a><span style=\"font-weight: 400;\">\u00a0<\/span><\/p>\n<p>Foto: Redes Sociais do empreendimento<\/p>\n","protected":false},"excerpt":{"rendered":"<p>O local conta com trilha, cachoeira, \u00e1rea de camping e com\u00e9rcio de produtos locais como bebidas, p\u00e3es e cucas. Localiza\u00e7\u00e3o: Col\u00f4nia Maciel, Cachoeira do Imigrante &#8211; Pelotas\/RS Dist\u00e2ncia de Pelotas: 41,3 km Funcionamento: de segunda \u00e0 domingo das 08h \u00e0s 20h durante todo ano. Valores: para passar o dia R$ 10,00 Acampamento R$ 20,00 Telefone&#8230; <\/p>\n<div class=\"link-more\"><a href=\"https:\/\/wp.ufpel.edu.br\/cachoeirasdepelotas\/cachoeira-do-imigrante-2\/\">Leia mais<\/a><\/div>\n","protected":false},"author":1289,"featured_media":39,"parent":0,"menu_order":0,"comment_status":"closed","ping_status":"closed","template":"","meta":{"footnotes":""},"class_list":["post-67","page","type-page","status-publish","has-post-thumbnail","hentry"],"_links":{"self":[{"href":"https:\/\/wp.ufpel.edu.br\/cachoeirasdepelotas\/wp-json\/wp\/v2\/pages\/67","targetHints":{"allow":["GET"]}}],"collection":[{"href":"https:\/\/wp.ufpel.edu.br\/cachoeirasdepelotas\/wp-json\/wp\/v2\/pages"}],"about":[{"href":"https:\/\/wp.ufpel.edu.br\/cachoeirasdepelotas\/wp-json\/wp\/v2\/types\/page"}],"author":[{"embeddable":true,"href":"https:\/\/wp.ufpel.edu.br\/cachoeirasdepelotas\/wp-json\/wp\/v2\/users\/1289"}],"replies":[{"embeddable":true,"href":"https:\/\/wp.ufpel.edu.br\/cachoeirasdepelotas\/wp-json\/wp\/v2\/comments?post=67"}],"version-history":[{"count":4,"href":"https:\/\/wp.ufpel.edu.br\/cachoeirasdepelotas\/wp-json\/wp\/v2\/pages\/67\/revisions"}],"predecessor-version":[{"id":189,"href":"https:\/\/wp.ufpel.edu.br\/cachoeirasdepelotas\/wp-json\/wp\/v2\/pages\/67\/revisions\/189"}],"wp:featuredmedia":[{"embeddable":true,"href":"https:\/\/wp.ufpel.edu.br\/cachoeirasdepelotas\/wp-json\/wp\/v2\/media\/39"}],"wp:attachment":[{"href":"https:\/\/wp.ufpel.edu.br\/cachoeirasdepelotas\/wp-json\/wp\/v2\/media?parent=67"}],"curies":[{"name":"wp","href":"https:\/\/api.w.org\/{rel}","templated":true}]}}