{"id":64,"date":"2023-04-09T21:33:43","date_gmt":"2023-04-10T00:33:43","guid":{"rendered":"https:\/\/wp.ufpel.edu.br\/cachoeirasdepelotas\/?page_id=64"},"modified":"2023-05-08T20:05:25","modified_gmt":"2023-05-08T23:05:25","slug":"cachoeira-do-camboata","status":"publish","type":"page","link":"https:\/\/wp.ufpel.edu.br\/cachoeirasdepelotas\/cachoeira-do-camboata\/","title":{"rendered":"Cachoeira do Camboat\u00e1"},"content":{"rendered":"<p><span style=\"font-weight: 400;\">O local conta com \u00e1rea verde para passar o dia,<\/span> <span style=\"font-weight: 400;\">cachoeira. Quanto \u00e0 infraestrutura tem banheiro, \u00e1rea para cozinhar com churrasqueiras, mesas e pias, al\u00e9m de um restaurante onde s\u00e3o servidas refei\u00e7\u00f5es aos domingos.<\/span><\/p>\n<p><b>Localiza\u00e7\u00e3o: <\/b><span style=\"font-weight: 400;\">Rua dos Ip\u00eas, Col\u00f4nia Progresso &#8211; Arroio do Padre\/RS<\/span><\/p>\n<p><b>Dist\u00e2ncia do centro de Pelotas: <\/b><span style=\"font-weight: 400;\">57,8 km<\/span><\/p>\n<p><b>Funcionamento:<\/b><span style=\"font-weight: 400;\"> de segunda a domingo<\/span><\/p>\n<p><b>Valores:<\/b><span style=\"font-weight: 400;\"> entrada R$ 10,00\u00a0\u00a0<\/span><\/p>\n<p><span style=\"font-weight: 400;\">Acampamento R$ 20,00<\/span><\/p>\n<p><span style=\"font-weight: 400;\">Almo\u00e7o aos domingos R$ 40,00<\/span><\/p>\n<p><b>Telefone para contato: <\/b><span style=\"font-weight: 400;\">(53) 98124-3580<\/span><\/p>\n<p><b>Trajeto de carro:\u00a0 <\/b><a href=\"https:\/\/www.google.com\/maps\/dir\/Pelotas+-+COHAB+Guabiroba,+Pelotas+-+RS\/Cachoeira+Para%C3%ADso,+Sn+Col%C3%B4nia+Santo+Ant%C3%B4nio%2F7%C2%B0+distrito,+Pelotas+-+RS,+96145-000\/@-31.6341041,-52.5793672,11z\/data=!4m13!4m12!1m5!1m1!1s0x9511b57da14fdc8d:0xee734f67067fcbc1!2m2!1d-52.3598441!2d-31.7559582!1m5!1m1!1s0x95103c11748a956f:0xb78d7be2c4045c4f!2m2!1d-52.4622685!2d-31.5129513\">clique aqui<\/a><\/p>\n<p><b>Trajeto de \u00f4nibus: <\/b><span style=\"font-weight: 400;\">pegue o \u00f4nibus da empresa Harms com destino a Arroio do Padre na esta\u00e7\u00e3o rodovi\u00e1ria de Pelotas. A passagem<\/span> <span style=\"font-weight: 400;\">custa em torno de 25 reais e deve ser pago para o motorista dentro do \u00f4nibus. Chegando em Arroio do Padre voc\u00ea tem duas op\u00e7\u00f5es: descer no centro de Arroio do Padre e caminhar por volta de 6 km por estrada de ch\u00e3o ou pedir para o motorista parar em frente \u00e0 cachoeira.<\/span><\/p>\n<p><b>Hor\u00e1rio de \u00f4nibus: <\/b><a href=\"http:\/\/www.empresaharms.com.br\/\">http:\/\/www.empresaharms.com.br\/<\/a><\/p>\n<p><b>Redes sociais: <\/b><a href=\"https:\/\/www.facebook.com\/profile.php?id=100063452389631\"><span style=\"font-weight: 400;\">https:\/\/www.facebook.com\/profile.php?id=100063452389631<\/span><\/a><span style=\"font-weight: 400;\">\u00a0<\/span><\/p>\n<p><b>Localiza\u00e7\u00e3o no Waze: <\/b><a href=\"https:\/\/shre.ink\/wazecamboata\">https:\/\/shre.ink\/wazecamboata<\/a><\/p>\n<p>Foto: Redes Sociais da cachoeira<\/p>\n","protected":false},"excerpt":{"rendered":"<p>O local conta com \u00e1rea verde para passar o dia, cachoeira. Quanto \u00e0 infraestrutura tem banheiro, \u00e1rea para cozinhar com churrasqueiras, mesas e pias, al\u00e9m de um restaurante onde s\u00e3o servidas refei\u00e7\u00f5es aos domingos. Localiza\u00e7\u00e3o: Rua dos Ip\u00eas, Col\u00f4nia Progresso &#8211; Arroio do Padre\/RS Dist\u00e2ncia do centro de Pelotas: 57,8 km Funcionamento: de segunda a&#8230; <\/p>\n<div class=\"link-more\"><a href=\"https:\/\/wp.ufpel.edu.br\/cachoeirasdepelotas\/cachoeira-do-camboata\/\">Leia mais<\/a><\/div>\n","protected":false},"author":1289,"featured_media":42,"parent":0,"menu_order":0,"comment_status":"closed","ping_status":"closed","template":"","meta":{"footnotes":""},"class_list":["post-64","page","type-page","status-publish","has-post-thumbnail","hentry"],"_links":{"self":[{"href":"https:\/\/wp.ufpel.edu.br\/cachoeirasdepelotas\/wp-json\/wp\/v2\/pages\/64","targetHints":{"allow":["GET"]}}],"collection":[{"href":"https:\/\/wp.ufpel.edu.br\/cachoeirasdepelotas\/wp-json\/wp\/v2\/pages"}],"about":[{"href":"https:\/\/wp.ufpel.edu.br\/cachoeirasdepelotas\/wp-json\/wp\/v2\/types\/page"}],"author":[{"embeddable":true,"href":"https:\/\/wp.ufpel.edu.br\/cachoeirasdepelotas\/wp-json\/wp\/v2\/users\/1289"}],"replies":[{"embeddable":true,"href":"https:\/\/wp.ufpel.edu.br\/cachoeirasdepelotas\/wp-json\/wp\/v2\/comments?post=64"}],"version-history":[{"count":7,"href":"https:\/\/wp.ufpel.edu.br\/cachoeirasdepelotas\/wp-json\/wp\/v2\/pages\/64\/revisions"}],"predecessor-version":[{"id":192,"href":"https:\/\/wp.ufpel.edu.br\/cachoeirasdepelotas\/wp-json\/wp\/v2\/pages\/64\/revisions\/192"}],"wp:featuredmedia":[{"embeddable":true,"href":"https:\/\/wp.ufpel.edu.br\/cachoeirasdepelotas\/wp-json\/wp\/v2\/media\/42"}],"wp:attachment":[{"href":"https:\/\/wp.ufpel.edu.br\/cachoeirasdepelotas\/wp-json\/wp\/v2\/media?parent=64"}],"curies":[{"name":"wp","href":"https:\/\/api.w.org\/{rel}","templated":true}]}}