{"id":92,"date":"2021-06-14T23:18:42","date_gmt":"2021-06-15T02:18:42","guid":{"rendered":"https:\/\/wp.ufpel.edu.br\/caamb\/?page_id=92"},"modified":"2021-06-18T14:56:43","modified_gmt":"2021-06-18T17:56:43","slug":"objetivos","status":"publish","type":"page","link":"https:\/\/wp.ufpel.edu.br\/caamb\/objetivos\/","title":{"rendered":"Objetivos"},"content":{"rendered":"<p>A CAAmb tem por objetivos:<\/p>\n<p><b>Observar e repercutir a realidade socioambiental local e regional.<\/b><\/p>\n<ul>\n<li style=\"text-align: justify\">identificar problemas e priorizar pontos de aten\u00e7\u00e3o para a atua\u00e7\u00e3o institucional externa na \u00e1rea ambiental.<\/li>\n<li style=\"text-align: justify\">estabelecer di\u00e1logos e atuar integradamente com organiza\u00e7\u00f5es p\u00fablicas e da sociedade civil em defesa da democracia e da \u00e9tica ambiental.<\/li>\n<li style=\"text-align: justify\">desenvolver estudos t\u00e9cnico-cient\u00edficos voltados \u00e0 preserva\u00e7\u00e3o ambiental e \u00e0 implementa\u00e7\u00e3o de Unidades de Conserva\u00e7\u00e3o da Natureza (UCNs).<\/li>\n<\/ul>\n<p><b>Amparar as manifesta\u00e7\u00f5es da <\/b><b>UFPel<\/b><b> em inst\u00e2ncias ambientais externas\u00a0<\/b><\/p>\n<ul style=\"text-align: justify\">\n<li>debater e alcan\u00e7ar posicionamentos que respaldes a atua\u00e7\u00e3o dos representantes institucionais em inst\u00e2ncias ambientais externas.<\/li>\n<li>contribuir, eventualmente e sob demanda, em temas ambientais no \u00e2mbito interno da UFPel.<\/li>\n<\/ul>\n<div style=\"width: 2192px\" class=\"wp-caption alignnone\"><img loading=\"lazy\" decoding=\"async\" src=\"https:\/\/wp.ufpel.edu.br\/caamb\/files\/2021\/06\/Foto-palmeira-paisagem-Pontal-1-1-scaled-e1624038506374.jpg\" alt=\"\" width=\"2182\" height=\"1177\" \/><p class=\"wp-caption-text\">Pontal da Barra do Laranjal &#8211; Foto: Giovanni N. Maur\u00edcio<\/p><\/div>\n","protected":false},"excerpt":{"rendered":"<p>A CAAmb tem por objetivos: Observar e repercutir a realidade socioambiental local e regional. identificar problemas e priorizar pontos de aten\u00e7\u00e3o para a atua\u00e7\u00e3o institucional externa na \u00e1rea ambiental. estabelecer di\u00e1logos e atuar integradamente com organiza\u00e7\u00f5es p\u00fablicas e da sociedade&#8230; <a class=\"more-link\" href=\"https:\/\/wp.ufpel.edu.br\/caamb\/objetivos\/\">Continue lendo &rarr;<\/a><\/p>\n","protected":false},"author":1150,"featured_media":0,"parent":0,"menu_order":0,"comment_status":"closed","ping_status":"closed","template":"","meta":{"footnotes":""},"class_list":["post-92","page","type-page","status-publish","hentry"],"_links":{"self":[{"href":"https:\/\/wp.ufpel.edu.br\/caamb\/wp-json\/wp\/v2\/pages\/92","targetHints":{"allow":["GET"]}}],"collection":[{"href":"https:\/\/wp.ufpel.edu.br\/caamb\/wp-json\/wp\/v2\/pages"}],"about":[{"href":"https:\/\/wp.ufpel.edu.br\/caamb\/wp-json\/wp\/v2\/types\/page"}],"author":[{"embeddable":true,"href":"https:\/\/wp.ufpel.edu.br\/caamb\/wp-json\/wp\/v2\/users\/1150"}],"replies":[{"embeddable":true,"href":"https:\/\/wp.ufpel.edu.br\/caamb\/wp-json\/wp\/v2\/comments?post=92"}],"version-history":[{"count":7,"href":"https:\/\/wp.ufpel.edu.br\/caamb\/wp-json\/wp\/v2\/pages\/92\/revisions"}],"predecessor-version":[{"id":318,"href":"https:\/\/wp.ufpel.edu.br\/caamb\/wp-json\/wp\/v2\/pages\/92\/revisions\/318"}],"wp:attachment":[{"href":"https:\/\/wp.ufpel.edu.br\/caamb\/wp-json\/wp\/v2\/media?parent=92"}],"curies":[{"name":"wp","href":"https:\/\/api.w.org\/{rel}","templated":true}]}}