{"id":56,"date":"2021-06-14T19:28:32","date_gmt":"2021-06-14T22:28:32","guid":{"rendered":"https:\/\/wp.ufpel.edu.br\/caamb\/?page_id=56"},"modified":"2021-06-20T21:31:13","modified_gmt":"2021-06-21T00:31:13","slug":"sobre-a-caamb","status":"publish","type":"page","link":"https:\/\/wp.ufpel.edu.br\/caamb\/sobre-a-caamb\/","title":{"rendered":"Apresenta\u00e7\u00e3o"},"content":{"rendered":"<p style=\"text-align: justify\">A Universidade Federal de Pelotas vem desenvolvendo a\u00e7\u00f5es institucionais coletivas e sistem\u00e1ticas voltadas \u00e0 prote\u00e7\u00e3o ambiental, em compromisso com a responsabilidade social universit\u00e1ria para o desenvolvimento humano com sustentabilidade.<\/p>\n<p style=\"text-align: justify\">Tendo em vista a complexidade dos desafios socioambientais globais e da necessidade de seu enfrentamento em n\u00edvel local e regional de forma organizada e permanente, a UFPel instituiu, por meio da Portaria n\u00ba 1.707\/2020, a Comiss\u00e3o para Assuntos Ambientais (CAAmb).<\/p>\n<p>&nbsp;<\/p>\n","protected":false},"excerpt":{"rendered":"<p>A Universidade Federal de Pelotas vem desenvolvendo a\u00e7\u00f5es institucionais coletivas e sistem\u00e1ticas voltadas \u00e0 prote\u00e7\u00e3o ambiental, em compromisso com a responsabilidade social universit\u00e1ria para o desenvolvimento humano com sustentabilidade. Tendo em vista a complexidade dos desafios socioambientais globais e da&#8230; <a class=\"more-link\" href=\"https:\/\/wp.ufpel.edu.br\/caamb\/sobre-a-caamb\/\">Continue lendo &rarr;<\/a><\/p>\n","protected":false},"author":1150,"featured_media":0,"parent":0,"menu_order":0,"comment_status":"closed","ping_status":"closed","template":"","meta":{"footnotes":""},"class_list":["post-56","page","type-page","status-publish","hentry"],"_links":{"self":[{"href":"https:\/\/wp.ufpel.edu.br\/caamb\/wp-json\/wp\/v2\/pages\/56","targetHints":{"allow":["GET"]}}],"collection":[{"href":"https:\/\/wp.ufpel.edu.br\/caamb\/wp-json\/wp\/v2\/pages"}],"about":[{"href":"https:\/\/wp.ufpel.edu.br\/caamb\/wp-json\/wp\/v2\/types\/page"}],"author":[{"embeddable":true,"href":"https:\/\/wp.ufpel.edu.br\/caamb\/wp-json\/wp\/v2\/users\/1150"}],"replies":[{"embeddable":true,"href":"https:\/\/wp.ufpel.edu.br\/caamb\/wp-json\/wp\/v2\/comments?post=56"}],"version-history":[{"count":17,"href":"https:\/\/wp.ufpel.edu.br\/caamb\/wp-json\/wp\/v2\/pages\/56\/revisions"}],"predecessor-version":[{"id":389,"href":"https:\/\/wp.ufpel.edu.br\/caamb\/wp-json\/wp\/v2\/pages\/56\/revisions\/389"}],"wp:attachment":[{"href":"https:\/\/wp.ufpel.edu.br\/caamb\/wp-json\/wp\/v2\/media?parent=56"}],"curies":[{"name":"wp","href":"https:\/\/api.w.org\/{rel}","templated":true}]}}