{"id":288,"date":"2021-06-18T11:44:43","date_gmt":"2021-06-18T14:44:43","guid":{"rendered":"https:\/\/wp.ufpel.edu.br\/caamb\/?page_id=288"},"modified":"2021-06-19T14:44:29","modified_gmt":"2021-06-19T17:44:29","slug":"historico","status":"publish","type":"page","link":"https:\/\/wp.ufpel.edu.br\/caamb\/historico\/","title":{"rendered":"Hist\u00f3rico"},"content":{"rendered":"<p>A CAAmb tem origem em a\u00e7\u00e3o pioneira da UFPel no ano de 2017, com a forma\u00e7\u00e3o de um grupo interinstitucional para desenvolver estudos preliminares sobre a cria\u00e7\u00e3o de Unidade de Conserva\u00e7\u00e3o (UC) na regi\u00e3o do Pontal da Barra do Laranjal (Pelotas\/RS).<\/p>\n<p>Nesse objetivo, por meio da a\u00e7\u00e3o integrada de servidores da UFPel e de colaboradores de institui\u00e7\u00f5es afins, foi publicado em 2019 o Relat\u00f3rio \u201cFundamenta\u00e7\u00e3o t\u00e9cnico-cient\u00edfica para a cria\u00e7\u00e3o da Unidade de Conserva\u00e7\u00e3o Pontal da Barra do Laranjal\u201d.<\/p>\n<p>Em 2020, diante da necessidade de dar seguimento \u00e0s a\u00e7\u00f5es em defesa da preserva\u00e7\u00e3o do Pontal da Barra, foi nucleado um grupo de servidores com o objetivo de constituir nova agenda.\u00a0No decorrer dos trabalhos, a pauta foi ampliada para outras quest\u00f5es emergentes, o que evidenciou a necessidade de dar perman\u00eancia \u00e0 aten\u00e7\u00e3o da Universidade na tem\u00e1tica socioambiental em \u00e2mbito externo.<\/p>\n<p>A partir desse\u00a0 hist\u00f3rico \u00e9 que foi institu\u00edda a Comiss\u00e3o para Assuntos Ambientais (CAAmb) por meio da Portaria n\u00ba 1.707\/2020.<\/p>\n","protected":false},"excerpt":{"rendered":"<p>A CAAmb tem origem em a\u00e7\u00e3o pioneira da UFPel no ano de 2017, com a forma\u00e7\u00e3o de um grupo interinstitucional para desenvolver estudos preliminares sobre a cria\u00e7\u00e3o de Unidade de Conserva\u00e7\u00e3o (UC) na regi\u00e3o do Pontal da Barra do Laranjal&#8230; <a class=\"more-link\" href=\"https:\/\/wp.ufpel.edu.br\/caamb\/historico\/\">Continue lendo &rarr;<\/a><\/p>\n","protected":false},"author":1150,"featured_media":0,"parent":0,"menu_order":0,"comment_status":"closed","ping_status":"closed","template":"","meta":{"footnotes":""},"class_list":["post-288","page","type-page","status-publish","hentry"],"_links":{"self":[{"href":"https:\/\/wp.ufpel.edu.br\/caamb\/wp-json\/wp\/v2\/pages\/288","targetHints":{"allow":["GET"]}}],"collection":[{"href":"https:\/\/wp.ufpel.edu.br\/caamb\/wp-json\/wp\/v2\/pages"}],"about":[{"href":"https:\/\/wp.ufpel.edu.br\/caamb\/wp-json\/wp\/v2\/types\/page"}],"author":[{"embeddable":true,"href":"https:\/\/wp.ufpel.edu.br\/caamb\/wp-json\/wp\/v2\/users\/1150"}],"replies":[{"embeddable":true,"href":"https:\/\/wp.ufpel.edu.br\/caamb\/wp-json\/wp\/v2\/comments?post=288"}],"version-history":[{"count":5,"href":"https:\/\/wp.ufpel.edu.br\/caamb\/wp-json\/wp\/v2\/pages\/288\/revisions"}],"predecessor-version":[{"id":354,"href":"https:\/\/wp.ufpel.edu.br\/caamb\/wp-json\/wp\/v2\/pages\/288\/revisions\/354"}],"wp:attachment":[{"href":"https:\/\/wp.ufpel.edu.br\/caamb\/wp-json\/wp\/v2\/media?parent=288"}],"curies":[{"name":"wp","href":"https:\/\/api.w.org\/{rel}","templated":true}]}}