{"id":261,"date":"2021-06-18T10:46:00","date_gmt":"2021-06-18T13:46:00","guid":{"rendered":"https:\/\/wp.ufpel.edu.br\/caamb\/?page_id=261"},"modified":"2021-06-22T10:48:24","modified_gmt":"2021-06-22T13:48:24","slug":"gt-uc-pontal","status":"publish","type":"page","link":"https:\/\/wp.ufpel.edu.br\/caamb\/gt-uc-pontal\/","title":{"rendered":"GT &#8211; Pontal"},"content":{"rendered":"<p style=\"text-align: justify\">Desde a sua constitui\u00e7\u00e3o, a CAAmb tem como a\u00e7\u00e3o priorit\u00e1ria a aten\u00e7\u00e3o permanente \u00e0 cria\u00e7\u00e3o da Unidade de Conserva\u00e7\u00e3o do Pontal da Barra do Laranjal, o que demandou, em 2021, a forma\u00e7\u00e3o de um Grupo de Trabalho para, de forma especial, acompanhar o andamento da proposta encaminhada pela UFPel ao Executivo Municipal e ao COMPAM.<\/p>\n<p style=\"text-align: justify\">Outros cen\u00e1rios relacionados \u00e0 prote\u00e7\u00e3o daquele espa\u00e7o natural tamb\u00e9m s\u00e3o alvo de constante an\u00e1lise e iniciativas do GT &#8211; Pontal, o qual tem como membros os servidores: Giovanni Nachtigall Maur\u00edcio (CIM), Rodrigo Ferreira Kr\u00fcger (IB), Silvia Carla Bauer Barcellos (PREC), Rafael Guedes Milheira (ICH) e Laura Rudzewicz (CCSO).<\/p>\n<p style=\"text-align: center\"><img loading=\"lazy\" decoding=\"async\" class=\"\" src=\"https:\/\/wp.ufpel.edu.br\/caamb\/files\/2021\/06\/Grindelia-atlantica-1-scaled.jpg\" width=\"439\" height=\"326\" \/><\/p>\n<p style=\"text-align: center\"><em>Grindelia atlantica<\/em> (margarida-da-praia) &#8211; Foto: Giovanni N. Maur\u00edcio<\/p>\n","protected":false},"excerpt":{"rendered":"<p>Desde a sua constitui\u00e7\u00e3o, a CAAmb tem como a\u00e7\u00e3o priorit\u00e1ria a aten\u00e7\u00e3o permanente \u00e0 cria\u00e7\u00e3o da Unidade de Conserva\u00e7\u00e3o do Pontal da Barra do Laranjal, o que demandou, em 2021, a forma\u00e7\u00e3o de um Grupo de Trabalho para, de forma&#8230; <a class=\"more-link\" href=\"https:\/\/wp.ufpel.edu.br\/caamb\/gt-uc-pontal\/\">Continue lendo &rarr;<\/a><\/p>\n","protected":false},"author":1150,"featured_media":0,"parent":0,"menu_order":0,"comment_status":"closed","ping_status":"closed","template":"","meta":{"footnotes":""},"class_list":["post-261","page","type-page","status-publish","hentry"],"_links":{"self":[{"href":"https:\/\/wp.ufpel.edu.br\/caamb\/wp-json\/wp\/v2\/pages\/261","targetHints":{"allow":["GET"]}}],"collection":[{"href":"https:\/\/wp.ufpel.edu.br\/caamb\/wp-json\/wp\/v2\/pages"}],"about":[{"href":"https:\/\/wp.ufpel.edu.br\/caamb\/wp-json\/wp\/v2\/types\/page"}],"author":[{"embeddable":true,"href":"https:\/\/wp.ufpel.edu.br\/caamb\/wp-json\/wp\/v2\/users\/1150"}],"replies":[{"embeddable":true,"href":"https:\/\/wp.ufpel.edu.br\/caamb\/wp-json\/wp\/v2\/comments?post=261"}],"version-history":[{"count":11,"href":"https:\/\/wp.ufpel.edu.br\/caamb\/wp-json\/wp\/v2\/pages\/261\/revisions"}],"predecessor-version":[{"id":369,"href":"https:\/\/wp.ufpel.edu.br\/caamb\/wp-json\/wp\/v2\/pages\/261\/revisions\/369"}],"wp:attachment":[{"href":"https:\/\/wp.ufpel.edu.br\/caamb\/wp-json\/wp\/v2\/media?parent=261"}],"curies":[{"name":"wp","href":"https:\/\/api.w.org\/{rel}","templated":true}]}}