{"id":26,"date":"2021-06-14T19:19:27","date_gmt":"2021-06-14T22:19:27","guid":{"rendered":"https:\/\/wp.ufpel.edu.br\/caamb\/?page_id=26"},"modified":"2021-06-18T16:59:09","modified_gmt":"2021-06-18T19:59:09","slug":"agenda","status":"publish","type":"page","link":"https:\/\/wp.ufpel.edu.br\/caamb\/agenda\/","title":{"rendered":"Projetos e A\u00e7\u00f5es"},"content":{"rendered":"<p>Para a consecu\u00e7\u00e3o de seus objetivos, a\u00a0 CAAmb vem desenvolvendo um conjunto de projetos\/a\u00e7\u00f5es que est\u00e3o detalhadas nas abas em segundo n\u00edvel deste menu.<\/p>\n<p>Acompanhe os trabalhos da Comiss\u00e3o !<\/p>\n<p>Se quiser apresentar sugest\u00f5es, comunique-se conosco pela aba CONTATO no menu principal.<\/p>\n","protected":false},"excerpt":{"rendered":"<p>Para a consecu\u00e7\u00e3o de seus objetivos, a\u00a0 CAAmb vem desenvolvendo um conjunto de projetos\/a\u00e7\u00f5es que est\u00e3o detalhadas nas abas em segundo n\u00edvel deste menu. Acompanhe os trabalhos da Comiss\u00e3o ! Se quiser apresentar sugest\u00f5es, comunique-se conosco pela aba CONTATO no&#8230; <a class=\"more-link\" href=\"https:\/\/wp.ufpel.edu.br\/caamb\/agenda\/\">Continue lendo &rarr;<\/a><\/p>\n","protected":false},"author":1150,"featured_media":0,"parent":0,"menu_order":0,"comment_status":"closed","ping_status":"closed","template":"","meta":{"footnotes":""},"class_list":["post-26","page","type-page","status-publish","hentry"],"_links":{"self":[{"href":"https:\/\/wp.ufpel.edu.br\/caamb\/wp-json\/wp\/v2\/pages\/26","targetHints":{"allow":["GET"]}}],"collection":[{"href":"https:\/\/wp.ufpel.edu.br\/caamb\/wp-json\/wp\/v2\/pages"}],"about":[{"href":"https:\/\/wp.ufpel.edu.br\/caamb\/wp-json\/wp\/v2\/types\/page"}],"author":[{"embeddable":true,"href":"https:\/\/wp.ufpel.edu.br\/caamb\/wp-json\/wp\/v2\/users\/1150"}],"replies":[{"embeddable":true,"href":"https:\/\/wp.ufpel.edu.br\/caamb\/wp-json\/wp\/v2\/comments?post=26"}],"version-history":[{"count":5,"href":"https:\/\/wp.ufpel.edu.br\/caamb\/wp-json\/wp\/v2\/pages\/26\/revisions"}],"predecessor-version":[{"id":338,"href":"https:\/\/wp.ufpel.edu.br\/caamb\/wp-json\/wp\/v2\/pages\/26\/revisions\/338"}],"wp:attachment":[{"href":"https:\/\/wp.ufpel.edu.br\/caamb\/wp-json\/wp\/v2\/media?parent=26"}],"curies":[{"name":"wp","href":"https:\/\/api.w.org\/{rel}","templated":true}]}}