{"id":236,"date":"2021-06-17T15:37:42","date_gmt":"2021-06-17T18:37:42","guid":{"rendered":"https:\/\/wp.ufpel.edu.br\/caamb\/?page_id=236"},"modified":"2021-06-22T10:49:27","modified_gmt":"2021-06-22T13:49:27","slug":"gt-areas-umidas-urbanas","status":"publish","type":"page","link":"https:\/\/wp.ufpel.edu.br\/caamb\/gt-areas-umidas-urbanas\/","title":{"rendered":"GT &#8211; \u00c1reas \u00damidas Urbanas"},"content":{"rendered":"<p style=\"text-align: justify\">O Grupo de Trabalho &#8211; \u00c1reas \u00damidas Urbanas retomou as atividades iniciadas em 2020. O trabalho multidisciplinar visa construir uma argumenta\u00e7\u00e3o t\u00e9cnico-cient\u00edfica a ser emitida pela UFPel em subs\u00eddio \u00e0s discuss\u00f5es em torno de uma pol\u00edtica ambiental municipal espec\u00edfica no tema. Integram o GT os servidores Ricardo Berteaux Robaldo (IB), Paola Bruno Arab (CENG), L\u00edgia Furlan (CCQFA), Rafael Antunes Dias (FAEM), M\u00e1rcia Regina P. de Souza (CA), Fl\u00e1via Rieth (ICH) e Silvia Carla Bauer Barcellos (PREC), e os acad\u00eamicos Matheus Schroeder dos Santos (CDTEC) e Valentina Rigon Machado (PPGAnt).<\/p>\n<div style=\"width: 559px\" class=\"wp-caption aligncenter\"><img loading=\"lazy\" decoding=\"async\" class=\"\" src=\"https:\/\/wp.ufpel.edu.br\/caamb\/files\/2021\/06\/Austrolebias-nigrofasciatus-1.jpg\" alt=\"\" width=\"549\" height=\"337\" \/><p class=\"wp-caption-text\"><em>Austrolebias nigrofasciatus<\/em> (peixe-anual) &#8211; Foto: Norberto Jaeger<\/p><\/div>\n","protected":false},"excerpt":{"rendered":"<p>O Grupo de Trabalho &#8211; \u00c1reas \u00damidas Urbanas retomou as atividades iniciadas em 2020. O trabalho multidisciplinar visa construir uma argumenta\u00e7\u00e3o t\u00e9cnico-cient\u00edfica a ser emitida pela UFPel em subs\u00eddio \u00e0s discuss\u00f5es em torno de uma pol\u00edtica ambiental municipal espec\u00edfica no&#8230; <a class=\"more-link\" href=\"https:\/\/wp.ufpel.edu.br\/caamb\/gt-areas-umidas-urbanas\/\">Continue lendo &rarr;<\/a><\/p>\n","protected":false},"author":1150,"featured_media":0,"parent":0,"menu_order":0,"comment_status":"closed","ping_status":"closed","template":"","meta":{"footnotes":""},"class_list":["post-236","page","type-page","status-publish","hentry"],"_links":{"self":[{"href":"https:\/\/wp.ufpel.edu.br\/caamb\/wp-json\/wp\/v2\/pages\/236","targetHints":{"allow":["GET"]}}],"collection":[{"href":"https:\/\/wp.ufpel.edu.br\/caamb\/wp-json\/wp\/v2\/pages"}],"about":[{"href":"https:\/\/wp.ufpel.edu.br\/caamb\/wp-json\/wp\/v2\/types\/page"}],"author":[{"embeddable":true,"href":"https:\/\/wp.ufpel.edu.br\/caamb\/wp-json\/wp\/v2\/users\/1150"}],"replies":[{"embeddable":true,"href":"https:\/\/wp.ufpel.edu.br\/caamb\/wp-json\/wp\/v2\/comments?post=236"}],"version-history":[{"count":8,"href":"https:\/\/wp.ufpel.edu.br\/caamb\/wp-json\/wp\/v2\/pages\/236\/revisions"}],"predecessor-version":[{"id":367,"href":"https:\/\/wp.ufpel.edu.br\/caamb\/wp-json\/wp\/v2\/pages\/236\/revisions\/367"}],"wp:attachment":[{"href":"https:\/\/wp.ufpel.edu.br\/caamb\/wp-json\/wp\/v2\/media?parent=236"}],"curies":[{"name":"wp","href":"https:\/\/api.w.org\/{rel}","templated":true}]}}