{"id":154,"date":"2021-06-15T13:53:19","date_gmt":"2021-06-15T16:53:19","guid":{"rendered":"https:\/\/wp.ufpel.edu.br\/caamb\/?page_id=154"},"modified":"2021-06-19T14:58:39","modified_gmt":"2021-06-19T17:58:39","slug":"uc-pontal","status":"publish","type":"page","link":"https:\/\/wp.ufpel.edu.br\/caamb\/uc-pontal\/","title":{"rendered":"UC &#8211; Pontal"},"content":{"rendered":"<p style=\"text-align: justify\">No ano de 2017, a UFPel deu in\u00edcio a estudos sistem\u00e1ticos sobre a regi\u00e3o do Pontal da Barra (Pelotas\/RS), local de destacada import\u00e2ncia ambiental, hist\u00f3rica, cultural e cient\u00edfica, e que apresenta grande potencial tur\u00edstico e educacional.<\/p>\n<p style=\"text-align: justify\">Foi institu\u00eddo um grupo interinstitucional de trabalho com a finalidade de desenvolver estudos preliminares para a cria\u00e7\u00e3o de uma Unidade de Conserva\u00e7\u00e3o (UC). A a\u00e7\u00e3o se constituiu em forma efetiva de propor medida de cuidado ambiental para o desenvolvimento local e regional com sustentabilidade, em sintonia com o Objetivo Estrat\u00e9gico 17 do Plano de Desenvolvimento Institucional (PDI) 2015\/2020 e com a Agenda 2030\/ONU.<\/p>\n<p style=\"text-align: justify\">Em 2019, por meio da a\u00e7\u00e3o integrada de especialistas da UFPel e de colaboradores de institui\u00e7\u00f5es afins, foi finalizado o documento \u201cFundamenta\u00e7\u00e3o t\u00e9cnico-cient\u00edfica para a cria\u00e7\u00e3o da Unidade de Conserva\u00e7\u00e3o Pontal da Barra do Laranjal (Pelotas\/RS)\u201d, cuja vers\u00e3o online est\u00e1 dispon\u00edvel em:\u00a0<a href=\"https:\/\/wp.ufpel.edu.br\/proplan\/files\/2019\/07\/Relat%C3%B3rio-UC-Pontal-da-Barra_rev21WEB.pdf\">Relat\u00f3rio UC Pontal da Barra_rev21(WEB).<\/a> O documento foi encaminhado \u00e0 Prefeitura Municipal de Pelotas no objetivo de subsidiar a tomada de decis\u00e3o para a cria\u00e7\u00e3o da UC na modalidade Ref\u00fagio da\u00a0 Vida Silvestre (REVIS).<\/p>\n<p style=\"text-align: justify\">No ano de 2020, coube \u00e0 Comiss\u00e3o para Assuntos Ambientais dar prosseguimento \u00e0s a\u00e7\u00f5es relativas \u00e0 cria\u00e7\u00e3o da UC Pontal da Barra do Laranjal, o que\u00a0 se deu, inicialmente, por meio de uma campanha institucional para sensibiliza\u00e7\u00e3o das autoridades e da\u00a0 comunidade de Pelotas.<\/p>\n<p style=\"text-align: justify\">Veja os materiais audiovisuais na aba de segundo n\u00edvel CAMPANHAS.<\/p>\n<div style=\"width: 2422px\" class=\"wp-caption aligncenter\"><img loading=\"lazy\" decoding=\"async\" src=\"https:\/\/wp.ufpel.edu.br\/caamb\/files\/2021\/06\/Foto-meio-fisico-SQA-scaled-e1624040181429.jpg\" alt=\"\" width=\"2412\" height=\"1350\" \/><p class=\"wp-caption-text\">Pontal da Barra- Foto: SQA\/PMP<\/p><\/div>\n<p style=\"text-align: center\">\n","protected":false},"excerpt":{"rendered":"<p>No ano de 2017, a UFPel deu in\u00edcio a estudos sistem\u00e1ticos sobre a regi\u00e3o do Pontal da Barra (Pelotas\/RS), local de destacada import\u00e2ncia ambiental, hist\u00f3rica, cultural e cient\u00edfica, e que apresenta grande potencial tur\u00edstico e educacional. Foi institu\u00eddo um grupo&#8230; <a class=\"more-link\" href=\"https:\/\/wp.ufpel.edu.br\/caamb\/uc-pontal\/\">Continue lendo &rarr;<\/a><\/p>\n","protected":false},"author":1150,"featured_media":0,"parent":0,"menu_order":0,"comment_status":"closed","ping_status":"closed","template":"","meta":{"footnotes":""},"class_list":["post-154","page","type-page","status-publish","hentry"],"_links":{"self":[{"href":"https:\/\/wp.ufpel.edu.br\/caamb\/wp-json\/wp\/v2\/pages\/154","targetHints":{"allow":["GET"]}}],"collection":[{"href":"https:\/\/wp.ufpel.edu.br\/caamb\/wp-json\/wp\/v2\/pages"}],"about":[{"href":"https:\/\/wp.ufpel.edu.br\/caamb\/wp-json\/wp\/v2\/types\/page"}],"author":[{"embeddable":true,"href":"https:\/\/wp.ufpel.edu.br\/caamb\/wp-json\/wp\/v2\/users\/1150"}],"replies":[{"embeddable":true,"href":"https:\/\/wp.ufpel.edu.br\/caamb\/wp-json\/wp\/v2\/comments?post=154"}],"version-history":[{"count":8,"href":"https:\/\/wp.ufpel.edu.br\/caamb\/wp-json\/wp\/v2\/pages\/154\/revisions"}],"predecessor-version":[{"id":355,"href":"https:\/\/wp.ufpel.edu.br\/caamb\/wp-json\/wp\/v2\/pages\/154\/revisions\/355"}],"wp:attachment":[{"href":"https:\/\/wp.ufpel.edu.br\/caamb\/wp-json\/wp\/v2\/media?parent=154"}],"curies":[{"name":"wp","href":"https:\/\/api.w.org\/{rel}","templated":true}]}}