{"id":97,"date":"2021-08-18T14:06:01","date_gmt":"2021-08-18T17:06:01","guid":{"rendered":"https:\/\/wp.ufpel.edu.br\/ca\/?page_id=97"},"modified":"2023-02-16T21:26:54","modified_gmt":"2023-02-17T00:26:54","slug":"cursos","status":"publish","type":"page","link":"https:\/\/wp.ufpel.edu.br\/ca\/cursos\/","title":{"rendered":"Cursos"},"content":{"rendered":"<div id=\"pl-97\"  class=\"panel-layout\" ><div id=\"pg-97-0\"  class=\"panel-grid panel-no-style\" ><div id=\"pgc-97-0-0\"  class=\"panel-grid-cell\" ><div id=\"panel-97-0-0-0\" class=\"so-panel widget widget_sow-accordion panel-first-child panel-last-child\" data-index=\"0\" ><div\n\t\t\t\n\t\t\tclass=\"so-widget-sow-accordion so-widget-sow-accordion-default-73eecd35919b-97\"\n\t\t\t\n\t\t><h3 class=\"widget-title\">Gradua\u00e7\u00e3o<\/h3><div>\n\t<div class=\"sow-accordion\">\n\t\t\t<div class=\"sow-accordion-panel\n\t\t\t\t\"\n\t\t\tdata-anchor-id=\"artes-visuais-bacharelado\">\n\t\t\t\t<div class=\"sow-accordion-panel-header-container\" role=\"heading\" aria-level=\"2\">\n\t\t\t\t\t<div class=\"sow-accordion-panel-header\" tabindex=\"0\" role=\"button\" id=\"accordion-label-artes-visuais-%e2%80%93-bacharelado\" aria-controls=\"accordion-content-artes-visuais-%e2%80%93-bacharelado\" aria-expanded=\"false\">\n\t\t\t\t\t\t<div class=\"sow-accordion-title sow-accordion-title-icon-left\">\n\t\t\t\t\t\t\t\t\t\t\t\t\t\tArtes Visuais \u2013 Bacharelado\t\t\t\t\t\t\t\t\t\t\t\t\t<\/div>\n\t\t\t\t\t\t<div class=\"sow-accordion-open-close-button\">\n\t\t\t\t\t\t\t<div class=\"sow-accordion-open-button\">\n\t\t\t\t\t\t\t\t<span class=\"sow-icon-ionicons\" data-sow-icon=\"&#xf218;\"\n\t\t \n\t\taria-hidden=\"true\"><\/span>\t\t\t\t\t\t\t<\/div>\n\t\t\t\t\t\t\t<div class=\"sow-accordion-close-button\">\n\t\t\t\t\t\t\t\t<span class=\"sow-icon-ionicons\" data-sow-icon=\"&#xf209;\"\n\t\t \n\t\taria-hidden=\"true\"><\/span>\t\t\t\t\t\t\t<\/div>\n\t\t\t\t\t\t<\/div>\n\t\t\t\t\t<\/div>\n\t\t\t\t<\/div>\n\n\t\t\t<div\n\t\t\t\tclass=\"sow-accordion-panel-content\"\n\t\t\t\trole=\"region\"\n\t\t\t\taria-labelledby=\"accordion-label-artes-visuais-%e2%80%93-bacharelado\"\n\t\t\t\tid=\"accordion-content-artes-visuais-%e2%80%93-bacharelado\"\n\t\t\t\tstyle=\"display: none;\"\t\t\t>\n\t\t\t\t<div class=\"sow-accordion-panel-border\">\n\t\t\t\t\t<p>Apresenta\u00e7\u00e3o do curso<\/p>\n<p><span style=\"color: #ff0000\"><strong><a style=\"color: #ff0000\" href=\"https:\/\/wp.ufpel.edu.br\/artesvisuaisbach\/\" target=\"_blank\" rel=\"noopener\">Visite a p\u00e1gina do curso<\/a><\/strong><\/span><\/p>\n\t\t\t\t<\/div>\n\t\t\t<\/div>\n\t\t<\/div>\n\t\t\t<div class=\"sow-accordion-panel\n\t\t\t\t\"\n\t\t\tdata-anchor-id=\"artes-visuais-licenciatura\">\n\t\t\t\t<div class=\"sow-accordion-panel-header-container\" role=\"heading\" aria-level=\"2\">\n\t\t\t\t\t<div class=\"sow-accordion-panel-header\" tabindex=\"0\" role=\"button\" id=\"accordion-label-artes-visuais-%e2%80%93-licenciatura\" aria-controls=\"accordion-content-artes-visuais-%e2%80%93-licenciatura\" aria-expanded=\"false\">\n\t\t\t\t\t\t<div class=\"sow-accordion-title sow-accordion-title-icon-left\">\n\t\t\t\t\t\t\t\t\t\t\t\t\t\tArtes Visuais \u2013 Licenciatura\t\t\t\t\t\t\t\t\t\t\t\t\t<\/div>\n\t\t\t\t\t\t<div class=\"sow-accordion-open-close-button\">\n\t\t\t\t\t\t\t<div class=\"sow-accordion-open-button\">\n\t\t\t\t\t\t\t\t<span class=\"sow-icon-ionicons\" data-sow-icon=\"&#xf218;\"\n\t\t \n\t\taria-hidden=\"true\"><\/span>\t\t\t\t\t\t\t<\/div>\n\t\t\t\t\t\t\t<div class=\"sow-accordion-close-button\">\n\t\t\t\t\t\t\t\t<span class=\"sow-icon-ionicons\" data-sow-icon=\"&#xf209;\"\n\t\t \n\t\taria-hidden=\"true\"><\/span>\t\t\t\t\t\t\t<\/div>\n\t\t\t\t\t\t<\/div>\n\t\t\t\t\t<\/div>\n\t\t\t\t<\/div>\n\n\t\t\t<div\n\t\t\t\tclass=\"sow-accordion-panel-content\"\n\t\t\t\trole=\"region\"\n\t\t\t\taria-labelledby=\"accordion-label-artes-visuais-%e2%80%93-licenciatura\"\n\t\t\t\tid=\"accordion-content-artes-visuais-%e2%80%93-licenciatura\"\n\t\t\t\tstyle=\"display: none;\"\t\t\t>\n\t\t\t\t<div class=\"sow-accordion-panel-border\">\n\t\t\t\t\t<p>Apresenta\u00e7\u00e3o do curso<\/p>\n<p><span style=\"color: #ff0000\"><strong><a style=\"color: #ff0000\" href=\"https:\/\/wp.ufpel.edu.br\/artesvisuaislic\/\" target=\"_blank\" rel=\"noopener\">Visite a p\u00e1gina do curso<\/a><\/strong><\/span><\/p>\n\t\t\t\t<\/div>\n\t\t\t<\/div>\n\t\t<\/div>\n\t\t<\/div>\n<\/div>\n<\/div><\/div><\/div><\/div><div id=\"pg-97-1\"  class=\"panel-grid panel-no-style\" ><div id=\"pgc-97-1-0\"  class=\"panel-grid-cell\" ><div id=\"panel-97-1-0-0\" class=\"so-panel widget widget_sow-accordion panel-first-child panel-last-child\" data-index=\"1\" ><div\n\t\t\t\n\t\t\tclass=\"so-widget-sow-accordion so-widget-sow-accordion-default-99be652ed941-97\"\n\t\t\t\n\t\t><h3 class=\"widget-title\">P\u00f3s-Gradua\u00e7\u00e3o<\/h3><div>\n\t<div class=\"sow-accordion\">\n\t\t\t<div class=\"sow-accordion-panel\n\t\t\t\t\"\n\t\t\tdata-anchor-id=\"mestrado-em-artes-visuais\">\n\t\t\t\t<div class=\"sow-accordion-panel-header-container\" role=\"heading\" aria-level=\"2\">\n\t\t\t\t\t<div class=\"sow-accordion-panel-header\" tabindex=\"0\" role=\"button\" id=\"accordion-label-mestrado-em-artes-visuais\" aria-controls=\"accordion-content-mestrado-em-artes-visuais\" aria-expanded=\"false\">\n\t\t\t\t\t\t<div class=\"sow-accordion-title sow-accordion-title-icon-left\">\n\t\t\t\t\t\t\t\t\t\t\t\t\t\tMestrado em Artes Visuais \t\t\t\t\t\t\t\t\t\t\t\t\t<\/div>\n\t\t\t\t\t\t<div class=\"sow-accordion-open-close-button\">\n\t\t\t\t\t\t\t<div class=\"sow-accordion-open-button\">\n\t\t\t\t\t\t\t\t<span class=\"sow-icon-ionicons\" data-sow-icon=\"&#xf218;\"\n\t\t \n\t\taria-hidden=\"true\"><\/span>\t\t\t\t\t\t\t<\/div>\n\t\t\t\t\t\t\t<div class=\"sow-accordion-close-button\">\n\t\t\t\t\t\t\t\t<span class=\"sow-icon-ionicons\" data-sow-icon=\"&#xf209;\"\n\t\t \n\t\taria-hidden=\"true\"><\/span>\t\t\t\t\t\t\t<\/div>\n\t\t\t\t\t\t<\/div>\n\t\t\t\t\t<\/div>\n\t\t\t\t<\/div>\n\n\t\t\t<div\n\t\t\t\tclass=\"sow-accordion-panel-content\"\n\t\t\t\trole=\"region\"\n\t\t\t\taria-labelledby=\"accordion-label-mestrado-em-artes-visuais\"\n\t\t\t\tid=\"accordion-content-mestrado-em-artes-visuais\"\n\t\t\t\tstyle=\"display: none;\"\t\t\t>\n\t\t\t\t<div class=\"sow-accordion-panel-border\">\n\t\t\t\t\t<p>Texto sobre o curso<\/p>\n<p><a href=\"https:\/\/wp.ufpel.edu.br\/ppgartes\/\" target=\"_blank\" rel=\"noopener\">Visite a p\u00e1gina do curso<\/a><\/p>\n\t\t\t\t<\/div>\n\t\t\t<\/div>\n\t\t<\/div>\n\t\t<\/div>\n<\/div>\n<\/div><\/div><\/div><\/div><\/div>","protected":false},"excerpt":{"rendered":"<p> [&hellip;]<\/p>\n","protected":false},"author":928,"featured_media":0,"parent":0,"menu_order":0,"comment_status":"closed","ping_status":"closed","template":"","meta":{"_acf_changed":false,"footnotes":""},"class_list":["post-97","page","type-page","status-publish","hentry","post"],"acf":[],"yoast_head":"<!-- This site is optimized with the Yoast SEO plugin v26.7 - https:\/\/yoast.com\/wordpress\/plugins\/seo\/ -->\n<title>Cursos &#8211; Centro de Artes UFPEL<\/title>\n<meta name=\"robots\" content=\"index, follow, max-snippet:-1, max-image-preview:large, max-video-preview:-1\" \/>\n<link rel=\"canonical\" href=\"https:\/\/wp.ufpel.edu.br\/ca\/cursos\/\" \/>\n<meta property=\"og:locale\" content=\"pt_BR\" \/>\n<meta property=\"og:type\" content=\"article\" \/>\n<meta property=\"og:title\" content=\"Cursos &#8211; Centro de Artes UFPEL\" \/>\n<meta property=\"og:description\" content=\"[&hellip;]\" \/>\n<meta property=\"og:url\" content=\"https:\/\/wp.ufpel.edu.br\/ca\/cursos\/\" \/>\n<meta property=\"og:site_name\" content=\"Centro de Artes UFPEL\" \/>\n<meta property=\"article:modified_time\" content=\"2023-02-17T00:26:54+00:00\" \/>\n<meta name=\"twitter:card\" content=\"summary_large_image\" \/>\n<meta name=\"twitter:label1\" content=\"Est. tempo de leitura\" \/>\n\t<meta name=\"twitter:data1\" content=\"1 minuto\" \/>\n<script type=\"application\/ld+json\" class=\"yoast-schema-graph\">{\"@context\":\"https:\/\/schema.org\",\"@graph\":[{\"@type\":\"WebPage\",\"@id\":\"https:\/\/wp.ufpel.edu.br\/ca\/cursos\/\",\"url\":\"https:\/\/wp.ufpel.edu.br\/ca\/cursos\/\",\"name\":\"Cursos &#8211; Centro de Artes UFPEL\",\"isPartOf\":{\"@id\":\"https:\/\/wp.ufpel.edu.br\/ca\/#website\"},\"datePublished\":\"2021-08-18T17:06:01+00:00\",\"dateModified\":\"2023-02-17T00:26:54+00:00\",\"breadcrumb\":{\"@id\":\"https:\/\/wp.ufpel.edu.br\/ca\/cursos\/#breadcrumb\"},\"inLanguage\":\"pt-BR\",\"potentialAction\":[{\"@type\":\"ReadAction\",\"target\":[\"https:\/\/wp.ufpel.edu.br\/ca\/cursos\/\"]}]},{\"@type\":\"BreadcrumbList\",\"@id\":\"https:\/\/wp.ufpel.edu.br\/ca\/cursos\/#breadcrumb\",\"itemListElement\":[{\"@type\":\"ListItem\",\"position\":1,\"name\":\"In\u00edcio\",\"item\":\"https:\/\/wp.ufpel.edu.br\/ca\/\"},{\"@type\":\"ListItem\",\"position\":2,\"name\":\"Cursos\"}]},{\"@type\":\"WebSite\",\"@id\":\"https:\/\/wp.ufpel.edu.br\/ca\/#website\",\"url\":\"https:\/\/wp.ufpel.edu.br\/ca\/\",\"name\":\"Centro de Artes UFPEL\",\"description\":\"Universidade Federal de Pelotas\",\"publisher\":{\"@id\":\"https:\/\/wp.ufpel.edu.br\/ca\/#organization\"},\"potentialAction\":[{\"@type\":\"SearchAction\",\"target\":{\"@type\":\"EntryPoint\",\"urlTemplate\":\"https:\/\/wp.ufpel.edu.br\/ca\/?s={search_term_string}\"},\"query-input\":{\"@type\":\"PropertyValueSpecification\",\"valueRequired\":true,\"valueName\":\"search_term_string\"}}],\"inLanguage\":\"pt-BR\"},{\"@type\":\"Organization\",\"@id\":\"https:\/\/wp.ufpel.edu.br\/ca\/#organization\",\"name\":\"Centro de Artes UFPEL\",\"url\":\"https:\/\/wp.ufpel.edu.br\/ca\/\",\"logo\":{\"@type\":\"ImageObject\",\"inLanguage\":\"pt-BR\",\"@id\":\"https:\/\/wp.ufpel.edu.br\/ca\/#\/schema\/logo\/image\/\",\"url\":\"https:\/\/wp.ufpel.edu.br\/ca\/files\/2022\/07\/CA_COVER-01.png\",\"contentUrl\":\"https:\/\/wp.ufpel.edu.br\/ca\/files\/2022\/07\/CA_COVER-01.png\",\"width\":1758,\"height\":1244,\"caption\":\"Centro de Artes UFPEL\"},\"image\":{\"@id\":\"https:\/\/wp.ufpel.edu.br\/ca\/#\/schema\/logo\/image\/\"}}]}<\/script>\n<!-- \/ Yoast SEO plugin. -->","yoast_head_json":{"title":"Cursos &#8211; Centro de Artes UFPEL","robots":{"index":"index","follow":"follow","max-snippet":"max-snippet:-1","max-image-preview":"max-image-preview:large","max-video-preview":"max-video-preview:-1"},"canonical":"https:\/\/wp.ufpel.edu.br\/ca\/cursos\/","og_locale":"pt_BR","og_type":"article","og_title":"Cursos &#8211; Centro de Artes UFPEL","og_description":"[&hellip;]","og_url":"https:\/\/wp.ufpel.edu.br\/ca\/cursos\/","og_site_name":"Centro de Artes UFPEL","article_modified_time":"2023-02-17T00:26:54+00:00","twitter_card":"summary_large_image","twitter_misc":{"Est. tempo de leitura":"1 minuto"},"schema":{"@context":"https:\/\/schema.org","@graph":[{"@type":"WebPage","@id":"https:\/\/wp.ufpel.edu.br\/ca\/cursos\/","url":"https:\/\/wp.ufpel.edu.br\/ca\/cursos\/","name":"Cursos &#8211; Centro de Artes UFPEL","isPartOf":{"@id":"https:\/\/wp.ufpel.edu.br\/ca\/#website"},"datePublished":"2021-08-18T17:06:01+00:00","dateModified":"2023-02-17T00:26:54+00:00","breadcrumb":{"@id":"https:\/\/wp.ufpel.edu.br\/ca\/cursos\/#breadcrumb"},"inLanguage":"pt-BR","potentialAction":[{"@type":"ReadAction","target":["https:\/\/wp.ufpel.edu.br\/ca\/cursos\/"]}]},{"@type":"BreadcrumbList","@id":"https:\/\/wp.ufpel.edu.br\/ca\/cursos\/#breadcrumb","itemListElement":[{"@type":"ListItem","position":1,"name":"In\u00edcio","item":"https:\/\/wp.ufpel.edu.br\/ca\/"},{"@type":"ListItem","position":2,"name":"Cursos"}]},{"@type":"WebSite","@id":"https:\/\/wp.ufpel.edu.br\/ca\/#website","url":"https:\/\/wp.ufpel.edu.br\/ca\/","name":"Centro de Artes UFPEL","description":"Universidade Federal de Pelotas","publisher":{"@id":"https:\/\/wp.ufpel.edu.br\/ca\/#organization"},"potentialAction":[{"@type":"SearchAction","target":{"@type":"EntryPoint","urlTemplate":"https:\/\/wp.ufpel.edu.br\/ca\/?s={search_term_string}"},"query-input":{"@type":"PropertyValueSpecification","valueRequired":true,"valueName":"search_term_string"}}],"inLanguage":"pt-BR"},{"@type":"Organization","@id":"https:\/\/wp.ufpel.edu.br\/ca\/#organization","name":"Centro de Artes UFPEL","url":"https:\/\/wp.ufpel.edu.br\/ca\/","logo":{"@type":"ImageObject","inLanguage":"pt-BR","@id":"https:\/\/wp.ufpel.edu.br\/ca\/#\/schema\/logo\/image\/","url":"https:\/\/wp.ufpel.edu.br\/ca\/files\/2022\/07\/CA_COVER-01.png","contentUrl":"https:\/\/wp.ufpel.edu.br\/ca\/files\/2022\/07\/CA_COVER-01.png","width":1758,"height":1244,"caption":"Centro de Artes UFPEL"},"image":{"@id":"https:\/\/wp.ufpel.edu.br\/ca\/#\/schema\/logo\/image\/"}}]}},"jetpack_sharing_enabled":true,"publishpress_future_action":{"enabled":false,"date":"2026-04-22 14:03:39","action":"change-status","newStatus":"private","terms":[],"taxonomy":"","extraData":[]},"publishpress_future_workflow_manual_trigger":{"enabledWorkflows":[]},"_links":{"self":[{"href":"https:\/\/wp.ufpel.edu.br\/ca\/wp-json\/wp\/v2\/pages\/97","targetHints":{"allow":["GET"]}}],"collection":[{"href":"https:\/\/wp.ufpel.edu.br\/ca\/wp-json\/wp\/v2\/pages"}],"about":[{"href":"https:\/\/wp.ufpel.edu.br\/ca\/wp-json\/wp\/v2\/types\/page"}],"author":[{"embeddable":true,"href":"https:\/\/wp.ufpel.edu.br\/ca\/wp-json\/wp\/v2\/users\/928"}],"replies":[{"embeddable":true,"href":"https:\/\/wp.ufpel.edu.br\/ca\/wp-json\/wp\/v2\/comments?post=97"}],"version-history":[{"count":9,"href":"https:\/\/wp.ufpel.edu.br\/ca\/wp-json\/wp\/v2\/pages\/97\/revisions"}],"predecessor-version":[{"id":2514,"href":"https:\/\/wp.ufpel.edu.br\/ca\/wp-json\/wp\/v2\/pages\/97\/revisions\/2514"}],"wp:attachment":[{"href":"https:\/\/wp.ufpel.edu.br\/ca\/wp-json\/wp\/v2\/media?parent=97"}],"curies":[{"name":"wp","href":"https:\/\/api.w.org\/{rel}","templated":true}]}}