{"id":6048,"date":"2026-01-30T17:52:10","date_gmt":"2026-01-30T20:52:10","guid":{"rendered":"https:\/\/wp.ufpel.edu.br\/ca\/?page_id=6048"},"modified":"2026-02-20T13:53:24","modified_gmt":"2026-02-20T16:53:24","slug":"alteracao-de-solicitacao","status":"publish","type":"page","link":"https:\/\/wp.ufpel.edu.br\/ca\/alteracao-de-solicitacao\/","title":{"rendered":"Altera\u00e7\u00e3o\/Cancelamento de Solicita\u00e7\u00e3o"},"content":{"rendered":"<h3 data-start=\"1894\" data-end=\"1997\"><img decoding=\"async\" class=\"emoji\" role=\"img\" draggable=\"false\" src=\"https:\/\/s.w.org\/images\/core\/emoji\/17.0.2\/svg\/1f517.svg\" alt=\"\ud83d\udd17\" \/> <a href=\"https:\/\/wp.ufpel.edu.br\/ca\/formulario-de-agendamento-de-salas\/\">Clique aqui para solicitar altera\u00e7\u00f5es e\/ou cancelamentos<\/a><\/h3>\n<p data-start=\"1116\" data-end=\"1210\">\ud83d\udd04 Se necessitar fazer <strong data-start=\"1149\" data-end=\"1203\">ajustes, corre\u00e7\u00f5es ou cancelamento de solicita\u00e7\u00f5es j\u00e1 realizadas<\/strong>, como:<\/p>\n<ul data-start=\"1212\" data-end=\"1411\">\n<li data-start=\"1212\" data-end=\"1243\">\n<p data-start=\"1214\" data-end=\"1243\">altera\u00e7\u00e3o de data ou hor\u00e1rio;<\/p>\n<\/li>\n<li data-start=\"1244\" data-end=\"1304\">\n<p data-start=\"1246\" data-end=\"1304\">inclus\u00e3o ou exclus\u00e3o de salas, equipamentos ou audit\u00f3rios;<\/p>\n<\/li>\n<li data-start=\"1305\" data-end=\"1340\">\n<p data-start=\"1307\" data-end=\"1340\">corre\u00e7\u00e3o de informa\u00e7\u00f5es enviadas;<\/p>\n<\/li>\n<li data-start=\"1341\" data-end=\"1411\">\n<p data-start=\"1343\" data-end=\"1411\">ajustes relacionados \u00e0 autoriza\u00e7\u00e3o de retirada de chaves por alunos.<\/p>\n<\/li>\n<\/ul>\n<h5 data-start=\"1693\" data-end=\"1710\">\u2139\ufe0f Importante<\/h5>\n<ul data-start=\"1711\" data-end=\"1920\">\n<li data-start=\"1711\" data-end=\"1779\">\n<p data-start=\"1713\" data-end=\"1779\">A solicita\u00e7\u00e3o de altera\u00e7\u00e3o <strong data-start=\"1740\" data-end=\"1778\">n\u00e3o garante atendimento autom\u00e1tico<\/strong><\/p>\n<\/li>\n<li data-start=\"1780\" data-end=\"1847\">\n<p data-start=\"1782\" data-end=\"1847\">O ajuste <strong data-start=\"1791\" data-end=\"1846\">somente ser\u00e1 v\u00e1lido ap\u00f3s confirma\u00e7\u00e3o de atendimento<\/strong><\/p>\n<\/li>\n<li data-start=\"1848\" data-end=\"1920\">\n<p data-start=\"1850\" data-end=\"1920\">Altera\u00e7\u00f5es solicitadas fora do prazo m\u00ednimo (48h) poder\u00e3o n\u00e3o ser atendidas<\/p>\n<\/li>\n<li data-start=\"3034\" data-end=\"3135\">Caso n\u00e3o receba resposta, envie e-mail para\u00a0<a class=\"decorated-link cursor-pointer\" rel=\"noopener\" data-start=\"1043\" data-end=\"1065\">cearte.ufpel@gmail.com<\/a><\/li>\n<\/ul>\n","protected":false},"excerpt":{"rendered":"<p> [&hellip;]<\/p>\n","protected":false},"author":1275,"featured_media":0,"parent":0,"menu_order":0,"comment_status":"closed","ping_status":"closed","template":"","meta":{"_acf_changed":false,"footnotes":""},"class_list":["post-6048","page","type-page","status-publish","hentry","post"],"acf":[],"yoast_head":"<!-- This site is optimized with the Yoast SEO plugin v26.7 - https:\/\/yoast.com\/wordpress\/plugins\/seo\/ -->\n<title>Altera\u00e7\u00e3o\/Cancelamento de Solicita\u00e7\u00e3o &#8211; Centro de Artes UFPEL<\/title>\n<meta name=\"robots\" content=\"index, follow, max-snippet:-1, max-image-preview:large, max-video-preview:-1\" \/>\n<link rel=\"canonical\" href=\"https:\/\/wp.ufpel.edu.br\/ca\/alteracao-de-solicitacao\/\" \/>\n<meta property=\"og:locale\" content=\"pt_BR\" \/>\n<meta property=\"og:type\" content=\"article\" \/>\n<meta property=\"og:title\" content=\"Altera\u00e7\u00e3o\/Cancelamento de Solicita\u00e7\u00e3o &#8211; Centro de Artes UFPEL\" \/>\n<meta property=\"og:description\" content=\"[&hellip;]\" \/>\n<meta property=\"og:url\" content=\"https:\/\/wp.ufpel.edu.br\/ca\/alteracao-de-solicitacao\/\" \/>\n<meta property=\"og:site_name\" content=\"Centro de Artes UFPEL\" \/>\n<meta property=\"article:modified_time\" content=\"2026-02-20T16:53:24+00:00\" \/>\n<meta property=\"og:image\" content=\"https:\/\/s.w.org\/images\/core\/emoji\/17.0.2\/svg\/1f517.svg\" \/>\n<meta name=\"twitter:card\" content=\"summary_large_image\" \/>\n<meta name=\"twitter:label1\" content=\"Est. tempo de leitura\" \/>\n\t<meta name=\"twitter:data1\" content=\"1 minuto\" \/>\n<script type=\"application\/ld+json\" class=\"yoast-schema-graph\">{\"@context\":\"https:\/\/schema.org\",\"@graph\":[{\"@type\":\"WebPage\",\"@id\":\"https:\/\/wp.ufpel.edu.br\/ca\/alteracao-de-solicitacao\/\",\"url\":\"https:\/\/wp.ufpel.edu.br\/ca\/alteracao-de-solicitacao\/\",\"name\":\"Altera\u00e7\u00e3o\/Cancelamento de Solicita\u00e7\u00e3o &#8211; Centro de Artes UFPEL\",\"isPartOf\":{\"@id\":\"https:\/\/wp.ufpel.edu.br\/ca\/#website\"},\"primaryImageOfPage\":{\"@id\":\"https:\/\/wp.ufpel.edu.br\/ca\/alteracao-de-solicitacao\/#primaryimage\"},\"image\":{\"@id\":\"https:\/\/wp.ufpel.edu.br\/ca\/alteracao-de-solicitacao\/#primaryimage\"},\"thumbnailUrl\":\"https:\/\/s.w.org\/images\/core\/emoji\/17.0.2\/svg\/1f517.svg\",\"datePublished\":\"2026-01-30T20:52:10+00:00\",\"dateModified\":\"2026-02-20T16:53:24+00:00\",\"breadcrumb\":{\"@id\":\"https:\/\/wp.ufpel.edu.br\/ca\/alteracao-de-solicitacao\/#breadcrumb\"},\"inLanguage\":\"pt-BR\",\"potentialAction\":[{\"@type\":\"ReadAction\",\"target\":[\"https:\/\/wp.ufpel.edu.br\/ca\/alteracao-de-solicitacao\/\"]}]},{\"@type\":\"ImageObject\",\"inLanguage\":\"pt-BR\",\"@id\":\"https:\/\/wp.ufpel.edu.br\/ca\/alteracao-de-solicitacao\/#primaryimage\",\"url\":\"https:\/\/s.w.org\/images\/core\/emoji\/17.0.2\/svg\/1f517.svg\",\"contentUrl\":\"https:\/\/s.w.org\/images\/core\/emoji\/17.0.2\/svg\/1f517.svg\"},{\"@type\":\"BreadcrumbList\",\"@id\":\"https:\/\/wp.ufpel.edu.br\/ca\/alteracao-de-solicitacao\/#breadcrumb\",\"itemListElement\":[{\"@type\":\"ListItem\",\"position\":1,\"name\":\"In\u00edcio\",\"item\":\"https:\/\/wp.ufpel.edu.br\/ca\/\"},{\"@type\":\"ListItem\",\"position\":2,\"name\":\"Altera\u00e7\u00e3o\/Cancelamento de Solicita\u00e7\u00e3o\"}]},{\"@type\":\"WebSite\",\"@id\":\"https:\/\/wp.ufpel.edu.br\/ca\/#website\",\"url\":\"https:\/\/wp.ufpel.edu.br\/ca\/\",\"name\":\"Centro de Artes UFPEL\",\"description\":\"Universidade Federal de Pelotas\",\"publisher\":{\"@id\":\"https:\/\/wp.ufpel.edu.br\/ca\/#organization\"},\"potentialAction\":[{\"@type\":\"SearchAction\",\"target\":{\"@type\":\"EntryPoint\",\"urlTemplate\":\"https:\/\/wp.ufpel.edu.br\/ca\/?s={search_term_string}\"},\"query-input\":{\"@type\":\"PropertyValueSpecification\",\"valueRequired\":true,\"valueName\":\"search_term_string\"}}],\"inLanguage\":\"pt-BR\"},{\"@type\":\"Organization\",\"@id\":\"https:\/\/wp.ufpel.edu.br\/ca\/#organization\",\"name\":\"Centro de Artes UFPEL\",\"url\":\"https:\/\/wp.ufpel.edu.br\/ca\/\",\"logo\":{\"@type\":\"ImageObject\",\"inLanguage\":\"pt-BR\",\"@id\":\"https:\/\/wp.ufpel.edu.br\/ca\/#\/schema\/logo\/image\/\",\"url\":\"https:\/\/wp.ufpel.edu.br\/ca\/files\/2022\/07\/CA_COVER-01.png\",\"contentUrl\":\"https:\/\/wp.ufpel.edu.br\/ca\/files\/2022\/07\/CA_COVER-01.png\",\"width\":1758,\"height\":1244,\"caption\":\"Centro de Artes UFPEL\"},\"image\":{\"@id\":\"https:\/\/wp.ufpel.edu.br\/ca\/#\/schema\/logo\/image\/\"}}]}<\/script>\n<!-- \/ Yoast SEO plugin. -->","yoast_head_json":{"title":"Altera\u00e7\u00e3o\/Cancelamento de Solicita\u00e7\u00e3o &#8211; Centro de Artes UFPEL","robots":{"index":"index","follow":"follow","max-snippet":"max-snippet:-1","max-image-preview":"max-image-preview:large","max-video-preview":"max-video-preview:-1"},"canonical":"https:\/\/wp.ufpel.edu.br\/ca\/alteracao-de-solicitacao\/","og_locale":"pt_BR","og_type":"article","og_title":"Altera\u00e7\u00e3o\/Cancelamento de Solicita\u00e7\u00e3o &#8211; Centro de Artes UFPEL","og_description":"[&hellip;]","og_url":"https:\/\/wp.ufpel.edu.br\/ca\/alteracao-de-solicitacao\/","og_site_name":"Centro de Artes UFPEL","article_modified_time":"2026-02-20T16:53:24+00:00","og_image":[{"url":"https:\/\/s.w.org\/images\/core\/emoji\/17.0.2\/svg\/1f517.svg","type":"","width":"","height":""}],"twitter_card":"summary_large_image","twitter_misc":{"Est. tempo de leitura":"1 minuto"},"schema":{"@context":"https:\/\/schema.org","@graph":[{"@type":"WebPage","@id":"https:\/\/wp.ufpel.edu.br\/ca\/alteracao-de-solicitacao\/","url":"https:\/\/wp.ufpel.edu.br\/ca\/alteracao-de-solicitacao\/","name":"Altera\u00e7\u00e3o\/Cancelamento de Solicita\u00e7\u00e3o &#8211; Centro de Artes UFPEL","isPartOf":{"@id":"https:\/\/wp.ufpel.edu.br\/ca\/#website"},"primaryImageOfPage":{"@id":"https:\/\/wp.ufpel.edu.br\/ca\/alteracao-de-solicitacao\/#primaryimage"},"image":{"@id":"https:\/\/wp.ufpel.edu.br\/ca\/alteracao-de-solicitacao\/#primaryimage"},"thumbnailUrl":"https:\/\/s.w.org\/images\/core\/emoji\/17.0.2\/svg\/1f517.svg","datePublished":"2026-01-30T20:52:10+00:00","dateModified":"2026-02-20T16:53:24+00:00","breadcrumb":{"@id":"https:\/\/wp.ufpel.edu.br\/ca\/alteracao-de-solicitacao\/#breadcrumb"},"inLanguage":"pt-BR","potentialAction":[{"@type":"ReadAction","target":["https:\/\/wp.ufpel.edu.br\/ca\/alteracao-de-solicitacao\/"]}]},{"@type":"ImageObject","inLanguage":"pt-BR","@id":"https:\/\/wp.ufpel.edu.br\/ca\/alteracao-de-solicitacao\/#primaryimage","url":"https:\/\/s.w.org\/images\/core\/emoji\/17.0.2\/svg\/1f517.svg","contentUrl":"https:\/\/s.w.org\/images\/core\/emoji\/17.0.2\/svg\/1f517.svg"},{"@type":"BreadcrumbList","@id":"https:\/\/wp.ufpel.edu.br\/ca\/alteracao-de-solicitacao\/#breadcrumb","itemListElement":[{"@type":"ListItem","position":1,"name":"In\u00edcio","item":"https:\/\/wp.ufpel.edu.br\/ca\/"},{"@type":"ListItem","position":2,"name":"Altera\u00e7\u00e3o\/Cancelamento de Solicita\u00e7\u00e3o"}]},{"@type":"WebSite","@id":"https:\/\/wp.ufpel.edu.br\/ca\/#website","url":"https:\/\/wp.ufpel.edu.br\/ca\/","name":"Centro de Artes UFPEL","description":"Universidade Federal de Pelotas","publisher":{"@id":"https:\/\/wp.ufpel.edu.br\/ca\/#organization"},"potentialAction":[{"@type":"SearchAction","target":{"@type":"EntryPoint","urlTemplate":"https:\/\/wp.ufpel.edu.br\/ca\/?s={search_term_string}"},"query-input":{"@type":"PropertyValueSpecification","valueRequired":true,"valueName":"search_term_string"}}],"inLanguage":"pt-BR"},{"@type":"Organization","@id":"https:\/\/wp.ufpel.edu.br\/ca\/#organization","name":"Centro de Artes UFPEL","url":"https:\/\/wp.ufpel.edu.br\/ca\/","logo":{"@type":"ImageObject","inLanguage":"pt-BR","@id":"https:\/\/wp.ufpel.edu.br\/ca\/#\/schema\/logo\/image\/","url":"https:\/\/wp.ufpel.edu.br\/ca\/files\/2022\/07\/CA_COVER-01.png","contentUrl":"https:\/\/wp.ufpel.edu.br\/ca\/files\/2022\/07\/CA_COVER-01.png","width":1758,"height":1244,"caption":"Centro de Artes UFPEL"},"image":{"@id":"https:\/\/wp.ufpel.edu.br\/ca\/#\/schema\/logo\/image\/"}}]}},"jetpack_sharing_enabled":true,"publishpress_future_action":{"enabled":false,"date":"2026-04-15 23:11:39","action":"change-status","newStatus":"private","terms":[],"taxonomy":"","extraData":[]},"publishpress_future_workflow_manual_trigger":{"enabledWorkflows":[]},"_links":{"self":[{"href":"https:\/\/wp.ufpel.edu.br\/ca\/wp-json\/wp\/v2\/pages\/6048","targetHints":{"allow":["GET"]}}],"collection":[{"href":"https:\/\/wp.ufpel.edu.br\/ca\/wp-json\/wp\/v2\/pages"}],"about":[{"href":"https:\/\/wp.ufpel.edu.br\/ca\/wp-json\/wp\/v2\/types\/page"}],"author":[{"embeddable":true,"href":"https:\/\/wp.ufpel.edu.br\/ca\/wp-json\/wp\/v2\/users\/1275"}],"replies":[{"embeddable":true,"href":"https:\/\/wp.ufpel.edu.br\/ca\/wp-json\/wp\/v2\/comments?post=6048"}],"version-history":[{"count":3,"href":"https:\/\/wp.ufpel.edu.br\/ca\/wp-json\/wp\/v2\/pages\/6048\/revisions"}],"predecessor-version":[{"id":6245,"href":"https:\/\/wp.ufpel.edu.br\/ca\/wp-json\/wp\/v2\/pages\/6048\/revisions\/6245"}],"wp:attachment":[{"href":"https:\/\/wp.ufpel.edu.br\/ca\/wp-json\/wp\/v2\/media?parent=6048"}],"curies":[{"name":"wp","href":"https:\/\/api.w.org\/{rel}","templated":true}]}}