{"id":6033,"date":"2026-01-30T16:50:43","date_gmt":"2026-01-30T19:50:43","guid":{"rendered":"https:\/\/wp.ufpel.edu.br\/ca\/?page_id=6033"},"modified":"2026-02-03T14:51:31","modified_gmt":"2026-02-03T17:51:31","slug":"%f0%9f%94%91-autorizacao-de-chaves-para-alunos","status":"publish","type":"page","link":"https:\/\/wp.ufpel.edu.br\/ca\/%f0%9f%94%91-autorizacao-de-chaves-para-alunos\/","title":{"rendered":"Autoriza\u00e7\u00e3o de Chaves para Alunos"},"content":{"rendered":"<h3 data-start=\"1894\" data-end=\"1997\">\ud83d\udd17 <a href=\"https:\/\/wp.ufpel.edu.br\/ca\/formulario-de-agendamento-de-salas\/\">Clique aqui para solicitar autoriza\u00e7\u00e3o de chave<\/a><\/h3>\n<h5 data-start=\"3000\" data-end=\"3033\">\ud83d\udc49\u00a0<a href=\"https:\/\/docs.google.com\/spreadsheets\/d\/1k144Ojrv8wzXiS3QLuz65HUwGeplMl-4fG4mQHMGZTk\/edit?gid=925199930#gid=925199930\">Clique aqui para consultar a lista de alunos j\u00e1 autorizados<\/a><\/h5>\n<h5 data-start=\"1723\" data-end=\"1749\">\ud83d\udcdd Quem pode solicitar<\/h5>\n<ul>\n<li data-start=\"1750\" data-end=\"1844\"><strong data-start=\"1753\" data-end=\"1794\">Somente servidores do Centro de Artes<\/strong> podem solicitar autoriza\u00e7\u00e3o de chave para alunos.<\/li>\n<\/ul>\n<h5 data-start=\"775\" data-end=\"803\">\u23f0 Prazo para solicita\u00e7\u00e3o<\/h5>\n<ul>\n<li><strong data-start=\"3050\" data-end=\"3134\">48 horas \u00fateis de anteced\u00eancia;<\/strong><\/li>\n<\/ul>\n<ul data-start=\"3034\" data-end=\"3208\">\n<li data-start=\"3034\" data-end=\"3135\">Solicita\u00e7\u00f5es encaminhadas fora deste prazo <strong data-start=\"938\" data-end=\"967\">poder\u00e3o n\u00e3o ser atendidas<\/strong>, conforme a disponibilidade operacional da Unidade.<\/li>\n<\/ul>\n<h5 data-start=\"3000\" data-end=\"3033\">\ud83d\udc49 Confirma\u00e7\u00e3o de agendamento<\/h5>\n<ul>\n<li><strong data-start=\"3050\" data-end=\"3134\">A autoriza\u00e7\u00e3o ser\u00e1\u00a0 v\u00e1lida ap\u00f3s a confirma\u00e7\u00e3o de atendimento da solicita\u00e7\u00e3o<\/strong>;<\/li>\n<\/ul>\n<ul data-start=\"3034\" data-end=\"3208\">\n<li data-start=\"3034\" data-end=\"3135\">Caso n\u00e3o receba resposta, envie e-mail para\u00a0<a class=\"decorated-link cursor-pointer\" rel=\"noopener\" data-start=\"1043\" data-end=\"1065\">cearte.ufpel@gmail.com<\/a><\/li>\n<\/ul>\n<h5 data-start=\"2131\" data-end=\"2161\">\u26a0\ufe0f Informa\u00e7\u00f5es importantes<\/h5>\n<ul data-start=\"2162\" data-end=\"2660\">\n<li data-start=\"2162\" data-end=\"2248\">\n<p data-start=\"2164\" data-end=\"2248\">A autoriza\u00e7\u00e3o <strong data-start=\"2178\" data-end=\"2247\">somente \u00e9 v\u00e1lida ap\u00f3s a confirma\u00e7\u00e3o de atendimento da solicita\u00e7\u00e3o<\/strong>.<\/p>\n<\/li>\n<li data-start=\"2249\" data-end=\"2328\">\n<p data-start=\"2251\" data-end=\"2328\">O aluno dever\u00e1 apresentar <strong data-start=\"2277\" data-end=\"2304\">documento de identidade<\/strong> para retirada da chave.<\/p>\n<\/li>\n<li data-start=\"2329\" data-end=\"2484\">\n<p data-start=\"2331\" data-end=\"2372\">A autoriza\u00e7\u00e3o de chave <strong data-start=\"2354\" data-end=\"2371\">n\u00e3o substitui<\/strong>:<\/p>\n<ul data-start=\"2375\" data-end=\"2484\">\n<li data-start=\"2375\" data-end=\"2418\">\n<p data-start=\"2377\" data-end=\"2418\">o agendamento da sala, quando necess\u00e1rio;<\/p>\n<\/li>\n<li data-start=\"2421\" data-end=\"2484\">\n<p data-start=\"2423\" data-end=\"2484\">a autoriza\u00e7\u00e3o de acesso em finais de semana, conforme o caso.<\/p>\n<\/li>\n<\/ul>\n<\/li>\n<li data-start=\"2485\" data-end=\"2660\">\n<p data-start=\"2487\" data-end=\"2660\"><strong data-start=\"2487\" data-end=\"2515\">Validade da autoriza\u00e7\u00e3o:<\/strong><br data-start=\"2515\" data-end=\"2518\" \/>Quando n\u00e3o houver per\u00edodo especificado, a autoriza\u00e7\u00e3o ser\u00e1 v\u00e1lida <strong data-start=\"2586\" data-end=\"2621\">at\u00e9 o final do semestre vigente<\/strong>, podendo abranger o per\u00edodo de f\u00e9rias.<\/p>\n<\/li>\n<\/ul>\n<p data-start=\"96\" data-end=\"173\">\n<p data-start=\"96\" data-end=\"173\"><strong data-start=\"96\" data-end=\"171\"><img decoding=\"async\" class=\"emoji\" role=\"img\" draggable=\"false\" src=\"https:\/\/s.w.org\/images\/core\/emoji\/17.0.2\/svg\/26a0.svg\" alt=\"\u26a0\ufe0f\" \/> Observa\u00e7\u00e3o sobre retirada de chaves por alunos\u00a0 para salas no Centro de Esportes Sa\u00fade e Cultura (antiga AABB):<\/strong><\/p>\n<p data-start=\"175\" data-end=\"394\">O pr\u00e9dio da antiga AABB n\u00e3o \u00e9 gerenciado pelo Centro de Artes e n\u00e3o possui equipe de portaria. Atualmente, os vigilantes est\u00e3o entregando chaves de forma provis\u00f3ria e\u00a0<strong data-start=\"342\" data-end=\"393\">n\u00e3o t\u00eam acesso ao sistema de agendamentos do CA<\/strong>. Por isso,\u00a0<strong data-start=\"409\" data-end=\"478\">cada professor(a) deve entregar aos vigilantes uma lista impressa<\/strong>\u00a0com:<br data-start=\"483\" data-end=\"486\" \/>\u2022 nomes dos alunos autorizados<br data-start=\"516\" data-end=\"519\" \/>\u2022 sala<br data-start=\"525\" data-end=\"528\" \/>\u2022 dias e hor\u00e1rios de uso<br data-start=\"552\" data-end=\"555\" \/>\u2022 nome do(a) professor(a) respons\u00e1vel<\/p>\n<p data-start=\"596\" data-end=\"718\">\u00c9 responsabilidade do(a) docente orientar os alunos e conferir previamente o uso da sala no mapa de agendamentos do CA.<\/p>\n","protected":false},"excerpt":{"rendered":"<p> [&hellip;]<\/p>\n","protected":false},"author":1275,"featured_media":0,"parent":0,"menu_order":0,"comment_status":"closed","ping_status":"closed","template":"","meta":{"_acf_changed":false,"footnotes":""},"class_list":["post-6033","page","type-page","status-publish","hentry","post"],"acf":[],"yoast_head":"<!-- This site is optimized with the Yoast SEO plugin v26.7 - https:\/\/yoast.com\/wordpress\/plugins\/seo\/ -->\n<title>Autoriza\u00e7\u00e3o de Chaves para Alunos &#8211; Centro de Artes UFPEL<\/title>\n<meta name=\"robots\" content=\"index, follow, max-snippet:-1, max-image-preview:large, max-video-preview:-1\" \/>\n<link rel=\"canonical\" href=\"https:\/\/wp.ufpel.edu.br\/ca\/\ud83d\udd11-autorizacao-de-chaves-para-alunos\/\" \/>\n<meta property=\"og:locale\" content=\"pt_BR\" \/>\n<meta property=\"og:type\" content=\"article\" \/>\n<meta property=\"og:title\" content=\"Autoriza\u00e7\u00e3o de Chaves para Alunos &#8211; Centro de Artes UFPEL\" \/>\n<meta property=\"og:description\" content=\"[&hellip;]\" \/>\n<meta property=\"og:url\" content=\"https:\/\/wp.ufpel.edu.br\/ca\/\ud83d\udd11-autorizacao-de-chaves-para-alunos\/\" \/>\n<meta property=\"og:site_name\" content=\"Centro de Artes UFPEL\" \/>\n<meta property=\"article:modified_time\" content=\"2026-02-03T17:51:31+00:00\" \/>\n<meta property=\"og:image\" content=\"https:\/\/s.w.org\/images\/core\/emoji\/17.0.2\/svg\/26a0.svg\" \/>\n<meta name=\"twitter:card\" content=\"summary_large_image\" \/>\n<meta name=\"twitter:label1\" content=\"Est. tempo de leitura\" \/>\n\t<meta name=\"twitter:data1\" content=\"2 minutos\" \/>\n<script type=\"application\/ld+json\" class=\"yoast-schema-graph\">{\"@context\":\"https:\/\/schema.org\",\"@graph\":[{\"@type\":\"WebPage\",\"@id\":\"https:\/\/wp.ufpel.edu.br\/ca\/%f0%9f%94%91-autorizacao-de-chaves-para-alunos\/\",\"url\":\"https:\/\/wp.ufpel.edu.br\/ca\/%f0%9f%94%91-autorizacao-de-chaves-para-alunos\/\",\"name\":\"Autoriza\u00e7\u00e3o de Chaves para Alunos &#8211; Centro de Artes UFPEL\",\"isPartOf\":{\"@id\":\"https:\/\/wp.ufpel.edu.br\/ca\/#website\"},\"primaryImageOfPage\":{\"@id\":\"https:\/\/wp.ufpel.edu.br\/ca\/%f0%9f%94%91-autorizacao-de-chaves-para-alunos\/#primaryimage\"},\"image\":{\"@id\":\"https:\/\/wp.ufpel.edu.br\/ca\/%f0%9f%94%91-autorizacao-de-chaves-para-alunos\/#primaryimage\"},\"thumbnailUrl\":\"https:\/\/s.w.org\/images\/core\/emoji\/17.0.2\/svg\/26a0.svg\",\"datePublished\":\"2026-01-30T19:50:43+00:00\",\"dateModified\":\"2026-02-03T17:51:31+00:00\",\"breadcrumb\":{\"@id\":\"https:\/\/wp.ufpel.edu.br\/ca\/%f0%9f%94%91-autorizacao-de-chaves-para-alunos\/#breadcrumb\"},\"inLanguage\":\"pt-BR\",\"potentialAction\":[{\"@type\":\"ReadAction\",\"target\":[\"https:\/\/wp.ufpel.edu.br\/ca\/%f0%9f%94%91-autorizacao-de-chaves-para-alunos\/\"]}]},{\"@type\":\"ImageObject\",\"inLanguage\":\"pt-BR\",\"@id\":\"https:\/\/wp.ufpel.edu.br\/ca\/%f0%9f%94%91-autorizacao-de-chaves-para-alunos\/#primaryimage\",\"url\":\"https:\/\/s.w.org\/images\/core\/emoji\/17.0.2\/svg\/26a0.svg\",\"contentUrl\":\"https:\/\/s.w.org\/images\/core\/emoji\/17.0.2\/svg\/26a0.svg\"},{\"@type\":\"BreadcrumbList\",\"@id\":\"https:\/\/wp.ufpel.edu.br\/ca\/%f0%9f%94%91-autorizacao-de-chaves-para-alunos\/#breadcrumb\",\"itemListElement\":[{\"@type\":\"ListItem\",\"position\":1,\"name\":\"In\u00edcio\",\"item\":\"https:\/\/wp.ufpel.edu.br\/ca\/\"},{\"@type\":\"ListItem\",\"position\":2,\"name\":\"Autoriza\u00e7\u00e3o de Chaves para Alunos\"}]},{\"@type\":\"WebSite\",\"@id\":\"https:\/\/wp.ufpel.edu.br\/ca\/#website\",\"url\":\"https:\/\/wp.ufpel.edu.br\/ca\/\",\"name\":\"Centro de Artes UFPEL\",\"description\":\"Universidade Federal de Pelotas\",\"publisher\":{\"@id\":\"https:\/\/wp.ufpel.edu.br\/ca\/#organization\"},\"potentialAction\":[{\"@type\":\"SearchAction\",\"target\":{\"@type\":\"EntryPoint\",\"urlTemplate\":\"https:\/\/wp.ufpel.edu.br\/ca\/?s={search_term_string}\"},\"query-input\":{\"@type\":\"PropertyValueSpecification\",\"valueRequired\":true,\"valueName\":\"search_term_string\"}}],\"inLanguage\":\"pt-BR\"},{\"@type\":\"Organization\",\"@id\":\"https:\/\/wp.ufpel.edu.br\/ca\/#organization\",\"name\":\"Centro de Artes UFPEL\",\"url\":\"https:\/\/wp.ufpel.edu.br\/ca\/\",\"logo\":{\"@type\":\"ImageObject\",\"inLanguage\":\"pt-BR\",\"@id\":\"https:\/\/wp.ufpel.edu.br\/ca\/#\/schema\/logo\/image\/\",\"url\":\"https:\/\/wp.ufpel.edu.br\/ca\/files\/2022\/07\/CA_COVER-01.png\",\"contentUrl\":\"https:\/\/wp.ufpel.edu.br\/ca\/files\/2022\/07\/CA_COVER-01.png\",\"width\":1758,\"height\":1244,\"caption\":\"Centro de Artes UFPEL\"},\"image\":{\"@id\":\"https:\/\/wp.ufpel.edu.br\/ca\/#\/schema\/logo\/image\/\"}}]}<\/script>\n<!-- \/ Yoast SEO plugin. -->","yoast_head_json":{"title":"Autoriza\u00e7\u00e3o de Chaves para Alunos &#8211; Centro de Artes UFPEL","robots":{"index":"index","follow":"follow","max-snippet":"max-snippet:-1","max-image-preview":"max-image-preview:large","max-video-preview":"max-video-preview:-1"},"canonical":"https:\/\/wp.ufpel.edu.br\/ca\/\ud83d\udd11-autorizacao-de-chaves-para-alunos\/","og_locale":"pt_BR","og_type":"article","og_title":"Autoriza\u00e7\u00e3o de Chaves para Alunos &#8211; Centro de Artes UFPEL","og_description":"[&hellip;]","og_url":"https:\/\/wp.ufpel.edu.br\/ca\/\ud83d\udd11-autorizacao-de-chaves-para-alunos\/","og_site_name":"Centro de Artes UFPEL","article_modified_time":"2026-02-03T17:51:31+00:00","og_image":[{"url":"https:\/\/s.w.org\/images\/core\/emoji\/17.0.2\/svg\/26a0.svg","type":"","width":"","height":""}],"twitter_card":"summary_large_image","twitter_misc":{"Est. tempo de leitura":"2 minutos"},"schema":{"@context":"https:\/\/schema.org","@graph":[{"@type":"WebPage","@id":"https:\/\/wp.ufpel.edu.br\/ca\/%f0%9f%94%91-autorizacao-de-chaves-para-alunos\/","url":"https:\/\/wp.ufpel.edu.br\/ca\/%f0%9f%94%91-autorizacao-de-chaves-para-alunos\/","name":"Autoriza\u00e7\u00e3o de Chaves para Alunos &#8211; Centro de Artes UFPEL","isPartOf":{"@id":"https:\/\/wp.ufpel.edu.br\/ca\/#website"},"primaryImageOfPage":{"@id":"https:\/\/wp.ufpel.edu.br\/ca\/%f0%9f%94%91-autorizacao-de-chaves-para-alunos\/#primaryimage"},"image":{"@id":"https:\/\/wp.ufpel.edu.br\/ca\/%f0%9f%94%91-autorizacao-de-chaves-para-alunos\/#primaryimage"},"thumbnailUrl":"https:\/\/s.w.org\/images\/core\/emoji\/17.0.2\/svg\/26a0.svg","datePublished":"2026-01-30T19:50:43+00:00","dateModified":"2026-02-03T17:51:31+00:00","breadcrumb":{"@id":"https:\/\/wp.ufpel.edu.br\/ca\/%f0%9f%94%91-autorizacao-de-chaves-para-alunos\/#breadcrumb"},"inLanguage":"pt-BR","potentialAction":[{"@type":"ReadAction","target":["https:\/\/wp.ufpel.edu.br\/ca\/%f0%9f%94%91-autorizacao-de-chaves-para-alunos\/"]}]},{"@type":"ImageObject","inLanguage":"pt-BR","@id":"https:\/\/wp.ufpel.edu.br\/ca\/%f0%9f%94%91-autorizacao-de-chaves-para-alunos\/#primaryimage","url":"https:\/\/s.w.org\/images\/core\/emoji\/17.0.2\/svg\/26a0.svg","contentUrl":"https:\/\/s.w.org\/images\/core\/emoji\/17.0.2\/svg\/26a0.svg"},{"@type":"BreadcrumbList","@id":"https:\/\/wp.ufpel.edu.br\/ca\/%f0%9f%94%91-autorizacao-de-chaves-para-alunos\/#breadcrumb","itemListElement":[{"@type":"ListItem","position":1,"name":"In\u00edcio","item":"https:\/\/wp.ufpel.edu.br\/ca\/"},{"@type":"ListItem","position":2,"name":"Autoriza\u00e7\u00e3o de Chaves para Alunos"}]},{"@type":"WebSite","@id":"https:\/\/wp.ufpel.edu.br\/ca\/#website","url":"https:\/\/wp.ufpel.edu.br\/ca\/","name":"Centro de Artes UFPEL","description":"Universidade Federal de Pelotas","publisher":{"@id":"https:\/\/wp.ufpel.edu.br\/ca\/#organization"},"potentialAction":[{"@type":"SearchAction","target":{"@type":"EntryPoint","urlTemplate":"https:\/\/wp.ufpel.edu.br\/ca\/?s={search_term_string}"},"query-input":{"@type":"PropertyValueSpecification","valueRequired":true,"valueName":"search_term_string"}}],"inLanguage":"pt-BR"},{"@type":"Organization","@id":"https:\/\/wp.ufpel.edu.br\/ca\/#organization","name":"Centro de Artes UFPEL","url":"https:\/\/wp.ufpel.edu.br\/ca\/","logo":{"@type":"ImageObject","inLanguage":"pt-BR","@id":"https:\/\/wp.ufpel.edu.br\/ca\/#\/schema\/logo\/image\/","url":"https:\/\/wp.ufpel.edu.br\/ca\/files\/2022\/07\/CA_COVER-01.png","contentUrl":"https:\/\/wp.ufpel.edu.br\/ca\/files\/2022\/07\/CA_COVER-01.png","width":1758,"height":1244,"caption":"Centro de Artes UFPEL"},"image":{"@id":"https:\/\/wp.ufpel.edu.br\/ca\/#\/schema\/logo\/image\/"}}]}},"jetpack_sharing_enabled":true,"publishpress_future_action":{"enabled":false,"date":"2026-04-16 04:14:31","action":"change-status","newStatus":"private","terms":[],"taxonomy":"","extraData":[]},"publishpress_future_workflow_manual_trigger":{"enabledWorkflows":[]},"_links":{"self":[{"href":"https:\/\/wp.ufpel.edu.br\/ca\/wp-json\/wp\/v2\/pages\/6033","targetHints":{"allow":["GET"]}}],"collection":[{"href":"https:\/\/wp.ufpel.edu.br\/ca\/wp-json\/wp\/v2\/pages"}],"about":[{"href":"https:\/\/wp.ufpel.edu.br\/ca\/wp-json\/wp\/v2\/types\/page"}],"author":[{"embeddable":true,"href":"https:\/\/wp.ufpel.edu.br\/ca\/wp-json\/wp\/v2\/users\/1275"}],"replies":[{"embeddable":true,"href":"https:\/\/wp.ufpel.edu.br\/ca\/wp-json\/wp\/v2\/comments?post=6033"}],"version-history":[{"count":4,"href":"https:\/\/wp.ufpel.edu.br\/ca\/wp-json\/wp\/v2\/pages\/6033\/revisions"}],"predecessor-version":[{"id":6103,"href":"https:\/\/wp.ufpel.edu.br\/ca\/wp-json\/wp\/v2\/pages\/6033\/revisions\/6103"}],"wp:attachment":[{"href":"https:\/\/wp.ufpel.edu.br\/ca\/wp-json\/wp\/v2\/media?parent=6033"}],"curies":[{"name":"wp","href":"https:\/\/api.w.org\/{rel}","templated":true}]}}