{"id":5808,"date":"2026-01-26T09:25:09","date_gmt":"2026-01-26T12:25:09","guid":{"rendered":"https:\/\/wp.ufpel.edu.br\/ca\/?page_id=5808"},"modified":"2026-02-10T11:45:04","modified_gmt":"2026-02-10T14:45:04","slug":"equipamentos","status":"publish","type":"page","link":"https:\/\/wp.ufpel.edu.br\/ca\/equipamentos\/","title":{"rendered":"Equipamentos"},"content":{"rendered":"<div id=\"pl-5808\"  class=\"panel-layout\" ><div id=\"pg-5808-0\"  class=\"panel-grid panel-no-style\" ><div id=\"pgc-5808-0-0\"  class=\"panel-grid-cell\" ><div id=\"panel-5808-0-0-0\" class=\"so-panel widget widget_sow-accordion panel-first-child\" data-index=\"0\" ><div\n\t\t\t\n\t\t\tclass=\"so-widget-sow-accordion so-widget-sow-accordion-default-d9295f5bfa93-5808\"\n\t\t\t\n\t\t><div>\n\t<div class=\"sow-accordion\">\n\t\t\t<div class=\"sow-accordion-panel\n\t\t\t\t\"\n\t\t\tdata-anchor-id=\"clique-aqui-para-verificar-a-agenda-de-equipamentos\">\n\t\t\t\t<div class=\"sow-accordion-panel-header-container\" role=\"heading\" aria-level=\"2\">\n\t\t\t\t\t<div class=\"sow-accordion-panel-header\" tabindex=\"0\" role=\"button\" id=\"accordion-label-clique-aqui-para-verificar-a-agenda-de-equipamentos\" aria-controls=\"accordion-content-clique-aqui-para-verificar-a-agenda-de-equipamentos\" aria-expanded=\"false\">\n\t\t\t\t\t\t<div class=\"sow-accordion-title sow-accordion-title-icon-left\">\n\t\t\t\t\t\t\t\t\t\t\t\t\t\t Clique aqui para verificar a AGENDA DE EQUIPAMENTOS \t\t\t\t\t\t\t\t\t\t\t\t\t<\/div>\n\t\t\t\t\t\t<div class=\"sow-accordion-open-close-button\">\n\t\t\t\t\t\t\t<div class=\"sow-accordion-open-button\">\n\t\t\t\t\t\t\t\t<span class=\"sow-icon-ionicons\" data-sow-icon=\"&#xf218;\"\n\t\t \n\t\taria-hidden=\"true\"><\/span>\t\t\t\t\t\t\t<\/div>\n\t\t\t\t\t\t\t<div class=\"sow-accordion-close-button\">\n\t\t\t\t\t\t\t\t<span class=\"sow-icon-ionicons\" data-sow-icon=\"&#xf209;\"\n\t\t \n\t\taria-hidden=\"true\"><\/span>\t\t\t\t\t\t\t<\/div>\n\t\t\t\t\t\t<\/div>\n\t\t\t\t\t<\/div>\n\t\t\t\t<\/div>\n\n\t\t\t<div\n\t\t\t\tclass=\"sow-accordion-panel-content\"\n\t\t\t\trole=\"region\"\n\t\t\t\taria-labelledby=\"accordion-label-clique-aqui-para-verificar-a-agenda-de-equipamentos\"\n\t\t\t\tid=\"accordion-content-clique-aqui-para-verificar-a-agenda-de-equipamentos\"\n\t\t\t\tstyle=\"display: none;\"\t\t\t>\n\t\t\t\t<div class=\"sow-accordion-panel-border\">\n\t\t\t\t\t<p style=\"text-align: center;\"><iframe loading=\"lazy\" style=\"border: 0;\" src=\"https:\/\/calendar.google.com\/calendar\/embed?src=d9g600bk18m6t4me3i779t53v4%40group.calendar.google.com&amp;ctz=America%2FSao_Paulo\" width=\"800\" height=\"600\" frameborder=\"0\" scrolling=\"no\"><\/iframe><\/p>\t\t\t\t<\/div>\n\t\t\t<\/div>\n\t\t<\/div>\n\t\t<\/div>\n<\/div>\n<\/div><\/div><div id=\"panel-5808-0-0-1\" class=\"so-panel widget widget_sow-accordion\" data-index=\"1\" ><div\n\t\t\t\n\t\t\tclass=\"so-widget-sow-accordion so-widget-sow-accordion-default-d9295f5bfa93-5808\"\n\t\t\t\n\t\t><div>\n\t<div class=\"sow-accordion\">\n\t\t\t<div class=\"sow-accordion-panel\n\t\t\t\t\"\n\t\t\tdata-anchor-id=\"salas-teoricas-com-projetores-fixos\">\n\t\t\t\t<div class=\"sow-accordion-panel-header-container\" role=\"heading\" aria-level=\"2\">\n\t\t\t\t\t<div class=\"sow-accordion-panel-header\" tabindex=\"0\" role=\"button\" id=\"accordion-label-salas-te%c3%b3ricas-com-projetores-fixos\" aria-controls=\"accordion-content-salas-te%c3%b3ricas-com-projetores-fixos\" aria-expanded=\"false\">\n\t\t\t\t\t\t<div class=\"sow-accordion-title sow-accordion-title-icon-left\">\n\t\t\t\t\t\t\t\t\t\t\t\t\t\tSalas te\u00f3ricas com projetores fixos\t\t\t\t\t\t\t\t\t\t\t\t\t<\/div>\n\t\t\t\t\t\t<div class=\"sow-accordion-open-close-button\">\n\t\t\t\t\t\t\t<div class=\"sow-accordion-open-button\">\n\t\t\t\t\t\t\t\t<span class=\"sow-icon-ionicons\" data-sow-icon=\"&#xf218;\"\n\t\t \n\t\taria-hidden=\"true\"><\/span>\t\t\t\t\t\t\t<\/div>\n\t\t\t\t\t\t\t<div class=\"sow-accordion-close-button\">\n\t\t\t\t\t\t\t\t<span class=\"sow-icon-ionicons\" data-sow-icon=\"&#xf209;\"\n\t\t \n\t\taria-hidden=\"true\"><\/span>\t\t\t\t\t\t\t<\/div>\n\t\t\t\t\t\t<\/div>\n\t\t\t\t\t<\/div>\n\t\t\t\t<\/div>\n\n\t\t\t<div\n\t\t\t\tclass=\"sow-accordion-panel-content\"\n\t\t\t\trole=\"region\"\n\t\t\t\taria-labelledby=\"accordion-label-salas-te%c3%b3ricas-com-projetores-fixos\"\n\t\t\t\tid=\"accordion-content-salas-te%c3%b3ricas-com-projetores-fixos\"\n\t\t\t\tstyle=\"display: none;\"\t\t\t>\n\t\t\t\t<div class=\"sow-accordion-panel-border\">\n\t\t\t\t\t<table cellspacing=\"0\" cellpadding=\"2\">\n<thead>\n<tr>\n<th width=\"278\"><strong>Bloco 1<\/strong><\/th>\n<th width=\"280\"><strong>Bloco 2<\/strong><\/th>\n<\/tr>\n<\/thead>\n<tbody>\n<tr>\n<td width=\"278\"><strong>109 (Audit\u00f3rio)<\/strong> \u2705<\/td>\n<td width=\"280\"><strong>101<\/strong> \u274c (Em breve com projetor instalado)<\/td>\n<\/tr>\n<tr>\n<td width=\"278\"><strong>204<\/strong> \u2705<\/td>\n<td width=\"280\"><strong>202<\/strong> \u274c (Em breve com projetor instalado)<\/td>\n<\/tr>\n<tr>\n<td width=\"278\"><strong>205<\/strong> \u274c (Projetor a ser substitu\u00eddo)<\/td>\n<td width=\"280\"><strong>203<\/strong> \u2705<\/td>\n<\/tr>\n<tr>\n<td width=\"278\"><strong>206<\/strong> \u2705<\/td>\n<td width=\"280\"><strong>204<\/strong> \u2705<\/td>\n<\/tr>\n<tr>\n<td width=\"278\"><strong>207<\/strong> \u2705<\/td>\n<td width=\"280\"><strong>302<\/strong> \u2705<\/td>\n<\/tr>\n<tr>\n<td width=\"278\"><strong>208<\/strong> \u274c (Em breve com projetor instalado)<\/td>\n<td width=\"280\"><strong>303<\/strong> \u2705<\/td>\n<\/tr>\n<tr>\n<td width=\"278\"><strong>209<\/strong> \u2705<\/td>\n<td width=\"280\"><strong>304<\/strong> \u2705<\/td>\n<\/tr>\n<tr>\n<td width=\"278\"><strong>210<\/strong> \u274c (Em breve com projetor instalado)<\/td>\n<td width=\"280\"><strong>306<\/strong> \u2705<\/td>\n<\/tr>\n<tr>\n<td width=\"278\"><strong>211<\/strong> \u2705<\/td>\n<td width=\"280\"><strong>402<\/strong> \u2705<\/td>\n<\/tr>\n<tr>\n<td width=\"278\"><strong>310<\/strong> \u2705<\/td>\n<td width=\"280\"><strong>403<\/strong> \u2705<\/td>\n<\/tr>\n<tr>\n<td width=\"278\"><strong>312<\/strong> \u2705<\/td>\n<td width=\"280\"><strong>502<\/strong> \u274c (Em breve com projetor instalado)<\/td>\n<\/tr>\n<tr>\n<td width=\"278\"><strong>314<\/strong> \u2705<\/td>\n<td width=\"280\"><strong>503<\/strong> \u2705<\/td>\n<\/tr>\n<tr>\n<td width=\"278\"><strong>317<\/strong> \u2705<\/td>\n<td width=\"280\"><\/td>\n<\/tr>\n<tr>\n<td width=\"278\"><strong>318<\/strong> \u2705<\/td>\n<td width=\"280\"><\/td>\n<\/tr>\n<tr>\n<td width=\"278\"><strong>319<\/strong> \u274c (Projetor a ser substitu\u00eddo)<\/td>\n<td width=\"280\"><\/td>\n<\/tr>\n<\/tbody>\n<\/table>\n<p style=\"text-align: center;\">\n<\/p>\t\t\t\t<\/div>\n\t\t\t<\/div>\n\t\t<\/div>\n\t\t<\/div>\n<\/div>\n<\/div><\/div><div id=\"panel-5808-0-0-2\" class=\"so-panel widget widget_sow-editor panel-last-child\" data-index=\"2\" ><div\n\t\t\t\n\t\t\tclass=\"so-widget-sow-editor so-widget-sow-editor-base\"\n\t\t\t\n\t\t>\n<div class=\"siteorigin-widget-tinymce textwidget\">\n\t<p>As <strong>solicita\u00e7\u00f5es<\/strong> devem ser encaminhadas com <strong>anteced\u00eancia de 48 horas \u00fateis<\/strong>, sempre que poss\u00edvel.<\/p>\n<p data-start=\"3036\" data-end=\"3135\">Solicita\u00e7\u00f5es enviadas fora deste prazo\u00a0<strong data-start=\"2220\" data-end=\"2249\">poder\u00e3o n\u00e3o ser atendidas<\/strong>.<\/p>\n<\/div>\n<\/div><\/div><\/div><\/div><div id=\"pg-5808-1\"  class=\"panel-grid panel-no-style\" ><div id=\"pgc-5808-1-0\"  class=\"panel-grid-cell\" ><div id=\"panel-5808-1-0-0\" class=\"so-panel widget widget_sow-editor panel-first-child panel-last-child\" data-index=\"3\" ><div\n\t\t\t\n\t\t\tclass=\"so-widget-sow-editor so-widget-sow-editor-base\"\n\t\t\t\n\t\t>\n<div class=\"siteorigin-widget-tinymce textwidget\">\n\t<header class=\"entry-header\">\n<h5><strong>\ud83d\udd17 Clique <a href=\"https:\/\/wp.ufpel.edu.br\/ca\/formulario-de-agendamento-de-equipamentos\/\">AQUI<\/a> para reservar equipamentos<\/strong><\/h5>\n<p>&nbsp;<\/p>\n<p class=\"entry-title\"><span style=\"font-size: 16px;\">O Centro de Artes disponibiliza para os seus servidores os seguintes equipamentos:<\/span><\/p>\n<ul>\n<li>Projetores (kit com extens\u00e3o, adaptador VGA\/HDMI)<\/li>\n<li>Notebook<\/li>\n<li>Caixa de som (marca Oneal, tamanho grande, apenas com cabo de for\u00e7a)<\/li>\n<li>Microfone<\/li>\n<li>2 TVs Smart 32 polegadas (LG, resolu\u00e7\u00e3o HD)<\/li>\n<li>C\u00e2mera Canon<\/li>\n<li>Trip\u00e9 para c\u00e2mera<\/li>\n<li>Suportes para banner<\/li>\n<\/ul>\n<blockquote>\n<p>\u00c9 de responsabilidade do servidor que ir\u00e1 utilizar fazer a checagem pr\u00e9via do equipamento, cabos e conex\u00f5es, para assegurar que o material dispon\u00edvel atende a sua necessidade, pois n\u00e3o temos perif\u00e9ricos extras (cabos, adaptadores, etc).<\/p>\n<\/blockquote>\n<\/header>\n<h3 class=\"western\"><strong>Procedimentos para Agendamento e Retirada<\/strong><\/h3>\n<ol>\n<li><strong>Agendamento Pr\u00e9vio<\/strong>\n<ul>\n<li>Reservas devem ser feitas com, no m\u00ednimo, <strong>48\u00a0horas de anteced\u00eancia<\/strong>.<\/li>\n<li>Para agendar, acesse:\u00a0<a href=\"https:\/\/wp.ufpel.edu.br\/ca\/reserva-de-equipamentos\/\">https:\/\/wp.ufpel.edu.br\/ca\/reserva-de-equipamentos\/<\/a>.<\/li>\n<\/ul>\n<\/li>\n<li><strong>Retirada no Dia Corrente<\/strong>\n<ul>\n<li>Equipamentos dos arm\u00e1rios dos blocos 1 e 2, caso estejam dispon\u00edveis, <strong>n\u00e3o \u00e9 necess\u00e1rio agendar<\/strong>. Basta retir\u00e1-lo diretamente com o agente de portaria do Bloco 1 ou 2.<\/li>\n<\/ul>\n<\/li>\n<\/ol>\n<ul>\n<li><span data-contrast=\"auto\">A\u00a0<strong>chave<\/strong> deve ser retirada com os<strong>\u00a0agentes de portaria <\/strong>mediante assinatura no livro de registro;<\/span><\/li>\n<li>O n\u00famero de equipamentos volantes \u00e9 limitado. D\u00ea prefer\u00eancia para as salas que j\u00e1 possuem projetores instalados.<\/li>\n<li><strong>Alunos n\u00e3o podem agendar equipamentos<\/strong>, estes devem ter um professor ou t\u00e9cnico que se responsabilize e solicite agendamento;<\/li>\n<li>As agentes de portaria n\u00e3o s\u00e3o respons\u00e1veis pelos equipamentos, apenas pelo controle das chaves.<\/li>\n<\/ul>\n<p>&nbsp;<\/p>\n<p style=\"text-align: center;\">\n<\/div>\n<\/div><\/div><\/div><\/div><\/div>","protected":false},"excerpt":{"rendered":"<p> [&hellip;]<\/p>\n","protected":false},"author":1275,"featured_media":0,"parent":0,"menu_order":0,"comment_status":"closed","ping_status":"closed","template":"","meta":{"_acf_changed":false,"footnotes":""},"class_list":["post-5808","page","type-page","status-publish","hentry","post"],"acf":[],"yoast_head":"<!-- This site is optimized with the Yoast SEO plugin v26.7 - https:\/\/yoast.com\/wordpress\/plugins\/seo\/ -->\n<title>Equipamentos &#8211; Centro de Artes UFPEL<\/title>\n<meta name=\"robots\" content=\"index, follow, max-snippet:-1, max-image-preview:large, max-video-preview:-1\" \/>\n<link rel=\"canonical\" href=\"https:\/\/wp.ufpel.edu.br\/ca\/equipamentos\/\" \/>\n<meta property=\"og:locale\" content=\"pt_BR\" \/>\n<meta property=\"og:type\" content=\"article\" \/>\n<meta property=\"og:title\" content=\"Equipamentos &#8211; Centro de Artes UFPEL\" \/>\n<meta property=\"og:description\" content=\"[&hellip;]\" \/>\n<meta property=\"og:url\" content=\"https:\/\/wp.ufpel.edu.br\/ca\/equipamentos\/\" \/>\n<meta property=\"og:site_name\" content=\"Centro de Artes UFPEL\" \/>\n<meta property=\"article:modified_time\" content=\"2026-02-10T14:45:04+00:00\" \/>\n<meta name=\"twitter:card\" content=\"summary_large_image\" \/>\n<meta name=\"twitter:label1\" content=\"Est. tempo de leitura\" \/>\n\t<meta name=\"twitter:data1\" content=\"2 minutos\" \/>\n<script type=\"application\/ld+json\" class=\"yoast-schema-graph\">{\"@context\":\"https:\/\/schema.org\",\"@graph\":[{\"@type\":\"WebPage\",\"@id\":\"https:\/\/wp.ufpel.edu.br\/ca\/equipamentos\/\",\"url\":\"https:\/\/wp.ufpel.edu.br\/ca\/equipamentos\/\",\"name\":\"Equipamentos &#8211; Centro de Artes UFPEL\",\"isPartOf\":{\"@id\":\"https:\/\/wp.ufpel.edu.br\/ca\/#website\"},\"datePublished\":\"2026-01-26T12:25:09+00:00\",\"dateModified\":\"2026-02-10T14:45:04+00:00\",\"breadcrumb\":{\"@id\":\"https:\/\/wp.ufpel.edu.br\/ca\/equipamentos\/#breadcrumb\"},\"inLanguage\":\"pt-BR\",\"potentialAction\":[{\"@type\":\"ReadAction\",\"target\":[\"https:\/\/wp.ufpel.edu.br\/ca\/equipamentos\/\"]}]},{\"@type\":\"BreadcrumbList\",\"@id\":\"https:\/\/wp.ufpel.edu.br\/ca\/equipamentos\/#breadcrumb\",\"itemListElement\":[{\"@type\":\"ListItem\",\"position\":1,\"name\":\"In\u00edcio\",\"item\":\"https:\/\/wp.ufpel.edu.br\/ca\/\"},{\"@type\":\"ListItem\",\"position\":2,\"name\":\"Equipamentos\"}]},{\"@type\":\"WebSite\",\"@id\":\"https:\/\/wp.ufpel.edu.br\/ca\/#website\",\"url\":\"https:\/\/wp.ufpel.edu.br\/ca\/\",\"name\":\"Centro de Artes UFPEL\",\"description\":\"Universidade Federal de Pelotas\",\"publisher\":{\"@id\":\"https:\/\/wp.ufpel.edu.br\/ca\/#organization\"},\"potentialAction\":[{\"@type\":\"SearchAction\",\"target\":{\"@type\":\"EntryPoint\",\"urlTemplate\":\"https:\/\/wp.ufpel.edu.br\/ca\/?s={search_term_string}\"},\"query-input\":{\"@type\":\"PropertyValueSpecification\",\"valueRequired\":true,\"valueName\":\"search_term_string\"}}],\"inLanguage\":\"pt-BR\"},{\"@type\":\"Organization\",\"@id\":\"https:\/\/wp.ufpel.edu.br\/ca\/#organization\",\"name\":\"Centro de Artes UFPEL\",\"url\":\"https:\/\/wp.ufpel.edu.br\/ca\/\",\"logo\":{\"@type\":\"ImageObject\",\"inLanguage\":\"pt-BR\",\"@id\":\"https:\/\/wp.ufpel.edu.br\/ca\/#\/schema\/logo\/image\/\",\"url\":\"https:\/\/wp.ufpel.edu.br\/ca\/files\/2022\/07\/CA_COVER-01.png\",\"contentUrl\":\"https:\/\/wp.ufpel.edu.br\/ca\/files\/2022\/07\/CA_COVER-01.png\",\"width\":1758,\"height\":1244,\"caption\":\"Centro de Artes UFPEL\"},\"image\":{\"@id\":\"https:\/\/wp.ufpel.edu.br\/ca\/#\/schema\/logo\/image\/\"}}]}<\/script>\n<!-- \/ Yoast SEO plugin. -->","yoast_head_json":{"title":"Equipamentos &#8211; Centro de Artes UFPEL","robots":{"index":"index","follow":"follow","max-snippet":"max-snippet:-1","max-image-preview":"max-image-preview:large","max-video-preview":"max-video-preview:-1"},"canonical":"https:\/\/wp.ufpel.edu.br\/ca\/equipamentos\/","og_locale":"pt_BR","og_type":"article","og_title":"Equipamentos &#8211; Centro de Artes UFPEL","og_description":"[&hellip;]","og_url":"https:\/\/wp.ufpel.edu.br\/ca\/equipamentos\/","og_site_name":"Centro de Artes UFPEL","article_modified_time":"2026-02-10T14:45:04+00:00","twitter_card":"summary_large_image","twitter_misc":{"Est. tempo de leitura":"2 minutos"},"schema":{"@context":"https:\/\/schema.org","@graph":[{"@type":"WebPage","@id":"https:\/\/wp.ufpel.edu.br\/ca\/equipamentos\/","url":"https:\/\/wp.ufpel.edu.br\/ca\/equipamentos\/","name":"Equipamentos &#8211; Centro de Artes UFPEL","isPartOf":{"@id":"https:\/\/wp.ufpel.edu.br\/ca\/#website"},"datePublished":"2026-01-26T12:25:09+00:00","dateModified":"2026-02-10T14:45:04+00:00","breadcrumb":{"@id":"https:\/\/wp.ufpel.edu.br\/ca\/equipamentos\/#breadcrumb"},"inLanguage":"pt-BR","potentialAction":[{"@type":"ReadAction","target":["https:\/\/wp.ufpel.edu.br\/ca\/equipamentos\/"]}]},{"@type":"BreadcrumbList","@id":"https:\/\/wp.ufpel.edu.br\/ca\/equipamentos\/#breadcrumb","itemListElement":[{"@type":"ListItem","position":1,"name":"In\u00edcio","item":"https:\/\/wp.ufpel.edu.br\/ca\/"},{"@type":"ListItem","position":2,"name":"Equipamentos"}]},{"@type":"WebSite","@id":"https:\/\/wp.ufpel.edu.br\/ca\/#website","url":"https:\/\/wp.ufpel.edu.br\/ca\/","name":"Centro de Artes UFPEL","description":"Universidade Federal de Pelotas","publisher":{"@id":"https:\/\/wp.ufpel.edu.br\/ca\/#organization"},"potentialAction":[{"@type":"SearchAction","target":{"@type":"EntryPoint","urlTemplate":"https:\/\/wp.ufpel.edu.br\/ca\/?s={search_term_string}"},"query-input":{"@type":"PropertyValueSpecification","valueRequired":true,"valueName":"search_term_string"}}],"inLanguage":"pt-BR"},{"@type":"Organization","@id":"https:\/\/wp.ufpel.edu.br\/ca\/#organization","name":"Centro de Artes UFPEL","url":"https:\/\/wp.ufpel.edu.br\/ca\/","logo":{"@type":"ImageObject","inLanguage":"pt-BR","@id":"https:\/\/wp.ufpel.edu.br\/ca\/#\/schema\/logo\/image\/","url":"https:\/\/wp.ufpel.edu.br\/ca\/files\/2022\/07\/CA_COVER-01.png","contentUrl":"https:\/\/wp.ufpel.edu.br\/ca\/files\/2022\/07\/CA_COVER-01.png","width":1758,"height":1244,"caption":"Centro de Artes UFPEL"},"image":{"@id":"https:\/\/wp.ufpel.edu.br\/ca\/#\/schema\/logo\/image\/"}}]}},"jetpack_sharing_enabled":true,"publishpress_future_action":{"enabled":false,"date":"2026-04-16 18:12:55","action":"change-status","newStatus":"private","terms":[],"taxonomy":"","extraData":[]},"publishpress_future_workflow_manual_trigger":{"enabledWorkflows":[]},"_links":{"self":[{"href":"https:\/\/wp.ufpel.edu.br\/ca\/wp-json\/wp\/v2\/pages\/5808","targetHints":{"allow":["GET"]}}],"collection":[{"href":"https:\/\/wp.ufpel.edu.br\/ca\/wp-json\/wp\/v2\/pages"}],"about":[{"href":"https:\/\/wp.ufpel.edu.br\/ca\/wp-json\/wp\/v2\/types\/page"}],"author":[{"embeddable":true,"href":"https:\/\/wp.ufpel.edu.br\/ca\/wp-json\/wp\/v2\/users\/1275"}],"replies":[{"embeddable":true,"href":"https:\/\/wp.ufpel.edu.br\/ca\/wp-json\/wp\/v2\/comments?post=5808"}],"version-history":[{"count":4,"href":"https:\/\/wp.ufpel.edu.br\/ca\/wp-json\/wp\/v2\/pages\/5808\/revisions"}],"predecessor-version":[{"id":6228,"href":"https:\/\/wp.ufpel.edu.br\/ca\/wp-json\/wp\/v2\/pages\/5808\/revisions\/6228"}],"wp:attachment":[{"href":"https:\/\/wp.ufpel.edu.br\/ca\/wp-json\/wp\/v2\/media?parent=5808"}],"curies":[{"name":"wp","href":"https:\/\/api.w.org\/{rel}","templated":true}]}}