{"id":5798,"date":"2026-01-26T09:23:58","date_gmt":"2026-01-26T12:23:58","guid":{"rendered":"https:\/\/wp.ufpel.edu.br\/ca\/?page_id=5798"},"modified":"2026-02-03T13:42:02","modified_gmt":"2026-02-03T16:42:02","slug":"formulario-de-agendamento-de-salas","status":"publish","type":"page","link":"https:\/\/wp.ufpel.edu.br\/ca\/formulario-de-agendamento-de-salas\/","title":{"rendered":"Formul\u00e1rio de Agendamento de Salas e Autoriza\u00e7\u00e3o de Chaves"},"content":{"rendered":"<div id=\"pl-5798\"  class=\"panel-layout\" ><div id=\"pg-5798-0\"  class=\"panel-grid panel-no-style\" ><div id=\"pgc-5798-0-0\"  class=\"panel-grid-cell\" ><div id=\"panel-5798-0-0-0\" class=\"so-panel widget widget_sow-editor panel-first-child panel-last-child\" data-index=\"0\" ><div\n\t\t\t\n\t\t\tclass=\"so-widget-sow-editor so-widget-sow-editor-base\"\n\t\t\t\n\t\t>\n<div class=\"siteorigin-widget-tinymce textwidget\">\n\t<p><strong>Observa\u00e7\u00e3o: sua solicita\u00e7\u00e3o ser\u00e1 respondida em at\u00e9 48h \u00fateis. Caso n\u00e3o receba resposta, envie e-mail para cearte.ufpel@gmail.com<\/strong><\/p>\n<p>&nbsp;<\/p>\n\n<div class=\"wpcf7 no-js\" id=\"wpcf7-f1915-o1\" lang=\"pt-BR\" dir=\"ltr\" data-wpcf7-id=\"1915\">\n<div class=\"screen-reader-response\"><p role=\"status\" aria-live=\"polite\" aria-atomic=\"true\"><\/p> <ul><\/ul><\/div>\n<form action=\"\/ca\/wp-json\/wp\/v2\/pages\/5798#wpcf7-f1915-o1\" method=\"post\" class=\"wpcf7-form init\" aria-label=\"Formul\u00e1rios de contato\" novalidate=\"novalidate\" data-status=\"init\">\n<fieldset class=\"hidden-fields-container\"><input type=\"hidden\" name=\"_wpcf7\" value=\"1915\" \/><input type=\"hidden\" name=\"_wpcf7_version\" value=\"6.1.4\" \/><input type=\"hidden\" name=\"_wpcf7_locale\" value=\"pt_BR\" \/><input type=\"hidden\" name=\"_wpcf7_unit_tag\" value=\"wpcf7-f1915-o1\" \/><input type=\"hidden\" name=\"_wpcf7_container_post\" value=\"0\" \/><input type=\"hidden\" name=\"_wpcf7_posted_data_hash\" value=\"\" \/><input type=\"hidden\" name=\"_wpcf7cf_hidden_group_fields\" value=\"[]\" \/><input type=\"hidden\" name=\"_wpcf7cf_hidden_groups\" value=\"[]\" \/><input type=\"hidden\" name=\"_wpcf7cf_visible_groups\" value=\"[]\" \/><input type=\"hidden\" name=\"_wpcf7cf_repeaters\" value=\"[]\" \/><input type=\"hidden\" name=\"_wpcf7cf_steps\" value=\"{}\" \/><input type=\"hidden\" name=\"_wpcf7cf_options\" value=\"{&quot;form_id&quot;:1915,&quot;conditions&quot;:[],&quot;settings&quot;:{&quot;animation&quot;:&quot;yes&quot;,&quot;animation_intime&quot;:200,&quot;animation_outtime&quot;:200,&quot;conditions_ui&quot;:&quot;normal&quot;,&quot;notice_dismissed&quot;:false}}\" \/><input type=\"hidden\" name=\"_wpcf7_recaptcha_response\" value=\"\" \/>\n<\/fieldset>\n<p><label> <b> DADOS DA SALA <\/b> <\/label>\n<\/p>\n<p><label> <b> Qual \u00e9 o tipo de solicita\u00e7\u00e3o? <\/b><b\/><br \/>\n<span class=\"wpcf7-form-control-wrap\" data-name=\"menu-229\"><select class=\"wpcf7-form-control wpcf7-select wpcf7-validates-as-required\" aria-required=\"true\" aria-invalid=\"false\" name=\"menu-229\"><option value=\"Agendamento de Sala\">Agendamento de Sala<\/option><option value=\"Autoriza\u00e7\u00e3o de Chave para Discente\">Autoriza\u00e7\u00e3o de Chave para Discente<\/option><option value=\"Agendamento e Autoriza\u00e7\u00e3o\">Agendamento e Autoriza\u00e7\u00e3o<\/option><option value=\"Altera\u00e7\u00e3o\/Cancelamento de solicita\u00e7\u00e3o existente\">Altera\u00e7\u00e3o\/Cancelamento de solicita\u00e7\u00e3o existente<\/option><\/select><\/span> <\/b><\/label>\n<\/p>\n<p><label> <b> Nome do servidor respons\u00e1vel pela atividade <\/b><br \/>\n<span class=\"wpcf7-form-control-wrap\" data-name=\"your-name\"><input size=\"40\" maxlength=\"400\" class=\"wpcf7-form-control wpcf7-text wpcf7-validates-as-required\" aria-required=\"true\" aria-invalid=\"false\" value=\"\" type=\"text\" name=\"your-name\" \/><\/span> <\/label>\n<\/p>\n<p><label> <b> Contato (e-mail ou celular do servidor respons\u00e1vel pela atividade) <\/b><br \/>\n<span class=\"wpcf7-form-control-wrap\" data-name=\"your-email\"><input size=\"40\" maxlength=\"400\" class=\"wpcf7-form-control wpcf7-email wpcf7-validates-as-required wpcf7-text wpcf7-validates-as-email\" aria-required=\"true\" aria-invalid=\"false\" value=\"\" type=\"email\" name=\"your-email\" \/><\/span> <\/label>\n<\/p>\n<p><label> <b> Nome da disciplina\/projeto\/atividade: <\/b><br \/>\n<span class=\"wpcf7-form-control-wrap\" data-name=\"your-disciplina\"><input size=\"40\" maxlength=\"400\" class=\"wpcf7-form-control wpcf7-text wpcf7-validates-as-required\" aria-required=\"true\" aria-invalid=\"false\" value=\"\" type=\"text\" name=\"your-disciplina\" \/><\/span> <\/label>\n<\/p>\n<p><label> <b>N\u00ba da sala e bloco: <\/b><br \/>\n<span class=\"wpcf7-form-control-wrap\" data-name=\"your-sala\"><input size=\"40\" maxlength=\"400\" class=\"wpcf7-form-control wpcf7-text wpcf7-validates-as-required\" aria-required=\"true\" aria-invalid=\"false\" value=\"\" type=\"text\" name=\"your-sala\" \/><\/span> <\/label>\n<\/p>\n<p><label> <b>Per\u00edodo da reserva ( Data Inicial ) <\/b><br \/>\n<span class=\"wpcf7-form-control-wrap\" data-name=\"your-periodo\"><input class=\"wpcf7-form-control wpcf7-date wpcf7-validates-as-required wpcf7-validates-as-date\" aria-required=\"true\" aria-invalid=\"false\" value=\"\" type=\"date\" name=\"your-periodo\" \/><\/span> <\/label>\n<\/p>\n<p><label> <b>Per\u00edodo da reserva (Data Final) <\/b> :<br \/>\n<span class=\"wpcf7-form-control-wrap\" data-name=\"your-periodo2\"><input class=\"wpcf7-form-control wpcf7-date wpcf7-validates-as-required wpcf7-validates-as-date\" aria-required=\"true\" aria-invalid=\"false\" value=\"\" type=\"date\" name=\"your-periodo2\" \/><\/span> <\/label>\n<\/p>\n<p><label> <b> Dias da semana e hor\u00e1rios: <\/b> Ex: Segunda - 13:00 at\u00e9 17:00<br \/>\n<span class=\"wpcf7-form-control-wrap\" data-name=\"textarea-diasdasemana-e-horario\"><textarea cols=\"40\" rows=\"10\" maxlength=\"2000\" class=\"wpcf7-form-control wpcf7-textarea wpcf7-validates-as-required\" aria-required=\"true\" aria-invalid=\"false\" name=\"textarea-diasdasemana-e-horario\"><\/textarea><\/span> <\/label>\n<\/p>\n<p><label> <b> Ter\u00e1 acesso aos finais de semana? <\/b><br \/>\n<span class=\"wpcf7-form-control-wrap\" data-name=\"checkbox-300\"><span class=\"wpcf7-form-control wpcf7-checkbox wpcf7-validates-as-required wpcf7-exclusive-checkbox\"><span class=\"wpcf7-list-item first\"><label><input type=\"checkbox\" name=\"checkbox-300\" value=\"SIM\" \/><span class=\"wpcf7-list-item-label\">SIM<\/span><\/label><\/span><span class=\"wpcf7-list-item last\"><label><input type=\"checkbox\" name=\"checkbox-300\" value=\"N\u00c3O\" \/><span class=\"wpcf7-list-item-label\">N\u00c3O<\/span><\/label><\/span><\/span><\/span> <\/label>\n<\/p>\n<p><label> __________________________________ <\/label>\n<\/p>\n<p><label> <b> AUTORIZA\u00c7\u00c3O DE ENTREGA DE CHAVES AOS DISCENTES: <\/b> <\/label>\n<\/p>\n<p><label> <b> Deseja adicionar alunos para retirada de chaves dessa(as) sala(as)? <\/b><br \/>\n<span class=\"wpcf7-form-control-wrap\" data-name=\"checkbox-659\"><span class=\"wpcf7-form-control wpcf7-checkbox wpcf7-validates-as-required wpcf7-exclusive-checkbox\"><span class=\"wpcf7-list-item first\"><label><input type=\"checkbox\" name=\"checkbox-659\" value=\"SIM\" \/><span class=\"wpcf7-list-item-label\">SIM<\/span><\/label><\/span><span class=\"wpcf7-list-item last\"><label><input type=\"checkbox\" name=\"checkbox-659\" value=\"N\u00c3O\" \/><span class=\"wpcf7-list-item-label\">N\u00c3O<\/span><\/label><\/span><\/span><\/span> <\/label>\n<\/p>\n<p><label> <b> Incluir chave dos arm\u00e1rios? <\/b><br \/>\n<span class=\"wpcf7-form-control-wrap\" data-name=\"checkbox-649\"><span class=\"wpcf7-form-control wpcf7-checkbox wpcf7-validates-as-required wpcf7-exclusive-checkbox\"><span class=\"wpcf7-list-item first\"><label><input type=\"checkbox\" name=\"checkbox-649\" value=\"SIM\" \/><span class=\"wpcf7-list-item-label\">SIM<\/span><\/label><\/span><span class=\"wpcf7-list-item last\"><label><input type=\"checkbox\" name=\"checkbox-649\" value=\"N\u00c3O\" \/><span class=\"wpcf7-list-item-label\">N\u00c3O<\/span><\/label><\/span><\/span><\/span> <\/label>\n<\/p>\n<p><label> <b> Nome dos discentes (Nome Completo): <\/b><br \/>\n<span class=\"wpcf7-form-control-wrap\" data-name=\"textarea-77\"><textarea cols=\"40\" rows=\"10\" maxlength=\"2000\" class=\"wpcf7-form-control wpcf7-textarea\" aria-invalid=\"false\" name=\"textarea-77\"><\/textarea><\/span><br \/>\n<\/label><label> <\/label><br \/>\n<span class=\"wpcf7-form-control-wrap\" data-name=\"acceptance-85\"><span class=\"wpcf7-form-control wpcf7-acceptance\"><span class=\"wpcf7-list-item\"><label><input type=\"checkbox\" name=\"acceptance-85\" value=\"1\" aria-invalid=\"false\" \/><span class=\"wpcf7-list-item-label\"><b>Estou ciente que devo aguardar a confirma\u00e7\u00e3o da reserva da sala por e-mail, e que o simples envio deste formul\u00e1rio n\u00e3o garante o agendamento.<b><\/span><\/label><\/span><\/span><\/span>\n<\/p>\n<p><label> <span class=\"wpcf7-form-control-wrap\" data-name=\"acceptance-731\"><span class=\"wpcf7-form-control wpcf7-acceptance\"><span class=\"wpcf7-list-item\"><label><input type=\"checkbox\" name=\"acceptance-731\" value=\"1\" aria-invalid=\"false\" \/><span class=\"wpcf7-list-item-label\">Afirmo que sou Servidor do CENTRO DE ARTES<\/span><\/label><\/span><\/span><\/span> <\/label>\n<\/p>\n<p><label> <b> ATEN\u00c7\u00c3O: Ap\u00f3s clicar em \"ENVIAR\" verifique no final desta p\u00e1gina se a mensagem foi enviada ou apresenta algum erro. Todos os campos devem ser preenchidos ou<br \/>\no formul\u00e1rio n\u00e3o ser\u00e1 enviado. <\/b> <\/label>\n<\/p>\n<p><input class=\"wpcf7-form-control wpcf7-submit has-spinner\" type=\"submit\" value=\"Enviar\" \/>\n<\/p><p style=\"display: none !important;\" class=\"akismet-fields-container\" data-prefix=\"_wpcf7_ak_\"><label>&#916;<textarea name=\"_wpcf7_ak_hp_textarea\" cols=\"45\" rows=\"8\" maxlength=\"100\"><\/textarea><\/label><input type=\"hidden\" id=\"ak_js_1\" name=\"_wpcf7_ak_js\" value=\"27\"\/><script>document.getElementById( \"ak_js_1\" ).setAttribute( \"value\", ( new Date() ).getTime() );<\/script><\/p><div class=\"wpcf7-response-output\" aria-hidden=\"true\"><\/div>\n<\/form>\n<\/div>\n\n<\/div>\n<\/div><\/div><\/div><\/div><\/div>","protected":false},"excerpt":{"rendered":"<p> [&hellip;]<\/p>\n","protected":false},"author":1275,"featured_media":0,"parent":0,"menu_order":0,"comment_status":"closed","ping_status":"closed","template":"","meta":{"_acf_changed":false,"footnotes":""},"class_list":["post-5798","page","type-page","status-publish","hentry","post"],"acf":[],"yoast_head":"<!-- This site is optimized with the Yoast SEO plugin v26.7 - https:\/\/yoast.com\/wordpress\/plugins\/seo\/ -->\n<title>Formul\u00e1rio de Agendamento de Salas e Autoriza\u00e7\u00e3o de Chaves &#8211; Centro de Artes UFPEL<\/title>\n<meta name=\"robots\" content=\"index, follow, max-snippet:-1, max-image-preview:large, max-video-preview:-1\" \/>\n<link rel=\"canonical\" href=\"https:\/\/wp.ufpel.edu.br\/ca\/formulario-de-agendamento-de-salas\/\" \/>\n<meta property=\"og:locale\" content=\"pt_BR\" \/>\n<meta property=\"og:type\" content=\"article\" \/>\n<meta property=\"og:title\" content=\"Formul\u00e1rio de Agendamento de Salas e Autoriza\u00e7\u00e3o de Chaves &#8211; Centro de Artes UFPEL\" \/>\n<meta property=\"og:description\" content=\"[&hellip;]\" \/>\n<meta property=\"og:url\" content=\"https:\/\/wp.ufpel.edu.br\/ca\/formulario-de-agendamento-de-salas\/\" \/>\n<meta property=\"og:site_name\" content=\"Centro de Artes UFPEL\" \/>\n<meta property=\"article:modified_time\" content=\"2026-02-03T16:42:02+00:00\" \/>\n<meta name=\"twitter:card\" content=\"summary_large_image\" \/>\n<meta name=\"twitter:label1\" content=\"Est. tempo de leitura\" \/>\n\t<meta name=\"twitter:data1\" content=\"1 minuto\" \/>\n<script type=\"application\/ld+json\" class=\"yoast-schema-graph\">{\"@context\":\"https:\/\/schema.org\",\"@graph\":[{\"@type\":\"WebPage\",\"@id\":\"https:\/\/wp.ufpel.edu.br\/ca\/formulario-de-agendamento-de-salas\/\",\"url\":\"https:\/\/wp.ufpel.edu.br\/ca\/formulario-de-agendamento-de-salas\/\",\"name\":\"Formul\u00e1rio de Agendamento de Salas e Autoriza\u00e7\u00e3o de Chaves &#8211; Centro de Artes UFPEL\",\"isPartOf\":{\"@id\":\"https:\/\/wp.ufpel.edu.br\/ca\/#website\"},\"datePublished\":\"2026-01-26T12:23:58+00:00\",\"dateModified\":\"2026-02-03T16:42:02+00:00\",\"breadcrumb\":{\"@id\":\"https:\/\/wp.ufpel.edu.br\/ca\/formulario-de-agendamento-de-salas\/#breadcrumb\"},\"inLanguage\":\"pt-BR\",\"potentialAction\":[{\"@type\":\"ReadAction\",\"target\":[\"https:\/\/wp.ufpel.edu.br\/ca\/formulario-de-agendamento-de-salas\/\"]}]},{\"@type\":\"BreadcrumbList\",\"@id\":\"https:\/\/wp.ufpel.edu.br\/ca\/formulario-de-agendamento-de-salas\/#breadcrumb\",\"itemListElement\":[{\"@type\":\"ListItem\",\"position\":1,\"name\":\"In\u00edcio\",\"item\":\"https:\/\/wp.ufpel.edu.br\/ca\/\"},{\"@type\":\"ListItem\",\"position\":2,\"name\":\"Formul\u00e1rio de Agendamento de Salas e Autoriza\u00e7\u00e3o de Chaves\"}]},{\"@type\":\"WebSite\",\"@id\":\"https:\/\/wp.ufpel.edu.br\/ca\/#website\",\"url\":\"https:\/\/wp.ufpel.edu.br\/ca\/\",\"name\":\"Centro de Artes UFPEL\",\"description\":\"Universidade Federal de Pelotas\",\"publisher\":{\"@id\":\"https:\/\/wp.ufpel.edu.br\/ca\/#organization\"},\"potentialAction\":[{\"@type\":\"SearchAction\",\"target\":{\"@type\":\"EntryPoint\",\"urlTemplate\":\"https:\/\/wp.ufpel.edu.br\/ca\/?s={search_term_string}\"},\"query-input\":{\"@type\":\"PropertyValueSpecification\",\"valueRequired\":true,\"valueName\":\"search_term_string\"}}],\"inLanguage\":\"pt-BR\"},{\"@type\":\"Organization\",\"@id\":\"https:\/\/wp.ufpel.edu.br\/ca\/#organization\",\"name\":\"Centro de Artes UFPEL\",\"url\":\"https:\/\/wp.ufpel.edu.br\/ca\/\",\"logo\":{\"@type\":\"ImageObject\",\"inLanguage\":\"pt-BR\",\"@id\":\"https:\/\/wp.ufpel.edu.br\/ca\/#\/schema\/logo\/image\/\",\"url\":\"https:\/\/wp.ufpel.edu.br\/ca\/files\/2022\/07\/CA_COVER-01.png\",\"contentUrl\":\"https:\/\/wp.ufpel.edu.br\/ca\/files\/2022\/07\/CA_COVER-01.png\",\"width\":1758,\"height\":1244,\"caption\":\"Centro de Artes UFPEL\"},\"image\":{\"@id\":\"https:\/\/wp.ufpel.edu.br\/ca\/#\/schema\/logo\/image\/\"}}]}<\/script>\n<!-- \/ Yoast SEO plugin. -->","yoast_head_json":{"title":"Formul\u00e1rio de Agendamento de Salas e Autoriza\u00e7\u00e3o de Chaves &#8211; Centro de Artes UFPEL","robots":{"index":"index","follow":"follow","max-snippet":"max-snippet:-1","max-image-preview":"max-image-preview:large","max-video-preview":"max-video-preview:-1"},"canonical":"https:\/\/wp.ufpel.edu.br\/ca\/formulario-de-agendamento-de-salas\/","og_locale":"pt_BR","og_type":"article","og_title":"Formul\u00e1rio de Agendamento de Salas e Autoriza\u00e7\u00e3o de Chaves &#8211; Centro de Artes UFPEL","og_description":"[&hellip;]","og_url":"https:\/\/wp.ufpel.edu.br\/ca\/formulario-de-agendamento-de-salas\/","og_site_name":"Centro de Artes UFPEL","article_modified_time":"2026-02-03T16:42:02+00:00","twitter_card":"summary_large_image","twitter_misc":{"Est. tempo de leitura":"1 minuto"},"schema":{"@context":"https:\/\/schema.org","@graph":[{"@type":"WebPage","@id":"https:\/\/wp.ufpel.edu.br\/ca\/formulario-de-agendamento-de-salas\/","url":"https:\/\/wp.ufpel.edu.br\/ca\/formulario-de-agendamento-de-salas\/","name":"Formul\u00e1rio de Agendamento de Salas e Autoriza\u00e7\u00e3o de Chaves &#8211; Centro de Artes UFPEL","isPartOf":{"@id":"https:\/\/wp.ufpel.edu.br\/ca\/#website"},"datePublished":"2026-01-26T12:23:58+00:00","dateModified":"2026-02-03T16:42:02+00:00","breadcrumb":{"@id":"https:\/\/wp.ufpel.edu.br\/ca\/formulario-de-agendamento-de-salas\/#breadcrumb"},"inLanguage":"pt-BR","potentialAction":[{"@type":"ReadAction","target":["https:\/\/wp.ufpel.edu.br\/ca\/formulario-de-agendamento-de-salas\/"]}]},{"@type":"BreadcrumbList","@id":"https:\/\/wp.ufpel.edu.br\/ca\/formulario-de-agendamento-de-salas\/#breadcrumb","itemListElement":[{"@type":"ListItem","position":1,"name":"In\u00edcio","item":"https:\/\/wp.ufpel.edu.br\/ca\/"},{"@type":"ListItem","position":2,"name":"Formul\u00e1rio de Agendamento de Salas e Autoriza\u00e7\u00e3o de Chaves"}]},{"@type":"WebSite","@id":"https:\/\/wp.ufpel.edu.br\/ca\/#website","url":"https:\/\/wp.ufpel.edu.br\/ca\/","name":"Centro de Artes UFPEL","description":"Universidade Federal de Pelotas","publisher":{"@id":"https:\/\/wp.ufpel.edu.br\/ca\/#organization"},"potentialAction":[{"@type":"SearchAction","target":{"@type":"EntryPoint","urlTemplate":"https:\/\/wp.ufpel.edu.br\/ca\/?s={search_term_string}"},"query-input":{"@type":"PropertyValueSpecification","valueRequired":true,"valueName":"search_term_string"}}],"inLanguage":"pt-BR"},{"@type":"Organization","@id":"https:\/\/wp.ufpel.edu.br\/ca\/#organization","name":"Centro de Artes UFPEL","url":"https:\/\/wp.ufpel.edu.br\/ca\/","logo":{"@type":"ImageObject","inLanguage":"pt-BR","@id":"https:\/\/wp.ufpel.edu.br\/ca\/#\/schema\/logo\/image\/","url":"https:\/\/wp.ufpel.edu.br\/ca\/files\/2022\/07\/CA_COVER-01.png","contentUrl":"https:\/\/wp.ufpel.edu.br\/ca\/files\/2022\/07\/CA_COVER-01.png","width":1758,"height":1244,"caption":"Centro de Artes UFPEL"},"image":{"@id":"https:\/\/wp.ufpel.edu.br\/ca\/#\/schema\/logo\/image\/"}}]}},"jetpack_sharing_enabled":true,"publishpress_future_action":{"enabled":false,"date":"2026-04-15 23:11:08","action":"change-status","newStatus":"private","terms":[],"taxonomy":"","extraData":[]},"publishpress_future_workflow_manual_trigger":{"enabledWorkflows":[]},"_links":{"self":[{"href":"https:\/\/wp.ufpel.edu.br\/ca\/wp-json\/wp\/v2\/pages\/5798","targetHints":{"allow":["GET"]}}],"collection":[{"href":"https:\/\/wp.ufpel.edu.br\/ca\/wp-json\/wp\/v2\/pages"}],"about":[{"href":"https:\/\/wp.ufpel.edu.br\/ca\/wp-json\/wp\/v2\/types\/page"}],"author":[{"embeddable":true,"href":"https:\/\/wp.ufpel.edu.br\/ca\/wp-json\/wp\/v2\/users\/1275"}],"replies":[{"embeddable":true,"href":"https:\/\/wp.ufpel.edu.br\/ca\/wp-json\/wp\/v2\/comments?post=5798"}],"version-history":[{"count":3,"href":"https:\/\/wp.ufpel.edu.br\/ca\/wp-json\/wp\/v2\/pages\/5798\/revisions"}],"predecessor-version":[{"id":6073,"href":"https:\/\/wp.ufpel.edu.br\/ca\/wp-json\/wp\/v2\/pages\/5798\/revisions\/6073"}],"wp:attachment":[{"href":"https:\/\/wp.ufpel.edu.br\/ca\/wp-json\/wp\/v2\/media?parent=5798"}],"curies":[{"name":"wp","href":"https:\/\/api.w.org\/{rel}","templated":true}]}}